{"id":7016,"date":"2024-04-05T07:46:34","date_gmt":"2024-04-05T05:46:34","guid":{"rendered":"https:\/\/gutschwarzl.at\/?post_type=product&#038;p=7016"},"modified":"2024-04-05T07:46:35","modified_gmt":"2024-04-05T05:46:35","slug":"cremehonig-tinnauer","status":"publish","type":"product","link":"https:\/\/gutschwarzl.at\/en\/product\/cremehonig-tinnauer\/","title":{"rendered":"Cremehonig Tinnauer"},"content":{"rendered":"<p><strong>Cremehonig vom <a href=\"http:\/\/www.tinnauer.at\">Tinnauer Gamlitzberg<\/a> &#8211; Ein s\u00fc\u00dfer Genuss aus der Steiermark<\/strong><\/p>\n<p>Dieser Cremehonig ist nicht nur ein St\u00fcck steirische Lebenskunst, sondern auch ein Bekenntnis zu nachhaltiger Imkerei und lakaler Produktion. Ideal f\u00fcr Feinschmecker, die Wert auf Qualit\u00e4t, Nat\u00fcrlichkeit und regionale Erzeugnisse legen. Jetzt bestellen und ein St\u00fcck Steiermark nach Hause holen!<\/p>","protected":false},"excerpt":{"rendered":"<p>Cremehonig vom Tinnauer Gamlitzberg &#8211; Ein s\u00fc\u00dfer Genuss aus der Steiermark Dieser Cremehonig ist nicht nur ein St\u00fcck steirische Lebenskunst, sondern auch ein Bekenntnis zu nachhaltiger Imkerei und lakaler Produktion. Ideal f\u00fcr Feinschmecker, die Wert auf Qualit\u00e4t, Nat\u00fcrlichkeit und regionale Erzeugnisse legen. Jetzt bestellen und ein St\u00fcck Steiermark nach Hause holen!<\/p>","protected":false},"featured_media":7017,"comment_status":"open","ping_status":"closed","template":"","meta":[],"product_brand":[],"product_cat":[40,123],"product_tag":[],"class_list":{"0":"post-7016","1":"product","2":"type-product","3":"status-publish","4":"has-post-thumbnail","6":"product_cat-delikatessen","7":"product_cat-fruchtaufstrich-konfituere","9":"first","10":"instock","11":"taxable","12":"shipping-taxable","13":"purchasable","14":"product-type-simple"},"yoast_head":"<!-- This site is optimized with the Yoast SEO plugin v23.2 - https:\/\/yoast.com\/wordpress\/plugins\/seo\/ -->\n<title>Cremehonig Tinnauer - Gut Schwarzl<\/title>\n<meta name=\"description\" content=\"Tauchen Sie ein in die Welt des steirischen Genusses mit dem Cremehonig von Tinnauer Gamlitzberg. Genie\u00dfen Sie den Geschmack der steirischen Sonne.\" \/>\n<meta name=\"robots\" content=\"index, follow, max-snippet:-1, max-image-preview:large, max-video-preview:-1\" \/>\n<link rel=\"canonical\" href=\"https:\/\/gutschwarzl.at\/en\/product\/cremehonig-tinnauer\/\" \/>\n<meta property=\"og:locale\" content=\"en_US\" \/>\n<meta property=\"og:type\" content=\"article\" \/>\n<meta property=\"og:title\" content=\"Cremehonig Tinnauer - Gut Schwarzl\" \/>\n<meta property=\"og:description\" content=\"Tauchen Sie ein in die Welt des steirischen Genusses mit dem Cremehonig von Tinnauer Gamlitzberg. Genie\u00dfen Sie den Geschmack der steirischen Sonne.\" \/>\n<meta property=\"og:url\" content=\"https:\/\/gutschwarzl.at\/en\/product\/cremehonig-tinnauer\/\" \/>\n<meta property=\"og:site_name\" content=\"Gut Schwarzl\" \/>\n<meta property=\"article:modified_time\" content=\"2024-04-05T05:46:35+00:00\" \/>\n<meta property=\"og:image\" content=\"https:\/\/gutschwarzl.at\/wp-content\/uploads\/2024\/04\/Bio-Cremehonig-250g.jpg\" \/>\n\t<meta property=\"og:image:width\" content=\"300\" \/>\n\t<meta property=\"og:image:height\" content=\"300\" \/>\n\t<meta property=\"og:image:type\" content=\"image\/jpeg\" \/>\n<meta name=\"twitter:card\" content=\"summary_large_image\" \/>\n<meta name=\"twitter:label1\" content=\"Est. reading time\" \/>\n\t<meta name=\"twitter:data1\" content=\"1 minute\" \/>\n<script type=\"application\/ld+json\" class=\"yoast-schema-graph\">{\"@context\":\"https:\/\/schema.org\",\"@graph\":[{\"@type\":\"WebPage\",\"@id\":\"https:\/\/gutschwarzl.at\/produkt\/cremehonig-tinnauer\/\",\"url\":\"https:\/\/gutschwarzl.at\/produkt\/cremehonig-tinnauer\/\",\"name\":\"Cremehonig Tinnauer - Gut Schwarzl\",\"isPartOf\":{\"@id\":\"https:\/\/gutschwarzl.at\/#website\"},\"primaryImageOfPage\":{\"@id\":\"https:\/\/gutschwarzl.at\/produkt\/cremehonig-tinnauer\/#primaryimage\"},\"image\":{\"@id\":\"https:\/\/gutschwarzl.at\/produkt\/cremehonig-tinnauer\/#primaryimage\"},\"thumbnailUrl\":\"https:\/\/gutschwarzl.at\/wp-content\/uploads\/2024\/04\/Bio-Cremehonig-250g.jpg\",\"datePublished\":\"2024-04-05T05:46:34+00:00\",\"dateModified\":\"2024-04-05T05:46:35+00:00\",\"description\":\"Tauchen Sie ein in die Welt des steirischen Genusses mit dem Cremehonig von Tinnauer Gamlitzberg. Genie\u00dfen Sie den Geschmack der steirischen Sonne.\",\"breadcrumb\":{\"@id\":\"https:\/\/gutschwarzl.at\/produkt\/cremehonig-tinnauer\/#breadcrumb\"},\"inLanguage\":\"en-US\",\"potentialAction\":[{\"@type\":\"ReadAction\",\"target\":[\"https:\/\/gutschwarzl.at\/produkt\/cremehonig-tinnauer\/\"]}]},{\"@type\":\"ImageObject\",\"inLanguage\":\"en-US\",\"@id\":\"https:\/\/gutschwarzl.at\/produkt\/cremehonig-tinnauer\/#primaryimage\",\"url\":\"https:\/\/gutschwarzl.at\/wp-content\/uploads\/2024\/04\/Bio-Cremehonig-250g.jpg\",\"contentUrl\":\"https:\/\/gutschwarzl.at\/wp-content\/uploads\/2024\/04\/Bio-Cremehonig-250g.jpg\",\"width\":300,\"height\":300},{\"@type\":\"BreadcrumbList\",\"@id\":\"https:\/\/gutschwarzl.at\/produkt\/cremehonig-tinnauer\/#breadcrumb\",\"itemListElement\":[{\"@type\":\"ListItem\",\"position\":1,\"name\":\"Startseite\",\"item\":\"https:\/\/gutschwarzl.at\/\"},{\"@type\":\"ListItem\",\"position\":2,\"name\":\"Shop\",\"item\":\"https:\/\/gutschwarzl.at\/shop\/\"},{\"@type\":\"ListItem\",\"position\":3,\"name\":\"Cremehonig Tinnauer\"}]},{\"@type\":\"WebSite\",\"@id\":\"https:\/\/gutschwarzl.at\/#website\",\"url\":\"https:\/\/gutschwarzl.at\/\",\"name\":\"Gut Schwarzl\",\"description\":\"Wo der Wein daheim ist\",\"publisher\":{\"@id\":\"https:\/\/gutschwarzl.at\/#organization\"},\"potentialAction\":[{\"@type\":\"SearchAction\",\"target\":{\"@type\":\"EntryPoint\",\"urlTemplate\":\"https:\/\/gutschwarzl.at\/?s={search_term_string}\"},\"query-input\":\"required name=search_term_string\"}],\"inLanguage\":\"en-US\"},{\"@type\":\"Organization\",\"@id\":\"https:\/\/gutschwarzl.at\/#organization\",\"name\":\"Gut Schwarzl\",\"url\":\"https:\/\/gutschwarzl.at\/\",\"logo\":{\"@type\":\"ImageObject\",\"inLanguage\":\"en-US\",\"@id\":\"https:\/\/gutschwarzl.at\/#\/schema\/logo\/image\/\",\"url\":\"https:\/\/gutschwarzl.at\/wp-content\/uploads\/2022\/04\/Logo-Gut-Schwarzl.svg\",\"contentUrl\":\"https:\/\/gutschwarzl.at\/wp-content\/uploads\/2022\/04\/Logo-Gut-Schwarzl.svg\",\"width\":217,\"height\":217,\"caption\":\"Gut Schwarzl\"},\"image\":{\"@id\":\"https:\/\/gutschwarzl.at\/#\/schema\/logo\/image\/\"}}]}<\/script>\n<!-- \/ Yoast SEO plugin. -->","yoast_head_json":{"title":"Cremehonig Tinnauer - Gut Schwarzl","description":"Tauchen Sie ein in die Welt des steirischen Genusses mit dem Cremehonig von Tinnauer Gamlitzberg. Genie\u00dfen Sie den Geschmack der steirischen Sonne.","robots":{"index":"index","follow":"follow","max-snippet":"max-snippet:-1","max-image-preview":"max-image-preview:large","max-video-preview":"max-video-preview:-1"},"canonical":"https:\/\/gutschwarzl.at\/en\/product\/cremehonig-tinnauer\/","og_locale":"en_US","og_type":"article","og_title":"Cremehonig Tinnauer - Gut Schwarzl","og_description":"Tauchen Sie ein in die Welt des steirischen Genusses mit dem Cremehonig von Tinnauer Gamlitzberg. Genie\u00dfen Sie den Geschmack der steirischen Sonne.","og_url":"https:\/\/gutschwarzl.at\/en\/product\/cremehonig-tinnauer\/","og_site_name":"Gut Schwarzl","article_modified_time":"2024-04-05T05:46:35+00:00","og_image":[{"width":300,"height":300,"url":"https:\/\/gutschwarzl.at\/wp-content\/uploads\/2024\/04\/Bio-Cremehonig-250g.jpg","type":"image\/jpeg"}],"twitter_card":"summary_large_image","twitter_misc":{"Est. reading time":"1 minute"},"schema":{"@context":"https:\/\/schema.org","@graph":[{"@type":"WebPage","@id":"https:\/\/gutschwarzl.at\/produkt\/cremehonig-tinnauer\/","url":"https:\/\/gutschwarzl.at\/produkt\/cremehonig-tinnauer\/","name":"Cremehonig Tinnauer - Gut Schwarzl","isPartOf":{"@id":"https:\/\/gutschwarzl.at\/#website"},"primaryImageOfPage":{"@id":"https:\/\/gutschwarzl.at\/produkt\/cremehonig-tinnauer\/#primaryimage"},"image":{"@id":"https:\/\/gutschwarzl.at\/produkt\/cremehonig-tinnauer\/#primaryimage"},"thumbnailUrl":"https:\/\/gutschwarzl.at\/wp-content\/uploads\/2024\/04\/Bio-Cremehonig-250g.jpg","datePublished":"2024-04-05T05:46:34+00:00","dateModified":"2024-04-05T05:46:35+00:00","description":"Tauchen Sie ein in die Welt des steirischen Genusses mit dem Cremehonig von Tinnauer Gamlitzberg. Genie\u00dfen Sie den Geschmack der steirischen Sonne.","breadcrumb":{"@id":"https:\/\/gutschwarzl.at\/produkt\/cremehonig-tinnauer\/#breadcrumb"},"inLanguage":"en-US","potentialAction":[{"@type":"ReadAction","target":["https:\/\/gutschwarzl.at\/produkt\/cremehonig-tinnauer\/"]}]},{"@type":"ImageObject","inLanguage":"en-US","@id":"https:\/\/gutschwarzl.at\/produkt\/cremehonig-tinnauer\/#primaryimage","url":"https:\/\/gutschwarzl.at\/wp-content\/uploads\/2024\/04\/Bio-Cremehonig-250g.jpg","contentUrl":"https:\/\/gutschwarzl.at\/wp-content\/uploads\/2024\/04\/Bio-Cremehonig-250g.jpg","width":300,"height":300},{"@type":"BreadcrumbList","@id":"https:\/\/gutschwarzl.at\/produkt\/cremehonig-tinnauer\/#breadcrumb","itemListElement":[{"@type":"ListItem","position":1,"name":"Startseite","item":"https:\/\/gutschwarzl.at\/"},{"@type":"ListItem","position":2,"name":"Shop","item":"https:\/\/gutschwarzl.at\/shop\/"},{"@type":"ListItem","position":3,"name":"Cremehonig Tinnauer"}]},{"@type":"WebSite","@id":"https:\/\/gutschwarzl.at\/#website","url":"https:\/\/gutschwarzl.at\/","name":"Gut Schwarzl","description":"Wo der Wein daheim ist","publisher":{"@id":"https:\/\/gutschwarzl.at\/#organization"},"potentialAction":[{"@type":"SearchAction","target":{"@type":"EntryPoint","urlTemplate":"https:\/\/gutschwarzl.at\/?s={search_term_string}"},"query-input":"required name=search_term_string"}],"inLanguage":"en-US"},{"@type":"Organization","@id":"https:\/\/gutschwarzl.at\/#organization","name":"Gut Schwarzl","url":"https:\/\/gutschwarzl.at\/","logo":{"@type":"ImageObject","inLanguage":"en-US","@id":"https:\/\/gutschwarzl.at\/#\/schema\/logo\/image\/","url":"https:\/\/gutschwarzl.at\/wp-content\/uploads\/2022\/04\/Logo-Gut-Schwarzl.svg","contentUrl":"https:\/\/gutschwarzl.at\/wp-content\/uploads\/2022\/04\/Logo-Gut-Schwarzl.svg","width":217,"height":217,"caption":"Gut Schwarzl"},"image":{"@id":"https:\/\/gutschwarzl.at\/#\/schema\/logo\/image\/"}}]}},"jetpack_sharing_enabled":true,"_links":{"self":[{"href":"https:\/\/gutschwarzl.at\/en\/wp-json\/wp\/v2\/product\/7016","targetHints":{"allow":["GET"]}}],"collection":[{"href":"https:\/\/gutschwarzl.at\/en\/wp-json\/wp\/v2\/product"}],"about":[{"href":"https:\/\/gutschwarzl.at\/en\/wp-json\/wp\/v2\/types\/product"}],"replies":[{"embeddable":true,"href":"https:\/\/gutschwarzl.at\/en\/wp-json\/wp\/v2\/comments?post=7016"}],"wp:featuredmedia":[{"embeddable":true,"href":"https:\/\/gutschwarzl.at\/en\/wp-json\/wp\/v2\/media\/7017"}],"wp:attachment":[{"href":"https:\/\/gutschwarzl.at\/en\/wp-json\/wp\/v2\/media?parent=7016"}],"wp:term":[{"taxonomy":"product_brand","embeddable":true,"href":"https:\/\/gutschwarzl.at\/en\/wp-json\/wp\/v2\/product_brand?post=7016"},{"taxonomy":"product_cat","embeddable":true,"href":"https:\/\/gutschwarzl.at\/en\/wp-json\/wp\/v2\/product_cat?post=7016"},{"taxonomy":"product_tag","embeddable":true,"href":"https:\/\/gutschwarzl.at\/en\/wp-json\/wp\/v2\/product_tag?post=7016"}],"curies":[{"name":"wp","href":"https:\/\/api.w.org\/{rel}","templated":true}]}}