{"id":6965,"date":"2024-02-05T11:56:28","date_gmt":"2024-02-05T10:56:28","guid":{"rendered":"https:\/\/gutschwarzl.at\/?post_type=product&#038;p=6965"},"modified":"2026-01-14T09:51:08","modified_gmt":"2026-01-14T08:51:08","slug":"knoblauch-salz","status":"publish","type":"product","link":"https:\/\/gutschwarzl.at\/en\/product\/knoblauch-salz\/","title":{"rendered":"garlic salt"},"content":{"rendered":"<h3 data-start=\"253\" data-end=\"340\"><strong data-start=\"257\" data-end=\"340\">Knoblauchsalz mit Rosa Pfefferbeeren \u2013 W\u00fcrzige Raffinesse aus der S\u00fcdsteiermark<\/strong><\/h3>\n<p data-start=\"342\" data-end=\"556\">Entdecke den Geschmack der S\u00fcdsteiermark \u2013 mit unserem <strong data-start=\"397\" data-end=\"451\">handgemachten Knoblauchsalz mit Rosa Pfefferbeeren<\/strong>, liebevoll hergestellt von Katharina Schwarzl und ihrer Familie inmitten der sanften H\u00fcgel der Region.<\/p>\n<p data-start=\"558\" data-end=\"786\">In sorgf\u00e4ltiger Handarbeit vereinen wir <strong data-start=\"598\" data-end=\"633\">intensiv-aromatischen Knoblauch<\/strong>, hochwertiges Salz und <strong data-start=\"657\" data-end=\"694\">fruchtig-milde Rosa Pfefferbeeren<\/strong> zu einer Gew\u00fcrzkomposition, die nicht nur geschmacklich, sondern auch optisch begeistert.<\/p>\n<p data-start=\"788\" data-end=\"944\">Ideal zum <strong data-start=\"798\" data-end=\"870\">W\u00fcrzen von Fleischgerichten, Pasta, Ofengem\u00fcse oder frischen Salaten<\/strong> \u2013 dieses besondere Gew\u00fcrzsalz verleiht jedem Gericht das gewisse Etwas.<\/p>\n<p data-start=\"946\" data-end=\"1093\">\ud83d\udc9b <strong data-start=\"949\" data-end=\"995\">Mit Liebe handgemacht in der S\u00fcdsteiermark<\/strong><br data-start=\"995\" data-end=\"998\" \/>\ud83c\udf31 <strong data-start=\"1001\" data-end=\"1039\">Frei von k\u00fcnstlichen Zusatzstoffen<\/strong><br data-start=\"1039\" data-end=\"1042\" \/>\ud83e\uddc4 <strong data-start=\"1045\" data-end=\"1091\">Kr\u00e4ftig-w\u00fcrzig mit feiner, pfeffriger Note<\/strong><\/p>\n<p data-start=\"1095\" data-end=\"1257\">Ob als besonderes Mitbringsel, f\u00fcr die eigene K\u00fcche oder als kleines Geschenk f\u00fcr Genie\u00dfer:innen \u2013 unser Knoblauchsalz ist ein echtes St\u00fcck S\u00fcdsteiermark im Glas.<\/p>\n<p data-start=\"1259\" data-end=\"1307\"><strong data-start=\"1259\" data-end=\"1271\">Ingredients:<\/strong> Salz, Knoblauch, Rosa Pfefferbeeren<\/p>\n<p>&nbsp;<\/p>\n<p>&nbsp;<\/p>","protected":false},"excerpt":{"rendered":"<p>PRODUCED IN STYRIA<\/p>","protected":false},"featured_media":21530,"comment_status":"open","ping_status":"closed","template":"","meta":[],"product_brand":[],"product_cat":[40,126],"product_tag":[],"class_list":{"0":"post-6965","1":"product","2":"type-product","3":"status-publish","4":"has-post-thumbnail","6":"product_cat-delikatessen","7":"product_cat-salz","9":"first","10":"instock","11":"taxable","12":"shipping-taxable","13":"purchasable","14":"product-type-simple"},"yoast_head":"<!-- This site is optimized with the Yoast SEO plugin v23.2 - https:\/\/yoast.com\/wordpress\/plugins\/seo\/ -->\n<title>Knoblauch-Salz | Katharinas Delikatessen | Gut Schwarzl<\/title>\n<meta name=\"description\" content=\"Handgemachtes Knoblauchsalz mit Rosa Pfefferbeeren aus der S\u00fcdsteiermark \u2013 w\u00fcrzig, nat\u00fcrlich &amp; mit Liebe hergestellt. F\u00fcr Genie\u00dfer:innen.\" \/>\n<meta name=\"robots\" content=\"index, follow, max-snippet:-1, max-image-preview:large, max-video-preview:-1\" \/>\n<link rel=\"canonical\" href=\"https:\/\/gutschwarzl.at\/en\/product\/knoblauch-salz\/\" \/>\n<meta property=\"og:locale\" content=\"en_US\" \/>\n<meta property=\"og:type\" content=\"article\" \/>\n<meta property=\"og:title\" content=\"Knoblauch-Salz | Katharinas Delikatessen | Gut Schwarzl\" \/>\n<meta property=\"og:description\" content=\"Handgemachtes Knoblauchsalz mit Rosa Pfefferbeeren aus der S\u00fcdsteiermark \u2013 w\u00fcrzig, nat\u00fcrlich &amp; mit Liebe hergestellt. F\u00fcr Genie\u00dfer:innen.\" \/>\n<meta property=\"og:url\" content=\"https:\/\/gutschwarzl.at\/en\/product\/knoblauch-salz\/\" \/>\n<meta property=\"og:site_name\" content=\"Gut Schwarzl\" \/>\n<meta property=\"article:modified_time\" content=\"2026-01-14T08:51:08+00:00\" \/>\n<meta property=\"og:image\" content=\"https:\/\/gutschwarzl.at\/wp-content\/uploads\/2024\/02\/Knoblauch-Salz-e1731056374121.jpg\" \/>\n\t<meta property=\"og:image:width\" content=\"425\" \/>\n\t<meta property=\"og:image:height\" content=\"1016\" \/>\n\t<meta property=\"og:image:type\" content=\"image\/jpeg\" \/>\n<meta name=\"twitter:card\" content=\"summary_large_image\" \/>\n<meta name=\"twitter:label1\" content=\"Est. reading time\" \/>\n\t<meta name=\"twitter:data1\" content=\"1 minute\" \/>\n<script type=\"application\/ld+json\" class=\"yoast-schema-graph\">{\"@context\":\"https:\/\/schema.org\",\"@graph\":[{\"@type\":\"WebPage\",\"@id\":\"https:\/\/gutschwarzl.at\/produkt\/knoblauch-salz\/\",\"url\":\"https:\/\/gutschwarzl.at\/produkt\/knoblauch-salz\/\",\"name\":\"Knoblauch-Salz | Katharinas Delikatessen | Gut Schwarzl\",\"isPartOf\":{\"@id\":\"https:\/\/gutschwarzl.at\/#website\"},\"primaryImageOfPage\":{\"@id\":\"https:\/\/gutschwarzl.at\/produkt\/knoblauch-salz\/#primaryimage\"},\"image\":{\"@id\":\"https:\/\/gutschwarzl.at\/produkt\/knoblauch-salz\/#primaryimage\"},\"thumbnailUrl\":\"https:\/\/gutschwarzl.at\/wp-content\/uploads\/2024\/02\/Knoblauch-Salz-e1731056374121.jpg\",\"datePublished\":\"2024-02-05T10:56:28+00:00\",\"dateModified\":\"2026-01-14T08:51:08+00:00\",\"description\":\"Handgemachtes Knoblauchsalz mit Rosa Pfefferbeeren aus der S\u00fcdsteiermark \u2013 w\u00fcrzig, nat\u00fcrlich & mit Liebe hergestellt. F\u00fcr Genie\u00dfer:innen.\",\"breadcrumb\":{\"@id\":\"https:\/\/gutschwarzl.at\/produkt\/knoblauch-salz\/#breadcrumb\"},\"inLanguage\":\"en-US\",\"potentialAction\":[{\"@type\":\"ReadAction\",\"target\":[\"https:\/\/gutschwarzl.at\/produkt\/knoblauch-salz\/\"]}]},{\"@type\":\"ImageObject\",\"inLanguage\":\"en-US\",\"@id\":\"https:\/\/gutschwarzl.at\/produkt\/knoblauch-salz\/#primaryimage\",\"url\":\"https:\/\/gutschwarzl.at\/wp-content\/uploads\/2024\/02\/Knoblauch-Salz-e1731056374121.jpg\",\"contentUrl\":\"https:\/\/gutschwarzl.at\/wp-content\/uploads\/2024\/02\/Knoblauch-Salz-e1731056374121.jpg\",\"width\":425,\"height\":1016,\"caption\":\"Foto @brandimages\"},{\"@type\":\"BreadcrumbList\",\"@id\":\"https:\/\/gutschwarzl.at\/produkt\/knoblauch-salz\/#breadcrumb\",\"itemListElement\":[{\"@type\":\"ListItem\",\"position\":1,\"name\":\"Startseite\",\"item\":\"https:\/\/gutschwarzl.at\/\"},{\"@type\":\"ListItem\",\"position\":2,\"name\":\"Shop\",\"item\":\"https:\/\/gutschwarzl.at\/shop\/\"},{\"@type\":\"ListItem\",\"position\":3,\"name\":\"Knoblauch-Salz\"}]},{\"@type\":\"WebSite\",\"@id\":\"https:\/\/gutschwarzl.at\/#website\",\"url\":\"https:\/\/gutschwarzl.at\/\",\"name\":\"Gut Schwarzl\",\"description\":\"Wo der Wein daheim ist\",\"publisher\":{\"@id\":\"https:\/\/gutschwarzl.at\/#organization\"},\"potentialAction\":[{\"@type\":\"SearchAction\",\"target\":{\"@type\":\"EntryPoint\",\"urlTemplate\":\"https:\/\/gutschwarzl.at\/?s={search_term_string}\"},\"query-input\":\"required name=search_term_string\"}],\"inLanguage\":\"en-US\"},{\"@type\":\"Organization\",\"@id\":\"https:\/\/gutschwarzl.at\/#organization\",\"name\":\"Gut Schwarzl\",\"url\":\"https:\/\/gutschwarzl.at\/\",\"logo\":{\"@type\":\"ImageObject\",\"inLanguage\":\"en-US\",\"@id\":\"https:\/\/gutschwarzl.at\/#\/schema\/logo\/image\/\",\"url\":\"https:\/\/gutschwarzl.at\/wp-content\/uploads\/2022\/04\/Logo-Gut-Schwarzl.svg\",\"contentUrl\":\"https:\/\/gutschwarzl.at\/wp-content\/uploads\/2022\/04\/Logo-Gut-Schwarzl.svg\",\"width\":217,\"height\":217,\"caption\":\"Gut Schwarzl\"},\"image\":{\"@id\":\"https:\/\/gutschwarzl.at\/#\/schema\/logo\/image\/\"}}]}<\/script>\n<!-- \/ Yoast SEO plugin. -->","yoast_head_json":{"title":"Knoblauch-Salz | Katharinas Delikatessen | Gut Schwarzl","description":"Handgemachtes Knoblauchsalz mit Rosa Pfefferbeeren aus der S\u00fcdsteiermark \u2013 w\u00fcrzig, nat\u00fcrlich & mit Liebe hergestellt. F\u00fcr Genie\u00dfer:innen.","robots":{"index":"index","follow":"follow","max-snippet":"max-snippet:-1","max-image-preview":"max-image-preview:large","max-video-preview":"max-video-preview:-1"},"canonical":"https:\/\/gutschwarzl.at\/en\/product\/knoblauch-salz\/","og_locale":"en_US","og_type":"article","og_title":"Knoblauch-Salz | Katharinas Delikatessen | Gut Schwarzl","og_description":"Handgemachtes Knoblauchsalz mit Rosa Pfefferbeeren aus der S\u00fcdsteiermark \u2013 w\u00fcrzig, nat\u00fcrlich & mit Liebe hergestellt. F\u00fcr Genie\u00dfer:innen.","og_url":"https:\/\/gutschwarzl.at\/en\/product\/knoblauch-salz\/","og_site_name":"Gut Schwarzl","article_modified_time":"2026-01-14T08:51:08+00:00","og_image":[{"width":425,"height":1016,"url":"https:\/\/gutschwarzl.at\/wp-content\/uploads\/2024\/02\/Knoblauch-Salz-e1731056374121.jpg","type":"image\/jpeg"}],"twitter_card":"summary_large_image","twitter_misc":{"Est. reading time":"1 minute"},"schema":{"@context":"https:\/\/schema.org","@graph":[{"@type":"WebPage","@id":"https:\/\/gutschwarzl.at\/produkt\/knoblauch-salz\/","url":"https:\/\/gutschwarzl.at\/produkt\/knoblauch-salz\/","name":"Knoblauch-Salz | Katharinas Delikatessen | Gut Schwarzl","isPartOf":{"@id":"https:\/\/gutschwarzl.at\/#website"},"primaryImageOfPage":{"@id":"https:\/\/gutschwarzl.at\/produkt\/knoblauch-salz\/#primaryimage"},"image":{"@id":"https:\/\/gutschwarzl.at\/produkt\/knoblauch-salz\/#primaryimage"},"thumbnailUrl":"https:\/\/gutschwarzl.at\/wp-content\/uploads\/2024\/02\/Knoblauch-Salz-e1731056374121.jpg","datePublished":"2024-02-05T10:56:28+00:00","dateModified":"2026-01-14T08:51:08+00:00","description":"Handgemachtes Knoblauchsalz mit Rosa Pfefferbeeren aus der S\u00fcdsteiermark \u2013 w\u00fcrzig, nat\u00fcrlich & mit Liebe hergestellt. F\u00fcr Genie\u00dfer:innen.","breadcrumb":{"@id":"https:\/\/gutschwarzl.at\/produkt\/knoblauch-salz\/#breadcrumb"},"inLanguage":"en-US","potentialAction":[{"@type":"ReadAction","target":["https:\/\/gutschwarzl.at\/produkt\/knoblauch-salz\/"]}]},{"@type":"ImageObject","inLanguage":"en-US","@id":"https:\/\/gutschwarzl.at\/produkt\/knoblauch-salz\/#primaryimage","url":"https:\/\/gutschwarzl.at\/wp-content\/uploads\/2024\/02\/Knoblauch-Salz-e1731056374121.jpg","contentUrl":"https:\/\/gutschwarzl.at\/wp-content\/uploads\/2024\/02\/Knoblauch-Salz-e1731056374121.jpg","width":425,"height":1016,"caption":"Foto @brandimages"},{"@type":"BreadcrumbList","@id":"https:\/\/gutschwarzl.at\/produkt\/knoblauch-salz\/#breadcrumb","itemListElement":[{"@type":"ListItem","position":1,"name":"Startseite","item":"https:\/\/gutschwarzl.at\/"},{"@type":"ListItem","position":2,"name":"Shop","item":"https:\/\/gutschwarzl.at\/shop\/"},{"@type":"ListItem","position":3,"name":"Knoblauch-Salz"}]},{"@type":"WebSite","@id":"https:\/\/gutschwarzl.at\/#website","url":"https:\/\/gutschwarzl.at\/","name":"Gut Schwarzl","description":"Wo der Wein daheim ist","publisher":{"@id":"https:\/\/gutschwarzl.at\/#organization"},"potentialAction":[{"@type":"SearchAction","target":{"@type":"EntryPoint","urlTemplate":"https:\/\/gutschwarzl.at\/?s={search_term_string}"},"query-input":"required name=search_term_string"}],"inLanguage":"en-US"},{"@type":"Organization","@id":"https:\/\/gutschwarzl.at\/#organization","name":"Gut Schwarzl","url":"https:\/\/gutschwarzl.at\/","logo":{"@type":"ImageObject","inLanguage":"en-US","@id":"https:\/\/gutschwarzl.at\/#\/schema\/logo\/image\/","url":"https:\/\/gutschwarzl.at\/wp-content\/uploads\/2022\/04\/Logo-Gut-Schwarzl.svg","contentUrl":"https:\/\/gutschwarzl.at\/wp-content\/uploads\/2022\/04\/Logo-Gut-Schwarzl.svg","width":217,"height":217,"caption":"Gut Schwarzl"},"image":{"@id":"https:\/\/gutschwarzl.at\/#\/schema\/logo\/image\/"}}]}},"jetpack_sharing_enabled":true,"_links":{"self":[{"href":"https:\/\/gutschwarzl.at\/en\/wp-json\/wp\/v2\/product\/6965","targetHints":{"allow":["GET"]}}],"collection":[{"href":"https:\/\/gutschwarzl.at\/en\/wp-json\/wp\/v2\/product"}],"about":[{"href":"https:\/\/gutschwarzl.at\/en\/wp-json\/wp\/v2\/types\/product"}],"replies":[{"embeddable":true,"href":"https:\/\/gutschwarzl.at\/en\/wp-json\/wp\/v2\/comments?post=6965"}],"wp:featuredmedia":[{"embeddable":true,"href":"https:\/\/gutschwarzl.at\/en\/wp-json\/wp\/v2\/media\/21530"}],"wp:attachment":[{"href":"https:\/\/gutschwarzl.at\/en\/wp-json\/wp\/v2\/media?parent=6965"}],"wp:term":[{"taxonomy":"product_brand","embeddable":true,"href":"https:\/\/gutschwarzl.at\/en\/wp-json\/wp\/v2\/product_brand?post=6965"},{"taxonomy":"product_cat","embeddable":true,"href":"https:\/\/gutschwarzl.at\/en\/wp-json\/wp\/v2\/product_cat?post=6965"},{"taxonomy":"product_tag","embeddable":true,"href":"https:\/\/gutschwarzl.at\/en\/wp-json\/wp\/v2\/product_tag?post=6965"}],"curies":[{"name":"wp","href":"https:\/\/api.w.org\/{rel}","templated":true}]}}