{"id":6940,"date":"2023-12-27T08:26:18","date_gmt":"2023-12-27T07:26:18","guid":{"rendered":"https:\/\/gutschwarzl.at\/?post_type=product&#038;p=6940"},"modified":"2026-04-06T21:00:51","modified_gmt":"2026-04-06T19:00:51","slug":"rose-frizzante","status":"publish","type":"product","link":"https:\/\/gutschwarzl.at\/en\/product\/rose-frizzante\/","title":{"rendered":"Frizzante Schwarzl Perle"},"content":{"rendered":"<h3 data-start=\"206\" data-end=\"267\"><strong data-start=\"210\" data-end=\"267\">Schwarzl Perle \u2013 Ros\u00e9 Frizzante aus der S\u00fcdsteiermark<\/strong><\/h3>\n<p data-start=\"269\" data-end=\"558\">Leicht, fruchtig und herrlich erfrischend: Unsere <strong data-start=\"319\" data-end=\"337\">Black Pearl<\/strong> ist ein fein perlender <strong data-start=\"361\" data-end=\"379\">Ros\u00e9 Frizzante<\/strong> vom <strong data-start=\"384\" data-end=\"404\">Vineyard Schwarzl<\/strong> in der S\u00fcdsteiermark. Aus den regionaltypischen <strong data-start=\"453\" data-end=\"488\">Schilcher- und Isabella-Trauben<\/strong> mit viel Sorgfalt hergestellt, bringt sie pure Lebensfreude ins Glas.<\/p>\n<p data-start=\"560\" data-end=\"710\">Die zarte Ros\u00e9farbe, das feine Prickeln und der frische Geschmack machen sie zum idealen Begleiter f\u00fcr Aperitifs, Feiern oder entspannte Sommerabende.<\/p>\n<hr data-start=\"712\" data-end=\"715\" \/>\n<p><strong data-start=\"717\" data-end=\"732\">Kurz &amp; gut:<\/strong><\/p>\n<ul data-start=\"734\" data-end=\"933\">\n<li data-start=\"734\" data-end=\"777\">\n<p data-start=\"736\" data-end=\"777\"><strong data-start=\"736\" data-end=\"750\">Geschmack:<\/strong> Frisch, fruchtig, leicht<\/p>\n<\/li>\n<li data-start=\"778\" data-end=\"815\">\n<p data-start=\"780\" data-end=\"815\"><strong data-start=\"780\" data-end=\"792\">Trauben:<\/strong> Schilcher &amp; Isabella<\/p>\n<\/li>\n<li data-start=\"816\" data-end=\"866\">\n<p data-start=\"818\" data-end=\"866\"><strong data-start=\"818\" data-end=\"831\">Herkunft:<\/strong> S\u00fcdsteiermark \/ Weingut Schwarzl<\/p>\n<\/li>\n<li data-start=\"867\" data-end=\"933\">\n<p data-start=\"869\" data-end=\"933\"><strong data-start=\"869\" data-end=\"881\">Anl\u00e4sse:<\/strong> Perfekt f\u00fcr Feste, Aperitifs &amp; gem\u00fctliche Stunden<\/p>\n<\/li>\n<\/ul>\n<p>&nbsp;<\/p>\n<p>E: 320kj\/77kcal in 100ml,<br \/>\ncontains sulphites<br \/>\nL01\/2025<br \/>\ntrocken<\/p>\n<p><a href=\"https:\/\/elabel.steiermark.wine\/naehrwerttabelle\/details\/14634\">ZUTATEN<\/a><\/p>","protected":false},"excerpt":{"rendered":"<p>Ros\u00e9 FRIZZANTE<\/p>","protected":false},"featured_media":4084,"comment_status":"open","ping_status":"closed","template":"","meta":[],"product_brand":[],"product_cat":[37,121,119],"product_tag":[],"class_list":{"0":"post-6940","1":"product","2":"type-product","3":"status-publish","4":"has-post-thumbnail","6":"product_cat-wein","7":"product_cat-schaumwein","8":"product_cat-rose","10":"first","11":"instock","12":"taxable","13":"shipping-taxable","14":"purchasable","15":"product-type-simple"},"yoast_head":"<!-- This site is optimized with the Yoast SEO plugin v23.2 - https:\/\/yoast.com\/wordpress\/plugins\/seo\/ -->\n<title>Frizzante Schwarzl Perle | Gut Schwarzl<\/title>\n<meta name=\"description\" content=\"Ros\u00e9 Frizzante namens Schwarzl Perle, fruchtig und leicht, purer Genuss als Apperitiv oder einfach mit Freunden genie\u00dfen. Qualit\u00e4t aus \u00d6sterreich.\" \/>\n<meta name=\"robots\" content=\"index, follow, max-snippet:-1, max-image-preview:large, max-video-preview:-1\" \/>\n<link rel=\"canonical\" href=\"https:\/\/gutschwarzl.at\/en\/product\/rose-frizzante\/\" \/>\n<meta property=\"og:locale\" content=\"en_US\" \/>\n<meta property=\"og:type\" content=\"article\" \/>\n<meta property=\"og:title\" content=\"Frizzante Schwarzl Perle | Gut Schwarzl\" \/>\n<meta property=\"og:description\" content=\"Ros\u00e9 Frizzante namens Schwarzl Perle, fruchtig und leicht, purer Genuss als Apperitiv oder einfach mit Freunden genie\u00dfen. Qualit\u00e4t aus \u00d6sterreich.\" \/>\n<meta property=\"og:url\" content=\"https:\/\/gutschwarzl.at\/en\/product\/rose-frizzante\/\" \/>\n<meta property=\"og:site_name\" content=\"Gut Schwarzl\" \/>\n<meta property=\"article:modified_time\" content=\"2026-04-06T19:00:51+00:00\" \/>\n<meta property=\"og:image\" content=\"https:\/\/gutschwarzl.at\/wp-content\/uploads\/2022\/06\/Gut_Schwarzl_Schaumwein_SchwarzlPerle.png\" \/>\n\t<meta property=\"og:image:width\" content=\"567\" \/>\n\t<meta property=\"og:image:height\" content=\"1615\" \/>\n\t<meta property=\"og:image:type\" content=\"image\/png\" \/>\n<meta name=\"twitter:card\" content=\"summary_large_image\" \/>\n<meta name=\"twitter:label1\" content=\"Est. reading time\" \/>\n\t<meta name=\"twitter:data1\" content=\"1 minute\" \/>\n<script type=\"application\/ld+json\" class=\"yoast-schema-graph\">{\"@context\":\"https:\/\/schema.org\",\"@graph\":[{\"@type\":\"WebPage\",\"@id\":\"https:\/\/gutschwarzl.at\/produkt\/rose-frizzante\/\",\"url\":\"https:\/\/gutschwarzl.at\/produkt\/rose-frizzante\/\",\"name\":\"Frizzante Schwarzl Perle | Gut Schwarzl\",\"isPartOf\":{\"@id\":\"https:\/\/gutschwarzl.at\/#website\"},\"primaryImageOfPage\":{\"@id\":\"https:\/\/gutschwarzl.at\/produkt\/rose-frizzante\/#primaryimage\"},\"image\":{\"@id\":\"https:\/\/gutschwarzl.at\/produkt\/rose-frizzante\/#primaryimage\"},\"thumbnailUrl\":\"https:\/\/gutschwarzl.at\/wp-content\/uploads\/2022\/06\/Gut_Schwarzl_Schaumwein_SchwarzlPerle.png\",\"datePublished\":\"2023-12-27T07:26:18+00:00\",\"dateModified\":\"2026-04-06T19:00:51+00:00\",\"description\":\"Ros\u00e9 Frizzante namens Schwarzl Perle, fruchtig und leicht, purer Genuss als Apperitiv oder einfach mit Freunden genie\u00dfen. Qualit\u00e4t aus \u00d6sterreich.\",\"breadcrumb\":{\"@id\":\"https:\/\/gutschwarzl.at\/produkt\/rose-frizzante\/#breadcrumb\"},\"inLanguage\":\"en-US\",\"potentialAction\":[{\"@type\":\"ReadAction\",\"target\":[\"https:\/\/gutschwarzl.at\/produkt\/rose-frizzante\/\"]}]},{\"@type\":\"ImageObject\",\"inLanguage\":\"en-US\",\"@id\":\"https:\/\/gutschwarzl.at\/produkt\/rose-frizzante\/#primaryimage\",\"url\":\"https:\/\/gutschwarzl.at\/wp-content\/uploads\/2022\/06\/Gut_Schwarzl_Schaumwein_SchwarzlPerle.png\",\"contentUrl\":\"https:\/\/gutschwarzl.at\/wp-content\/uploads\/2022\/06\/Gut_Schwarzl_Schaumwein_SchwarzlPerle.png\",\"width\":567,\"height\":1615,\"caption\":\"Schwarzl Perle ist ein Schilcher-Isabella-Frizzante.\"},{\"@type\":\"BreadcrumbList\",\"@id\":\"https:\/\/gutschwarzl.at\/produkt\/rose-frizzante\/#breadcrumb\",\"itemListElement\":[{\"@type\":\"ListItem\",\"position\":1,\"name\":\"Startseite\",\"item\":\"https:\/\/gutschwarzl.at\/\"},{\"@type\":\"ListItem\",\"position\":2,\"name\":\"Shop\",\"item\":\"https:\/\/gutschwarzl.at\/shop\/\"},{\"@type\":\"ListItem\",\"position\":3,\"name\":\"Frizzante Schwarzl Perle\"}]},{\"@type\":\"WebSite\",\"@id\":\"https:\/\/gutschwarzl.at\/#website\",\"url\":\"https:\/\/gutschwarzl.at\/\",\"name\":\"Gut Schwarzl\",\"description\":\"Wo der Wein daheim ist\",\"publisher\":{\"@id\":\"https:\/\/gutschwarzl.at\/#organization\"},\"potentialAction\":[{\"@type\":\"SearchAction\",\"target\":{\"@type\":\"EntryPoint\",\"urlTemplate\":\"https:\/\/gutschwarzl.at\/?s={search_term_string}\"},\"query-input\":\"required name=search_term_string\"}],\"inLanguage\":\"en-US\"},{\"@type\":\"Organization\",\"@id\":\"https:\/\/gutschwarzl.at\/#organization\",\"name\":\"Gut Schwarzl\",\"url\":\"https:\/\/gutschwarzl.at\/\",\"logo\":{\"@type\":\"ImageObject\",\"inLanguage\":\"en-US\",\"@id\":\"https:\/\/gutschwarzl.at\/#\/schema\/logo\/image\/\",\"url\":\"https:\/\/gutschwarzl.at\/wp-content\/uploads\/2022\/04\/Logo-Gut-Schwarzl.svg\",\"contentUrl\":\"https:\/\/gutschwarzl.at\/wp-content\/uploads\/2022\/04\/Logo-Gut-Schwarzl.svg\",\"width\":217,\"height\":217,\"caption\":\"Gut Schwarzl\"},\"image\":{\"@id\":\"https:\/\/gutschwarzl.at\/#\/schema\/logo\/image\/\"}}]}<\/script>\n<!-- \/ Yoast SEO plugin. -->","yoast_head_json":{"title":"Frizzante Schwarzl Perle | Gut Schwarzl","description":"Ros\u00e9 Frizzante namens Schwarzl Perle, fruchtig und leicht, purer Genuss als Apperitiv oder einfach mit Freunden genie\u00dfen. Qualit\u00e4t aus \u00d6sterreich.","robots":{"index":"index","follow":"follow","max-snippet":"max-snippet:-1","max-image-preview":"max-image-preview:large","max-video-preview":"max-video-preview:-1"},"canonical":"https:\/\/gutschwarzl.at\/en\/product\/rose-frizzante\/","og_locale":"en_US","og_type":"article","og_title":"Frizzante Schwarzl Perle | Gut Schwarzl","og_description":"Ros\u00e9 Frizzante namens Schwarzl Perle, fruchtig und leicht, purer Genuss als Apperitiv oder einfach mit Freunden genie\u00dfen. Qualit\u00e4t aus \u00d6sterreich.","og_url":"https:\/\/gutschwarzl.at\/en\/product\/rose-frizzante\/","og_site_name":"Gut Schwarzl","article_modified_time":"2026-04-06T19:00:51+00:00","og_image":[{"width":567,"height":1615,"url":"https:\/\/gutschwarzl.at\/wp-content\/uploads\/2022\/06\/Gut_Schwarzl_Schaumwein_SchwarzlPerle.png","type":"image\/png"}],"twitter_card":"summary_large_image","twitter_misc":{"Est. reading time":"1 minute"},"schema":{"@context":"https:\/\/schema.org","@graph":[{"@type":"WebPage","@id":"https:\/\/gutschwarzl.at\/produkt\/rose-frizzante\/","url":"https:\/\/gutschwarzl.at\/produkt\/rose-frizzante\/","name":"Frizzante Schwarzl Perle | Gut Schwarzl","isPartOf":{"@id":"https:\/\/gutschwarzl.at\/#website"},"primaryImageOfPage":{"@id":"https:\/\/gutschwarzl.at\/produkt\/rose-frizzante\/#primaryimage"},"image":{"@id":"https:\/\/gutschwarzl.at\/produkt\/rose-frizzante\/#primaryimage"},"thumbnailUrl":"https:\/\/gutschwarzl.at\/wp-content\/uploads\/2022\/06\/Gut_Schwarzl_Schaumwein_SchwarzlPerle.png","datePublished":"2023-12-27T07:26:18+00:00","dateModified":"2026-04-06T19:00:51+00:00","description":"Ros\u00e9 Frizzante namens Schwarzl Perle, fruchtig und leicht, purer Genuss als Apperitiv oder einfach mit Freunden genie\u00dfen. Qualit\u00e4t aus \u00d6sterreich.","breadcrumb":{"@id":"https:\/\/gutschwarzl.at\/produkt\/rose-frizzante\/#breadcrumb"},"inLanguage":"en-US","potentialAction":[{"@type":"ReadAction","target":["https:\/\/gutschwarzl.at\/produkt\/rose-frizzante\/"]}]},{"@type":"ImageObject","inLanguage":"en-US","@id":"https:\/\/gutschwarzl.at\/produkt\/rose-frizzante\/#primaryimage","url":"https:\/\/gutschwarzl.at\/wp-content\/uploads\/2022\/06\/Gut_Schwarzl_Schaumwein_SchwarzlPerle.png","contentUrl":"https:\/\/gutschwarzl.at\/wp-content\/uploads\/2022\/06\/Gut_Schwarzl_Schaumwein_SchwarzlPerle.png","width":567,"height":1615,"caption":"Schwarzl Perle ist ein Schilcher-Isabella-Frizzante."},{"@type":"BreadcrumbList","@id":"https:\/\/gutschwarzl.at\/produkt\/rose-frizzante\/#breadcrumb","itemListElement":[{"@type":"ListItem","position":1,"name":"Startseite","item":"https:\/\/gutschwarzl.at\/"},{"@type":"ListItem","position":2,"name":"Shop","item":"https:\/\/gutschwarzl.at\/shop\/"},{"@type":"ListItem","position":3,"name":"Frizzante Schwarzl Perle"}]},{"@type":"WebSite","@id":"https:\/\/gutschwarzl.at\/#website","url":"https:\/\/gutschwarzl.at\/","name":"Gut Schwarzl","description":"Wo der Wein daheim ist","publisher":{"@id":"https:\/\/gutschwarzl.at\/#organization"},"potentialAction":[{"@type":"SearchAction","target":{"@type":"EntryPoint","urlTemplate":"https:\/\/gutschwarzl.at\/?s={search_term_string}"},"query-input":"required name=search_term_string"}],"inLanguage":"en-US"},{"@type":"Organization","@id":"https:\/\/gutschwarzl.at\/#organization","name":"Gut Schwarzl","url":"https:\/\/gutschwarzl.at\/","logo":{"@type":"ImageObject","inLanguage":"en-US","@id":"https:\/\/gutschwarzl.at\/#\/schema\/logo\/image\/","url":"https:\/\/gutschwarzl.at\/wp-content\/uploads\/2022\/04\/Logo-Gut-Schwarzl.svg","contentUrl":"https:\/\/gutschwarzl.at\/wp-content\/uploads\/2022\/04\/Logo-Gut-Schwarzl.svg","width":217,"height":217,"caption":"Gut Schwarzl"},"image":{"@id":"https:\/\/gutschwarzl.at\/#\/schema\/logo\/image\/"}}]}},"jetpack_sharing_enabled":true,"_links":{"self":[{"href":"https:\/\/gutschwarzl.at\/en\/wp-json\/wp\/v2\/product\/6940","targetHints":{"allow":["GET"]}}],"collection":[{"href":"https:\/\/gutschwarzl.at\/en\/wp-json\/wp\/v2\/product"}],"about":[{"href":"https:\/\/gutschwarzl.at\/en\/wp-json\/wp\/v2\/types\/product"}],"replies":[{"embeddable":true,"href":"https:\/\/gutschwarzl.at\/en\/wp-json\/wp\/v2\/comments?post=6940"}],"wp:featuredmedia":[{"embeddable":true,"href":"https:\/\/gutschwarzl.at\/en\/wp-json\/wp\/v2\/media\/4084"}],"wp:attachment":[{"href":"https:\/\/gutschwarzl.at\/en\/wp-json\/wp\/v2\/media?parent=6940"}],"wp:term":[{"taxonomy":"product_brand","embeddable":true,"href":"https:\/\/gutschwarzl.at\/en\/wp-json\/wp\/v2\/product_brand?post=6940"},{"taxonomy":"product_cat","embeddable":true,"href":"https:\/\/gutschwarzl.at\/en\/wp-json\/wp\/v2\/product_cat?post=6940"},{"taxonomy":"product_tag","embeddable":true,"href":"https:\/\/gutschwarzl.at\/en\/wp-json\/wp\/v2\/product_tag?post=6940"}],"curies":[{"name":"wp","href":"https:\/\/api.w.org\/{rel}","templated":true}]}}