{"id":6836,"date":"2023-08-18T13:31:27","date_gmt":"2023-08-18T11:31:27","guid":{"rendered":"https:\/\/gutschwarzl.at\/?post_type=product&#038;p=6836"},"modified":"2023-11-01T07:33:39","modified_gmt":"2023-11-01T06:33:39","slug":"gut-rose-sekt-vom-weingut-schwarzl","status":"publish","type":"product","link":"https:\/\/gutschwarzl.at\/en\/product\/gut-rose-sekt-vom-weingut-schwarzl\/","title":{"rendered":"GUT Ros\u00e9 Sekt"},"content":{"rendered":"<p><strong>GUT Ros\u00e9 Sekt<\/strong><\/p>\n<p>Ein besonderer Ros\u00e9 &#8211; bestehend aus Pinot blanc, Pinot noir, Pinot gris &#8211;\u00a0 der in Flaschen geg\u00e4rt und dann degorgiert wurde. Entstanden in den Zeiten des Zusammenhalts wurde er in Gemeinschaft mit Freunden und Nachbarn gepflanzt und ist die erste Ernte aus dieser Anlage. Gem\u00e4\u00df dem Motto &#8222;Alles wird gut&#8220; &#8211; eine Herzenskreation f\u00fcr uns &amp; ein purer Sektgenuss f\u00fcr Ros\u00e9-Liebhaber!<\/p>\n<p>&nbsp;<\/p>\n<p>&nbsp;<\/p>","protected":false},"excerpt":{"rendered":"<p>GUT Ros\u00e9 Sekt Ein besonderer Ros\u00e9 &#8211; bestehend aus Pinot blanc, Pinot noir, Pinot gris &#8211;\u00a0 der in Flaschen geg\u00e4rt und dann degorgiert wurde. Entstanden in den Zeiten des Zusammenhalts wurde er in Gemeinschaft mit Freunden und Nachbarn gepflanzt und ist die erste Ernte aus dieser Anlage. Gem\u00e4\u00df dem Motto &#8222;Alles wird gut&#8220; &#8211; eine [&hellip;]<\/p>","protected":false},"featured_media":6838,"comment_status":"open","ping_status":"closed","template":"","meta":[],"product_brand":[],"product_cat":[37,131,121],"product_tag":[],"class_list":{"0":"post-6836","1":"product","2":"type-product","3":"status-publish","4":"has-post-thumbnail","6":"product_cat-wein","7":"product_cat-magnum","8":"product_cat-schaumwein","10":"first","11":"instock","12":"taxable","13":"shipping-taxable","14":"purchasable","15":"product-type-variable"},"yoast_head":"<!-- This site is optimized with the Yoast SEO plugin v23.2 - https:\/\/yoast.com\/wordpress\/plugins\/seo\/ -->\n<title>GUT Ros\u00e9 Sekt - Gut Schwarzl<\/title>\n<meta name=\"description\" content=\"Bestehend aus Pinot blanc, Pinot noir und Pinot gris. Gem\u00e4\u00df dem Motto &quot;Alles wird gut&quot; ein purer Sektgenuss f\u00fcr Liebhaber. Weingut Schwarzl - S\u00fcdsteiermark\" \/>\n<meta name=\"robots\" content=\"index, follow, max-snippet:-1, max-image-preview:large, max-video-preview:-1\" \/>\n<link rel=\"canonical\" href=\"https:\/\/gutschwarzl.at\/en\/product\/gut-rose-sekt-vom-weingut-schwarzl\/\" \/>\n<meta property=\"og:locale\" content=\"en_US\" \/>\n<meta property=\"og:type\" content=\"article\" \/>\n<meta property=\"og:title\" content=\"GUT Ros\u00e9 Sekt - Gut Schwarzl\" \/>\n<meta property=\"og:description\" content=\"Bestehend aus Pinot blanc, Pinot noir und Pinot gris. Gem\u00e4\u00df dem Motto &quot;Alles wird gut&quot; ein purer Sektgenuss f\u00fcr Liebhaber. Weingut Schwarzl - S\u00fcdsteiermark\" \/>\n<meta property=\"og:url\" content=\"https:\/\/gutschwarzl.at\/en\/product\/gut-rose-sekt-vom-weingut-schwarzl\/\" \/>\n<meta property=\"og:site_name\" content=\"Gut Schwarzl\" \/>\n<meta property=\"article:modified_time\" content=\"2023-11-01T06:33:39+00:00\" \/>\n<meta property=\"og:image\" content=\"https:\/\/gutschwarzl.at\/wp-content\/uploads\/2023\/08\/GUT_RoseSekt.png\" \/>\n\t<meta property=\"og:image:width\" content=\"1163\" \/>\n\t<meta property=\"og:image:height\" content=\"2273\" \/>\n\t<meta property=\"og:image:type\" content=\"image\/png\" \/>\n<meta name=\"twitter:card\" content=\"summary_large_image\" \/>\n<meta name=\"twitter:label1\" content=\"Est. reading time\" \/>\n\t<meta name=\"twitter:data1\" content=\"1 minute\" \/>\n<script type=\"application\/ld+json\" class=\"yoast-schema-graph\">{\"@context\":\"https:\/\/schema.org\",\"@graph\":[{\"@type\":\"WebPage\",\"@id\":\"https:\/\/gutschwarzl.at\/produkt\/gut-rose-sekt-vom-weingut-schwarzl\/\",\"url\":\"https:\/\/gutschwarzl.at\/produkt\/gut-rose-sekt-vom-weingut-schwarzl\/\",\"name\":\"GUT Ros\u00e9 Sekt - Gut Schwarzl\",\"isPartOf\":{\"@id\":\"https:\/\/gutschwarzl.at\/#website\"},\"primaryImageOfPage\":{\"@id\":\"https:\/\/gutschwarzl.at\/produkt\/gut-rose-sekt-vom-weingut-schwarzl\/#primaryimage\"},\"image\":{\"@id\":\"https:\/\/gutschwarzl.at\/produkt\/gut-rose-sekt-vom-weingut-schwarzl\/#primaryimage\"},\"thumbnailUrl\":\"https:\/\/gutschwarzl.at\/wp-content\/uploads\/2023\/08\/GUT_RoseSekt.png\",\"datePublished\":\"2023-08-18T11:31:27+00:00\",\"dateModified\":\"2023-11-01T06:33:39+00:00\",\"description\":\"Bestehend aus Pinot blanc, Pinot noir und Pinot gris. Gem\u00e4\u00df dem Motto \\\"Alles wird gut\\\" ein purer Sektgenuss f\u00fcr Liebhaber. Weingut Schwarzl - S\u00fcdsteiermark\",\"breadcrumb\":{\"@id\":\"https:\/\/gutschwarzl.at\/produkt\/gut-rose-sekt-vom-weingut-schwarzl\/#breadcrumb\"},\"inLanguage\":\"en-US\",\"potentialAction\":[{\"@type\":\"ReadAction\",\"target\":[\"https:\/\/gutschwarzl.at\/produkt\/gut-rose-sekt-vom-weingut-schwarzl\/\"]}]},{\"@type\":\"ImageObject\",\"inLanguage\":\"en-US\",\"@id\":\"https:\/\/gutschwarzl.at\/produkt\/gut-rose-sekt-vom-weingut-schwarzl\/#primaryimage\",\"url\":\"https:\/\/gutschwarzl.at\/wp-content\/uploads\/2023\/08\/GUT_RoseSekt.png\",\"contentUrl\":\"https:\/\/gutschwarzl.at\/wp-content\/uploads\/2023\/08\/GUT_RoseSekt.png\",\"width\":1163,\"height\":2273},{\"@type\":\"BreadcrumbList\",\"@id\":\"https:\/\/gutschwarzl.at\/produkt\/gut-rose-sekt-vom-weingut-schwarzl\/#breadcrumb\",\"itemListElement\":[{\"@type\":\"ListItem\",\"position\":1,\"name\":\"Startseite\",\"item\":\"https:\/\/gutschwarzl.at\/\"},{\"@type\":\"ListItem\",\"position\":2,\"name\":\"Shop\",\"item\":\"https:\/\/gutschwarzl.at\/shop\/\"},{\"@type\":\"ListItem\",\"position\":3,\"name\":\"GUT Ros\u00e9 Sekt\"}]},{\"@type\":\"WebSite\",\"@id\":\"https:\/\/gutschwarzl.at\/#website\",\"url\":\"https:\/\/gutschwarzl.at\/\",\"name\":\"Gut Schwarzl\",\"description\":\"Wo der Wein daheim ist\",\"publisher\":{\"@id\":\"https:\/\/gutschwarzl.at\/#organization\"},\"potentialAction\":[{\"@type\":\"SearchAction\",\"target\":{\"@type\":\"EntryPoint\",\"urlTemplate\":\"https:\/\/gutschwarzl.at\/?s={search_term_string}\"},\"query-input\":\"required name=search_term_string\"}],\"inLanguage\":\"en-US\"},{\"@type\":\"Organization\",\"@id\":\"https:\/\/gutschwarzl.at\/#organization\",\"name\":\"Gut Schwarzl\",\"url\":\"https:\/\/gutschwarzl.at\/\",\"logo\":{\"@type\":\"ImageObject\",\"inLanguage\":\"en-US\",\"@id\":\"https:\/\/gutschwarzl.at\/#\/schema\/logo\/image\/\",\"url\":\"https:\/\/gutschwarzl.at\/wp-content\/uploads\/2022\/04\/Logo-Gut-Schwarzl.svg\",\"contentUrl\":\"https:\/\/gutschwarzl.at\/wp-content\/uploads\/2022\/04\/Logo-Gut-Schwarzl.svg\",\"width\":217,\"height\":217,\"caption\":\"Gut Schwarzl\"},\"image\":{\"@id\":\"https:\/\/gutschwarzl.at\/#\/schema\/logo\/image\/\"}}]}<\/script>\n<!-- \/ Yoast SEO plugin. -->","yoast_head_json":{"title":"GUT Ros\u00e9 Sekt - Gut Schwarzl","description":"Bestehend aus Pinot blanc, Pinot noir und Pinot gris. Gem\u00e4\u00df dem Motto \"Alles wird gut\" ein purer Sektgenuss f\u00fcr Liebhaber. Weingut Schwarzl - S\u00fcdsteiermark","robots":{"index":"index","follow":"follow","max-snippet":"max-snippet:-1","max-image-preview":"max-image-preview:large","max-video-preview":"max-video-preview:-1"},"canonical":"https:\/\/gutschwarzl.at\/en\/product\/gut-rose-sekt-vom-weingut-schwarzl\/","og_locale":"en_US","og_type":"article","og_title":"GUT Ros\u00e9 Sekt - Gut Schwarzl","og_description":"Bestehend aus Pinot blanc, Pinot noir und Pinot gris. Gem\u00e4\u00df dem Motto \"Alles wird gut\" ein purer Sektgenuss f\u00fcr Liebhaber. Weingut Schwarzl - S\u00fcdsteiermark","og_url":"https:\/\/gutschwarzl.at\/en\/product\/gut-rose-sekt-vom-weingut-schwarzl\/","og_site_name":"Gut Schwarzl","article_modified_time":"2023-11-01T06:33:39+00:00","og_image":[{"width":1163,"height":2273,"url":"https:\/\/gutschwarzl.at\/wp-content\/uploads\/2023\/08\/GUT_RoseSekt.png","type":"image\/png"}],"twitter_card":"summary_large_image","twitter_misc":{"Est. reading time":"1 minute"},"schema":{"@context":"https:\/\/schema.org","@graph":[{"@type":"WebPage","@id":"https:\/\/gutschwarzl.at\/produkt\/gut-rose-sekt-vom-weingut-schwarzl\/","url":"https:\/\/gutschwarzl.at\/produkt\/gut-rose-sekt-vom-weingut-schwarzl\/","name":"GUT Ros\u00e9 Sekt - Gut Schwarzl","isPartOf":{"@id":"https:\/\/gutschwarzl.at\/#website"},"primaryImageOfPage":{"@id":"https:\/\/gutschwarzl.at\/produkt\/gut-rose-sekt-vom-weingut-schwarzl\/#primaryimage"},"image":{"@id":"https:\/\/gutschwarzl.at\/produkt\/gut-rose-sekt-vom-weingut-schwarzl\/#primaryimage"},"thumbnailUrl":"https:\/\/gutschwarzl.at\/wp-content\/uploads\/2023\/08\/GUT_RoseSekt.png","datePublished":"2023-08-18T11:31:27+00:00","dateModified":"2023-11-01T06:33:39+00:00","description":"Bestehend aus Pinot blanc, Pinot noir und Pinot gris. Gem\u00e4\u00df dem Motto \"Alles wird gut\" ein purer Sektgenuss f\u00fcr Liebhaber. Weingut Schwarzl - S\u00fcdsteiermark","breadcrumb":{"@id":"https:\/\/gutschwarzl.at\/produkt\/gut-rose-sekt-vom-weingut-schwarzl\/#breadcrumb"},"inLanguage":"en-US","potentialAction":[{"@type":"ReadAction","target":["https:\/\/gutschwarzl.at\/produkt\/gut-rose-sekt-vom-weingut-schwarzl\/"]}]},{"@type":"ImageObject","inLanguage":"en-US","@id":"https:\/\/gutschwarzl.at\/produkt\/gut-rose-sekt-vom-weingut-schwarzl\/#primaryimage","url":"https:\/\/gutschwarzl.at\/wp-content\/uploads\/2023\/08\/GUT_RoseSekt.png","contentUrl":"https:\/\/gutschwarzl.at\/wp-content\/uploads\/2023\/08\/GUT_RoseSekt.png","width":1163,"height":2273},{"@type":"BreadcrumbList","@id":"https:\/\/gutschwarzl.at\/produkt\/gut-rose-sekt-vom-weingut-schwarzl\/#breadcrumb","itemListElement":[{"@type":"ListItem","position":1,"name":"Startseite","item":"https:\/\/gutschwarzl.at\/"},{"@type":"ListItem","position":2,"name":"Shop","item":"https:\/\/gutschwarzl.at\/shop\/"},{"@type":"ListItem","position":3,"name":"GUT Ros\u00e9 Sekt"}]},{"@type":"WebSite","@id":"https:\/\/gutschwarzl.at\/#website","url":"https:\/\/gutschwarzl.at\/","name":"Gut Schwarzl","description":"Wo der Wein daheim ist","publisher":{"@id":"https:\/\/gutschwarzl.at\/#organization"},"potentialAction":[{"@type":"SearchAction","target":{"@type":"EntryPoint","urlTemplate":"https:\/\/gutschwarzl.at\/?s={search_term_string}"},"query-input":"required name=search_term_string"}],"inLanguage":"en-US"},{"@type":"Organization","@id":"https:\/\/gutschwarzl.at\/#organization","name":"Gut Schwarzl","url":"https:\/\/gutschwarzl.at\/","logo":{"@type":"ImageObject","inLanguage":"en-US","@id":"https:\/\/gutschwarzl.at\/#\/schema\/logo\/image\/","url":"https:\/\/gutschwarzl.at\/wp-content\/uploads\/2022\/04\/Logo-Gut-Schwarzl.svg","contentUrl":"https:\/\/gutschwarzl.at\/wp-content\/uploads\/2022\/04\/Logo-Gut-Schwarzl.svg","width":217,"height":217,"caption":"Gut Schwarzl"},"image":{"@id":"https:\/\/gutschwarzl.at\/#\/schema\/logo\/image\/"}}]}},"jetpack_sharing_enabled":true,"_links":{"self":[{"href":"https:\/\/gutschwarzl.at\/en\/wp-json\/wp\/v2\/product\/6836","targetHints":{"allow":["GET"]}}],"collection":[{"href":"https:\/\/gutschwarzl.at\/en\/wp-json\/wp\/v2\/product"}],"about":[{"href":"https:\/\/gutschwarzl.at\/en\/wp-json\/wp\/v2\/types\/product"}],"replies":[{"embeddable":true,"href":"https:\/\/gutschwarzl.at\/en\/wp-json\/wp\/v2\/comments?post=6836"}],"wp:featuredmedia":[{"embeddable":true,"href":"https:\/\/gutschwarzl.at\/en\/wp-json\/wp\/v2\/media\/6838"}],"wp:attachment":[{"href":"https:\/\/gutschwarzl.at\/en\/wp-json\/wp\/v2\/media?parent=6836"}],"wp:term":[{"taxonomy":"product_brand","embeddable":true,"href":"https:\/\/gutschwarzl.at\/en\/wp-json\/wp\/v2\/product_brand?post=6836"},{"taxonomy":"product_cat","embeddable":true,"href":"https:\/\/gutschwarzl.at\/en\/wp-json\/wp\/v2\/product_cat?post=6836"},{"taxonomy":"product_tag","embeddable":true,"href":"https:\/\/gutschwarzl.at\/en\/wp-json\/wp\/v2\/product_tag?post=6836"}],"curies":[{"name":"wp","href":"https:\/\/api.w.org\/{rel}","templated":true}]}}