{"id":6260,"date":"2022-07-22T11:10:34","date_gmt":"2022-07-22T09:10:34","guid":{"rendered":"https:\/\/gutschwarzl.at\/?post_type=product&#038;p=6260"},"modified":"2026-01-20T23:41:04","modified_gmt":"2026-01-20T22:41:04","slug":"peroche-fruchtaufstrich","status":"publish","type":"product","link":"https:\/\/gutschwarzl.at\/en\/product\/peroche-fruchtaufstrich\/","title":{"rendered":"Peroche fruit spread"},"content":{"rendered":"<p><strong>PRODUCED BY HAND IN SOUTH STYRIA<\/strong><\/p>\n<p><strong>Product description:<\/strong><br \/>\nEntdecken Sie Peroche \u2013 die einzigartige Fusion von Pfirsich und Marille, die Ihren Gaumen verzaubert. Diese au\u00dfergew\u00f6hnliche Kreuzung besticht optisch mit der samtigen Eleganz eines Pfirsichs und \u00fcberrascht geschmacklich mit der milden S\u00fc\u00dfe von Marillen. Peroche ist eine exquisite Wahl, um Ihr Fr\u00fchst\u00fccksbrioche zu bereichern oder Ihrem Joghurt eine erfrischende, fruchtige Note zu verleihen. Verw\u00f6hnen Sie sich mit etwas Besonderem und machen Sie jede Mahlzeit zu einem au\u00dfergew\u00f6hnlichen Genusserlebnis. Probieren Sie Peroche jetzt und erleben Sie eine v\u00f6llig neue Dimension des Obstgenusses!<\/p>\n<p><strong>Ingredients:<\/strong> Peroche, Zucker, Pektin, S\u00e4uerungsmittel Apfelessig.<\/p>\n<p>&nbsp;<\/p>","protected":false},"excerpt":{"rendered":"<p>Hybrid of apricot and peach<\/p>","protected":false},"featured_media":21488,"comment_status":"open","ping_status":"closed","template":"","meta":[],"product_brand":[],"product_cat":[40,123],"product_tag":[],"class_list":{"0":"post-6260","1":"product","2":"type-product","3":"status-publish","4":"has-post-thumbnail","6":"product_cat-delikatessen","7":"product_cat-fruchtaufstrich-konfituere","9":"first","10":"instock","11":"taxable","12":"shipping-taxable","13":"purchasable","14":"product-type-simple"},"yoast_head":"<!-- This site is optimized with the Yoast SEO plugin v23.2 - https:\/\/yoast.com\/wordpress\/plugins\/seo\/ -->\n<title>Peroche Fruchtaufstrich - Katharinas Delikatessen<\/title>\n<meta name=\"description\" content=\"Peroche sind eine Kreuzung aus Marille und Pfirsich. Diese Frucht w\u00e4chst sehr gut in der S\u00fcdsteiermark und als Fruchtaufstrich eingekocht einfach herrlich.\" \/>\n<meta name=\"robots\" content=\"index, follow, max-snippet:-1, max-image-preview:large, max-video-preview:-1\" \/>\n<link rel=\"canonical\" href=\"https:\/\/gutschwarzl.at\/en\/product\/peroche-fruchtaufstrich\/\" \/>\n<meta property=\"og:locale\" content=\"en_US\" \/>\n<meta property=\"og:type\" content=\"article\" \/>\n<meta property=\"og:title\" content=\"Peroche Fruchtaufstrich - Katharinas Delikatessen\" \/>\n<meta property=\"og:description\" content=\"Peroche sind eine Kreuzung aus Marille und Pfirsich. Diese Frucht w\u00e4chst sehr gut in der S\u00fcdsteiermark und als Fruchtaufstrich eingekocht einfach herrlich.\" \/>\n<meta property=\"og:url\" content=\"https:\/\/gutschwarzl.at\/en\/product\/peroche-fruchtaufstrich\/\" \/>\n<meta property=\"og:site_name\" content=\"Gut Schwarzl\" \/>\n<meta property=\"article:modified_time\" content=\"2026-01-20T22:41:04+00:00\" \/>\n<meta property=\"og:image\" content=\"https:\/\/gutschwarzl.at\/wp-content\/uploads\/2024\/08\/Brand_Images_e.U._20241027_24000233_00811.png\" \/>\n\t<meta property=\"og:image:width\" content=\"2000\" \/>\n\t<meta property=\"og:image:height\" content=\"1331\" \/>\n\t<meta property=\"og:image:type\" content=\"image\/png\" \/>\n<meta name=\"twitter:card\" content=\"summary_large_image\" \/>\n<meta name=\"twitter:label1\" content=\"Est. reading time\" \/>\n\t<meta name=\"twitter:data1\" content=\"1 minute\" \/>\n<script type=\"application\/ld+json\" class=\"yoast-schema-graph\">{\"@context\":\"https:\/\/schema.org\",\"@graph\":[{\"@type\":\"WebPage\",\"@id\":\"https:\/\/gutschwarzl.at\/produkt\/peroche-fruchtaufstrich\/\",\"url\":\"https:\/\/gutschwarzl.at\/produkt\/peroche-fruchtaufstrich\/\",\"name\":\"Peroche Fruchtaufstrich - Katharinas Delikatessen\",\"isPartOf\":{\"@id\":\"https:\/\/gutschwarzl.at\/#website\"},\"primaryImageOfPage\":{\"@id\":\"https:\/\/gutschwarzl.at\/produkt\/peroche-fruchtaufstrich\/#primaryimage\"},\"image\":{\"@id\":\"https:\/\/gutschwarzl.at\/produkt\/peroche-fruchtaufstrich\/#primaryimage\"},\"thumbnailUrl\":\"https:\/\/gutschwarzl.at\/wp-content\/uploads\/2024\/08\/Brand_Images_e.U._20241027_24000233_00811.png\",\"datePublished\":\"2022-07-22T09:10:34+00:00\",\"dateModified\":\"2026-01-20T22:41:04+00:00\",\"description\":\"Peroche sind eine Kreuzung aus Marille und Pfirsich. Diese Frucht w\u00e4chst sehr gut in der S\u00fcdsteiermark und als Fruchtaufstrich eingekocht einfach herrlich.\",\"breadcrumb\":{\"@id\":\"https:\/\/gutschwarzl.at\/produkt\/peroche-fruchtaufstrich\/#breadcrumb\"},\"inLanguage\":\"en-US\",\"potentialAction\":[{\"@type\":\"ReadAction\",\"target\":[\"https:\/\/gutschwarzl.at\/produkt\/peroche-fruchtaufstrich\/\"]}]},{\"@type\":\"ImageObject\",\"inLanguage\":\"en-US\",\"@id\":\"https:\/\/gutschwarzl.at\/produkt\/peroche-fruchtaufstrich\/#primaryimage\",\"url\":\"https:\/\/gutschwarzl.at\/wp-content\/uploads\/2024\/08\/Brand_Images_e.U._20241027_24000233_00811.png\",\"contentUrl\":\"https:\/\/gutschwarzl.at\/wp-content\/uploads\/2024\/08\/Brand_Images_e.U._20241027_24000233_00811.png\",\"width\":2000,\"height\":1331,\"caption\":\"Foto @brandimages\"},{\"@type\":\"BreadcrumbList\",\"@id\":\"https:\/\/gutschwarzl.at\/produkt\/peroche-fruchtaufstrich\/#breadcrumb\",\"itemListElement\":[{\"@type\":\"ListItem\",\"position\":1,\"name\":\"Startseite\",\"item\":\"https:\/\/gutschwarzl.at\/\"},{\"@type\":\"ListItem\",\"position\":2,\"name\":\"Shop\",\"item\":\"https:\/\/gutschwarzl.at\/shop\/\"},{\"@type\":\"ListItem\",\"position\":3,\"name\":\"Peroche-Fruchtaufstrich\"}]},{\"@type\":\"WebSite\",\"@id\":\"https:\/\/gutschwarzl.at\/#website\",\"url\":\"https:\/\/gutschwarzl.at\/\",\"name\":\"Gut Schwarzl\",\"description\":\"Wo der Wein daheim ist\",\"publisher\":{\"@id\":\"https:\/\/gutschwarzl.at\/#organization\"},\"potentialAction\":[{\"@type\":\"SearchAction\",\"target\":{\"@type\":\"EntryPoint\",\"urlTemplate\":\"https:\/\/gutschwarzl.at\/?s={search_term_string}\"},\"query-input\":\"required name=search_term_string\"}],\"inLanguage\":\"en-US\"},{\"@type\":\"Organization\",\"@id\":\"https:\/\/gutschwarzl.at\/#organization\",\"name\":\"Gut Schwarzl\",\"url\":\"https:\/\/gutschwarzl.at\/\",\"logo\":{\"@type\":\"ImageObject\",\"inLanguage\":\"en-US\",\"@id\":\"https:\/\/gutschwarzl.at\/#\/schema\/logo\/image\/\",\"url\":\"https:\/\/gutschwarzl.at\/wp-content\/uploads\/2022\/04\/Logo-Gut-Schwarzl.svg\",\"contentUrl\":\"https:\/\/gutschwarzl.at\/wp-content\/uploads\/2022\/04\/Logo-Gut-Schwarzl.svg\",\"width\":217,\"height\":217,\"caption\":\"Gut Schwarzl\"},\"image\":{\"@id\":\"https:\/\/gutschwarzl.at\/#\/schema\/logo\/image\/\"}}]}<\/script>\n<!-- \/ Yoast SEO plugin. -->","yoast_head_json":{"title":"Peroche Fruchtaufstrich - Katharinas Delikatessen","description":"Peroche sind eine Kreuzung aus Marille und Pfirsich. Diese Frucht w\u00e4chst sehr gut in der S\u00fcdsteiermark und als Fruchtaufstrich eingekocht einfach herrlich.","robots":{"index":"index","follow":"follow","max-snippet":"max-snippet:-1","max-image-preview":"max-image-preview:large","max-video-preview":"max-video-preview:-1"},"canonical":"https:\/\/gutschwarzl.at\/en\/product\/peroche-fruchtaufstrich\/","og_locale":"en_US","og_type":"article","og_title":"Peroche Fruchtaufstrich - Katharinas Delikatessen","og_description":"Peroche sind eine Kreuzung aus Marille und Pfirsich. Diese Frucht w\u00e4chst sehr gut in der S\u00fcdsteiermark und als Fruchtaufstrich eingekocht einfach herrlich.","og_url":"https:\/\/gutschwarzl.at\/en\/product\/peroche-fruchtaufstrich\/","og_site_name":"Gut Schwarzl","article_modified_time":"2026-01-20T22:41:04+00:00","og_image":[{"width":2000,"height":1331,"url":"https:\/\/gutschwarzl.at\/wp-content\/uploads\/2024\/08\/Brand_Images_e.U._20241027_24000233_00811.png","type":"image\/png"}],"twitter_card":"summary_large_image","twitter_misc":{"Est. reading time":"1 minute"},"schema":{"@context":"https:\/\/schema.org","@graph":[{"@type":"WebPage","@id":"https:\/\/gutschwarzl.at\/produkt\/peroche-fruchtaufstrich\/","url":"https:\/\/gutschwarzl.at\/produkt\/peroche-fruchtaufstrich\/","name":"Peroche Fruchtaufstrich - Katharinas Delikatessen","isPartOf":{"@id":"https:\/\/gutschwarzl.at\/#website"},"primaryImageOfPage":{"@id":"https:\/\/gutschwarzl.at\/produkt\/peroche-fruchtaufstrich\/#primaryimage"},"image":{"@id":"https:\/\/gutschwarzl.at\/produkt\/peroche-fruchtaufstrich\/#primaryimage"},"thumbnailUrl":"https:\/\/gutschwarzl.at\/wp-content\/uploads\/2024\/08\/Brand_Images_e.U._20241027_24000233_00811.png","datePublished":"2022-07-22T09:10:34+00:00","dateModified":"2026-01-20T22:41:04+00:00","description":"Peroche sind eine Kreuzung aus Marille und Pfirsich. Diese Frucht w\u00e4chst sehr gut in der S\u00fcdsteiermark und als Fruchtaufstrich eingekocht einfach herrlich.","breadcrumb":{"@id":"https:\/\/gutschwarzl.at\/produkt\/peroche-fruchtaufstrich\/#breadcrumb"},"inLanguage":"en-US","potentialAction":[{"@type":"ReadAction","target":["https:\/\/gutschwarzl.at\/produkt\/peroche-fruchtaufstrich\/"]}]},{"@type":"ImageObject","inLanguage":"en-US","@id":"https:\/\/gutschwarzl.at\/produkt\/peroche-fruchtaufstrich\/#primaryimage","url":"https:\/\/gutschwarzl.at\/wp-content\/uploads\/2024\/08\/Brand_Images_e.U._20241027_24000233_00811.png","contentUrl":"https:\/\/gutschwarzl.at\/wp-content\/uploads\/2024\/08\/Brand_Images_e.U._20241027_24000233_00811.png","width":2000,"height":1331,"caption":"Foto @brandimages"},{"@type":"BreadcrumbList","@id":"https:\/\/gutschwarzl.at\/produkt\/peroche-fruchtaufstrich\/#breadcrumb","itemListElement":[{"@type":"ListItem","position":1,"name":"Startseite","item":"https:\/\/gutschwarzl.at\/"},{"@type":"ListItem","position":2,"name":"Shop","item":"https:\/\/gutschwarzl.at\/shop\/"},{"@type":"ListItem","position":3,"name":"Peroche-Fruchtaufstrich"}]},{"@type":"WebSite","@id":"https:\/\/gutschwarzl.at\/#website","url":"https:\/\/gutschwarzl.at\/","name":"Gut Schwarzl","description":"Wo der Wein daheim ist","publisher":{"@id":"https:\/\/gutschwarzl.at\/#organization"},"potentialAction":[{"@type":"SearchAction","target":{"@type":"EntryPoint","urlTemplate":"https:\/\/gutschwarzl.at\/?s={search_term_string}"},"query-input":"required name=search_term_string"}],"inLanguage":"en-US"},{"@type":"Organization","@id":"https:\/\/gutschwarzl.at\/#organization","name":"Gut Schwarzl","url":"https:\/\/gutschwarzl.at\/","logo":{"@type":"ImageObject","inLanguage":"en-US","@id":"https:\/\/gutschwarzl.at\/#\/schema\/logo\/image\/","url":"https:\/\/gutschwarzl.at\/wp-content\/uploads\/2022\/04\/Logo-Gut-Schwarzl.svg","contentUrl":"https:\/\/gutschwarzl.at\/wp-content\/uploads\/2022\/04\/Logo-Gut-Schwarzl.svg","width":217,"height":217,"caption":"Gut Schwarzl"},"image":{"@id":"https:\/\/gutschwarzl.at\/#\/schema\/logo\/image\/"}}]}},"jetpack_sharing_enabled":true,"_links":{"self":[{"href":"https:\/\/gutschwarzl.at\/en\/wp-json\/wp\/v2\/product\/6260","targetHints":{"allow":["GET"]}}],"collection":[{"href":"https:\/\/gutschwarzl.at\/en\/wp-json\/wp\/v2\/product"}],"about":[{"href":"https:\/\/gutschwarzl.at\/en\/wp-json\/wp\/v2\/types\/product"}],"replies":[{"embeddable":true,"href":"https:\/\/gutschwarzl.at\/en\/wp-json\/wp\/v2\/comments?post=6260"}],"wp:featuredmedia":[{"embeddable":true,"href":"https:\/\/gutschwarzl.at\/en\/wp-json\/wp\/v2\/media\/21488"}],"wp:attachment":[{"href":"https:\/\/gutschwarzl.at\/en\/wp-json\/wp\/v2\/media?parent=6260"}],"wp:term":[{"taxonomy":"product_brand","embeddable":true,"href":"https:\/\/gutschwarzl.at\/en\/wp-json\/wp\/v2\/product_brand?post=6260"},{"taxonomy":"product_cat","embeddable":true,"href":"https:\/\/gutschwarzl.at\/en\/wp-json\/wp\/v2\/product_cat?post=6260"},{"taxonomy":"product_tag","embeddable":true,"href":"https:\/\/gutschwarzl.at\/en\/wp-json\/wp\/v2\/product_tag?post=6260"}],"curies":[{"name":"wp","href":"https:\/\/api.w.org\/{rel}","templated":true}]}}