{"id":4594,"date":"2022-06-23T08:46:13","date_gmt":"2022-06-23T06:46:13","guid":{"rendered":"https:\/\/wp15.gutleben.systems\/?post_type=product&#038;p=4594"},"modified":"2026-01-21T14:18:54","modified_gmt":"2026-01-21T13:18:54","slug":"williamsbirnenessig-holunderblueten","status":"publish","type":"product","link":"https:\/\/gutschwarzl.at\/en\/product\/williamsbirnenessig-holunderblueten\/","title":{"rendered":"Williams pear vinegar with elderflower"},"content":{"rendered":"<p>&nbsp;<\/p>\n<h3 data-start=\"207\" data-end=\"299\">Williamsbirnenessig mit Holunderbl\u00fcten \u2013 fein-blumiger Essiggenuss aus der S\u00fcdsteiermark<\/h3>\n<p data-start=\"301\" data-end=\"720\"><strong data-start=\"301\" data-end=\"346\">Nat\u00fcrlich, blumig und ausgewogen fruchtig<\/strong> \u2013 unser <strong data-start=\"355\" data-end=\"397\">Williams pear vinegar with elderflower<\/strong> ist ein echtes Geschmackserlebnis f\u00fcr alle, die das Besondere suchen. Die intensive Fruchtnote vollreifer Williamsbirnen trifft auf das zarte, fast schon poetische Aroma der Holunderbl\u00fcten. Gemeinsam ergeben sie einen <strong data-start=\"632\" data-end=\"669\">milden G\u00e4rungsessig mit 6\u202f% S\u00e4ure<\/strong>, der sich vielseitig in der K\u00fcche einsetzen l\u00e4sst.<\/p>\n<p data-start=\"722\" data-end=\"956\">Ideal f\u00fcr <strong data-start=\"732\" data-end=\"754\">feine Salate<\/strong>, zum <strong data-start=\"760\" data-end=\"786\">Abrunden von Dressings<\/strong>, in <strong data-start=\"791\" data-end=\"829\">Spritzern f\u00fcr Erfrischungsgetr\u00e4nke<\/strong> oder als besondere Note in Marinaden \u2013 dieser Essig bringt <strong data-start=\"889\" data-end=\"938\">frische Eleganz und einen Hauch S\u00fcdsteiermark<\/strong> in jedes Gericht.<\/p>\n<hr data-start=\"958\" data-end=\"961\" \/>\n<h4 data-start=\"963\" data-end=\"977\">Merkmale:<\/h4>\n<ul data-start=\"978\" data-end=\"1205\">\n<li data-start=\"978\" data-end=\"1029\">\n<p data-start=\"980\" data-end=\"1029\">Handgemacht mit Williamsbirnen &amp; Holunderbl\u00fcten<\/p>\n<\/li>\n<li data-start=\"1030\" data-end=\"1067\">\n<p data-start=\"1032\" data-end=\"1067\">Reiner G\u00e4rungsessig mit 6\u202f% S\u00e4ure<\/p>\n<\/li>\n<li data-start=\"1068\" data-end=\"1108\">\n<p data-start=\"1070\" data-end=\"1108\">Mild, blumig &amp; fruchtig im Geschmack<\/p>\n<\/li>\n<li data-start=\"1109\" data-end=\"1157\">\n<p data-start=\"1111\" data-end=\"1157\">Ideal f\u00fcr Salate, Dressings &amp; kreative K\u00fcche<\/p>\n<\/li>\n<li data-start=\"1158\" data-end=\"1205\">\n<p data-start=\"1160\" data-end=\"1205\">Aus sorgf\u00e4ltig ausgew\u00e4hlten Zutaten vom Hof<\/p>\n<\/li>\n<\/ul>\n<hr data-start=\"1207\" data-end=\"1210\" \/>\n<p data-start=\"1212\" data-end=\"1293\"><strong data-start=\"1212\" data-end=\"1232\">Allergen information:<\/strong> Reiner G\u00e4rungsessig, enth\u00e4lt Sulfite.<\/p>\n<p>&nbsp;<\/p>","protected":false},"excerpt":{"rendered":"<p>FRUITY, FLORAL<\/p>","protected":false},"featured_media":5728,"comment_status":"open","ping_status":"closed","template":"","meta":[],"product_brand":[],"product_cat":[40,128],"product_tag":[],"class_list":{"0":"post-4594","1":"product","2":"type-product","3":"status-publish","4":"has-post-thumbnail","6":"product_cat-delikatessen","7":"product_cat-essig-oel","9":"first","10":"instock","11":"taxable","12":"shipping-taxable","13":"purchasable","14":"product-type-simple"},"yoast_head":"<!-- This site is optimized with the Yoast SEO plugin v23.2 - https:\/\/yoast.com\/wordpress\/plugins\/seo\/ -->\n<title>Fruchtiger Williamsbirnenessig<\/title>\n<meta name=\"description\" content=\"Williamsbirnenessig mit Holunderbl\u00fcten \u2013 mild, blumig &amp; hausgemacht in der S\u00fcdsteiermark. F\u00fcr Salate, Dressings &amp; feine K\u00fcche.\" \/>\n<meta name=\"robots\" content=\"index, follow, max-snippet:-1, max-image-preview:large, max-video-preview:-1\" \/>\n<link rel=\"canonical\" href=\"https:\/\/gutschwarzl.at\/en\/product\/williamsbirnenessig-holunderblueten\/\" \/>\n<meta property=\"og:locale\" content=\"en_US\" \/>\n<meta property=\"og:type\" content=\"article\" \/>\n<meta property=\"og:title\" content=\"Fruchtiger Williamsbirnenessig\" \/>\n<meta property=\"og:description\" content=\"Williamsbirnenessig mit Holunderbl\u00fcten \u2013 mild, blumig &amp; hausgemacht in der S\u00fcdsteiermark. F\u00fcr Salate, Dressings &amp; feine K\u00fcche.\" \/>\n<meta property=\"og:url\" content=\"https:\/\/gutschwarzl.at\/en\/product\/williamsbirnenessig-holunderblueten\/\" \/>\n<meta property=\"og:site_name\" content=\"Gut Schwarzl\" \/>\n<meta property=\"article:modified_time\" content=\"2026-01-21T13:18:54+00:00\" \/>\n<meta property=\"og:image\" content=\"https:\/\/gutschwarzl.at\/wp-content\/uploads\/2022\/06\/Gut_Schwarzl_Birnenessig-mit-Holunder_WEB.png\" \/>\n\t<meta property=\"og:image:width\" content=\"428\" \/>\n\t<meta property=\"og:image:height\" content=\"1915\" \/>\n\t<meta property=\"og:image:type\" content=\"image\/png\" \/>\n<meta name=\"twitter:card\" content=\"summary_large_image\" \/>\n<meta name=\"twitter:label1\" content=\"Est. reading time\" \/>\n\t<meta name=\"twitter:data1\" content=\"1 minute\" \/>\n<script type=\"application\/ld+json\" class=\"yoast-schema-graph\">{\"@context\":\"https:\/\/schema.org\",\"@graph\":[{\"@type\":\"WebPage\",\"@id\":\"https:\/\/gutschwarzl.at\/produkt\/williamsbirnenessig-holunderblueten\/\",\"url\":\"https:\/\/gutschwarzl.at\/produkt\/williamsbirnenessig-holunderblueten\/\",\"name\":\"Fruchtiger Williamsbirnenessig\",\"isPartOf\":{\"@id\":\"https:\/\/gutschwarzl.at\/#website\"},\"primaryImageOfPage\":{\"@id\":\"https:\/\/gutschwarzl.at\/produkt\/williamsbirnenessig-holunderblueten\/#primaryimage\"},\"image\":{\"@id\":\"https:\/\/gutschwarzl.at\/produkt\/williamsbirnenessig-holunderblueten\/#primaryimage\"},\"thumbnailUrl\":\"https:\/\/gutschwarzl.at\/wp-content\/uploads\/2022\/06\/Gut_Schwarzl_Birnenessig-mit-Holunder_WEB.png\",\"datePublished\":\"2022-06-23T06:46:13+00:00\",\"dateModified\":\"2026-01-21T13:18:54+00:00\",\"description\":\"Williamsbirnenessig mit Holunderbl\u00fcten \u2013 mild, blumig & hausgemacht in der S\u00fcdsteiermark. F\u00fcr Salate, Dressings & feine K\u00fcche.\",\"breadcrumb\":{\"@id\":\"https:\/\/gutschwarzl.at\/produkt\/williamsbirnenessig-holunderblueten\/#breadcrumb\"},\"inLanguage\":\"en-US\",\"potentialAction\":[{\"@type\":\"ReadAction\",\"target\":[\"https:\/\/gutschwarzl.at\/produkt\/williamsbirnenessig-holunderblueten\/\"]}]},{\"@type\":\"ImageObject\",\"inLanguage\":\"en-US\",\"@id\":\"https:\/\/gutschwarzl.at\/produkt\/williamsbirnenessig-holunderblueten\/#primaryimage\",\"url\":\"https:\/\/gutschwarzl.at\/wp-content\/uploads\/2022\/06\/Gut_Schwarzl_Birnenessig-mit-Holunder_WEB.png\",\"contentUrl\":\"https:\/\/gutschwarzl.at\/wp-content\/uploads\/2022\/06\/Gut_Schwarzl_Birnenessig-mit-Holunder_WEB.png\",\"width\":428,\"height\":1915,\"caption\":\"Williamsbirnenessig angesetzt mit Holunderbl\u00fcten - willkommene Abwechslung\"},{\"@type\":\"BreadcrumbList\",\"@id\":\"https:\/\/gutschwarzl.at\/produkt\/williamsbirnenessig-holunderblueten\/#breadcrumb\",\"itemListElement\":[{\"@type\":\"ListItem\",\"position\":1,\"name\":\"Startseite\",\"item\":\"https:\/\/gutschwarzl.at\/\"},{\"@type\":\"ListItem\",\"position\":2,\"name\":\"Shop\",\"item\":\"https:\/\/gutschwarzl.at\/shop\/\"},{\"@type\":\"ListItem\",\"position\":3,\"name\":\"Williamsbirnenessig mit Holunderbl\u00fcten\"}]},{\"@type\":\"WebSite\",\"@id\":\"https:\/\/gutschwarzl.at\/#website\",\"url\":\"https:\/\/gutschwarzl.at\/\",\"name\":\"Gut Schwarzl\",\"description\":\"Wo der Wein daheim ist\",\"publisher\":{\"@id\":\"https:\/\/gutschwarzl.at\/#organization\"},\"potentialAction\":[{\"@type\":\"SearchAction\",\"target\":{\"@type\":\"EntryPoint\",\"urlTemplate\":\"https:\/\/gutschwarzl.at\/?s={search_term_string}\"},\"query-input\":\"required name=search_term_string\"}],\"inLanguage\":\"en-US\"},{\"@type\":\"Organization\",\"@id\":\"https:\/\/gutschwarzl.at\/#organization\",\"name\":\"Gut Schwarzl\",\"url\":\"https:\/\/gutschwarzl.at\/\",\"logo\":{\"@type\":\"ImageObject\",\"inLanguage\":\"en-US\",\"@id\":\"https:\/\/gutschwarzl.at\/#\/schema\/logo\/image\/\",\"url\":\"https:\/\/gutschwarzl.at\/wp-content\/uploads\/2022\/04\/Logo-Gut-Schwarzl.svg\",\"contentUrl\":\"https:\/\/gutschwarzl.at\/wp-content\/uploads\/2022\/04\/Logo-Gut-Schwarzl.svg\",\"width\":217,\"height\":217,\"caption\":\"Gut Schwarzl\"},\"image\":{\"@id\":\"https:\/\/gutschwarzl.at\/#\/schema\/logo\/image\/\"}}]}<\/script>\n<!-- \/ Yoast SEO plugin. -->","yoast_head_json":{"title":"Fruchtiger Williamsbirnenessig","description":"Williamsbirnenessig mit Holunderbl\u00fcten \u2013 mild, blumig & hausgemacht in der S\u00fcdsteiermark. F\u00fcr Salate, Dressings & feine K\u00fcche.","robots":{"index":"index","follow":"follow","max-snippet":"max-snippet:-1","max-image-preview":"max-image-preview:large","max-video-preview":"max-video-preview:-1"},"canonical":"https:\/\/gutschwarzl.at\/en\/product\/williamsbirnenessig-holunderblueten\/","og_locale":"en_US","og_type":"article","og_title":"Fruchtiger Williamsbirnenessig","og_description":"Williamsbirnenessig mit Holunderbl\u00fcten \u2013 mild, blumig & hausgemacht in der S\u00fcdsteiermark. F\u00fcr Salate, Dressings & feine K\u00fcche.","og_url":"https:\/\/gutschwarzl.at\/en\/product\/williamsbirnenessig-holunderblueten\/","og_site_name":"Gut Schwarzl","article_modified_time":"2026-01-21T13:18:54+00:00","og_image":[{"width":428,"height":1915,"url":"https:\/\/gutschwarzl.at\/wp-content\/uploads\/2022\/06\/Gut_Schwarzl_Birnenessig-mit-Holunder_WEB.png","type":"image\/png"}],"twitter_card":"summary_large_image","twitter_misc":{"Est. reading time":"1 minute"},"schema":{"@context":"https:\/\/schema.org","@graph":[{"@type":"WebPage","@id":"https:\/\/gutschwarzl.at\/produkt\/williamsbirnenessig-holunderblueten\/","url":"https:\/\/gutschwarzl.at\/produkt\/williamsbirnenessig-holunderblueten\/","name":"Fruchtiger Williamsbirnenessig","isPartOf":{"@id":"https:\/\/gutschwarzl.at\/#website"},"primaryImageOfPage":{"@id":"https:\/\/gutschwarzl.at\/produkt\/williamsbirnenessig-holunderblueten\/#primaryimage"},"image":{"@id":"https:\/\/gutschwarzl.at\/produkt\/williamsbirnenessig-holunderblueten\/#primaryimage"},"thumbnailUrl":"https:\/\/gutschwarzl.at\/wp-content\/uploads\/2022\/06\/Gut_Schwarzl_Birnenessig-mit-Holunder_WEB.png","datePublished":"2022-06-23T06:46:13+00:00","dateModified":"2026-01-21T13:18:54+00:00","description":"Williamsbirnenessig mit Holunderbl\u00fcten \u2013 mild, blumig & hausgemacht in der S\u00fcdsteiermark. F\u00fcr Salate, Dressings & feine K\u00fcche.","breadcrumb":{"@id":"https:\/\/gutschwarzl.at\/produkt\/williamsbirnenessig-holunderblueten\/#breadcrumb"},"inLanguage":"en-US","potentialAction":[{"@type":"ReadAction","target":["https:\/\/gutschwarzl.at\/produkt\/williamsbirnenessig-holunderblueten\/"]}]},{"@type":"ImageObject","inLanguage":"en-US","@id":"https:\/\/gutschwarzl.at\/produkt\/williamsbirnenessig-holunderblueten\/#primaryimage","url":"https:\/\/gutschwarzl.at\/wp-content\/uploads\/2022\/06\/Gut_Schwarzl_Birnenessig-mit-Holunder_WEB.png","contentUrl":"https:\/\/gutschwarzl.at\/wp-content\/uploads\/2022\/06\/Gut_Schwarzl_Birnenessig-mit-Holunder_WEB.png","width":428,"height":1915,"caption":"Williamsbirnenessig angesetzt mit Holunderbl\u00fcten - willkommene Abwechslung"},{"@type":"BreadcrumbList","@id":"https:\/\/gutschwarzl.at\/produkt\/williamsbirnenessig-holunderblueten\/#breadcrumb","itemListElement":[{"@type":"ListItem","position":1,"name":"Startseite","item":"https:\/\/gutschwarzl.at\/"},{"@type":"ListItem","position":2,"name":"Shop","item":"https:\/\/gutschwarzl.at\/shop\/"},{"@type":"ListItem","position":3,"name":"Williamsbirnenessig mit Holunderbl\u00fcten"}]},{"@type":"WebSite","@id":"https:\/\/gutschwarzl.at\/#website","url":"https:\/\/gutschwarzl.at\/","name":"Gut Schwarzl","description":"Wo der Wein daheim ist","publisher":{"@id":"https:\/\/gutschwarzl.at\/#organization"},"potentialAction":[{"@type":"SearchAction","target":{"@type":"EntryPoint","urlTemplate":"https:\/\/gutschwarzl.at\/?s={search_term_string}"},"query-input":"required name=search_term_string"}],"inLanguage":"en-US"},{"@type":"Organization","@id":"https:\/\/gutschwarzl.at\/#organization","name":"Gut Schwarzl","url":"https:\/\/gutschwarzl.at\/","logo":{"@type":"ImageObject","inLanguage":"en-US","@id":"https:\/\/gutschwarzl.at\/#\/schema\/logo\/image\/","url":"https:\/\/gutschwarzl.at\/wp-content\/uploads\/2022\/04\/Logo-Gut-Schwarzl.svg","contentUrl":"https:\/\/gutschwarzl.at\/wp-content\/uploads\/2022\/04\/Logo-Gut-Schwarzl.svg","width":217,"height":217,"caption":"Gut Schwarzl"},"image":{"@id":"https:\/\/gutschwarzl.at\/#\/schema\/logo\/image\/"}}]}},"jetpack_sharing_enabled":true,"_links":{"self":[{"href":"https:\/\/gutschwarzl.at\/en\/wp-json\/wp\/v2\/product\/4594","targetHints":{"allow":["GET"]}}],"collection":[{"href":"https:\/\/gutschwarzl.at\/en\/wp-json\/wp\/v2\/product"}],"about":[{"href":"https:\/\/gutschwarzl.at\/en\/wp-json\/wp\/v2\/types\/product"}],"replies":[{"embeddable":true,"href":"https:\/\/gutschwarzl.at\/en\/wp-json\/wp\/v2\/comments?post=4594"}],"wp:featuredmedia":[{"embeddable":true,"href":"https:\/\/gutschwarzl.at\/en\/wp-json\/wp\/v2\/media\/5728"}],"wp:attachment":[{"href":"https:\/\/gutschwarzl.at\/en\/wp-json\/wp\/v2\/media?parent=4594"}],"wp:term":[{"taxonomy":"product_brand","embeddable":true,"href":"https:\/\/gutschwarzl.at\/en\/wp-json\/wp\/v2\/product_brand?post=4594"},{"taxonomy":"product_cat","embeddable":true,"href":"https:\/\/gutschwarzl.at\/en\/wp-json\/wp\/v2\/product_cat?post=4594"},{"taxonomy":"product_tag","embeddable":true,"href":"https:\/\/gutschwarzl.at\/en\/wp-json\/wp\/v2\/product_tag?post=4594"}],"curies":[{"name":"wp","href":"https:\/\/api.w.org\/{rel}","templated":true}]}}