{"id":3928,"date":"2022-06-05T14:39:12","date_gmt":"2022-06-05T12:39:12","guid":{"rendered":"https:\/\/wp15.gutleben.systems\/?post_type=product&#038;p=3928"},"modified":"2026-01-20T23:41:05","modified_gmt":"2026-01-20T22:41:05","slug":"weingartenpfirsich-curry-chutney","status":"publish","type":"product","link":"https:\/\/gutschwarzl.at\/en\/product\/weingartenpfirsich-curry-chutney\/","title":{"rendered":"Vineyard peach curry chutney"},"content":{"rendered":"<h3 data-start=\"242\" data-end=\"342\">Weingartenpfirsich-Curry-Chutney \u2013 fruchtig-w\u00fcrziger Genuss vom Familienhof in der S\u00fcdsteiermark<\/h3>\n<p data-start=\"344\" data-end=\"746\">F\u00fcr alle, die das Besondere suchen: Unser <strong data-start=\"386\" data-end=\"422\">Vineyard peach curry chutney<\/strong> vereint die s\u00fc\u00df-s\u00e4uerliche Fruchtigkeit des steirischen Weingartenpfirsichs mit einer fein abgestimmten Gew\u00fcrznote. Sorgf\u00e4ltig eingekocht am Hof und verfeinert mit <strong data-start=\"587\" data-end=\"668\">Zwiebeln, Knoblauch, Curry von Sonnentor, Cayennepfeffer und einer Prise Salz<\/strong>, entsteht ein <strong data-start=\"683\" data-end=\"712\">fruchtig-w\u00fcrziges Chutney<\/strong>, das in keiner K\u00fcche fehlen darf.<\/p>\n<p data-start=\"748\" data-end=\"970\">Ob zu <strong data-start=\"754\" data-end=\"772\">gereiftem K\u00e4se<\/strong>, als <strong data-start=\"778\" data-end=\"815\">w\u00fcrzige Beilage zu Grillgerichten<\/strong>, zu <strong data-start=\"820\" data-end=\"839\">Pasta oder Reis<\/strong> oder zum <strong data-start=\"849\" data-end=\"884\">Verfeinern von Currys und Bowls<\/strong> \u2013 dieses Chutney bringt Schwung in deine Alltagsk\u00fcche und ist ein echtes Multitalent.<\/p>\n<p data-start=\"972\" data-end=\"1104\">Regional, hausgemacht und mit viel Liebe zubereitet \u2013 wie all unsere Spezialit\u00e4ten am Hof der Familie Schwarzl in der S\u00fcdsteiermark.<\/p>\n<hr data-start=\"1106\" data-end=\"1109\" \/>\n<h4 data-start=\"1111\" data-end=\"1125\">Merkmale:<\/h4>\n<ul data-start=\"1126\" data-end=\"1377\">\n<li data-start=\"1126\" data-end=\"1178\">\n<p data-start=\"1128\" data-end=\"1178\">Handgemacht aus steirischen Weingartenpfirsichen<\/p>\n<\/li>\n<li data-start=\"1179\" data-end=\"1228\">\n<p data-start=\"1181\" data-end=\"1228\">Harmonische Kombination aus Frucht &amp; Gew\u00fcrzen<\/p>\n<\/li>\n<li data-start=\"1229\" data-end=\"1271\">\n<p data-start=\"1231\" data-end=\"1271\">Vielseitig verwendbar \u2013 warm oder kalt<\/p>\n<\/li>\n<li data-start=\"1272\" data-end=\"1324\">\n<p data-start=\"1274\" data-end=\"1324\">Mit hochwertigen Zutaten wie Curry von Sonnentor<\/p>\n<\/li>\n<li data-start=\"1325\" data-end=\"1377\">\n<p data-start=\"1327\" data-end=\"1377\">Ohne k\u00fcnstliche Aromen oder Konservierungsstoffe<\/p>\n<\/li>\n<\/ul>\n<p>&nbsp;<\/p>\n<p><strong>Ingredients:<\/strong> Vineyard peach, apple cider vinegar, onions, sugar, garlic, Sonnentor curry, pectin, acidifier citric acid, cayenne pepper, salt.<\/p>","protected":false},"excerpt":{"rendered":"<p>PRODUCED IN STYRIA<\/p>","protected":false},"featured_media":21501,"comment_status":"open","ping_status":"closed","template":"","meta":[],"product_brand":[],"product_cat":[40,124],"product_tag":[],"class_list":{"0":"post-3928","1":"product","2":"type-product","3":"status-publish","4":"has-post-thumbnail","6":"product_cat-delikatessen","7":"product_cat-chutney-eingelegtes","9":"first","10":"instock","11":"taxable","12":"shipping-taxable","13":"purchasable","14":"product-type-simple"},"yoast_head":"<!-- This site is optimized with the Yoast SEO plugin v23.2 - https:\/\/yoast.com\/wordpress\/plugins\/seo\/ -->\n<title>Weingartenpfirsich-Curry-Chutney<\/title>\n<meta name=\"description\" content=\"Weingartenpfirsich-Curry-Chutney \u2013 fruchtig-w\u00fcrzig &amp; hausgemacht in der S\u00fcdsteiermark. Ideal zu K\u00e4se, Gegrilltem, Reis oder Pasta. Jetzt entdecken!\" \/>\n<meta name=\"robots\" content=\"index, follow, max-snippet:-1, max-image-preview:large, max-video-preview:-1\" \/>\n<link rel=\"canonical\" href=\"https:\/\/gutschwarzl.at\/en\/product\/weingartenpfirsich-curry-chutney\/\" \/>\n<meta property=\"og:locale\" content=\"en_US\" \/>\n<meta property=\"og:type\" content=\"article\" \/>\n<meta property=\"og:title\" content=\"Weingartenpfirsich-Curry-Chutney\" \/>\n<meta property=\"og:description\" content=\"Weingartenpfirsich-Curry-Chutney \u2013 fruchtig-w\u00fcrzig &amp; hausgemacht in der S\u00fcdsteiermark. Ideal zu K\u00e4se, Gegrilltem, Reis oder Pasta. Jetzt entdecken!\" \/>\n<meta property=\"og:url\" content=\"https:\/\/gutschwarzl.at\/en\/product\/weingartenpfirsich-curry-chutney\/\" \/>\n<meta property=\"og:site_name\" content=\"Gut Schwarzl\" \/>\n<meta property=\"article:modified_time\" content=\"2026-01-20T22:41:05+00:00\" \/>\n<meta property=\"og:image\" content=\"https:\/\/gutschwarzl.at\/wp-content\/uploads\/2024\/08\/Brand_Images_e.U._20241027_24000233_00971.png\" \/>\n\t<meta property=\"og:image:width\" content=\"2000\" \/>\n\t<meta property=\"og:image:height\" content=\"1331\" \/>\n\t<meta property=\"og:image:type\" content=\"image\/png\" \/>\n<meta name=\"twitter:card\" content=\"summary_large_image\" \/>\n<meta name=\"twitter:label1\" content=\"Est. reading time\" \/>\n\t<meta name=\"twitter:data1\" content=\"2 minutes\" \/>\n<script type=\"application\/ld+json\" class=\"yoast-schema-graph\">{\"@context\":\"https:\/\/schema.org\",\"@graph\":[{\"@type\":\"WebPage\",\"@id\":\"https:\/\/gutschwarzl.at\/produkt\/weingartenpfirsich-curry-chutney\/\",\"url\":\"https:\/\/gutschwarzl.at\/produkt\/weingartenpfirsich-curry-chutney\/\",\"name\":\"Weingartenpfirsich-Curry-Chutney\",\"isPartOf\":{\"@id\":\"https:\/\/gutschwarzl.at\/#website\"},\"primaryImageOfPage\":{\"@id\":\"https:\/\/gutschwarzl.at\/produkt\/weingartenpfirsich-curry-chutney\/#primaryimage\"},\"image\":{\"@id\":\"https:\/\/gutschwarzl.at\/produkt\/weingartenpfirsich-curry-chutney\/#primaryimage\"},\"thumbnailUrl\":\"https:\/\/gutschwarzl.at\/wp-content\/uploads\/2024\/08\/Brand_Images_e.U._20241027_24000233_00971.png\",\"datePublished\":\"2022-06-05T12:39:12+00:00\",\"dateModified\":\"2026-01-20T22:41:05+00:00\",\"description\":\"Weingartenpfirsich-Curry-Chutney \u2013 fruchtig-w\u00fcrzig & hausgemacht in der S\u00fcdsteiermark. Ideal zu K\u00e4se, Gegrilltem, Reis oder Pasta. Jetzt entdecken!\",\"breadcrumb\":{\"@id\":\"https:\/\/gutschwarzl.at\/produkt\/weingartenpfirsich-curry-chutney\/#breadcrumb\"},\"inLanguage\":\"en-US\",\"potentialAction\":[{\"@type\":\"ReadAction\",\"target\":[\"https:\/\/gutschwarzl.at\/produkt\/weingartenpfirsich-curry-chutney\/\"]}]},{\"@type\":\"ImageObject\",\"inLanguage\":\"en-US\",\"@id\":\"https:\/\/gutschwarzl.at\/produkt\/weingartenpfirsich-curry-chutney\/#primaryimage\",\"url\":\"https:\/\/gutschwarzl.at\/wp-content\/uploads\/2024\/08\/Brand_Images_e.U._20241027_24000233_00971.png\",\"contentUrl\":\"https:\/\/gutschwarzl.at\/wp-content\/uploads\/2024\/08\/Brand_Images_e.U._20241027_24000233_00971.png\",\"width\":2000,\"height\":1331,\"caption\":\"Foto @brandimages\"},{\"@type\":\"BreadcrumbList\",\"@id\":\"https:\/\/gutschwarzl.at\/produkt\/weingartenpfirsich-curry-chutney\/#breadcrumb\",\"itemListElement\":[{\"@type\":\"ListItem\",\"position\":1,\"name\":\"Startseite\",\"item\":\"https:\/\/gutschwarzl.at\/\"},{\"@type\":\"ListItem\",\"position\":2,\"name\":\"Shop\",\"item\":\"https:\/\/gutschwarzl.at\/shop\/\"},{\"@type\":\"ListItem\",\"position\":3,\"name\":\"Weingartenpfirsich-Curry-Chutney\"}]},{\"@type\":\"WebSite\",\"@id\":\"https:\/\/gutschwarzl.at\/#website\",\"url\":\"https:\/\/gutschwarzl.at\/\",\"name\":\"Gut Schwarzl\",\"description\":\"Wo der Wein daheim ist\",\"publisher\":{\"@id\":\"https:\/\/gutschwarzl.at\/#organization\"},\"potentialAction\":[{\"@type\":\"SearchAction\",\"target\":{\"@type\":\"EntryPoint\",\"urlTemplate\":\"https:\/\/gutschwarzl.at\/?s={search_term_string}\"},\"query-input\":\"required name=search_term_string\"}],\"inLanguage\":\"en-US\"},{\"@type\":\"Organization\",\"@id\":\"https:\/\/gutschwarzl.at\/#organization\",\"name\":\"Gut Schwarzl\",\"url\":\"https:\/\/gutschwarzl.at\/\",\"logo\":{\"@type\":\"ImageObject\",\"inLanguage\":\"en-US\",\"@id\":\"https:\/\/gutschwarzl.at\/#\/schema\/logo\/image\/\",\"url\":\"https:\/\/gutschwarzl.at\/wp-content\/uploads\/2022\/04\/Logo-Gut-Schwarzl.svg\",\"contentUrl\":\"https:\/\/gutschwarzl.at\/wp-content\/uploads\/2022\/04\/Logo-Gut-Schwarzl.svg\",\"width\":217,\"height\":217,\"caption\":\"Gut Schwarzl\"},\"image\":{\"@id\":\"https:\/\/gutschwarzl.at\/#\/schema\/logo\/image\/\"}}]}<\/script>\n<!-- \/ Yoast SEO plugin. -->","yoast_head_json":{"title":"Weingartenpfirsich-Curry-Chutney","description":"Weingartenpfirsich-Curry-Chutney \u2013 fruchtig-w\u00fcrzig & hausgemacht in der S\u00fcdsteiermark. Ideal zu K\u00e4se, Gegrilltem, Reis oder Pasta. Jetzt entdecken!","robots":{"index":"index","follow":"follow","max-snippet":"max-snippet:-1","max-image-preview":"max-image-preview:large","max-video-preview":"max-video-preview:-1"},"canonical":"https:\/\/gutschwarzl.at\/en\/product\/weingartenpfirsich-curry-chutney\/","og_locale":"en_US","og_type":"article","og_title":"Weingartenpfirsich-Curry-Chutney","og_description":"Weingartenpfirsich-Curry-Chutney \u2013 fruchtig-w\u00fcrzig & hausgemacht in der S\u00fcdsteiermark. Ideal zu K\u00e4se, Gegrilltem, Reis oder Pasta. Jetzt entdecken!","og_url":"https:\/\/gutschwarzl.at\/en\/product\/weingartenpfirsich-curry-chutney\/","og_site_name":"Gut Schwarzl","article_modified_time":"2026-01-20T22:41:05+00:00","og_image":[{"width":2000,"height":1331,"url":"https:\/\/gutschwarzl.at\/wp-content\/uploads\/2024\/08\/Brand_Images_e.U._20241027_24000233_00971.png","type":"image\/png"}],"twitter_card":"summary_large_image","twitter_misc":{"Est. reading time":"2 minutes"},"schema":{"@context":"https:\/\/schema.org","@graph":[{"@type":"WebPage","@id":"https:\/\/gutschwarzl.at\/produkt\/weingartenpfirsich-curry-chutney\/","url":"https:\/\/gutschwarzl.at\/produkt\/weingartenpfirsich-curry-chutney\/","name":"Weingartenpfirsich-Curry-Chutney","isPartOf":{"@id":"https:\/\/gutschwarzl.at\/#website"},"primaryImageOfPage":{"@id":"https:\/\/gutschwarzl.at\/produkt\/weingartenpfirsich-curry-chutney\/#primaryimage"},"image":{"@id":"https:\/\/gutschwarzl.at\/produkt\/weingartenpfirsich-curry-chutney\/#primaryimage"},"thumbnailUrl":"https:\/\/gutschwarzl.at\/wp-content\/uploads\/2024\/08\/Brand_Images_e.U._20241027_24000233_00971.png","datePublished":"2022-06-05T12:39:12+00:00","dateModified":"2026-01-20T22:41:05+00:00","description":"Weingartenpfirsich-Curry-Chutney \u2013 fruchtig-w\u00fcrzig & hausgemacht in der S\u00fcdsteiermark. Ideal zu K\u00e4se, Gegrilltem, Reis oder Pasta. Jetzt entdecken!","breadcrumb":{"@id":"https:\/\/gutschwarzl.at\/produkt\/weingartenpfirsich-curry-chutney\/#breadcrumb"},"inLanguage":"en-US","potentialAction":[{"@type":"ReadAction","target":["https:\/\/gutschwarzl.at\/produkt\/weingartenpfirsich-curry-chutney\/"]}]},{"@type":"ImageObject","inLanguage":"en-US","@id":"https:\/\/gutschwarzl.at\/produkt\/weingartenpfirsich-curry-chutney\/#primaryimage","url":"https:\/\/gutschwarzl.at\/wp-content\/uploads\/2024\/08\/Brand_Images_e.U._20241027_24000233_00971.png","contentUrl":"https:\/\/gutschwarzl.at\/wp-content\/uploads\/2024\/08\/Brand_Images_e.U._20241027_24000233_00971.png","width":2000,"height":1331,"caption":"Foto @brandimages"},{"@type":"BreadcrumbList","@id":"https:\/\/gutschwarzl.at\/produkt\/weingartenpfirsich-curry-chutney\/#breadcrumb","itemListElement":[{"@type":"ListItem","position":1,"name":"Startseite","item":"https:\/\/gutschwarzl.at\/"},{"@type":"ListItem","position":2,"name":"Shop","item":"https:\/\/gutschwarzl.at\/shop\/"},{"@type":"ListItem","position":3,"name":"Weingartenpfirsich-Curry-Chutney"}]},{"@type":"WebSite","@id":"https:\/\/gutschwarzl.at\/#website","url":"https:\/\/gutschwarzl.at\/","name":"Gut Schwarzl","description":"Wo der Wein daheim ist","publisher":{"@id":"https:\/\/gutschwarzl.at\/#organization"},"potentialAction":[{"@type":"SearchAction","target":{"@type":"EntryPoint","urlTemplate":"https:\/\/gutschwarzl.at\/?s={search_term_string}"},"query-input":"required name=search_term_string"}],"inLanguage":"en-US"},{"@type":"Organization","@id":"https:\/\/gutschwarzl.at\/#organization","name":"Gut Schwarzl","url":"https:\/\/gutschwarzl.at\/","logo":{"@type":"ImageObject","inLanguage":"en-US","@id":"https:\/\/gutschwarzl.at\/#\/schema\/logo\/image\/","url":"https:\/\/gutschwarzl.at\/wp-content\/uploads\/2022\/04\/Logo-Gut-Schwarzl.svg","contentUrl":"https:\/\/gutschwarzl.at\/wp-content\/uploads\/2022\/04\/Logo-Gut-Schwarzl.svg","width":217,"height":217,"caption":"Gut Schwarzl"},"image":{"@id":"https:\/\/gutschwarzl.at\/#\/schema\/logo\/image\/"}}]}},"jetpack_sharing_enabled":true,"_links":{"self":[{"href":"https:\/\/gutschwarzl.at\/en\/wp-json\/wp\/v2\/product\/3928","targetHints":{"allow":["GET"]}}],"collection":[{"href":"https:\/\/gutschwarzl.at\/en\/wp-json\/wp\/v2\/product"}],"about":[{"href":"https:\/\/gutschwarzl.at\/en\/wp-json\/wp\/v2\/types\/product"}],"replies":[{"embeddable":true,"href":"https:\/\/gutschwarzl.at\/en\/wp-json\/wp\/v2\/comments?post=3928"}],"wp:featuredmedia":[{"embeddable":true,"href":"https:\/\/gutschwarzl.at\/en\/wp-json\/wp\/v2\/media\/21501"}],"wp:attachment":[{"href":"https:\/\/gutschwarzl.at\/en\/wp-json\/wp\/v2\/media?parent=3928"}],"wp:term":[{"taxonomy":"product_brand","embeddable":true,"href":"https:\/\/gutschwarzl.at\/en\/wp-json\/wp\/v2\/product_brand?post=3928"},{"taxonomy":"product_cat","embeddable":true,"href":"https:\/\/gutschwarzl.at\/en\/wp-json\/wp\/v2\/product_cat?post=3928"},{"taxonomy":"product_tag","embeddable":true,"href":"https:\/\/gutschwarzl.at\/en\/wp-json\/wp\/v2\/product_tag?post=3928"}],"curies":[{"name":"wp","href":"https:\/\/api.w.org\/{rel}","templated":true}]}}