{"id":3213,"date":"2022-05-17T16:52:11","date_gmt":"2022-05-17T14:52:11","guid":{"rendered":"https:\/\/wp15.gutleben.systems\/?post_type=product&#038;p=3213"},"modified":"2025-12-10T07:48:23","modified_gmt":"2025-12-10T06:48:23","slug":"steirisches-kernoel","status":"publish","type":"product","link":"https:\/\/gutschwarzl.at\/en\/product\/steirisches-kernoel\/","title":{"rendered":"Styrian pumpkin seed oil"},"content":{"rendered":"<p><strong>PRODUCED BY HAND IN SOUTH STYRIA<\/strong><\/p>\n<p data-start=\"208\" data-end=\"529\">Verleihen Sie Ihren Gerichten das unverwechselbare Aroma der S\u00fcdsteiermark! Unser <strong data-start=\"290\" data-end=\"335\">hochwertiges, kaltgepresstes K\u00fcrbiskern\u00f6l<\/strong> begeistert mit seinem intensiven, nussigen Geschmack und der tiefgr\u00fcnen Farbe. Hergestellt aus <strong data-start=\"431\" data-end=\"465\">100 % steirischen K\u00fcrbiskernen<\/strong>, schonend verarbeitet und mit viel Liebe von Hand produziert.<\/p>\n<p data-start=\"531\" data-end=\"715\">\ud83d\udc9a <strong data-start=\"534\" data-end=\"550\">Perfekt f\u00fcr:<\/strong><br data-start=\"550\" data-end=\"553\" \/>\u2714\ufe0f Frische Salate \u2013 f\u00fcr ein einzigartiges Geschmackserlebnis<br data-start=\"613\" data-end=\"616\" \/>\u2714\ufe0f Cremige Suppen \u2013 ein feiner, nussiger Touch<br data-start=\"662\" data-end=\"665\" \/>\u2714\ufe0f S\u00fc\u00dfspeisen \u2013 probieren Sie es auf Vanilleeis!<\/p>\n<p data-start=\"717\" data-end=\"819\">\ud83c\udf31 <strong data-start=\"720\" data-end=\"740\">Rein &amp; regional:<\/strong> 100 % steirisches K\u00fcrbiskern\u00f6l, ohne Zus\u00e4tze \u2013 direkt aus der S\u00fcdsteiermark.<\/p>\n<p data-start=\"821\" data-end=\"880\">\ud83d\udc49 Jetzt bestellen und echten steirischen Genuss erleben!<\/p>\n<p>&nbsp;<\/p>","protected":false},"excerpt":{"rendered":"<p>PRODUCED IN STYRIA<\/p>","protected":false},"featured_media":3891,"comment_status":"open","ping_status":"closed","template":"","meta":[],"product_brand":[],"product_cat":[40,128],"product_tag":[],"class_list":{"0":"post-3213","1":"product","2":"type-product","3":"status-publish","4":"has-post-thumbnail","6":"product_cat-delikatessen","7":"product_cat-essig-oel","9":"first","10":"instock","11":"taxable","12":"shipping-taxable","13":"purchasable","14":"product-type-variable"},"yoast_head":"<!-- This site is optimized with the Yoast SEO plugin v23.2 - https:\/\/yoast.com\/wordpress\/plugins\/seo\/ -->\n<title>Steirisches Kern\u00f6l | Gut Schwarzl | S\u00fcdsteiermark<\/title>\n<meta name=\"description\" content=\"100 % echtes Steirisches Kern\u00f6l, handgepresst in der S\u00fcdsteiermark. Perfekt f\u00fcr Salate, Cremesuppen und auch aufs Vanilleeis.\" \/>\n<meta name=\"robots\" content=\"index, follow, max-snippet:-1, max-image-preview:large, max-video-preview:-1\" \/>\n<link rel=\"canonical\" href=\"https:\/\/gutschwarzl.at\/en\/product\/steirisches-kernoel\/\" \/>\n<meta property=\"og:locale\" content=\"en_US\" \/>\n<meta property=\"og:type\" content=\"article\" \/>\n<meta property=\"og:title\" content=\"Steirisches Kern\u00f6l | Gut Schwarzl | S\u00fcdsteiermark\" \/>\n<meta property=\"og:description\" content=\"100 % echtes Steirisches Kern\u00f6l, handgepresst in der S\u00fcdsteiermark. Perfekt f\u00fcr Salate, Cremesuppen und auch aufs Vanilleeis.\" \/>\n<meta property=\"og:url\" content=\"https:\/\/gutschwarzl.at\/en\/product\/steirisches-kernoel\/\" \/>\n<meta property=\"og:site_name\" content=\"Gut Schwarzl\" \/>\n<meta property=\"article:modified_time\" content=\"2025-12-10T06:48:23+00:00\" \/>\n<meta property=\"og:image\" content=\"https:\/\/gutschwarzl.at\/wp-content\/uploads\/2022\/05\/Kernoel-1l-681x1024.png\" \/>\n\t<meta property=\"og:image:width\" content=\"681\" \/>\n\t<meta property=\"og:image:height\" content=\"1024\" \/>\n\t<meta property=\"og:image:type\" content=\"image\/png\" \/>\n<meta name=\"twitter:card\" content=\"summary_large_image\" \/>\n<meta name=\"twitter:label1\" content=\"Est. reading time\" \/>\n\t<meta name=\"twitter:data1\" content=\"1 minute\" \/>\n<script type=\"application\/ld+json\" class=\"yoast-schema-graph\">{\"@context\":\"https:\/\/schema.org\",\"@graph\":[{\"@type\":\"WebPage\",\"@id\":\"https:\/\/gutschwarzl.at\/produkt\/steirisches-kernoel\/\",\"url\":\"https:\/\/gutschwarzl.at\/produkt\/steirisches-kernoel\/\",\"name\":\"Steirisches Kern\u00f6l | Gut Schwarzl | S\u00fcdsteiermark\",\"isPartOf\":{\"@id\":\"https:\/\/gutschwarzl.at\/#website\"},\"primaryImageOfPage\":{\"@id\":\"https:\/\/gutschwarzl.at\/produkt\/steirisches-kernoel\/#primaryimage\"},\"image\":{\"@id\":\"https:\/\/gutschwarzl.at\/produkt\/steirisches-kernoel\/#primaryimage\"},\"thumbnailUrl\":\"https:\/\/gutschwarzl.at\/wp-content\/uploads\/2022\/05\/Kernoel-1l.png\",\"datePublished\":\"2022-05-17T14:52:11+00:00\",\"dateModified\":\"2025-12-10T06:48:23+00:00\",\"description\":\"100 % echtes Steirisches Kern\u00f6l, handgepresst in der S\u00fcdsteiermark. Perfekt f\u00fcr Salate, Cremesuppen und auch aufs Vanilleeis.\",\"breadcrumb\":{\"@id\":\"https:\/\/gutschwarzl.at\/produkt\/steirisches-kernoel\/#breadcrumb\"},\"inLanguage\":\"en-US\",\"potentialAction\":[{\"@type\":\"ReadAction\",\"target\":[\"https:\/\/gutschwarzl.at\/produkt\/steirisches-kernoel\/\"]}]},{\"@type\":\"ImageObject\",\"inLanguage\":\"en-US\",\"@id\":\"https:\/\/gutschwarzl.at\/produkt\/steirisches-kernoel\/#primaryimage\",\"url\":\"https:\/\/gutschwarzl.at\/wp-content\/uploads\/2022\/05\/Kernoel-1l.png\",\"contentUrl\":\"https:\/\/gutschwarzl.at\/wp-content\/uploads\/2022\/05\/Kernoel-1l.png\",\"width\":3792,\"height\":5699,\"caption\":\"Echtes Steirisches Kern\u00f6l hergestellt in der S\u00fcdsteiermark.\"},{\"@type\":\"BreadcrumbList\",\"@id\":\"https:\/\/gutschwarzl.at\/produkt\/steirisches-kernoel\/#breadcrumb\",\"itemListElement\":[{\"@type\":\"ListItem\",\"position\":1,\"name\":\"Startseite\",\"item\":\"https:\/\/gutschwarzl.at\/\"},{\"@type\":\"ListItem\",\"position\":2,\"name\":\"Shop\",\"item\":\"https:\/\/gutschwarzl.at\/shop\/\"},{\"@type\":\"ListItem\",\"position\":3,\"name\":\"Steirisches Kern\u00f6l\"}]},{\"@type\":\"WebSite\",\"@id\":\"https:\/\/gutschwarzl.at\/#website\",\"url\":\"https:\/\/gutschwarzl.at\/\",\"name\":\"Gut Schwarzl\",\"description\":\"Wo der Wein daheim ist\",\"publisher\":{\"@id\":\"https:\/\/gutschwarzl.at\/#organization\"},\"potentialAction\":[{\"@type\":\"SearchAction\",\"target\":{\"@type\":\"EntryPoint\",\"urlTemplate\":\"https:\/\/gutschwarzl.at\/?s={search_term_string}\"},\"query-input\":\"required name=search_term_string\"}],\"inLanguage\":\"en-US\"},{\"@type\":\"Organization\",\"@id\":\"https:\/\/gutschwarzl.at\/#organization\",\"name\":\"Gut Schwarzl\",\"url\":\"https:\/\/gutschwarzl.at\/\",\"logo\":{\"@type\":\"ImageObject\",\"inLanguage\":\"en-US\",\"@id\":\"https:\/\/gutschwarzl.at\/#\/schema\/logo\/image\/\",\"url\":\"https:\/\/gutschwarzl.at\/wp-content\/uploads\/2022\/04\/Logo-Gut-Schwarzl.svg\",\"contentUrl\":\"https:\/\/gutschwarzl.at\/wp-content\/uploads\/2022\/04\/Logo-Gut-Schwarzl.svg\",\"width\":217,\"height\":217,\"caption\":\"Gut Schwarzl\"},\"image\":{\"@id\":\"https:\/\/gutschwarzl.at\/#\/schema\/logo\/image\/\"}}]}<\/script>\n<!-- \/ Yoast SEO plugin. -->","yoast_head_json":{"title":"Steirisches Kern\u00f6l | Gut Schwarzl | S\u00fcdsteiermark","description":"100 % echtes Steirisches Kern\u00f6l, handgepresst in der S\u00fcdsteiermark. Perfekt f\u00fcr Salate, Cremesuppen und auch aufs Vanilleeis.","robots":{"index":"index","follow":"follow","max-snippet":"max-snippet:-1","max-image-preview":"max-image-preview:large","max-video-preview":"max-video-preview:-1"},"canonical":"https:\/\/gutschwarzl.at\/en\/product\/steirisches-kernoel\/","og_locale":"en_US","og_type":"article","og_title":"Steirisches Kern\u00f6l | Gut Schwarzl | S\u00fcdsteiermark","og_description":"100 % echtes Steirisches Kern\u00f6l, handgepresst in der S\u00fcdsteiermark. Perfekt f\u00fcr Salate, Cremesuppen und auch aufs Vanilleeis.","og_url":"https:\/\/gutschwarzl.at\/en\/product\/steirisches-kernoel\/","og_site_name":"Gut Schwarzl","article_modified_time":"2025-12-10T06:48:23+00:00","og_image":[{"width":681,"height":1024,"url":"https:\/\/gutschwarzl.at\/wp-content\/uploads\/2022\/05\/Kernoel-1l-681x1024.png","type":"image\/png"}],"twitter_card":"summary_large_image","twitter_misc":{"Est. reading time":"1 minute"},"schema":{"@context":"https:\/\/schema.org","@graph":[{"@type":"WebPage","@id":"https:\/\/gutschwarzl.at\/produkt\/steirisches-kernoel\/","url":"https:\/\/gutschwarzl.at\/produkt\/steirisches-kernoel\/","name":"Steirisches Kern\u00f6l | Gut Schwarzl | S\u00fcdsteiermark","isPartOf":{"@id":"https:\/\/gutschwarzl.at\/#website"},"primaryImageOfPage":{"@id":"https:\/\/gutschwarzl.at\/produkt\/steirisches-kernoel\/#primaryimage"},"image":{"@id":"https:\/\/gutschwarzl.at\/produkt\/steirisches-kernoel\/#primaryimage"},"thumbnailUrl":"https:\/\/gutschwarzl.at\/wp-content\/uploads\/2022\/05\/Kernoel-1l.png","datePublished":"2022-05-17T14:52:11+00:00","dateModified":"2025-12-10T06:48:23+00:00","description":"100 % echtes Steirisches Kern\u00f6l, handgepresst in der S\u00fcdsteiermark. Perfekt f\u00fcr Salate, Cremesuppen und auch aufs Vanilleeis.","breadcrumb":{"@id":"https:\/\/gutschwarzl.at\/produkt\/steirisches-kernoel\/#breadcrumb"},"inLanguage":"en-US","potentialAction":[{"@type":"ReadAction","target":["https:\/\/gutschwarzl.at\/produkt\/steirisches-kernoel\/"]}]},{"@type":"ImageObject","inLanguage":"en-US","@id":"https:\/\/gutschwarzl.at\/produkt\/steirisches-kernoel\/#primaryimage","url":"https:\/\/gutschwarzl.at\/wp-content\/uploads\/2022\/05\/Kernoel-1l.png","contentUrl":"https:\/\/gutschwarzl.at\/wp-content\/uploads\/2022\/05\/Kernoel-1l.png","width":3792,"height":5699,"caption":"Echtes Steirisches Kern\u00f6l hergestellt in der S\u00fcdsteiermark."},{"@type":"BreadcrumbList","@id":"https:\/\/gutschwarzl.at\/produkt\/steirisches-kernoel\/#breadcrumb","itemListElement":[{"@type":"ListItem","position":1,"name":"Startseite","item":"https:\/\/gutschwarzl.at\/"},{"@type":"ListItem","position":2,"name":"Shop","item":"https:\/\/gutschwarzl.at\/shop\/"},{"@type":"ListItem","position":3,"name":"Steirisches Kern\u00f6l"}]},{"@type":"WebSite","@id":"https:\/\/gutschwarzl.at\/#website","url":"https:\/\/gutschwarzl.at\/","name":"Gut Schwarzl","description":"Wo der Wein daheim ist","publisher":{"@id":"https:\/\/gutschwarzl.at\/#organization"},"potentialAction":[{"@type":"SearchAction","target":{"@type":"EntryPoint","urlTemplate":"https:\/\/gutschwarzl.at\/?s={search_term_string}"},"query-input":"required name=search_term_string"}],"inLanguage":"en-US"},{"@type":"Organization","@id":"https:\/\/gutschwarzl.at\/#organization","name":"Gut Schwarzl","url":"https:\/\/gutschwarzl.at\/","logo":{"@type":"ImageObject","inLanguage":"en-US","@id":"https:\/\/gutschwarzl.at\/#\/schema\/logo\/image\/","url":"https:\/\/gutschwarzl.at\/wp-content\/uploads\/2022\/04\/Logo-Gut-Schwarzl.svg","contentUrl":"https:\/\/gutschwarzl.at\/wp-content\/uploads\/2022\/04\/Logo-Gut-Schwarzl.svg","width":217,"height":217,"caption":"Gut Schwarzl"},"image":{"@id":"https:\/\/gutschwarzl.at\/#\/schema\/logo\/image\/"}}]}},"jetpack_sharing_enabled":true,"_links":{"self":[{"href":"https:\/\/gutschwarzl.at\/en\/wp-json\/wp\/v2\/product\/3213","targetHints":{"allow":["GET"]}}],"collection":[{"href":"https:\/\/gutschwarzl.at\/en\/wp-json\/wp\/v2\/product"}],"about":[{"href":"https:\/\/gutschwarzl.at\/en\/wp-json\/wp\/v2\/types\/product"}],"replies":[{"embeddable":true,"href":"https:\/\/gutschwarzl.at\/en\/wp-json\/wp\/v2\/comments?post=3213"}],"wp:featuredmedia":[{"embeddable":true,"href":"https:\/\/gutschwarzl.at\/en\/wp-json\/wp\/v2\/media\/3891"}],"wp:attachment":[{"href":"https:\/\/gutschwarzl.at\/en\/wp-json\/wp\/v2\/media?parent=3213"}],"wp:term":[{"taxonomy":"product_brand","embeddable":true,"href":"https:\/\/gutschwarzl.at\/en\/wp-json\/wp\/v2\/product_brand?post=3213"},{"taxonomy":"product_cat","embeddable":true,"href":"https:\/\/gutschwarzl.at\/en\/wp-json\/wp\/v2\/product_cat?post=3213"},{"taxonomy":"product_tag","embeddable":true,"href":"https:\/\/gutschwarzl.at\/en\/wp-json\/wp\/v2\/product_tag?post=3213"}],"curies":[{"name":"wp","href":"https:\/\/api.w.org\/{rel}","templated":true}]}}