{"id":22151,"date":"2026-02-02T13:07:58","date_gmt":"2026-02-02T12:07:58","guid":{"rendered":"https:\/\/gutschwarzl.at\/?post_type=product&#038;p=22151"},"modified":"2026-02-02T13:07:58","modified_gmt":"2026-02-02T12:07:58","slug":"marillen-chutney","status":"publish","type":"product","link":"https:\/\/gutschwarzl.at\/en\/product\/marillen-chutney\/","title":{"rendered":"Apricot chutney"},"content":{"rendered":"<h2 data-start=\"187\" data-end=\"262\"><strong data-start=\"190\" data-end=\"262\">Marillen Chutney \u2013 fruchtig-w\u00fcrzige Verf\u00fchrung aus der S\u00fcdsteiermark<\/strong><\/h2>\n<p data-start=\"264\" data-end=\"464\">Unser hausgemachtes <strong data-start=\"284\" data-end=\"304\">Apricot chutney<\/strong> vereint sonnengereifte Marillen mit fein abgestimmten Gew\u00fcrzen und einem Hauch Exotik \u2013 handger\u00fchrt von Katharina Schwarzl mit viel Liebe in der S\u00fcdsteiermark.<\/p>\n<p data-start=\"466\" data-end=\"766\">Mit einer harmonischen Kombination aus <strong data-start=\"505\" data-end=\"517\">Marillen<\/strong>, <strong data-start=\"519\" data-end=\"534\">Birnenessig<\/strong> (ENTH\u00c4LT SULFITE), <strong data-start=\"554\" data-end=\"566\">Zwiebeln<\/strong>, <strong data-start=\"568\" data-end=\"578\">Zucker<\/strong>, <strong data-start=\"580\" data-end=\"603\">roten Pfefferbeeren<\/strong>, <strong data-start=\"605\" data-end=\"637\">langem und schwarzem Pfeffer<\/strong>, feinem <strong data-start=\"646\" data-end=\"662\">Ingwerpulver<\/strong> und einer Prise <strong data-start=\"679\" data-end=\"687\">Salt<\/strong> entsteht ein Chutney, das nicht nur den Gaumen, sondern auch das Herz erw\u00e4rmt.<\/p>\n<h3 data-start=\"768\" data-end=\"816\"><strong data-start=\"772\" data-end=\"816\">Perfekt f\u00fcr K\u00e4seliebhaber &amp; Grillfreunde<\/strong><\/h3>\n<p data-start=\"817\" data-end=\"1173\">Ob als fruchtige Begleitung zu kr\u00e4ftigem Hartk\u00e4se oder feinem Weichk\u00e4se \u2013 unser Marillen Chutney verleiht jeder K\u00e4seplatte das gewisse Etwas. Auch beim <strong data-start=\"969\" data-end=\"980\">Grillen<\/strong> macht es eine hervorragende Figur: zum <strong data-start=\"1020\" data-end=\"1058\">Marinieren von Fleisch oder Gem\u00fcse<\/strong> eignet sich das Chutney ideal und sorgt f\u00fcr eine spannende Geschmackstiefe mit feiner S\u00fc\u00dfe und angenehmer Sch\u00e4rfe.<\/p>\n<h3 data-start=\"1175\" data-end=\"1214\"><strong data-start=\"1179\" data-end=\"1214\">Besonderheiten auf einen Blick:<\/strong><\/h3>\n<ul data-start=\"1215\" data-end=\"1397\">\n<li data-start=\"1215\" data-end=\"1261\">\n<p data-start=\"1217\" data-end=\"1261\">Handgemacht mit Liebe in der S\u00fcdsteiermark<\/p>\n<\/li>\n<li data-start=\"1262\" data-end=\"1305\">\n<p data-start=\"1264\" data-end=\"1305\">Fruchtig-pikant &amp; vielseitig einsetzbar<\/p>\n<\/li>\n<li data-start=\"1306\" data-end=\"1338\">\n<p data-start=\"1308\" data-end=\"1338\">Ohne k\u00fcnstliche Zusatzstoffe<\/p>\n<\/li>\n<li data-start=\"1339\" data-end=\"1374\">\n<p data-start=\"1341\" data-end=\"1374\">Ideal zu K\u00e4se, Fleisch &amp; Gem\u00fcse<\/p>\n<\/li>\n<li data-start=\"1375\" data-end=\"1397\">\n<p data-start=\"1377\" data-end=\"1397\">Glutenfrei &amp; vegan<\/p>\n<\/li>\n<\/ul>","protected":false},"excerpt":{"rendered":"<p>Marillen Chutney \u2013 fruchtig-w\u00fcrzige Verf\u00fchrung aus der S\u00fcdsteiermark Unser hausgemachtes Marillen Chutney vereint sonnengereifte Marillen mit fein abgestimmten Gew\u00fcrzen und einem Hauch Exotik \u2013 handger\u00fchrt von Katharina Schwarzl mit viel Liebe in der S\u00fcdsteiermark. Mit einer harmonischen Kombination aus Marillen, Birnenessig (ENTH\u00c4LT SULFITE), Zwiebeln, Zucker, roten Pfefferbeeren, langem und schwarzem Pfeffer, feinem Ingwerpulver und einer [&hellip;]<\/p>","protected":false},"featured_media":21498,"comment_status":"open","ping_status":"closed","template":"","meta":[],"product_brand":[],"product_cat":[40,124],"product_tag":[],"class_list":{"0":"post-22151","1":"product","2":"type-product","3":"status-publish","4":"has-post-thumbnail","6":"product_cat-delikatessen","7":"product_cat-chutney-eingelegtes","9":"first","10":"instock","11":"taxable","12":"shipping-taxable","13":"purchasable","14":"product-type-simple"},"yoast_head":"<!-- This site is optimized with the Yoast SEO plugin v23.2 - https:\/\/yoast.com\/wordpress\/plugins\/seo\/ -->\n<title>Marillen Chutney - Gut Schwarzl<\/title>\n<meta name=\"description\" content=\"Fruchtig-scharfes Marillen Chutney aus eigener Herstellung: perfekt zu K\u00e4se, Fleisch &amp; Gem\u00fcse. Handgemacht in der S\u00fcdsteiermark \u2013 ohne k\u00fcnstliche Zus\u00e4tze.\" \/>\n<meta name=\"robots\" content=\"index, follow, max-snippet:-1, max-image-preview:large, max-video-preview:-1\" \/>\n<link rel=\"canonical\" href=\"https:\/\/gutschwarzl.at\/en\/product\/marillen-chutney\/\" \/>\n<meta property=\"og:locale\" content=\"en_US\" \/>\n<meta property=\"og:type\" content=\"article\" \/>\n<meta property=\"og:title\" content=\"Marillen Chutney - Gut Schwarzl\" \/>\n<meta property=\"og:description\" content=\"Fruchtig-scharfes Marillen Chutney aus eigener Herstellung: perfekt zu K\u00e4se, Fleisch &amp; Gem\u00fcse. Handgemacht in der S\u00fcdsteiermark \u2013 ohne k\u00fcnstliche Zus\u00e4tze.\" \/>\n<meta property=\"og:url\" content=\"https:\/\/gutschwarzl.at\/en\/product\/marillen-chutney\/\" \/>\n<meta property=\"og:site_name\" content=\"Gut Schwarzl\" \/>\n<meta property=\"og:image\" content=\"https:\/\/gutschwarzl.at\/wp-content\/uploads\/2024\/08\/Brand_Images_e.U._20241027_24000233_00941.png\" \/>\n\t<meta property=\"og:image:width\" content=\"2000\" \/>\n\t<meta property=\"og:image:height\" content=\"1331\" \/>\n\t<meta property=\"og:image:type\" content=\"image\/png\" \/>\n<meta name=\"twitter:card\" content=\"summary_large_image\" \/>\n<meta name=\"twitter:label1\" content=\"Est. reading time\" \/>\n\t<meta name=\"twitter:data1\" content=\"2 minutes\" \/>\n<script type=\"application\/ld+json\" class=\"yoast-schema-graph\">{\"@context\":\"https:\/\/schema.org\",\"@graph\":[{\"@type\":\"WebPage\",\"@id\":\"https:\/\/gutschwarzl.at\/produkt\/marillen-chutney\/\",\"url\":\"https:\/\/gutschwarzl.at\/produkt\/marillen-chutney\/\",\"name\":\"Marillen Chutney - Gut Schwarzl\",\"isPartOf\":{\"@id\":\"https:\/\/gutschwarzl.at\/#website\"},\"primaryImageOfPage\":{\"@id\":\"https:\/\/gutschwarzl.at\/produkt\/marillen-chutney\/#primaryimage\"},\"image\":{\"@id\":\"https:\/\/gutschwarzl.at\/produkt\/marillen-chutney\/#primaryimage\"},\"thumbnailUrl\":\"https:\/\/gutschwarzl.at\/wp-content\/uploads\/2024\/08\/Brand_Images_e.U._20241027_24000233_00941.png\",\"datePublished\":\"2026-02-02T12:07:58+00:00\",\"dateModified\":\"2026-02-02T12:07:58+00:00\",\"description\":\"Fruchtig-scharfes Marillen Chutney aus eigener Herstellung: perfekt zu K\u00e4se, Fleisch & Gem\u00fcse. Handgemacht in der S\u00fcdsteiermark \u2013 ohne k\u00fcnstliche Zus\u00e4tze.\",\"breadcrumb\":{\"@id\":\"https:\/\/gutschwarzl.at\/produkt\/marillen-chutney\/#breadcrumb\"},\"inLanguage\":\"en-US\",\"potentialAction\":[{\"@type\":\"ReadAction\",\"target\":[\"https:\/\/gutschwarzl.at\/produkt\/marillen-chutney\/\"]}]},{\"@type\":\"ImageObject\",\"inLanguage\":\"en-US\",\"@id\":\"https:\/\/gutschwarzl.at\/produkt\/marillen-chutney\/#primaryimage\",\"url\":\"https:\/\/gutschwarzl.at\/wp-content\/uploads\/2024\/08\/Brand_Images_e.U._20241027_24000233_00941.png\",\"contentUrl\":\"https:\/\/gutschwarzl.at\/wp-content\/uploads\/2024\/08\/Brand_Images_e.U._20241027_24000233_00941.png\",\"width\":2000,\"height\":1331,\"caption\":\"Foto @brandimages\"},{\"@type\":\"BreadcrumbList\",\"@id\":\"https:\/\/gutschwarzl.at\/produkt\/marillen-chutney\/#breadcrumb\",\"itemListElement\":[{\"@type\":\"ListItem\",\"position\":1,\"name\":\"Startseite\",\"item\":\"https:\/\/gutschwarzl.at\/\"},{\"@type\":\"ListItem\",\"position\":2,\"name\":\"Shop\",\"item\":\"https:\/\/gutschwarzl.at\/shop\/\"},{\"@type\":\"ListItem\",\"position\":3,\"name\":\"Marillen Chutney\"}]},{\"@type\":\"WebSite\",\"@id\":\"https:\/\/gutschwarzl.at\/#website\",\"url\":\"https:\/\/gutschwarzl.at\/\",\"name\":\"Gut Schwarzl\",\"description\":\"Wo der Wein daheim ist\",\"publisher\":{\"@id\":\"https:\/\/gutschwarzl.at\/#organization\"},\"potentialAction\":[{\"@type\":\"SearchAction\",\"target\":{\"@type\":\"EntryPoint\",\"urlTemplate\":\"https:\/\/gutschwarzl.at\/?s={search_term_string}\"},\"query-input\":\"required name=search_term_string\"}],\"inLanguage\":\"en-US\"},{\"@type\":\"Organization\",\"@id\":\"https:\/\/gutschwarzl.at\/#organization\",\"name\":\"Gut Schwarzl\",\"url\":\"https:\/\/gutschwarzl.at\/\",\"logo\":{\"@type\":\"ImageObject\",\"inLanguage\":\"en-US\",\"@id\":\"https:\/\/gutschwarzl.at\/#\/schema\/logo\/image\/\",\"url\":\"https:\/\/gutschwarzl.at\/wp-content\/uploads\/2022\/04\/Logo-Gut-Schwarzl.svg\",\"contentUrl\":\"https:\/\/gutschwarzl.at\/wp-content\/uploads\/2022\/04\/Logo-Gut-Schwarzl.svg\",\"width\":217,\"height\":217,\"caption\":\"Gut Schwarzl\"},\"image\":{\"@id\":\"https:\/\/gutschwarzl.at\/#\/schema\/logo\/image\/\"}}]}<\/script>\n<!-- \/ Yoast SEO plugin. -->","yoast_head_json":{"title":"Marillen Chutney - Gut Schwarzl","description":"Fruchtig-scharfes Marillen Chutney aus eigener Herstellung: perfekt zu K\u00e4se, Fleisch & Gem\u00fcse. Handgemacht in der S\u00fcdsteiermark \u2013 ohne k\u00fcnstliche Zus\u00e4tze.","robots":{"index":"index","follow":"follow","max-snippet":"max-snippet:-1","max-image-preview":"max-image-preview:large","max-video-preview":"max-video-preview:-1"},"canonical":"https:\/\/gutschwarzl.at\/en\/product\/marillen-chutney\/","og_locale":"en_US","og_type":"article","og_title":"Marillen Chutney - Gut Schwarzl","og_description":"Fruchtig-scharfes Marillen Chutney aus eigener Herstellung: perfekt zu K\u00e4se, Fleisch & Gem\u00fcse. Handgemacht in der S\u00fcdsteiermark \u2013 ohne k\u00fcnstliche Zus\u00e4tze.","og_url":"https:\/\/gutschwarzl.at\/en\/product\/marillen-chutney\/","og_site_name":"Gut Schwarzl","og_image":[{"width":2000,"height":1331,"url":"https:\/\/gutschwarzl.at\/wp-content\/uploads\/2024\/08\/Brand_Images_e.U._20241027_24000233_00941.png","type":"image\/png"}],"twitter_card":"summary_large_image","twitter_misc":{"Est. reading time":"2 minutes"},"schema":{"@context":"https:\/\/schema.org","@graph":[{"@type":"WebPage","@id":"https:\/\/gutschwarzl.at\/produkt\/marillen-chutney\/","url":"https:\/\/gutschwarzl.at\/produkt\/marillen-chutney\/","name":"Marillen Chutney - Gut Schwarzl","isPartOf":{"@id":"https:\/\/gutschwarzl.at\/#website"},"primaryImageOfPage":{"@id":"https:\/\/gutschwarzl.at\/produkt\/marillen-chutney\/#primaryimage"},"image":{"@id":"https:\/\/gutschwarzl.at\/produkt\/marillen-chutney\/#primaryimage"},"thumbnailUrl":"https:\/\/gutschwarzl.at\/wp-content\/uploads\/2024\/08\/Brand_Images_e.U._20241027_24000233_00941.png","datePublished":"2026-02-02T12:07:58+00:00","dateModified":"2026-02-02T12:07:58+00:00","description":"Fruchtig-scharfes Marillen Chutney aus eigener Herstellung: perfekt zu K\u00e4se, Fleisch & Gem\u00fcse. Handgemacht in der S\u00fcdsteiermark \u2013 ohne k\u00fcnstliche Zus\u00e4tze.","breadcrumb":{"@id":"https:\/\/gutschwarzl.at\/produkt\/marillen-chutney\/#breadcrumb"},"inLanguage":"en-US","potentialAction":[{"@type":"ReadAction","target":["https:\/\/gutschwarzl.at\/produkt\/marillen-chutney\/"]}]},{"@type":"ImageObject","inLanguage":"en-US","@id":"https:\/\/gutschwarzl.at\/produkt\/marillen-chutney\/#primaryimage","url":"https:\/\/gutschwarzl.at\/wp-content\/uploads\/2024\/08\/Brand_Images_e.U._20241027_24000233_00941.png","contentUrl":"https:\/\/gutschwarzl.at\/wp-content\/uploads\/2024\/08\/Brand_Images_e.U._20241027_24000233_00941.png","width":2000,"height":1331,"caption":"Foto @brandimages"},{"@type":"BreadcrumbList","@id":"https:\/\/gutschwarzl.at\/produkt\/marillen-chutney\/#breadcrumb","itemListElement":[{"@type":"ListItem","position":1,"name":"Startseite","item":"https:\/\/gutschwarzl.at\/"},{"@type":"ListItem","position":2,"name":"Shop","item":"https:\/\/gutschwarzl.at\/shop\/"},{"@type":"ListItem","position":3,"name":"Marillen Chutney"}]},{"@type":"WebSite","@id":"https:\/\/gutschwarzl.at\/#website","url":"https:\/\/gutschwarzl.at\/","name":"Gut Schwarzl","description":"Wo der Wein daheim ist","publisher":{"@id":"https:\/\/gutschwarzl.at\/#organization"},"potentialAction":[{"@type":"SearchAction","target":{"@type":"EntryPoint","urlTemplate":"https:\/\/gutschwarzl.at\/?s={search_term_string}"},"query-input":"required name=search_term_string"}],"inLanguage":"en-US"},{"@type":"Organization","@id":"https:\/\/gutschwarzl.at\/#organization","name":"Gut Schwarzl","url":"https:\/\/gutschwarzl.at\/","logo":{"@type":"ImageObject","inLanguage":"en-US","@id":"https:\/\/gutschwarzl.at\/#\/schema\/logo\/image\/","url":"https:\/\/gutschwarzl.at\/wp-content\/uploads\/2022\/04\/Logo-Gut-Schwarzl.svg","contentUrl":"https:\/\/gutschwarzl.at\/wp-content\/uploads\/2022\/04\/Logo-Gut-Schwarzl.svg","width":217,"height":217,"caption":"Gut Schwarzl"},"image":{"@id":"https:\/\/gutschwarzl.at\/#\/schema\/logo\/image\/"}}]}},"jetpack_sharing_enabled":true,"_links":{"self":[{"href":"https:\/\/gutschwarzl.at\/en\/wp-json\/wp\/v2\/product\/22151","targetHints":{"allow":["GET"]}}],"collection":[{"href":"https:\/\/gutschwarzl.at\/en\/wp-json\/wp\/v2\/product"}],"about":[{"href":"https:\/\/gutschwarzl.at\/en\/wp-json\/wp\/v2\/types\/product"}],"replies":[{"embeddable":true,"href":"https:\/\/gutschwarzl.at\/en\/wp-json\/wp\/v2\/comments?post=22151"}],"wp:featuredmedia":[{"embeddable":true,"href":"https:\/\/gutschwarzl.at\/en\/wp-json\/wp\/v2\/media\/21498"}],"wp:attachment":[{"href":"https:\/\/gutschwarzl.at\/en\/wp-json\/wp\/v2\/media?parent=22151"}],"wp:term":[{"taxonomy":"product_brand","embeddable":true,"href":"https:\/\/gutschwarzl.at\/en\/wp-json\/wp\/v2\/product_brand?post=22151"},{"taxonomy":"product_cat","embeddable":true,"href":"https:\/\/gutschwarzl.at\/en\/wp-json\/wp\/v2\/product_cat?post=22151"},{"taxonomy":"product_tag","embeddable":true,"href":"https:\/\/gutschwarzl.at\/en\/wp-json\/wp\/v2\/product_tag?post=22151"}],"curies":[{"name":"wp","href":"https:\/\/api.w.org\/{rel}","templated":true}]}}