{"id":22114,"date":"2026-01-20T16:27:21","date_gmt":"2026-01-20T15:27:21","guid":{"rendered":"https:\/\/gutschwarzl.at\/?post_type=product&#038;p=22114"},"modified":"2026-02-10T15:29:33","modified_gmt":"2026-02-10T14:29:33","slug":"gelber-muskateller-s-2025","status":"publish","type":"product","link":"https:\/\/gutschwarzl.at\/en\/product\/gelber-muskateller-s-2025\/","title":{"rendered":"Gelber Muskateller &#8222;S&#8220; 2025"},"content":{"rendered":"<h3 data-start=\"361\" data-end=\"437\"><strong data-start=\"365\" data-end=\"437\"><a href=\"https:\/\/elabel.steiermark.wine\/naehrwerttabelle\/details\/15799\">Gelber Muskateller \u201eS\u201c<\/a> 2025 \u2013 Feinfruchtig. Charmant. S\u00fcdsteiermark.<\/strong><\/h3>\n<p data-start=\"439\" data-end=\"489\"><strong data-start=\"439\" data-end=\"489\">Jetzt vorbestellen \u2013 Auslieferung ab M\u00e4rz 2025<\/strong><\/p>\n<p data-start=\"491\" data-end=\"944\">Unser <strong data-start=\"497\" data-end=\"528\">Gelber Muskateller \u201eS\u201c 2025<\/strong> steht f\u00fcr einen besonderen Stil im Muskateller-Spektrum: <strong data-start=\"586\" data-end=\"620\">feinfruchtig mit mehr Rests\u00fc\u00dfe<\/strong>, aber keineswegs schwer. Das fein abgestimmte Verh\u00e4ltnis von <strong data-start=\"682\" data-end=\"702\">S\u00e4ure und Zucker<\/strong> sorgt f\u00fcr eine <strong data-start=\"718\" data-end=\"741\">harmonische Balance<\/strong>, die diesen Wein <strong data-start=\"759\" data-end=\"789\">leicht, duftig und elegant<\/strong> erscheinen l\u00e4sst \u2013 <strong data-start=\"809\" data-end=\"850\">ein charmanter Vertreter seiner Sorte<\/strong>, der besonders zu <strong data-start=\"869\" data-end=\"927\">Weichk\u00e4se, fruchtigen Desserts oder auch solo genossen<\/strong> wunderbar passt.<\/p>\n<p data-start=\"946\" data-end=\"974\"><strong data-start=\"949\" data-end=\"972\">Aromen &amp; Charakter:<\/strong><\/p>\n<ul data-start=\"975\" data-end=\"1216\">\n<li data-start=\"975\" data-end=\"1048\">\n<p data-start=\"977\" data-end=\"1048\">Typischer Muskateller-Duft nach Holunderbl\u00fcten, Traubenzucker, Zitrus<\/p>\n<\/li>\n<li data-start=\"1049\" data-end=\"1099\">\n<p data-start=\"1051\" data-end=\"1099\">Etwas mehr Rests\u00fc\u00dfe, aber wunderbar ausgewogen<\/p>\n<\/li>\n<li data-start=\"1100\" data-end=\"1151\">\n<p data-start=\"1102\" data-end=\"1151\">Fruchtig, charmant und mit elegantem Trinkfluss<\/p>\n<\/li>\n<li data-start=\"1152\" data-end=\"1216\">\n<p data-start=\"1154\" data-end=\"1216\">Mild, weich und sehr zug\u00e4nglich \u2013 ohne an Frische zu verlieren<\/p>\n<\/li>\n<\/ul>\n<p data-start=\"1218\" data-end=\"1391\"><strong data-start=\"1221\" data-end=\"1247\">Passt hervorragend zu:<\/strong><br data-start=\"1247\" data-end=\"1250\" \/>Weichk\u00e4se, Blauschimmel, reifem Camembert, K\u00e4seplatten mit Fruchtbegleitung oder auch zu asiatisch inspirierten Speisen mit leichter Sch\u00e4rfe.<\/p>","protected":false},"excerpt":{"rendered":"<p>SOUTH STYRIA DAC<\/p>","protected":false},"featured_media":22115,"comment_status":"open","ping_status":"closed","template":"","meta":[],"product_brand":[],"product_cat":[37,117],"product_tag":[],"class_list":{"0":"post-22114","1":"product","2":"type-product","3":"status-publish","4":"has-post-thumbnail","6":"product_cat-wein","7":"product_cat-weiss","9":"first","10":"instock","11":"taxable","12":"shipping-taxable","13":"purchasable","14":"product-type-simple"},"yoast_head":"<!-- This site is optimized with the Yoast SEO plugin v23.2 - https:\/\/yoast.com\/wordpress\/plugins\/seo\/ -->\n<title>Gelber Muskateller S 2025 vom Weingut Schwarzl<\/title>\n<meta name=\"description\" content=\"Gelber Muskateller \u201eS\u201c 2025 vom Weingut Schwarzl: fruchtig, leicht s\u00fc\u00df &amp; harmonisch. Perfekt zu K\u00e4se. Jetzt online vorbestellen \u2013 ab M\u00e4rz lieferbar!\" \/>\n<meta name=\"robots\" content=\"index, follow, max-snippet:-1, max-image-preview:large, max-video-preview:-1\" \/>\n<link rel=\"canonical\" href=\"https:\/\/gutschwarzl.at\/en\/product\/gelber-muskateller-s-2025\/\" \/>\n<meta property=\"og:locale\" content=\"en_US\" \/>\n<meta property=\"og:type\" content=\"article\" \/>\n<meta property=\"og:title\" content=\"Gelber Muskateller S 2025 vom Weingut Schwarzl\" \/>\n<meta property=\"og:description\" content=\"Gelber Muskateller \u201eS\u201c 2025 vom Weingut Schwarzl: fruchtig, leicht s\u00fc\u00df &amp; harmonisch. Perfekt zu K\u00e4se. Jetzt online vorbestellen \u2013 ab M\u00e4rz lieferbar!\" \/>\n<meta property=\"og:url\" content=\"https:\/\/gutschwarzl.at\/en\/product\/gelber-muskateller-s-2025\/\" \/>\n<meta property=\"og:site_name\" content=\"Gut Schwarzl\" \/>\n<meta property=\"article:modified_time\" content=\"2026-02-10T14:29:33+00:00\" \/>\n<meta property=\"og:image\" content=\"https:\/\/gutschwarzl.at\/wp-content\/uploads\/2026\/01\/GM-S.jpg\" \/>\n\t<meta property=\"og:image:width\" content=\"591\" \/>\n\t<meta property=\"og:image:height\" content=\"1748\" \/>\n\t<meta property=\"og:image:type\" content=\"image\/jpeg\" \/>\n<meta name=\"twitter:card\" content=\"summary_large_image\" \/>\n<meta name=\"twitter:label1\" content=\"Est. reading time\" \/>\n\t<meta name=\"twitter:data1\" content=\"1 minute\" \/>\n<script type=\"application\/ld+json\" class=\"yoast-schema-graph\">{\"@context\":\"https:\/\/schema.org\",\"@graph\":[{\"@type\":\"WebPage\",\"@id\":\"https:\/\/gutschwarzl.at\/produkt\/gelber-muskateller-s-2025\/\",\"url\":\"https:\/\/gutschwarzl.at\/produkt\/gelber-muskateller-s-2025\/\",\"name\":\"Gelber Muskateller S 2025 vom Weingut Schwarzl\",\"isPartOf\":{\"@id\":\"https:\/\/gutschwarzl.at\/#website\"},\"primaryImageOfPage\":{\"@id\":\"https:\/\/gutschwarzl.at\/produkt\/gelber-muskateller-s-2025\/#primaryimage\"},\"image\":{\"@id\":\"https:\/\/gutschwarzl.at\/produkt\/gelber-muskateller-s-2025\/#primaryimage\"},\"thumbnailUrl\":\"https:\/\/gutschwarzl.at\/wp-content\/uploads\/2026\/01\/GM-S.jpg\",\"datePublished\":\"2026-01-20T15:27:21+00:00\",\"dateModified\":\"2026-02-10T14:29:33+00:00\",\"description\":\"Gelber Muskateller \u201eS\u201c 2025 vom Weingut Schwarzl: fruchtig, leicht s\u00fc\u00df & harmonisch. Perfekt zu K\u00e4se. Jetzt online vorbestellen \u2013 ab M\u00e4rz lieferbar!\",\"breadcrumb\":{\"@id\":\"https:\/\/gutschwarzl.at\/produkt\/gelber-muskateller-s-2025\/#breadcrumb\"},\"inLanguage\":\"en-US\",\"potentialAction\":[{\"@type\":\"ReadAction\",\"target\":[\"https:\/\/gutschwarzl.at\/produkt\/gelber-muskateller-s-2025\/\"]}]},{\"@type\":\"ImageObject\",\"inLanguage\":\"en-US\",\"@id\":\"https:\/\/gutschwarzl.at\/produkt\/gelber-muskateller-s-2025\/#primaryimage\",\"url\":\"https:\/\/gutschwarzl.at\/wp-content\/uploads\/2026\/01\/GM-S.jpg\",\"contentUrl\":\"https:\/\/gutschwarzl.at\/wp-content\/uploads\/2026\/01\/GM-S.jpg\",\"width\":591,\"height\":1748},{\"@type\":\"BreadcrumbList\",\"@id\":\"https:\/\/gutschwarzl.at\/produkt\/gelber-muskateller-s-2025\/#breadcrumb\",\"itemListElement\":[{\"@type\":\"ListItem\",\"position\":1,\"name\":\"Startseite\",\"item\":\"https:\/\/gutschwarzl.at\/\"},{\"@type\":\"ListItem\",\"position\":2,\"name\":\"Shop\",\"item\":\"https:\/\/gutschwarzl.at\/shop\/\"},{\"@type\":\"ListItem\",\"position\":3,\"name\":\"Gelber Muskateller &#8222;S&#8220; 2025\"}]},{\"@type\":\"WebSite\",\"@id\":\"https:\/\/gutschwarzl.at\/#website\",\"url\":\"https:\/\/gutschwarzl.at\/\",\"name\":\"Gut Schwarzl\",\"description\":\"Wo der Wein daheim ist\",\"publisher\":{\"@id\":\"https:\/\/gutschwarzl.at\/#organization\"},\"potentialAction\":[{\"@type\":\"SearchAction\",\"target\":{\"@type\":\"EntryPoint\",\"urlTemplate\":\"https:\/\/gutschwarzl.at\/?s={search_term_string}\"},\"query-input\":\"required name=search_term_string\"}],\"inLanguage\":\"en-US\"},{\"@type\":\"Organization\",\"@id\":\"https:\/\/gutschwarzl.at\/#organization\",\"name\":\"Gut Schwarzl\",\"url\":\"https:\/\/gutschwarzl.at\/\",\"logo\":{\"@type\":\"ImageObject\",\"inLanguage\":\"en-US\",\"@id\":\"https:\/\/gutschwarzl.at\/#\/schema\/logo\/image\/\",\"url\":\"https:\/\/gutschwarzl.at\/wp-content\/uploads\/2022\/04\/Logo-Gut-Schwarzl.svg\",\"contentUrl\":\"https:\/\/gutschwarzl.at\/wp-content\/uploads\/2022\/04\/Logo-Gut-Schwarzl.svg\",\"width\":217,\"height\":217,\"caption\":\"Gut Schwarzl\"},\"image\":{\"@id\":\"https:\/\/gutschwarzl.at\/#\/schema\/logo\/image\/\"}}]}<\/script>\n<!-- \/ Yoast SEO plugin. -->","yoast_head_json":{"title":"Gelber Muskateller S 2025 vom Weingut Schwarzl","description":"Gelber Muskateller \u201eS\u201c 2025 vom Weingut Schwarzl: fruchtig, leicht s\u00fc\u00df & harmonisch. Perfekt zu K\u00e4se. Jetzt online vorbestellen \u2013 ab M\u00e4rz lieferbar!","robots":{"index":"index","follow":"follow","max-snippet":"max-snippet:-1","max-image-preview":"max-image-preview:large","max-video-preview":"max-video-preview:-1"},"canonical":"https:\/\/gutschwarzl.at\/en\/product\/gelber-muskateller-s-2025\/","og_locale":"en_US","og_type":"article","og_title":"Gelber Muskateller S 2025 vom Weingut Schwarzl","og_description":"Gelber Muskateller \u201eS\u201c 2025 vom Weingut Schwarzl: fruchtig, leicht s\u00fc\u00df & harmonisch. Perfekt zu K\u00e4se. Jetzt online vorbestellen \u2013 ab M\u00e4rz lieferbar!","og_url":"https:\/\/gutschwarzl.at\/en\/product\/gelber-muskateller-s-2025\/","og_site_name":"Gut Schwarzl","article_modified_time":"2026-02-10T14:29:33+00:00","og_image":[{"width":591,"height":1748,"url":"https:\/\/gutschwarzl.at\/wp-content\/uploads\/2026\/01\/GM-S.jpg","type":"image\/jpeg"}],"twitter_card":"summary_large_image","twitter_misc":{"Est. reading time":"1 minute"},"schema":{"@context":"https:\/\/schema.org","@graph":[{"@type":"WebPage","@id":"https:\/\/gutschwarzl.at\/produkt\/gelber-muskateller-s-2025\/","url":"https:\/\/gutschwarzl.at\/produkt\/gelber-muskateller-s-2025\/","name":"Gelber Muskateller S 2025 vom Weingut Schwarzl","isPartOf":{"@id":"https:\/\/gutschwarzl.at\/#website"},"primaryImageOfPage":{"@id":"https:\/\/gutschwarzl.at\/produkt\/gelber-muskateller-s-2025\/#primaryimage"},"image":{"@id":"https:\/\/gutschwarzl.at\/produkt\/gelber-muskateller-s-2025\/#primaryimage"},"thumbnailUrl":"https:\/\/gutschwarzl.at\/wp-content\/uploads\/2026\/01\/GM-S.jpg","datePublished":"2026-01-20T15:27:21+00:00","dateModified":"2026-02-10T14:29:33+00:00","description":"Gelber Muskateller \u201eS\u201c 2025 vom Weingut Schwarzl: fruchtig, leicht s\u00fc\u00df & harmonisch. Perfekt zu K\u00e4se. Jetzt online vorbestellen \u2013 ab M\u00e4rz lieferbar!","breadcrumb":{"@id":"https:\/\/gutschwarzl.at\/produkt\/gelber-muskateller-s-2025\/#breadcrumb"},"inLanguage":"en-US","potentialAction":[{"@type":"ReadAction","target":["https:\/\/gutschwarzl.at\/produkt\/gelber-muskateller-s-2025\/"]}]},{"@type":"ImageObject","inLanguage":"en-US","@id":"https:\/\/gutschwarzl.at\/produkt\/gelber-muskateller-s-2025\/#primaryimage","url":"https:\/\/gutschwarzl.at\/wp-content\/uploads\/2026\/01\/GM-S.jpg","contentUrl":"https:\/\/gutschwarzl.at\/wp-content\/uploads\/2026\/01\/GM-S.jpg","width":591,"height":1748},{"@type":"BreadcrumbList","@id":"https:\/\/gutschwarzl.at\/produkt\/gelber-muskateller-s-2025\/#breadcrumb","itemListElement":[{"@type":"ListItem","position":1,"name":"Startseite","item":"https:\/\/gutschwarzl.at\/"},{"@type":"ListItem","position":2,"name":"Shop","item":"https:\/\/gutschwarzl.at\/shop\/"},{"@type":"ListItem","position":3,"name":"Gelber Muskateller &#8222;S&#8220; 2025"}]},{"@type":"WebSite","@id":"https:\/\/gutschwarzl.at\/#website","url":"https:\/\/gutschwarzl.at\/","name":"Gut Schwarzl","description":"Wo der Wein daheim ist","publisher":{"@id":"https:\/\/gutschwarzl.at\/#organization"},"potentialAction":[{"@type":"SearchAction","target":{"@type":"EntryPoint","urlTemplate":"https:\/\/gutschwarzl.at\/?s={search_term_string}"},"query-input":"required name=search_term_string"}],"inLanguage":"en-US"},{"@type":"Organization","@id":"https:\/\/gutschwarzl.at\/#organization","name":"Gut Schwarzl","url":"https:\/\/gutschwarzl.at\/","logo":{"@type":"ImageObject","inLanguage":"en-US","@id":"https:\/\/gutschwarzl.at\/#\/schema\/logo\/image\/","url":"https:\/\/gutschwarzl.at\/wp-content\/uploads\/2022\/04\/Logo-Gut-Schwarzl.svg","contentUrl":"https:\/\/gutschwarzl.at\/wp-content\/uploads\/2022\/04\/Logo-Gut-Schwarzl.svg","width":217,"height":217,"caption":"Gut Schwarzl"},"image":{"@id":"https:\/\/gutschwarzl.at\/#\/schema\/logo\/image\/"}}]}},"jetpack_sharing_enabled":true,"_links":{"self":[{"href":"https:\/\/gutschwarzl.at\/en\/wp-json\/wp\/v2\/product\/22114","targetHints":{"allow":["GET"]}}],"collection":[{"href":"https:\/\/gutschwarzl.at\/en\/wp-json\/wp\/v2\/product"}],"about":[{"href":"https:\/\/gutschwarzl.at\/en\/wp-json\/wp\/v2\/types\/product"}],"replies":[{"embeddable":true,"href":"https:\/\/gutschwarzl.at\/en\/wp-json\/wp\/v2\/comments?post=22114"}],"wp:featuredmedia":[{"embeddable":true,"href":"https:\/\/gutschwarzl.at\/en\/wp-json\/wp\/v2\/media\/22115"}],"wp:attachment":[{"href":"https:\/\/gutschwarzl.at\/en\/wp-json\/wp\/v2\/media?parent=22114"}],"wp:term":[{"taxonomy":"product_brand","embeddable":true,"href":"https:\/\/gutschwarzl.at\/en\/wp-json\/wp\/v2\/product_brand?post=22114"},{"taxonomy":"product_cat","embeddable":true,"href":"https:\/\/gutschwarzl.at\/en\/wp-json\/wp\/v2\/product_cat?post=22114"},{"taxonomy":"product_tag","embeddable":true,"href":"https:\/\/gutschwarzl.at\/en\/wp-json\/wp\/v2\/product_tag?post=22114"}],"curies":[{"name":"wp","href":"https:\/\/api.w.org\/{rel}","templated":true}]}}