{"id":22107,"date":"2026-01-20T15:54:50","date_gmt":"2026-01-20T14:54:50","guid":{"rendered":"https:\/\/gutschwarzl.at\/?post_type=product&#038;p=22107"},"modified":"2026-03-02T09:51:33","modified_gmt":"2026-03-02T08:51:33","slug":"scheurebe-2025","status":"publish","type":"product","link":"https:\/\/gutschwarzl.at\/en\/product\/scheurebe-2025\/","title":{"rendered":"S\u00e4mling 88 (Scheurebe) 2025"},"content":{"rendered":"<h3 data-start=\"473\" data-end=\"530\"><strong data-start=\"477\" data-end=\"530\"><a href=\"https:\/\/elabel.steiermark.wine\/naehrwerttabelle\/details\/15805\">S\u00e4mling 88<\/a> \u2013 Fruchtiger S\u00fcdsteirer mit Trinkfluss<\/strong><\/h3>\n<p data-start=\"532\" data-end=\"579\"><strong data-start=\"532\" data-end=\"579\">Leicht, aromatisch &amp; unkompliziert genie\u00dfen<\/strong><\/p>\n<p data-start=\"581\" data-end=\"1024\">Der <strong data-start=\"585\" data-end=\"599\">S\u00e4mling 88<\/strong>, auch bekannt als <strong data-start=\"618\" data-end=\"631\">Scheurebe<\/strong>, z\u00e4hlt zu den untersch\u00e4tzten Juwelen der Steiermark \u2013 und ist in unserem Haus l\u00e4ngst ein <strong data-start=\"721\" data-end=\"749\">liebgewonnener Klassiker<\/strong>. In der Nase begeistert er mit <strong data-start=\"781\" data-end=\"865\">duftigen Aromen nach reifem Pfirsich, exotischen Fr\u00fcchten und einem Hauch Muskat<\/strong>, am Gaumen bleibt er <strong data-start=\"887\" data-end=\"920\">fruchtbetont, leicht und rund<\/strong>. Ein Wein f\u00fcr all jene, die das Leben nicht zu schwer nehmen \u2013 sondern lieber <strong data-start=\"999\" data-end=\"1023\">gl\u00e4serweise genie\u00dfen<\/strong>.<\/p>\n<p data-start=\"1026\" data-end=\"1052\"><strong data-start=\"1029\" data-end=\"1050\">Geschmack &amp; Stil:<\/strong><\/p>\n<ul data-start=\"1053\" data-end=\"1232\">\n<li data-start=\"1053\" data-end=\"1108\">\n<p data-start=\"1055\" data-end=\"1108\">Intensives Fruchtbukett: Pfirsich, Maracuja, Zitrus<\/p>\n<\/li>\n<li data-start=\"1109\" data-end=\"1141\">\n<p data-start=\"1111\" data-end=\"1141\">Leicht &amp; animierend im Trunk<\/p>\n<\/li>\n<li data-start=\"1142\" data-end=\"1185\">\n<p data-start=\"1144\" data-end=\"1185\">Harmonischer Abgang mit feiner Rests\u00fc\u00dfe<\/p>\n<\/li>\n<li data-start=\"1186\" data-end=\"1232\">\n<p data-start=\"1188\" data-end=\"1232\">Ideal gek\u00fchlt als unkomplizierter Genusswein<\/p>\n<\/li>\n<\/ul>\n<p data-start=\"1234\" data-end=\"1390\"><strong data-start=\"1237\" data-end=\"1252\">Perfekt zu:<\/strong><br data-start=\"1252\" data-end=\"1255\" \/>Aperitif, leichten Salaten, asiatischer K\u00fcche oder einfach solo \u2013 am besten drau\u00dfen, mit Blick auf die s\u00fcdsteirische H\u00fcgellandschaft.<\/p>\n<p data-start=\"1234\" data-end=\"1390\">\n<p>&nbsp;<\/p>\n<p>&nbsp;<\/p>\n<p data-start=\"542\" data-end=\"865\">","protected":false},"excerpt":{"rendered":"<p>S\u00e4mling 88 \u2013 Fruchtiger S\u00fcdsteirer mit Trinkfluss Leicht, aromatisch &amp; unkompliziert genie\u00dfen Der S\u00e4mling 88, auch bekannt als Scheurebe, z\u00e4hlt zu den untersch\u00e4tzten Juwelen der Steiermark \u2013 und ist in unserem Haus l\u00e4ngst ein liebgewonnener Klassiker. In der Nase begeistert er mit duftigen Aromen nach reifem Pfirsich, exotischen Fr\u00fcchten und einem Hauch Muskat, am Gaumen [&hellip;]<\/p>","protected":false},"featured_media":22108,"comment_status":"open","ping_status":"closed","template":"","meta":[],"product_brand":[],"product_cat":[37,117],"product_tag":[],"class_list":{"0":"post-22107","1":"product","2":"type-product","3":"status-publish","4":"has-post-thumbnail","6":"product_cat-wein","7":"product_cat-weiss","9":"first","10":"instock","11":"taxable","12":"shipping-taxable","13":"purchasable","14":"product-type-simple"},"yoast_head":"<!-- This site is optimized with the Yoast SEO plugin v23.2 - https:\/\/yoast.com\/wordpress\/plugins\/seo\/ -->\n<title>Scheurebe 2025 vom Weingut Schwarzl<\/title>\n<meta name=\"description\" content=\"S\u00e4mling 88 (Scheurebe) vom Weingut Schwarzl in Ehrenhausen\/Ottenberg: fruchtiger, exotischer und leichter Wei\u00dfwein. Jetzt online bestellen &amp; genie\u00dfen!\" \/>\n<meta name=\"robots\" content=\"index, follow, max-snippet:-1, max-image-preview:large, max-video-preview:-1\" \/>\n<link rel=\"canonical\" href=\"https:\/\/gutschwarzl.at\/en\/product\/scheurebe-2025\/\" \/>\n<meta property=\"og:locale\" content=\"en_US\" \/>\n<meta property=\"og:type\" content=\"article\" \/>\n<meta property=\"og:title\" content=\"Scheurebe 2025 vom Weingut Schwarzl\" \/>\n<meta property=\"og:description\" content=\"S\u00e4mling 88 (Scheurebe) vom Weingut Schwarzl in Ehrenhausen\/Ottenberg: fruchtiger, exotischer und leichter Wei\u00dfwein. Jetzt online bestellen &amp; genie\u00dfen!\" \/>\n<meta property=\"og:url\" content=\"https:\/\/gutschwarzl.at\/en\/product\/scheurebe-2025\/\" \/>\n<meta property=\"og:site_name\" content=\"Gut Schwarzl\" \/>\n<meta property=\"article:modified_time\" content=\"2026-03-02T08:51:33+00:00\" \/>\n<meta property=\"og:image\" content=\"https:\/\/gutschwarzl.at\/wp-content\/uploads\/2026\/01\/Saemling.jpg\" \/>\n\t<meta property=\"og:image:width\" content=\"591\" \/>\n\t<meta property=\"og:image:height\" content=\"1748\" \/>\n\t<meta property=\"og:image:type\" content=\"image\/jpeg\" \/>\n<meta name=\"twitter:card\" content=\"summary_large_image\" \/>\n<meta name=\"twitter:label1\" content=\"Est. reading time\" \/>\n\t<meta name=\"twitter:data1\" content=\"1 minute\" \/>\n<script type=\"application\/ld+json\" class=\"yoast-schema-graph\">{\"@context\":\"https:\/\/schema.org\",\"@graph\":[{\"@type\":\"WebPage\",\"@id\":\"https:\/\/gutschwarzl.at\/produkt\/scheurebe-2025\/\",\"url\":\"https:\/\/gutschwarzl.at\/produkt\/scheurebe-2025\/\",\"name\":\"Scheurebe 2025 vom Weingut Schwarzl\",\"isPartOf\":{\"@id\":\"https:\/\/gutschwarzl.at\/#website\"},\"primaryImageOfPage\":{\"@id\":\"https:\/\/gutschwarzl.at\/produkt\/scheurebe-2025\/#primaryimage\"},\"image\":{\"@id\":\"https:\/\/gutschwarzl.at\/produkt\/scheurebe-2025\/#primaryimage\"},\"thumbnailUrl\":\"https:\/\/gutschwarzl.at\/wp-content\/uploads\/2026\/01\/Saemling.jpg\",\"datePublished\":\"2026-01-20T14:54:50+00:00\",\"dateModified\":\"2026-03-02T08:51:33+00:00\",\"description\":\"S\u00e4mling 88 (Scheurebe) vom Weingut Schwarzl in Ehrenhausen\/Ottenberg: fruchtiger, exotischer und leichter Wei\u00dfwein. Jetzt online bestellen & genie\u00dfen!\",\"breadcrumb\":{\"@id\":\"https:\/\/gutschwarzl.at\/produkt\/scheurebe-2025\/#breadcrumb\"},\"inLanguage\":\"en-US\",\"potentialAction\":[{\"@type\":\"ReadAction\",\"target\":[\"https:\/\/gutschwarzl.at\/produkt\/scheurebe-2025\/\"]}]},{\"@type\":\"ImageObject\",\"inLanguage\":\"en-US\",\"@id\":\"https:\/\/gutschwarzl.at\/produkt\/scheurebe-2025\/#primaryimage\",\"url\":\"https:\/\/gutschwarzl.at\/wp-content\/uploads\/2026\/01\/Saemling.jpg\",\"contentUrl\":\"https:\/\/gutschwarzl.at\/wp-content\/uploads\/2026\/01\/Saemling.jpg\",\"width\":591,\"height\":1748},{\"@type\":\"BreadcrumbList\",\"@id\":\"https:\/\/gutschwarzl.at\/produkt\/scheurebe-2025\/#breadcrumb\",\"itemListElement\":[{\"@type\":\"ListItem\",\"position\":1,\"name\":\"Startseite\",\"item\":\"https:\/\/gutschwarzl.at\/\"},{\"@type\":\"ListItem\",\"position\":2,\"name\":\"Shop\",\"item\":\"https:\/\/gutschwarzl.at\/shop\/\"},{\"@type\":\"ListItem\",\"position\":3,\"name\":\"S\u00e4mling 88 (Scheurebe) 2025\"}]},{\"@type\":\"WebSite\",\"@id\":\"https:\/\/gutschwarzl.at\/#website\",\"url\":\"https:\/\/gutschwarzl.at\/\",\"name\":\"Gut Schwarzl\",\"description\":\"Wo der Wein daheim ist\",\"publisher\":{\"@id\":\"https:\/\/gutschwarzl.at\/#organization\"},\"potentialAction\":[{\"@type\":\"SearchAction\",\"target\":{\"@type\":\"EntryPoint\",\"urlTemplate\":\"https:\/\/gutschwarzl.at\/?s={search_term_string}\"},\"query-input\":\"required name=search_term_string\"}],\"inLanguage\":\"en-US\"},{\"@type\":\"Organization\",\"@id\":\"https:\/\/gutschwarzl.at\/#organization\",\"name\":\"Gut Schwarzl\",\"url\":\"https:\/\/gutschwarzl.at\/\",\"logo\":{\"@type\":\"ImageObject\",\"inLanguage\":\"en-US\",\"@id\":\"https:\/\/gutschwarzl.at\/#\/schema\/logo\/image\/\",\"url\":\"https:\/\/gutschwarzl.at\/wp-content\/uploads\/2022\/04\/Logo-Gut-Schwarzl.svg\",\"contentUrl\":\"https:\/\/gutschwarzl.at\/wp-content\/uploads\/2022\/04\/Logo-Gut-Schwarzl.svg\",\"width\":217,\"height\":217,\"caption\":\"Gut Schwarzl\"},\"image\":{\"@id\":\"https:\/\/gutschwarzl.at\/#\/schema\/logo\/image\/\"}}]}<\/script>\n<!-- \/ Yoast SEO plugin. -->","yoast_head_json":{"title":"Scheurebe 2025 vom Weingut Schwarzl","description":"S\u00e4mling 88 (Scheurebe) vom Weingut Schwarzl in Ehrenhausen\/Ottenberg: fruchtiger, exotischer und leichter Wei\u00dfwein. Jetzt online bestellen & genie\u00dfen!","robots":{"index":"index","follow":"follow","max-snippet":"max-snippet:-1","max-image-preview":"max-image-preview:large","max-video-preview":"max-video-preview:-1"},"canonical":"https:\/\/gutschwarzl.at\/en\/product\/scheurebe-2025\/","og_locale":"en_US","og_type":"article","og_title":"Scheurebe 2025 vom Weingut Schwarzl","og_description":"S\u00e4mling 88 (Scheurebe) vom Weingut Schwarzl in Ehrenhausen\/Ottenberg: fruchtiger, exotischer und leichter Wei\u00dfwein. Jetzt online bestellen & genie\u00dfen!","og_url":"https:\/\/gutschwarzl.at\/en\/product\/scheurebe-2025\/","og_site_name":"Gut Schwarzl","article_modified_time":"2026-03-02T08:51:33+00:00","og_image":[{"width":591,"height":1748,"url":"https:\/\/gutschwarzl.at\/wp-content\/uploads\/2026\/01\/Saemling.jpg","type":"image\/jpeg"}],"twitter_card":"summary_large_image","twitter_misc":{"Est. reading time":"1 minute"},"schema":{"@context":"https:\/\/schema.org","@graph":[{"@type":"WebPage","@id":"https:\/\/gutschwarzl.at\/produkt\/scheurebe-2025\/","url":"https:\/\/gutschwarzl.at\/produkt\/scheurebe-2025\/","name":"Scheurebe 2025 vom Weingut Schwarzl","isPartOf":{"@id":"https:\/\/gutschwarzl.at\/#website"},"primaryImageOfPage":{"@id":"https:\/\/gutschwarzl.at\/produkt\/scheurebe-2025\/#primaryimage"},"image":{"@id":"https:\/\/gutschwarzl.at\/produkt\/scheurebe-2025\/#primaryimage"},"thumbnailUrl":"https:\/\/gutschwarzl.at\/wp-content\/uploads\/2026\/01\/Saemling.jpg","datePublished":"2026-01-20T14:54:50+00:00","dateModified":"2026-03-02T08:51:33+00:00","description":"S\u00e4mling 88 (Scheurebe) vom Weingut Schwarzl in Ehrenhausen\/Ottenberg: fruchtiger, exotischer und leichter Wei\u00dfwein. Jetzt online bestellen & genie\u00dfen!","breadcrumb":{"@id":"https:\/\/gutschwarzl.at\/produkt\/scheurebe-2025\/#breadcrumb"},"inLanguage":"en-US","potentialAction":[{"@type":"ReadAction","target":["https:\/\/gutschwarzl.at\/produkt\/scheurebe-2025\/"]}]},{"@type":"ImageObject","inLanguage":"en-US","@id":"https:\/\/gutschwarzl.at\/produkt\/scheurebe-2025\/#primaryimage","url":"https:\/\/gutschwarzl.at\/wp-content\/uploads\/2026\/01\/Saemling.jpg","contentUrl":"https:\/\/gutschwarzl.at\/wp-content\/uploads\/2026\/01\/Saemling.jpg","width":591,"height":1748},{"@type":"BreadcrumbList","@id":"https:\/\/gutschwarzl.at\/produkt\/scheurebe-2025\/#breadcrumb","itemListElement":[{"@type":"ListItem","position":1,"name":"Startseite","item":"https:\/\/gutschwarzl.at\/"},{"@type":"ListItem","position":2,"name":"Shop","item":"https:\/\/gutschwarzl.at\/shop\/"},{"@type":"ListItem","position":3,"name":"S\u00e4mling 88 (Scheurebe) 2025"}]},{"@type":"WebSite","@id":"https:\/\/gutschwarzl.at\/#website","url":"https:\/\/gutschwarzl.at\/","name":"Gut Schwarzl","description":"Wo der Wein daheim ist","publisher":{"@id":"https:\/\/gutschwarzl.at\/#organization"},"potentialAction":[{"@type":"SearchAction","target":{"@type":"EntryPoint","urlTemplate":"https:\/\/gutschwarzl.at\/?s={search_term_string}"},"query-input":"required name=search_term_string"}],"inLanguage":"en-US"},{"@type":"Organization","@id":"https:\/\/gutschwarzl.at\/#organization","name":"Gut Schwarzl","url":"https:\/\/gutschwarzl.at\/","logo":{"@type":"ImageObject","inLanguage":"en-US","@id":"https:\/\/gutschwarzl.at\/#\/schema\/logo\/image\/","url":"https:\/\/gutschwarzl.at\/wp-content\/uploads\/2022\/04\/Logo-Gut-Schwarzl.svg","contentUrl":"https:\/\/gutschwarzl.at\/wp-content\/uploads\/2022\/04\/Logo-Gut-Schwarzl.svg","width":217,"height":217,"caption":"Gut Schwarzl"},"image":{"@id":"https:\/\/gutschwarzl.at\/#\/schema\/logo\/image\/"}}]}},"jetpack_sharing_enabled":true,"_links":{"self":[{"href":"https:\/\/gutschwarzl.at\/en\/wp-json\/wp\/v2\/product\/22107","targetHints":{"allow":["GET"]}}],"collection":[{"href":"https:\/\/gutschwarzl.at\/en\/wp-json\/wp\/v2\/product"}],"about":[{"href":"https:\/\/gutschwarzl.at\/en\/wp-json\/wp\/v2\/types\/product"}],"replies":[{"embeddable":true,"href":"https:\/\/gutschwarzl.at\/en\/wp-json\/wp\/v2\/comments?post=22107"}],"wp:featuredmedia":[{"embeddable":true,"href":"https:\/\/gutschwarzl.at\/en\/wp-json\/wp\/v2\/media\/22108"}],"wp:attachment":[{"href":"https:\/\/gutschwarzl.at\/en\/wp-json\/wp\/v2\/media?parent=22107"}],"wp:term":[{"taxonomy":"product_brand","embeddable":true,"href":"https:\/\/gutschwarzl.at\/en\/wp-json\/wp\/v2\/product_brand?post=22107"},{"taxonomy":"product_cat","embeddable":true,"href":"https:\/\/gutschwarzl.at\/en\/wp-json\/wp\/v2\/product_cat?post=22107"},{"taxonomy":"product_tag","embeddable":true,"href":"https:\/\/gutschwarzl.at\/en\/wp-json\/wp\/v2\/product_tag?post=22107"}],"curies":[{"name":"wp","href":"https:\/\/api.w.org\/{rel}","templated":true}]}}