{"id":22105,"date":"2026-01-20T15:50:09","date_gmt":"2026-01-20T14:50:09","guid":{"rendered":"https:\/\/gutschwarzl.at\/?post_type=product&#038;p=22105"},"modified":"2026-03-02T09:52:10","modified_gmt":"2026-03-02T08:52:10","slug":"weissburgunder-dac-2025","status":"publish","type":"product","link":"https:\/\/gutschwarzl.at\/en\/product\/weissburgunder-dac-2025\/","title":{"rendered":"Wei\u00dfburgunder DAC 2025"},"content":{"rendered":"<h3 data-start=\"395\" data-end=\"471\"><strong data-start=\"399\" data-end=\"471\"><a href=\"https:\/\/elabel.steiermark.wine\/naehrwerttabelle\/details\/15802\">Wei\u00dfburgunder S\u00fcdsteiermark DAC 2025<\/a> \u2013 Fein &amp; Fruchtig<\/strong><\/h3>\n<p data-start=\"531\" data-end=\"888\">Sanft, ausgewogen und mit einer eleganten Frucht: Der neue <strong data-start=\"590\" data-end=\"616\">Wei\u00dfburgunder DAC 2025<\/strong> vom <strong data-start=\"621\" data-end=\"645\">Weingut Gut Schwarzl<\/strong> bringt das Herz der <strong data-start=\"666\" data-end=\"683\">Southern Styria<\/strong> in die Flasche. Ausgebaut mit viel Gesp\u00fcr f\u00fcr Balance und Trinkfreude, zeigt sich dieser Jahrgang besonders <strong data-start=\"792\" data-end=\"815\">harmonisch und mild<\/strong>, mit einem Hauch von <strong data-start=\"837\" data-end=\"856\">reifem Pfirsich<\/strong> und einem fein-cremigen Abgang.<\/p>\n<p data-start=\"890\" data-end=\"1172\">Unsere Rieden rund um <strong data-start=\"912\" data-end=\"941\">Ottenberg bei Ehrenhausen<\/strong> bieten daf\u00fcr die idealen Voraussetzungen: kalkreiche B\u00f6den, k\u00fchle N\u00e4chte und viele Sonnenstunden \u2013 perfektes Terroir f\u00fcr einen klassischen <strong data-start=\"1081\" data-end=\"1116\">S\u00fcdsteiermark DAC Wei\u00dfburgunder<\/strong>, der nicht laut sein muss, um in Erinnerung zu bleiben.<\/p>\n<p data-start=\"1174\" data-end=\"1200\"><strong data-start=\"1177\" data-end=\"1198\">Geschmacksprofil:<\/strong><\/p>\n<ul data-start=\"1201\" data-end=\"1382\">\n<li data-start=\"1201\" data-end=\"1259\">\n<p data-start=\"1203\" data-end=\"1259\">Sanfte Fruchtaromen: Pfirsich, Birne, feine Nussigkeit<\/p>\n<\/li>\n<li data-start=\"1260\" data-end=\"1291\">\n<p data-start=\"1262\" data-end=\"1291\">Mild &amp; ausgewogen am Gaumen<\/p>\n<\/li>\n<li data-start=\"1292\" data-end=\"1326\">\n<p data-start=\"1294\" data-end=\"1326\">Weiche Textur, dezente Frische<\/p>\n<\/li>\n<li data-start=\"1327\" data-end=\"1382\">\n<p data-start=\"1329\" data-end=\"1382\">Elegant im Abgang \u2013 ein Wei\u00dfwein mit Charme und Tiefe<\/p>\n<\/li>\n<\/ul>\n<p data-start=\"1384\" data-end=\"1535\"><strong data-start=\"1387\" data-end=\"1413\">Passt hervorragend zu:<\/strong><br data-start=\"1413\" data-end=\"1416\" \/>Gefl\u00fcgel, Pasta mit heller Sauce, cremigen Vorspeisen, mildem K\u00e4se \u2013 oder einfach als stilvoller Aperitif mit Freunden.<\/p>\n<p>&nbsp;<\/p>\n<p data-start=\"542\" data-end=\"865\">","protected":false},"excerpt":{"rendered":"<p>SOUTH STYRIA DAC<\/p>","protected":false},"featured_media":22106,"comment_status":"open","ping_status":"closed","template":"","meta":[],"product_brand":[],"product_cat":[37,117],"product_tag":[],"class_list":{"0":"post-22105","1":"product","2":"type-product","3":"status-publish","4":"has-post-thumbnail","6":"product_cat-wein","7":"product_cat-weiss","9":"first","10":"instock","11":"taxable","12":"shipping-taxable","13":"purchasable","14":"product-type-simple"},"yoast_head":"<!-- This site is optimized with the Yoast SEO plugin v23.2 - https:\/\/yoast.com\/wordpress\/plugins\/seo\/ -->\n<title>Wei\u00dfburgunder DAC 2025 vom Weingut Schwarzl<\/title>\n<meta name=\"description\" content=\"Milder Wei\u00dfburgunder DAC 2025 vom Weingut Schwarzl in Ehrenhausen (Ottenberg). Mit feinen Pfirsichnoten \u2013 ab M\u00e4rz 2025 im Online-Shop erh\u00e4ltlich.\" \/>\n<meta name=\"robots\" content=\"index, follow, max-snippet:-1, max-image-preview:large, max-video-preview:-1\" \/>\n<link rel=\"canonical\" href=\"https:\/\/gutschwarzl.at\/en\/product\/weissburgunder-dac-2025\/\" \/>\n<meta property=\"og:locale\" content=\"en_US\" \/>\n<meta property=\"og:type\" content=\"article\" \/>\n<meta property=\"og:title\" content=\"Wei\u00dfburgunder DAC 2025 vom Weingut Schwarzl\" \/>\n<meta property=\"og:description\" content=\"Milder Wei\u00dfburgunder DAC 2025 vom Weingut Schwarzl in Ehrenhausen (Ottenberg). Mit feinen Pfirsichnoten \u2013 ab M\u00e4rz 2025 im Online-Shop erh\u00e4ltlich.\" \/>\n<meta property=\"og:url\" content=\"https:\/\/gutschwarzl.at\/en\/product\/weissburgunder-dac-2025\/\" \/>\n<meta property=\"og:site_name\" content=\"Gut Schwarzl\" \/>\n<meta property=\"article:modified_time\" content=\"2026-03-02T08:52:10+00:00\" \/>\n<meta property=\"og:image\" content=\"https:\/\/gutschwarzl.at\/wp-content\/uploads\/2026\/01\/WB.jpg\" \/>\n\t<meta property=\"og:image:width\" content=\"591\" \/>\n\t<meta property=\"og:image:height\" content=\"1748\" \/>\n\t<meta property=\"og:image:type\" content=\"image\/jpeg\" \/>\n<meta name=\"twitter:card\" content=\"summary_large_image\" \/>\n<meta name=\"twitter:label1\" content=\"Est. reading time\" \/>\n\t<meta name=\"twitter:data1\" content=\"1 minute\" \/>\n<script type=\"application\/ld+json\" class=\"yoast-schema-graph\">{\"@context\":\"https:\/\/schema.org\",\"@graph\":[{\"@type\":\"WebPage\",\"@id\":\"https:\/\/gutschwarzl.at\/produkt\/weissburgunder-dac-2025\/\",\"url\":\"https:\/\/gutschwarzl.at\/produkt\/weissburgunder-dac-2025\/\",\"name\":\"Wei\u00dfburgunder DAC 2025 vom Weingut Schwarzl\",\"isPartOf\":{\"@id\":\"https:\/\/gutschwarzl.at\/#website\"},\"primaryImageOfPage\":{\"@id\":\"https:\/\/gutschwarzl.at\/produkt\/weissburgunder-dac-2025\/#primaryimage\"},\"image\":{\"@id\":\"https:\/\/gutschwarzl.at\/produkt\/weissburgunder-dac-2025\/#primaryimage\"},\"thumbnailUrl\":\"https:\/\/gutschwarzl.at\/wp-content\/uploads\/2026\/01\/WB.jpg\",\"datePublished\":\"2026-01-20T14:50:09+00:00\",\"dateModified\":\"2026-03-02T08:52:10+00:00\",\"description\":\"Milder Wei\u00dfburgunder DAC 2025 vom Weingut Schwarzl in Ehrenhausen (Ottenberg). Mit feinen Pfirsichnoten \u2013 ab M\u00e4rz 2025 im Online-Shop erh\u00e4ltlich.\",\"breadcrumb\":{\"@id\":\"https:\/\/gutschwarzl.at\/produkt\/weissburgunder-dac-2025\/#breadcrumb\"},\"inLanguage\":\"en-US\",\"potentialAction\":[{\"@type\":\"ReadAction\",\"target\":[\"https:\/\/gutschwarzl.at\/produkt\/weissburgunder-dac-2025\/\"]}]},{\"@type\":\"ImageObject\",\"inLanguage\":\"en-US\",\"@id\":\"https:\/\/gutschwarzl.at\/produkt\/weissburgunder-dac-2025\/#primaryimage\",\"url\":\"https:\/\/gutschwarzl.at\/wp-content\/uploads\/2026\/01\/WB.jpg\",\"contentUrl\":\"https:\/\/gutschwarzl.at\/wp-content\/uploads\/2026\/01\/WB.jpg\",\"width\":591,\"height\":1748},{\"@type\":\"BreadcrumbList\",\"@id\":\"https:\/\/gutschwarzl.at\/produkt\/weissburgunder-dac-2025\/#breadcrumb\",\"itemListElement\":[{\"@type\":\"ListItem\",\"position\":1,\"name\":\"Startseite\",\"item\":\"https:\/\/gutschwarzl.at\/\"},{\"@type\":\"ListItem\",\"position\":2,\"name\":\"Shop\",\"item\":\"https:\/\/gutschwarzl.at\/shop\/\"},{\"@type\":\"ListItem\",\"position\":3,\"name\":\"Wei\u00dfburgunder DAC 2025\"}]},{\"@type\":\"WebSite\",\"@id\":\"https:\/\/gutschwarzl.at\/#website\",\"url\":\"https:\/\/gutschwarzl.at\/\",\"name\":\"Gut Schwarzl\",\"description\":\"Wo der Wein daheim ist\",\"publisher\":{\"@id\":\"https:\/\/gutschwarzl.at\/#organization\"},\"potentialAction\":[{\"@type\":\"SearchAction\",\"target\":{\"@type\":\"EntryPoint\",\"urlTemplate\":\"https:\/\/gutschwarzl.at\/?s={search_term_string}\"},\"query-input\":\"required name=search_term_string\"}],\"inLanguage\":\"en-US\"},{\"@type\":\"Organization\",\"@id\":\"https:\/\/gutschwarzl.at\/#organization\",\"name\":\"Gut Schwarzl\",\"url\":\"https:\/\/gutschwarzl.at\/\",\"logo\":{\"@type\":\"ImageObject\",\"inLanguage\":\"en-US\",\"@id\":\"https:\/\/gutschwarzl.at\/#\/schema\/logo\/image\/\",\"url\":\"https:\/\/gutschwarzl.at\/wp-content\/uploads\/2022\/04\/Logo-Gut-Schwarzl.svg\",\"contentUrl\":\"https:\/\/gutschwarzl.at\/wp-content\/uploads\/2022\/04\/Logo-Gut-Schwarzl.svg\",\"width\":217,\"height\":217,\"caption\":\"Gut Schwarzl\"},\"image\":{\"@id\":\"https:\/\/gutschwarzl.at\/#\/schema\/logo\/image\/\"}}]}<\/script>\n<!-- \/ Yoast SEO plugin. -->","yoast_head_json":{"title":"Wei\u00dfburgunder DAC 2025 vom Weingut Schwarzl","description":"Milder Wei\u00dfburgunder DAC 2025 vom Weingut Schwarzl in Ehrenhausen (Ottenberg). Mit feinen Pfirsichnoten \u2013 ab M\u00e4rz 2025 im Online-Shop erh\u00e4ltlich.","robots":{"index":"index","follow":"follow","max-snippet":"max-snippet:-1","max-image-preview":"max-image-preview:large","max-video-preview":"max-video-preview:-1"},"canonical":"https:\/\/gutschwarzl.at\/en\/product\/weissburgunder-dac-2025\/","og_locale":"en_US","og_type":"article","og_title":"Wei\u00dfburgunder DAC 2025 vom Weingut Schwarzl","og_description":"Milder Wei\u00dfburgunder DAC 2025 vom Weingut Schwarzl in Ehrenhausen (Ottenberg). Mit feinen Pfirsichnoten \u2013 ab M\u00e4rz 2025 im Online-Shop erh\u00e4ltlich.","og_url":"https:\/\/gutschwarzl.at\/en\/product\/weissburgunder-dac-2025\/","og_site_name":"Gut Schwarzl","article_modified_time":"2026-03-02T08:52:10+00:00","og_image":[{"width":591,"height":1748,"url":"https:\/\/gutschwarzl.at\/wp-content\/uploads\/2026\/01\/WB.jpg","type":"image\/jpeg"}],"twitter_card":"summary_large_image","twitter_misc":{"Est. reading time":"1 minute"},"schema":{"@context":"https:\/\/schema.org","@graph":[{"@type":"WebPage","@id":"https:\/\/gutschwarzl.at\/produkt\/weissburgunder-dac-2025\/","url":"https:\/\/gutschwarzl.at\/produkt\/weissburgunder-dac-2025\/","name":"Wei\u00dfburgunder DAC 2025 vom Weingut Schwarzl","isPartOf":{"@id":"https:\/\/gutschwarzl.at\/#website"},"primaryImageOfPage":{"@id":"https:\/\/gutschwarzl.at\/produkt\/weissburgunder-dac-2025\/#primaryimage"},"image":{"@id":"https:\/\/gutschwarzl.at\/produkt\/weissburgunder-dac-2025\/#primaryimage"},"thumbnailUrl":"https:\/\/gutschwarzl.at\/wp-content\/uploads\/2026\/01\/WB.jpg","datePublished":"2026-01-20T14:50:09+00:00","dateModified":"2026-03-02T08:52:10+00:00","description":"Milder Wei\u00dfburgunder DAC 2025 vom Weingut Schwarzl in Ehrenhausen (Ottenberg). Mit feinen Pfirsichnoten \u2013 ab M\u00e4rz 2025 im Online-Shop erh\u00e4ltlich.","breadcrumb":{"@id":"https:\/\/gutschwarzl.at\/produkt\/weissburgunder-dac-2025\/#breadcrumb"},"inLanguage":"en-US","potentialAction":[{"@type":"ReadAction","target":["https:\/\/gutschwarzl.at\/produkt\/weissburgunder-dac-2025\/"]}]},{"@type":"ImageObject","inLanguage":"en-US","@id":"https:\/\/gutschwarzl.at\/produkt\/weissburgunder-dac-2025\/#primaryimage","url":"https:\/\/gutschwarzl.at\/wp-content\/uploads\/2026\/01\/WB.jpg","contentUrl":"https:\/\/gutschwarzl.at\/wp-content\/uploads\/2026\/01\/WB.jpg","width":591,"height":1748},{"@type":"BreadcrumbList","@id":"https:\/\/gutschwarzl.at\/produkt\/weissburgunder-dac-2025\/#breadcrumb","itemListElement":[{"@type":"ListItem","position":1,"name":"Startseite","item":"https:\/\/gutschwarzl.at\/"},{"@type":"ListItem","position":2,"name":"Shop","item":"https:\/\/gutschwarzl.at\/shop\/"},{"@type":"ListItem","position":3,"name":"Wei\u00dfburgunder DAC 2025"}]},{"@type":"WebSite","@id":"https:\/\/gutschwarzl.at\/#website","url":"https:\/\/gutschwarzl.at\/","name":"Gut Schwarzl","description":"Wo der Wein daheim ist","publisher":{"@id":"https:\/\/gutschwarzl.at\/#organization"},"potentialAction":[{"@type":"SearchAction","target":{"@type":"EntryPoint","urlTemplate":"https:\/\/gutschwarzl.at\/?s={search_term_string}"},"query-input":"required name=search_term_string"}],"inLanguage":"en-US"},{"@type":"Organization","@id":"https:\/\/gutschwarzl.at\/#organization","name":"Gut Schwarzl","url":"https:\/\/gutschwarzl.at\/","logo":{"@type":"ImageObject","inLanguage":"en-US","@id":"https:\/\/gutschwarzl.at\/#\/schema\/logo\/image\/","url":"https:\/\/gutschwarzl.at\/wp-content\/uploads\/2022\/04\/Logo-Gut-Schwarzl.svg","contentUrl":"https:\/\/gutschwarzl.at\/wp-content\/uploads\/2022\/04\/Logo-Gut-Schwarzl.svg","width":217,"height":217,"caption":"Gut Schwarzl"},"image":{"@id":"https:\/\/gutschwarzl.at\/#\/schema\/logo\/image\/"}}]}},"jetpack_sharing_enabled":true,"_links":{"self":[{"href":"https:\/\/gutschwarzl.at\/en\/wp-json\/wp\/v2\/product\/22105","targetHints":{"allow":["GET"]}}],"collection":[{"href":"https:\/\/gutschwarzl.at\/en\/wp-json\/wp\/v2\/product"}],"about":[{"href":"https:\/\/gutschwarzl.at\/en\/wp-json\/wp\/v2\/types\/product"}],"replies":[{"embeddable":true,"href":"https:\/\/gutschwarzl.at\/en\/wp-json\/wp\/v2\/comments?post=22105"}],"wp:featuredmedia":[{"embeddable":true,"href":"https:\/\/gutschwarzl.at\/en\/wp-json\/wp\/v2\/media\/22106"}],"wp:attachment":[{"href":"https:\/\/gutschwarzl.at\/en\/wp-json\/wp\/v2\/media?parent=22105"}],"wp:term":[{"taxonomy":"product_brand","embeddable":true,"href":"https:\/\/gutschwarzl.at\/en\/wp-json\/wp\/v2\/product_brand?post=22105"},{"taxonomy":"product_cat","embeddable":true,"href":"https:\/\/gutschwarzl.at\/en\/wp-json\/wp\/v2\/product_cat?post=22105"},{"taxonomy":"product_tag","embeddable":true,"href":"https:\/\/gutschwarzl.at\/en\/wp-json\/wp\/v2\/product_tag?post=22105"}],"curies":[{"name":"wp","href":"https:\/\/api.w.org\/{rel}","templated":true}]}}