{"id":22072,"date":"2025-12-29T13:24:19","date_gmt":"2025-12-29T12:24:19","guid":{"rendered":"https:\/\/gutschwarzl.at\/?post_type=product&#038;p=22072"},"modified":"2026-01-20T23:41:04","modified_gmt":"2026-01-20T22:41:04","slug":"rote-weingartenpfirsich-fruchtaufstrich","status":"publish","type":"product","link":"https:\/\/gutschwarzl.at\/en\/product\/rote-weingartenpfirsich-fruchtaufstrich\/","title":{"rendered":"Red vineyard peach fruit spread"},"content":{"rendered":"<h3 data-start=\"200\" data-end=\"283\">Fruchtaufstrich vom Roten Weingartenpfirsich \u2013 hausgemacht in der S\u00fcdsteiermark<\/h3>\n<p data-start=\"285\" data-end=\"658\">Sonnengereift, handverlesen und mit viel Liebe eingekocht: Unser <strong data-start=\"350\" data-end=\"402\">Fruchtaufstrich aus dem Roten Weingartenpfirsich<\/strong> bringt die Aromen des S\u00fcdsteirischen Sommers direkt auf dein Fr\u00fchst\u00fccksbrot. Die alten, tiefwurzelnden Weingartenpfirsichb\u00e4ume wachsen rund um unseren Hof und schenken uns jedes Jahr diese aromatisch-w\u00fcrzigen Fr\u00fcchte mit ihrem unverwechselbaren Geschmack.<\/p>\n<p data-start=\"660\" data-end=\"934\">Verfeinert mit <strong data-start=\"675\" data-end=\"725\">Zucker, einem Hauch Apfelessig und Apfelpektin<\/strong>, entsteht daraus ein wunderbar cremiger Fruchtaufstrich \u2013 ganz ohne k\u00fcnstliche Zus\u00e4tze. Ideal als fruchtige Begleitung zu Naturjoghurt, zum Verfeinern von Desserts oder ganz klassisch aufs frische Bauernbrot.<\/p>\n<p data-start=\"936\" data-end=\"1019\">Ein St\u00fcck <strong data-start=\"946\" data-end=\"971\">S\u00fcdsteiermark im Glas<\/strong> \u2013 von unserer Familie mit Sorgfalt hergestellt.<\/p>\n<hr data-start=\"1021\" data-end=\"1024\" \/>\n<h4 data-start=\"1026\" data-end=\"1040\">Merkmale:<\/h4>\n<ul data-start=\"1041\" data-end=\"1280\">\n<li data-start=\"1041\" data-end=\"1092\">\n<p data-start=\"1043\" data-end=\"1092\">Handgemacht am Familienhof in der S\u00fcdsteiermark<\/p>\n<\/li>\n<li data-start=\"1093\" data-end=\"1147\">\n<p data-start=\"1095\" data-end=\"1147\">Aus alten Sorten des <strong data-start=\"1116\" data-end=\"1145\">Roten Weingartenpfirsichs<\/strong><\/p>\n<\/li>\n<li data-start=\"1148\" data-end=\"1186\">\n<p data-start=\"1150\" data-end=\"1186\">Frei von k\u00fcnstlichen Zusatzstoffen<\/p>\n<\/li>\n<li data-start=\"1187\" data-end=\"1231\">\n<p data-start=\"1189\" data-end=\"1231\">Fruchtiger, leicht s\u00e4uerlicher Geschmack<\/p>\n<\/li>\n<li data-start=\"1232\" data-end=\"1280\">\n<p data-start=\"1234\" data-end=\"1280\">Perfekt f\u00fcr Fr\u00fchst\u00fcck, Joghurt &amp; Mehlspeisen<\/p>\n<\/li>\n<\/ul>","protected":false},"excerpt":{"rendered":"<p>Fruchtaufstrich vom Roten Weingartenpfirsich \u2013 hausgemacht in der S\u00fcdsteiermark Sonnengereift, handverlesen und mit viel Liebe eingekocht: Unser Fruchtaufstrich aus dem Roten Weingartenpfirsich bringt die Aromen des S\u00fcdsteirischen Sommers direkt auf dein Fr\u00fchst\u00fccksbrot. Die alten, tiefwurzelnden Weingartenpfirsichb\u00e4ume wachsen rund um unseren Hof und schenken uns jedes Jahr diese aromatisch-w\u00fcrzigen Fr\u00fcchte mit ihrem unverwechselbaren Geschmack. Verfeinert mit [&hellip;]<\/p>","protected":false},"featured_media":22076,"comment_status":"open","ping_status":"closed","template":"","meta":[],"product_brand":[],"product_cat":[40,123],"product_tag":[],"class_list":{"0":"post-22072","1":"product","2":"type-product","3":"status-publish","4":"has-post-thumbnail","6":"product_cat-delikatessen","7":"product_cat-fruchtaufstrich-konfituere","9":"first","10":"instock","11":"taxable","12":"shipping-taxable","13":"purchasable","14":"product-type-simple"},"yoast_head":"<!-- This site is optimized with the Yoast SEO plugin v23.2 - https:\/\/yoast.com\/wordpress\/plugins\/seo\/ -->\n<title>Rote Weingartenpfirsich Fruchtaufstrich - Gut Schwarzl<\/title>\n<meta name=\"description\" content=\"Hausgemachter Fruchtaufstrich aus Rotem Weingartenpfirsich \u2013 fruchtig, cremig &amp; aus der S\u00fcdsteiermark. Ideal f\u00fcr Fr\u00fchst\u00fcck &amp; Joghurt. Jetzt online kaufen!\" \/>\n<meta name=\"robots\" content=\"index, follow, max-snippet:-1, max-image-preview:large, max-video-preview:-1\" \/>\n<link rel=\"canonical\" href=\"https:\/\/gutschwarzl.at\/en\/product\/rote-weingartenpfirsich-fruchtaufstrich\/\" \/>\n<meta property=\"og:locale\" content=\"en_US\" \/>\n<meta property=\"og:type\" content=\"article\" \/>\n<meta property=\"og:title\" content=\"Rote Weingartenpfirsich Fruchtaufstrich - Gut Schwarzl\" \/>\n<meta property=\"og:description\" content=\"Hausgemachter Fruchtaufstrich aus Rotem Weingartenpfirsich \u2013 fruchtig, cremig &amp; aus der S\u00fcdsteiermark. Ideal f\u00fcr Fr\u00fchst\u00fcck &amp; Joghurt. Jetzt online kaufen!\" \/>\n<meta property=\"og:url\" content=\"https:\/\/gutschwarzl.at\/en\/product\/rote-weingartenpfirsich-fruchtaufstrich\/\" \/>\n<meta property=\"og:site_name\" content=\"Gut Schwarzl\" \/>\n<meta property=\"article:modified_time\" content=\"2026-01-20T22:41:04+00:00\" \/>\n<meta property=\"og:image\" content=\"https:\/\/gutschwarzl.at\/wp-content\/uploads\/2025\/12\/Brand_Images_e.U._20241027_24000233_0091.png\" \/>\n\t<meta property=\"og:image:width\" content=\"2000\" \/>\n\t<meta property=\"og:image:height\" content=\"1331\" \/>\n\t<meta property=\"og:image:type\" content=\"image\/png\" \/>\n<meta name=\"twitter:card\" content=\"summary_large_image\" \/>\n<meta name=\"twitter:label1\" content=\"Est. reading time\" \/>\n\t<meta name=\"twitter:data1\" content=\"1 minute\" \/>\n<script type=\"application\/ld+json\" class=\"yoast-schema-graph\">{\"@context\":\"https:\/\/schema.org\",\"@graph\":[{\"@type\":\"WebPage\",\"@id\":\"https:\/\/gutschwarzl.at\/produkt\/rote-weingartenpfirsich-fruchtaufstrich\/\",\"url\":\"https:\/\/gutschwarzl.at\/produkt\/rote-weingartenpfirsich-fruchtaufstrich\/\",\"name\":\"Rote Weingartenpfirsich Fruchtaufstrich - Gut Schwarzl\",\"isPartOf\":{\"@id\":\"https:\/\/gutschwarzl.at\/#website\"},\"primaryImageOfPage\":{\"@id\":\"https:\/\/gutschwarzl.at\/produkt\/rote-weingartenpfirsich-fruchtaufstrich\/#primaryimage\"},\"image\":{\"@id\":\"https:\/\/gutschwarzl.at\/produkt\/rote-weingartenpfirsich-fruchtaufstrich\/#primaryimage\"},\"thumbnailUrl\":\"https:\/\/gutschwarzl.at\/wp-content\/uploads\/2025\/12\/Brand_Images_e.U._20241027_24000233_0091.png\",\"datePublished\":\"2025-12-29T12:24:19+00:00\",\"dateModified\":\"2026-01-20T22:41:04+00:00\",\"description\":\"Hausgemachter Fruchtaufstrich aus Rotem Weingartenpfirsich \u2013 fruchtig, cremig & aus der S\u00fcdsteiermark. Ideal f\u00fcr Fr\u00fchst\u00fcck & Joghurt. Jetzt online kaufen!\",\"breadcrumb\":{\"@id\":\"https:\/\/gutschwarzl.at\/produkt\/rote-weingartenpfirsich-fruchtaufstrich\/#breadcrumb\"},\"inLanguage\":\"en-US\",\"potentialAction\":[{\"@type\":\"ReadAction\",\"target\":[\"https:\/\/gutschwarzl.at\/produkt\/rote-weingartenpfirsich-fruchtaufstrich\/\"]}]},{\"@type\":\"ImageObject\",\"inLanguage\":\"en-US\",\"@id\":\"https:\/\/gutschwarzl.at\/produkt\/rote-weingartenpfirsich-fruchtaufstrich\/#primaryimage\",\"url\":\"https:\/\/gutschwarzl.at\/wp-content\/uploads\/2025\/12\/Brand_Images_e.U._20241027_24000233_0091.png\",\"contentUrl\":\"https:\/\/gutschwarzl.at\/wp-content\/uploads\/2025\/12\/Brand_Images_e.U._20241027_24000233_0091.png\",\"width\":2000,\"height\":1331},{\"@type\":\"BreadcrumbList\",\"@id\":\"https:\/\/gutschwarzl.at\/produkt\/rote-weingartenpfirsich-fruchtaufstrich\/#breadcrumb\",\"itemListElement\":[{\"@type\":\"ListItem\",\"position\":1,\"name\":\"Startseite\",\"item\":\"https:\/\/gutschwarzl.at\/\"},{\"@type\":\"ListItem\",\"position\":2,\"name\":\"Shop\",\"item\":\"https:\/\/gutschwarzl.at\/shop\/\"},{\"@type\":\"ListItem\",\"position\":3,\"name\":\"Rote Weingartenpfirsich Fruchtaufstrich\"}]},{\"@type\":\"WebSite\",\"@id\":\"https:\/\/gutschwarzl.at\/#website\",\"url\":\"https:\/\/gutschwarzl.at\/\",\"name\":\"Gut Schwarzl\",\"description\":\"Wo der Wein daheim ist\",\"publisher\":{\"@id\":\"https:\/\/gutschwarzl.at\/#organization\"},\"potentialAction\":[{\"@type\":\"SearchAction\",\"target\":{\"@type\":\"EntryPoint\",\"urlTemplate\":\"https:\/\/gutschwarzl.at\/?s={search_term_string}\"},\"query-input\":\"required name=search_term_string\"}],\"inLanguage\":\"en-US\"},{\"@type\":\"Organization\",\"@id\":\"https:\/\/gutschwarzl.at\/#organization\",\"name\":\"Gut Schwarzl\",\"url\":\"https:\/\/gutschwarzl.at\/\",\"logo\":{\"@type\":\"ImageObject\",\"inLanguage\":\"en-US\",\"@id\":\"https:\/\/gutschwarzl.at\/#\/schema\/logo\/image\/\",\"url\":\"https:\/\/gutschwarzl.at\/wp-content\/uploads\/2022\/04\/Logo-Gut-Schwarzl.svg\",\"contentUrl\":\"https:\/\/gutschwarzl.at\/wp-content\/uploads\/2022\/04\/Logo-Gut-Schwarzl.svg\",\"width\":217,\"height\":217,\"caption\":\"Gut Schwarzl\"},\"image\":{\"@id\":\"https:\/\/gutschwarzl.at\/#\/schema\/logo\/image\/\"}}]}<\/script>\n<!-- \/ Yoast SEO plugin. -->","yoast_head_json":{"title":"Rote Weingartenpfirsich Fruchtaufstrich - Gut Schwarzl","description":"Hausgemachter Fruchtaufstrich aus Rotem Weingartenpfirsich \u2013 fruchtig, cremig & aus der S\u00fcdsteiermark. Ideal f\u00fcr Fr\u00fchst\u00fcck & Joghurt. Jetzt online kaufen!","robots":{"index":"index","follow":"follow","max-snippet":"max-snippet:-1","max-image-preview":"max-image-preview:large","max-video-preview":"max-video-preview:-1"},"canonical":"https:\/\/gutschwarzl.at\/en\/product\/rote-weingartenpfirsich-fruchtaufstrich\/","og_locale":"en_US","og_type":"article","og_title":"Rote Weingartenpfirsich Fruchtaufstrich - Gut Schwarzl","og_description":"Hausgemachter Fruchtaufstrich aus Rotem Weingartenpfirsich \u2013 fruchtig, cremig & aus der S\u00fcdsteiermark. Ideal f\u00fcr Fr\u00fchst\u00fcck & Joghurt. Jetzt online kaufen!","og_url":"https:\/\/gutschwarzl.at\/en\/product\/rote-weingartenpfirsich-fruchtaufstrich\/","og_site_name":"Gut Schwarzl","article_modified_time":"2026-01-20T22:41:04+00:00","og_image":[{"width":2000,"height":1331,"url":"https:\/\/gutschwarzl.at\/wp-content\/uploads\/2025\/12\/Brand_Images_e.U._20241027_24000233_0091.png","type":"image\/png"}],"twitter_card":"summary_large_image","twitter_misc":{"Est. reading time":"1 minute"},"schema":{"@context":"https:\/\/schema.org","@graph":[{"@type":"WebPage","@id":"https:\/\/gutschwarzl.at\/produkt\/rote-weingartenpfirsich-fruchtaufstrich\/","url":"https:\/\/gutschwarzl.at\/produkt\/rote-weingartenpfirsich-fruchtaufstrich\/","name":"Rote Weingartenpfirsich Fruchtaufstrich - Gut Schwarzl","isPartOf":{"@id":"https:\/\/gutschwarzl.at\/#website"},"primaryImageOfPage":{"@id":"https:\/\/gutschwarzl.at\/produkt\/rote-weingartenpfirsich-fruchtaufstrich\/#primaryimage"},"image":{"@id":"https:\/\/gutschwarzl.at\/produkt\/rote-weingartenpfirsich-fruchtaufstrich\/#primaryimage"},"thumbnailUrl":"https:\/\/gutschwarzl.at\/wp-content\/uploads\/2025\/12\/Brand_Images_e.U._20241027_24000233_0091.png","datePublished":"2025-12-29T12:24:19+00:00","dateModified":"2026-01-20T22:41:04+00:00","description":"Hausgemachter Fruchtaufstrich aus Rotem Weingartenpfirsich \u2013 fruchtig, cremig & aus der S\u00fcdsteiermark. Ideal f\u00fcr Fr\u00fchst\u00fcck & Joghurt. Jetzt online kaufen!","breadcrumb":{"@id":"https:\/\/gutschwarzl.at\/produkt\/rote-weingartenpfirsich-fruchtaufstrich\/#breadcrumb"},"inLanguage":"en-US","potentialAction":[{"@type":"ReadAction","target":["https:\/\/gutschwarzl.at\/produkt\/rote-weingartenpfirsich-fruchtaufstrich\/"]}]},{"@type":"ImageObject","inLanguage":"en-US","@id":"https:\/\/gutschwarzl.at\/produkt\/rote-weingartenpfirsich-fruchtaufstrich\/#primaryimage","url":"https:\/\/gutschwarzl.at\/wp-content\/uploads\/2025\/12\/Brand_Images_e.U._20241027_24000233_0091.png","contentUrl":"https:\/\/gutschwarzl.at\/wp-content\/uploads\/2025\/12\/Brand_Images_e.U._20241027_24000233_0091.png","width":2000,"height":1331},{"@type":"BreadcrumbList","@id":"https:\/\/gutschwarzl.at\/produkt\/rote-weingartenpfirsich-fruchtaufstrich\/#breadcrumb","itemListElement":[{"@type":"ListItem","position":1,"name":"Startseite","item":"https:\/\/gutschwarzl.at\/"},{"@type":"ListItem","position":2,"name":"Shop","item":"https:\/\/gutschwarzl.at\/shop\/"},{"@type":"ListItem","position":3,"name":"Rote Weingartenpfirsich Fruchtaufstrich"}]},{"@type":"WebSite","@id":"https:\/\/gutschwarzl.at\/#website","url":"https:\/\/gutschwarzl.at\/","name":"Gut Schwarzl","description":"Wo der Wein daheim ist","publisher":{"@id":"https:\/\/gutschwarzl.at\/#organization"},"potentialAction":[{"@type":"SearchAction","target":{"@type":"EntryPoint","urlTemplate":"https:\/\/gutschwarzl.at\/?s={search_term_string}"},"query-input":"required name=search_term_string"}],"inLanguage":"en-US"},{"@type":"Organization","@id":"https:\/\/gutschwarzl.at\/#organization","name":"Gut Schwarzl","url":"https:\/\/gutschwarzl.at\/","logo":{"@type":"ImageObject","inLanguage":"en-US","@id":"https:\/\/gutschwarzl.at\/#\/schema\/logo\/image\/","url":"https:\/\/gutschwarzl.at\/wp-content\/uploads\/2022\/04\/Logo-Gut-Schwarzl.svg","contentUrl":"https:\/\/gutschwarzl.at\/wp-content\/uploads\/2022\/04\/Logo-Gut-Schwarzl.svg","width":217,"height":217,"caption":"Gut Schwarzl"},"image":{"@id":"https:\/\/gutschwarzl.at\/#\/schema\/logo\/image\/"}}]}},"jetpack_sharing_enabled":true,"_links":{"self":[{"href":"https:\/\/gutschwarzl.at\/en\/wp-json\/wp\/v2\/product\/22072","targetHints":{"allow":["GET"]}}],"collection":[{"href":"https:\/\/gutschwarzl.at\/en\/wp-json\/wp\/v2\/product"}],"about":[{"href":"https:\/\/gutschwarzl.at\/en\/wp-json\/wp\/v2\/types\/product"}],"replies":[{"embeddable":true,"href":"https:\/\/gutschwarzl.at\/en\/wp-json\/wp\/v2\/comments?post=22072"}],"wp:featuredmedia":[{"embeddable":true,"href":"https:\/\/gutschwarzl.at\/en\/wp-json\/wp\/v2\/media\/22076"}],"wp:attachment":[{"href":"https:\/\/gutschwarzl.at\/en\/wp-json\/wp\/v2\/media?parent=22072"}],"wp:term":[{"taxonomy":"product_brand","embeddable":true,"href":"https:\/\/gutschwarzl.at\/en\/wp-json\/wp\/v2\/product_brand?post=22072"},{"taxonomy":"product_cat","embeddable":true,"href":"https:\/\/gutschwarzl.at\/en\/wp-json\/wp\/v2\/product_cat?post=22072"},{"taxonomy":"product_tag","embeddable":true,"href":"https:\/\/gutschwarzl.at\/en\/wp-json\/wp\/v2\/product_tag?post=22072"}],"curies":[{"name":"wp","href":"https:\/\/api.w.org\/{rel}","templated":true}]}}