{"id":22071,"date":"2025-12-29T13:08:41","date_gmt":"2025-12-29T12:08:41","guid":{"rendered":"https:\/\/gutschwarzl.at\/?post_type=product&#038;p=22071"},"modified":"2026-03-22T08:42:30","modified_gmt":"2026-03-22T07:42:30","slug":"frizzante-marlene","status":"publish","type":"product","link":"https:\/\/gutschwarzl.at\/en\/product\/frizzante-marlene\/","title":{"rendered":"Frizzante Marlene"},"content":{"rendered":"<p data-start=\"238\" data-end=\"301\"><strong data-start=\"238\" data-end=\"301\">Frizzante Marlene \u2013 Muskateller aus der S\u00fcdsteiermark<\/strong><\/p>\n<p data-start=\"303\" data-end=\"564\">Feinperlig, duftig und voller Charme: Unser <strong data-start=\"347\" data-end=\"368\">Frizzante Marlene<\/strong> ist ein spritziger Muskateller-Frizzante \u2013 benannt nach unserer Tochter Marlene, deren Lebensfreude und Leichtigkeit sich in jedem Schluck widerspiegelt.<\/p>\n<p data-start=\"566\" data-end=\"802\">Hergestellt aus sorgf\u00e4ltig ausgew\u00e4hlten Muskateller-Trauben, \u00fcberzeugt dieser Frizzante mit seinem fruchtig-blumigen Bouquet, zarter W\u00fcrze und lebendiger Frische. Ein echtes Geschmackserlebnis \u2013 sonnig, verspielt und doch mit Charakter.<\/p>\n<p data-start=\"566\" data-end=\"802\">Ob als Aperitif, zu besonderen Anl\u00e4ssen oder einfach, um das Leben zu feiern \u2013 <strong data-start=\"883\" data-end=\"904\">Frizzante Marlene<\/strong> bringt ein St\u00fcck S\u00fcdsteiermark ins Glas.<\/p>\n<p data-start=\"947\" data-end=\"962\"><strong data-start=\"947\" data-end=\"962\">Kurz &amp; gut:<\/strong><\/p>\n<p data-start=\"947\" data-end=\"962\"><strong data-start=\"964\" data-end=\"978\">Geschmack:<\/strong> Aromatisch, frisch, blumig<br data-start=\"1005\" data-end=\"1008\" \/><strong data-start=\"1008\" data-end=\"1020\">Trauben:<\/strong> 100 % Muskateller<br data-start=\"1038\" data-end=\"1041\" \/><strong data-start=\"1041\" data-end=\"1054\">Herkunft:<\/strong> S\u00fcdsteiermark \/ Weingut Schwarzl<br data-start=\"1087\" data-end=\"1090\" \/><strong data-start=\"1090\" data-end=\"1102\">Anl\u00e4sse:<\/strong> Ideal f\u00fcr Aperitifs, Feiern &amp; genussvolle Momente<\/p>\n<p>&nbsp;<\/p>\n<p>E: 343kj\/82kcal in 100ml,<br \/>\ncontains sulphites<br \/>\nL01\/2025<br \/>\ntrocken<\/p>\n<p><a href=\"https:\/\/elabel.steiermark.wine\/naehrwerttabelle\/details\/14633\">ZUTATEN<\/a><\/p>","protected":false},"excerpt":{"rendered":"<p>Frizzante Marlene \u2013 Muskateller aus der S\u00fcdsteiermark Feinperlig, duftig und voller Charme: Unser Frizzante Marlene ist ein spritziger Muskateller-Frizzante \u2013 benannt nach unserer Tochter Marlene, deren Lebensfreude und Leichtigkeit sich in jedem Schluck widerspiegelt. Hergestellt aus sorgf\u00e4ltig ausgew\u00e4hlten Muskateller-Trauben, \u00fcberzeugt dieser Frizzante mit seinem fruchtig-blumigen Bouquet, zarter W\u00fcrze und lebendiger Frische. Ein echtes Geschmackserlebnis \u2013 [&hellip;]<\/p>","protected":false},"featured_media":3309,"comment_status":"open","ping_status":"closed","template":"","meta":[],"product_brand":[],"product_cat":[37,121],"product_tag":[],"class_list":{"0":"post-22071","1":"product","2":"type-product","3":"status-publish","4":"has-post-thumbnail","6":"product_cat-wein","7":"product_cat-schaumwein","9":"first","10":"instock","11":"taxable","12":"shipping-taxable","13":"purchasable","14":"product-type-simple"},"yoast_head":"<!-- This site is optimized with the Yoast SEO plugin v23.2 - https:\/\/yoast.com\/wordpress\/plugins\/seo\/ -->\n<title>Frizzante Schwarzl Perle | Gut Schwarzl<\/title>\n<meta name=\"description\" content=\"Frizzante Marlene \u2013 Muskateller Frizzante vom Weingut Schwarzl aus der S\u00fcdsteiermark. Feinperlig, blumig und herrlich erfrischend.\" \/>\n<meta name=\"robots\" content=\"index, follow, max-snippet:-1, max-image-preview:large, max-video-preview:-1\" \/>\n<link rel=\"canonical\" href=\"https:\/\/gutschwarzl.at\/en\/product\/frizzante-marlene\/\" \/>\n<meta property=\"og:locale\" content=\"en_US\" \/>\n<meta property=\"og:type\" content=\"article\" \/>\n<meta property=\"og:title\" content=\"Frizzante Schwarzl Perle | Gut Schwarzl\" \/>\n<meta property=\"og:description\" content=\"Frizzante Marlene \u2013 Muskateller Frizzante vom Weingut Schwarzl aus der S\u00fcdsteiermark. Feinperlig, blumig und herrlich erfrischend.\" \/>\n<meta property=\"og:url\" content=\"https:\/\/gutschwarzl.at\/en\/product\/frizzante-marlene\/\" \/>\n<meta property=\"og:site_name\" content=\"Gut Schwarzl\" \/>\n<meta property=\"article:modified_time\" content=\"2026-03-22T07:42:30+00:00\" \/>\n<meta property=\"og:image\" content=\"https:\/\/gutschwarzl.at\/wp-content\/uploads\/2022\/05\/Gut_Schwarzl_spritziges_Frizzante_Marlene_NEU.png\" \/>\n\t<meta property=\"og:image:width\" content=\"655\" \/>\n\t<meta property=\"og:image:height\" content=\"2098\" \/>\n\t<meta property=\"og:image:type\" content=\"image\/png\" \/>\n<meta name=\"twitter:card\" content=\"summary_large_image\" \/>\n<meta name=\"twitter:label1\" content=\"Est. reading time\" \/>\n\t<meta name=\"twitter:data1\" content=\"1 minute\" \/>\n<script type=\"application\/ld+json\" class=\"yoast-schema-graph\">{\"@context\":\"https:\/\/schema.org\",\"@graph\":[{\"@type\":\"WebPage\",\"@id\":\"https:\/\/gutschwarzl.at\/produkt\/frizzante-marlene\/\",\"url\":\"https:\/\/gutschwarzl.at\/produkt\/frizzante-marlene\/\",\"name\":\"Frizzante Schwarzl Perle | Gut Schwarzl\",\"isPartOf\":{\"@id\":\"https:\/\/gutschwarzl.at\/#website\"},\"primaryImageOfPage\":{\"@id\":\"https:\/\/gutschwarzl.at\/produkt\/frizzante-marlene\/#primaryimage\"},\"image\":{\"@id\":\"https:\/\/gutschwarzl.at\/produkt\/frizzante-marlene\/#primaryimage\"},\"thumbnailUrl\":\"https:\/\/gutschwarzl.at\/wp-content\/uploads\/2022\/05\/Gut_Schwarzl_spritziges_Frizzante_Marlene_NEU.png\",\"datePublished\":\"2025-12-29T12:08:41+00:00\",\"dateModified\":\"2026-03-22T07:42:30+00:00\",\"description\":\"Frizzante Marlene \u2013 Muskateller Frizzante vom Weingut Schwarzl aus der S\u00fcdsteiermark. Feinperlig, blumig und herrlich erfrischend.\",\"breadcrumb\":{\"@id\":\"https:\/\/gutschwarzl.at\/produkt\/frizzante-marlene\/#breadcrumb\"},\"inLanguage\":\"en-US\",\"potentialAction\":[{\"@type\":\"ReadAction\",\"target\":[\"https:\/\/gutschwarzl.at\/produkt\/frizzante-marlene\/\"]}]},{\"@type\":\"ImageObject\",\"inLanguage\":\"en-US\",\"@id\":\"https:\/\/gutschwarzl.at\/produkt\/frizzante-marlene\/#primaryimage\",\"url\":\"https:\/\/gutschwarzl.at\/wp-content\/uploads\/2022\/05\/Gut_Schwarzl_spritziges_Frizzante_Marlene_NEU.png\",\"contentUrl\":\"https:\/\/gutschwarzl.at\/wp-content\/uploads\/2022\/05\/Gut_Schwarzl_spritziges_Frizzante_Marlene_NEU.png\",\"width\":655,\"height\":2098,\"caption\":\"Spritziger Frizzante Muskateller von Weingut Schwarzl.\"},{\"@type\":\"BreadcrumbList\",\"@id\":\"https:\/\/gutschwarzl.at\/produkt\/frizzante-marlene\/#breadcrumb\",\"itemListElement\":[{\"@type\":\"ListItem\",\"position\":1,\"name\":\"Startseite\",\"item\":\"https:\/\/gutschwarzl.at\/\"},{\"@type\":\"ListItem\",\"position\":2,\"name\":\"Shop\",\"item\":\"https:\/\/gutschwarzl.at\/shop\/\"},{\"@type\":\"ListItem\",\"position\":3,\"name\":\"Frizzante Marlene\"}]},{\"@type\":\"WebSite\",\"@id\":\"https:\/\/gutschwarzl.at\/#website\",\"url\":\"https:\/\/gutschwarzl.at\/\",\"name\":\"Gut Schwarzl\",\"description\":\"Wo der Wein daheim ist\",\"publisher\":{\"@id\":\"https:\/\/gutschwarzl.at\/#organization\"},\"potentialAction\":[{\"@type\":\"SearchAction\",\"target\":{\"@type\":\"EntryPoint\",\"urlTemplate\":\"https:\/\/gutschwarzl.at\/?s={search_term_string}\"},\"query-input\":\"required name=search_term_string\"}],\"inLanguage\":\"en-US\"},{\"@type\":\"Organization\",\"@id\":\"https:\/\/gutschwarzl.at\/#organization\",\"name\":\"Gut Schwarzl\",\"url\":\"https:\/\/gutschwarzl.at\/\",\"logo\":{\"@type\":\"ImageObject\",\"inLanguage\":\"en-US\",\"@id\":\"https:\/\/gutschwarzl.at\/#\/schema\/logo\/image\/\",\"url\":\"https:\/\/gutschwarzl.at\/wp-content\/uploads\/2022\/04\/Logo-Gut-Schwarzl.svg\",\"contentUrl\":\"https:\/\/gutschwarzl.at\/wp-content\/uploads\/2022\/04\/Logo-Gut-Schwarzl.svg\",\"width\":217,\"height\":217,\"caption\":\"Gut Schwarzl\"},\"image\":{\"@id\":\"https:\/\/gutschwarzl.at\/#\/schema\/logo\/image\/\"}}]}<\/script>\n<!-- \/ Yoast SEO plugin. -->","yoast_head_json":{"title":"Frizzante Schwarzl Perle | Gut Schwarzl","description":"Frizzante Marlene \u2013 Muskateller Frizzante vom Weingut Schwarzl aus der S\u00fcdsteiermark. Feinperlig, blumig und herrlich erfrischend.","robots":{"index":"index","follow":"follow","max-snippet":"max-snippet:-1","max-image-preview":"max-image-preview:large","max-video-preview":"max-video-preview:-1"},"canonical":"https:\/\/gutschwarzl.at\/en\/product\/frizzante-marlene\/","og_locale":"en_US","og_type":"article","og_title":"Frizzante Schwarzl Perle | Gut Schwarzl","og_description":"Frizzante Marlene \u2013 Muskateller Frizzante vom Weingut Schwarzl aus der S\u00fcdsteiermark. Feinperlig, blumig und herrlich erfrischend.","og_url":"https:\/\/gutschwarzl.at\/en\/product\/frizzante-marlene\/","og_site_name":"Gut Schwarzl","article_modified_time":"2026-03-22T07:42:30+00:00","og_image":[{"width":655,"height":2098,"url":"https:\/\/gutschwarzl.at\/wp-content\/uploads\/2022\/05\/Gut_Schwarzl_spritziges_Frizzante_Marlene_NEU.png","type":"image\/png"}],"twitter_card":"summary_large_image","twitter_misc":{"Est. reading time":"1 minute"},"schema":{"@context":"https:\/\/schema.org","@graph":[{"@type":"WebPage","@id":"https:\/\/gutschwarzl.at\/produkt\/frizzante-marlene\/","url":"https:\/\/gutschwarzl.at\/produkt\/frizzante-marlene\/","name":"Frizzante Schwarzl Perle | Gut Schwarzl","isPartOf":{"@id":"https:\/\/gutschwarzl.at\/#website"},"primaryImageOfPage":{"@id":"https:\/\/gutschwarzl.at\/produkt\/frizzante-marlene\/#primaryimage"},"image":{"@id":"https:\/\/gutschwarzl.at\/produkt\/frizzante-marlene\/#primaryimage"},"thumbnailUrl":"https:\/\/gutschwarzl.at\/wp-content\/uploads\/2022\/05\/Gut_Schwarzl_spritziges_Frizzante_Marlene_NEU.png","datePublished":"2025-12-29T12:08:41+00:00","dateModified":"2026-03-22T07:42:30+00:00","description":"Frizzante Marlene \u2013 Muskateller Frizzante vom Weingut Schwarzl aus der S\u00fcdsteiermark. Feinperlig, blumig und herrlich erfrischend.","breadcrumb":{"@id":"https:\/\/gutschwarzl.at\/produkt\/frizzante-marlene\/#breadcrumb"},"inLanguage":"en-US","potentialAction":[{"@type":"ReadAction","target":["https:\/\/gutschwarzl.at\/produkt\/frizzante-marlene\/"]}]},{"@type":"ImageObject","inLanguage":"en-US","@id":"https:\/\/gutschwarzl.at\/produkt\/frizzante-marlene\/#primaryimage","url":"https:\/\/gutschwarzl.at\/wp-content\/uploads\/2022\/05\/Gut_Schwarzl_spritziges_Frizzante_Marlene_NEU.png","contentUrl":"https:\/\/gutschwarzl.at\/wp-content\/uploads\/2022\/05\/Gut_Schwarzl_spritziges_Frizzante_Marlene_NEU.png","width":655,"height":2098,"caption":"Spritziger Frizzante Muskateller von Weingut Schwarzl."},{"@type":"BreadcrumbList","@id":"https:\/\/gutschwarzl.at\/produkt\/frizzante-marlene\/#breadcrumb","itemListElement":[{"@type":"ListItem","position":1,"name":"Startseite","item":"https:\/\/gutschwarzl.at\/"},{"@type":"ListItem","position":2,"name":"Shop","item":"https:\/\/gutschwarzl.at\/shop\/"},{"@type":"ListItem","position":3,"name":"Frizzante Marlene"}]},{"@type":"WebSite","@id":"https:\/\/gutschwarzl.at\/#website","url":"https:\/\/gutschwarzl.at\/","name":"Gut Schwarzl","description":"Wo der Wein daheim ist","publisher":{"@id":"https:\/\/gutschwarzl.at\/#organization"},"potentialAction":[{"@type":"SearchAction","target":{"@type":"EntryPoint","urlTemplate":"https:\/\/gutschwarzl.at\/?s={search_term_string}"},"query-input":"required name=search_term_string"}],"inLanguage":"en-US"},{"@type":"Organization","@id":"https:\/\/gutschwarzl.at\/#organization","name":"Gut Schwarzl","url":"https:\/\/gutschwarzl.at\/","logo":{"@type":"ImageObject","inLanguage":"en-US","@id":"https:\/\/gutschwarzl.at\/#\/schema\/logo\/image\/","url":"https:\/\/gutschwarzl.at\/wp-content\/uploads\/2022\/04\/Logo-Gut-Schwarzl.svg","contentUrl":"https:\/\/gutschwarzl.at\/wp-content\/uploads\/2022\/04\/Logo-Gut-Schwarzl.svg","width":217,"height":217,"caption":"Gut Schwarzl"},"image":{"@id":"https:\/\/gutschwarzl.at\/#\/schema\/logo\/image\/"}}]}},"jetpack_sharing_enabled":true,"_links":{"self":[{"href":"https:\/\/gutschwarzl.at\/en\/wp-json\/wp\/v2\/product\/22071","targetHints":{"allow":["GET"]}}],"collection":[{"href":"https:\/\/gutschwarzl.at\/en\/wp-json\/wp\/v2\/product"}],"about":[{"href":"https:\/\/gutschwarzl.at\/en\/wp-json\/wp\/v2\/types\/product"}],"replies":[{"embeddable":true,"href":"https:\/\/gutschwarzl.at\/en\/wp-json\/wp\/v2\/comments?post=22071"}],"wp:featuredmedia":[{"embeddable":true,"href":"https:\/\/gutschwarzl.at\/en\/wp-json\/wp\/v2\/media\/3309"}],"wp:attachment":[{"href":"https:\/\/gutschwarzl.at\/en\/wp-json\/wp\/v2\/media?parent=22071"}],"wp:term":[{"taxonomy":"product_brand","embeddable":true,"href":"https:\/\/gutschwarzl.at\/en\/wp-json\/wp\/v2\/product_brand?post=22071"},{"taxonomy":"product_cat","embeddable":true,"href":"https:\/\/gutschwarzl.at\/en\/wp-json\/wp\/v2\/product_cat?post=22071"},{"taxonomy":"product_tag","embeddable":true,"href":"https:\/\/gutschwarzl.at\/en\/wp-json\/wp\/v2\/product_tag?post=22071"}],"curies":[{"name":"wp","href":"https:\/\/api.w.org\/{rel}","templated":true}]}}