{"id":22052,"date":"2025-12-11T13:49:33","date_gmt":"2025-12-11T12:49:33","guid":{"rendered":"https:\/\/gutschwarzl.at\/?post_type=product&#038;p=22052"},"modified":"2026-02-02T14:15:29","modified_gmt":"2026-02-02T13:15:29","slug":"welschriesling-suedsteiermark-dac-2024-paket","status":"publish","type":"product","link":"https:\/\/gutschwarzl.at\/en\/product\/welschriesling-suedsteiermark-dac-2024-paket\/","title":{"rendered":"Welschriesling S\u00fcdsteiermark DAC 2024 PACKAGE"},"content":{"rendered":"<p data-start=\"162\" data-end=\"638\">Entdecken Sie unseren Welschriesling DAC 2024 \u2013 ein strahlendes, helles Gelb im Glas, das bereits optisch begeistert. In der Nase entfaltet sich ein zarter Duft von Limetten und der Apfelsorte Topaz, der die Sinne anregt. Am Gaumen pr\u00e4sentiert sich dieser Wein extratrocken und leicht, mit einer knackigen, feinw\u00fcrzigen S\u00e4urestruktur. Der Abgang ist schlank und erfrischend, was diesen Welschriesling zu einem idealen Begleiter f\u00fcr leichte Speisen und gesellige Anl\u00e4sse macht.<\/p>\n<p data-start=\"640\" data-end=\"657\"><strong data-start=\"640\" data-end=\"657\">Analysedaten:<\/strong><\/p>\n<ul data-start=\"659\" data-end=\"746\">\n<li data-start=\"659\" data-end=\"689\"><strong data-start=\"661\" data-end=\"679\">Alkoholgehalt:<\/strong> 12,0% vol<\/li>\n<li data-start=\"690\" data-end=\"725\"><strong data-start=\"692\" data-end=\"707\">Restzucker:<\/strong> 1,8 g\/l (trocken)<\/li>\n<li data-start=\"726\" data-end=\"746\"><strong data-start=\"728\" data-end=\"738\">S\u00e4ure:<\/strong> 5,5 g\/l<\/li>\n<\/ul>\n<p data-start=\"948\" data-end=\"988\"><strong data-start=\"948\" data-end=\"981\">Empfohlene Serviertemperatur:<\/strong> 7\u20138\u202f\u00b0C<\/p>\n<p data-start=\"990\" data-end=\"1166\"><strong data-start=\"990\" data-end=\"1011\">Speiseempfehlung:<\/strong> Dieser Welschriesling harmoniert hervorragend mit leichten Vorspeisen, Fischgerichten und sommerlichen Salaten. Auch als Aperitif ist er bestens geeignet.<\/p>\n<p data-start=\"990\" data-end=\"1166\">12 Flaschen Welschriesling f\u00fcr gesellige Runden.<\/p>\n<p><em>contains sulphites<br \/>\n<a href=\"https:\/\/elabel.steiermark.wine\/naehrwerttabelle\/details\/10391\">N\u00e4hrwerttabelle<\/a><\/em><\/p>","protected":false},"excerpt":{"rendered":"<p>Entdecken Sie unseren Welschriesling DAC 2024 \u2013 ein strahlendes, helles Gelb im Glas, das bereits optisch begeistert. In der Nase entfaltet sich ein zarter Duft von Limetten und der Apfelsorte Topaz, der die Sinne anregt. Am Gaumen pr\u00e4sentiert sich dieser Wein extratrocken und leicht, mit einer knackigen, feinw\u00fcrzigen S\u00e4urestruktur. Der Abgang ist schlank und erfrischend, [&hellip;]<\/p>","protected":false},"featured_media":21686,"comment_status":"open","ping_status":"closed","template":"","meta":[],"product_brand":[],"product_cat":[22,37,117],"product_tag":[],"class_list":{"0":"post-22052","1":"product","2":"type-product","3":"status-publish","4":"has-post-thumbnail","6":"product_cat-aktionen","7":"product_cat-wein","8":"product_cat-weiss","10":"first","11":"instock","12":"taxable","13":"shipping-taxable","14":"purchasable","15":"product-type-simple"},"yoast_head":"<!-- This site is optimized with the Yoast SEO plugin v23.2 - https:\/\/yoast.com\/wordpress\/plugins\/seo\/ -->\n<title>Welschriesling S\u00fcdsteiermark DAC 2024 PAKET - Gut Schwarzl<\/title>\n<meta name=\"description\" content=\"Ein extratrockener Wei\u00dfwein mit zarten Limetten- und Apfelnoten, knackiger S\u00e4ure und schlankem Abgang. Perfekt f\u00fcr gesellige Runden. 12er Paket.\" \/>\n<meta name=\"robots\" content=\"index, follow, max-snippet:-1, max-image-preview:large, max-video-preview:-1\" \/>\n<link rel=\"canonical\" href=\"https:\/\/gutschwarzl.at\/en\/product\/welschriesling-suedsteiermark-dac-2024-paket\/\" \/>\n<meta property=\"og:locale\" content=\"en_US\" \/>\n<meta property=\"og:type\" content=\"article\" \/>\n<meta property=\"og:title\" content=\"Welschriesling S\u00fcdsteiermark DAC 2024 PAKET - Gut Schwarzl\" \/>\n<meta property=\"og:description\" content=\"Ein extratrockener Wei\u00dfwein mit zarten Limetten- und Apfelnoten, knackiger S\u00e4ure und schlankem Abgang. Perfekt f\u00fcr gesellige Runden. 12er Paket.\" \/>\n<meta property=\"og:url\" content=\"https:\/\/gutschwarzl.at\/en\/product\/welschriesling-suedsteiermark-dac-2024-paket\/\" \/>\n<meta property=\"og:site_name\" content=\"Gut Schwarzl\" \/>\n<meta property=\"article:modified_time\" content=\"2026-02-02T13:15:29+00:00\" \/>\n<meta property=\"og:image\" content=\"https:\/\/gutschwarzl.at\/wp-content\/uploads\/2024\/01\/WR-2024.jpg\" \/>\n\t<meta property=\"og:image:width\" content=\"591\" \/>\n\t<meta property=\"og:image:height\" content=\"1748\" \/>\n\t<meta property=\"og:image:type\" content=\"image\/jpeg\" \/>\n<meta name=\"twitter:card\" content=\"summary_large_image\" \/>\n<meta name=\"twitter:label1\" content=\"Est. reading time\" \/>\n\t<meta name=\"twitter:data1\" content=\"1 minute\" \/>\n<script type=\"application\/ld+json\" class=\"yoast-schema-graph\">{\"@context\":\"https:\/\/schema.org\",\"@graph\":[{\"@type\":\"WebPage\",\"@id\":\"https:\/\/gutschwarzl.at\/produkt\/welschriesling-suedsteiermark-dac-2024-paket\/\",\"url\":\"https:\/\/gutschwarzl.at\/produkt\/welschriesling-suedsteiermark-dac-2024-paket\/\",\"name\":\"Welschriesling S\u00fcdsteiermark DAC 2024 PAKET - Gut Schwarzl\",\"isPartOf\":{\"@id\":\"https:\/\/gutschwarzl.at\/#website\"},\"primaryImageOfPage\":{\"@id\":\"https:\/\/gutschwarzl.at\/produkt\/welschriesling-suedsteiermark-dac-2024-paket\/#primaryimage\"},\"image\":{\"@id\":\"https:\/\/gutschwarzl.at\/produkt\/welschriesling-suedsteiermark-dac-2024-paket\/#primaryimage\"},\"thumbnailUrl\":\"https:\/\/gutschwarzl.at\/wp-content\/uploads\/2024\/01\/WR-2024.jpg\",\"datePublished\":\"2025-12-11T12:49:33+00:00\",\"dateModified\":\"2026-02-02T13:15:29+00:00\",\"description\":\"Ein extratrockener Wei\u00dfwein mit zarten Limetten- und Apfelnoten, knackiger S\u00e4ure und schlankem Abgang. Perfekt f\u00fcr gesellige Runden. 12er Paket.\",\"breadcrumb\":{\"@id\":\"https:\/\/gutschwarzl.at\/produkt\/welschriesling-suedsteiermark-dac-2024-paket\/#breadcrumb\"},\"inLanguage\":\"en-US\",\"potentialAction\":[{\"@type\":\"ReadAction\",\"target\":[\"https:\/\/gutschwarzl.at\/produkt\/welschriesling-suedsteiermark-dac-2024-paket\/\"]}]},{\"@type\":\"ImageObject\",\"inLanguage\":\"en-US\",\"@id\":\"https:\/\/gutschwarzl.at\/produkt\/welschriesling-suedsteiermark-dac-2024-paket\/#primaryimage\",\"url\":\"https:\/\/gutschwarzl.at\/wp-content\/uploads\/2024\/01\/WR-2024.jpg\",\"contentUrl\":\"https:\/\/gutschwarzl.at\/wp-content\/uploads\/2024\/01\/WR-2024.jpg\",\"width\":591,\"height\":1748,\"caption\":\"Welschriesling DAC 2024\"},{\"@type\":\"BreadcrumbList\",\"@id\":\"https:\/\/gutschwarzl.at\/produkt\/welschriesling-suedsteiermark-dac-2024-paket\/#breadcrumb\",\"itemListElement\":[{\"@type\":\"ListItem\",\"position\":1,\"name\":\"Startseite\",\"item\":\"https:\/\/gutschwarzl.at\/\"},{\"@type\":\"ListItem\",\"position\":2,\"name\":\"Shop\",\"item\":\"https:\/\/gutschwarzl.at\/shop\/\"},{\"@type\":\"ListItem\",\"position\":3,\"name\":\"Welschriesling S\u00fcdsteiermark DAC 2024 PAKET\"}]},{\"@type\":\"WebSite\",\"@id\":\"https:\/\/gutschwarzl.at\/#website\",\"url\":\"https:\/\/gutschwarzl.at\/\",\"name\":\"Gut Schwarzl\",\"description\":\"Wo der Wein daheim ist\",\"publisher\":{\"@id\":\"https:\/\/gutschwarzl.at\/#organization\"},\"potentialAction\":[{\"@type\":\"SearchAction\",\"target\":{\"@type\":\"EntryPoint\",\"urlTemplate\":\"https:\/\/gutschwarzl.at\/?s={search_term_string}\"},\"query-input\":\"required name=search_term_string\"}],\"inLanguage\":\"en-US\"},{\"@type\":\"Organization\",\"@id\":\"https:\/\/gutschwarzl.at\/#organization\",\"name\":\"Gut Schwarzl\",\"url\":\"https:\/\/gutschwarzl.at\/\",\"logo\":{\"@type\":\"ImageObject\",\"inLanguage\":\"en-US\",\"@id\":\"https:\/\/gutschwarzl.at\/#\/schema\/logo\/image\/\",\"url\":\"https:\/\/gutschwarzl.at\/wp-content\/uploads\/2022\/04\/Logo-Gut-Schwarzl.svg\",\"contentUrl\":\"https:\/\/gutschwarzl.at\/wp-content\/uploads\/2022\/04\/Logo-Gut-Schwarzl.svg\",\"width\":217,\"height\":217,\"caption\":\"Gut Schwarzl\"},\"image\":{\"@id\":\"https:\/\/gutschwarzl.at\/#\/schema\/logo\/image\/\"}}]}<\/script>\n<!-- \/ Yoast SEO plugin. -->","yoast_head_json":{"title":"Welschriesling S\u00fcdsteiermark DAC 2024 PAKET - Gut Schwarzl","description":"Ein extratrockener Wei\u00dfwein mit zarten Limetten- und Apfelnoten, knackiger S\u00e4ure und schlankem Abgang. Perfekt f\u00fcr gesellige Runden. 12er Paket.","robots":{"index":"index","follow":"follow","max-snippet":"max-snippet:-1","max-image-preview":"max-image-preview:large","max-video-preview":"max-video-preview:-1"},"canonical":"https:\/\/gutschwarzl.at\/en\/product\/welschriesling-suedsteiermark-dac-2024-paket\/","og_locale":"en_US","og_type":"article","og_title":"Welschriesling S\u00fcdsteiermark DAC 2024 PAKET - Gut Schwarzl","og_description":"Ein extratrockener Wei\u00dfwein mit zarten Limetten- und Apfelnoten, knackiger S\u00e4ure und schlankem Abgang. Perfekt f\u00fcr gesellige Runden. 12er Paket.","og_url":"https:\/\/gutschwarzl.at\/en\/product\/welschriesling-suedsteiermark-dac-2024-paket\/","og_site_name":"Gut Schwarzl","article_modified_time":"2026-02-02T13:15:29+00:00","og_image":[{"width":591,"height":1748,"url":"https:\/\/gutschwarzl.at\/wp-content\/uploads\/2024\/01\/WR-2024.jpg","type":"image\/jpeg"}],"twitter_card":"summary_large_image","twitter_misc":{"Est. reading time":"1 minute"},"schema":{"@context":"https:\/\/schema.org","@graph":[{"@type":"WebPage","@id":"https:\/\/gutschwarzl.at\/produkt\/welschriesling-suedsteiermark-dac-2024-paket\/","url":"https:\/\/gutschwarzl.at\/produkt\/welschriesling-suedsteiermark-dac-2024-paket\/","name":"Welschriesling S\u00fcdsteiermark DAC 2024 PAKET - Gut Schwarzl","isPartOf":{"@id":"https:\/\/gutschwarzl.at\/#website"},"primaryImageOfPage":{"@id":"https:\/\/gutschwarzl.at\/produkt\/welschriesling-suedsteiermark-dac-2024-paket\/#primaryimage"},"image":{"@id":"https:\/\/gutschwarzl.at\/produkt\/welschriesling-suedsteiermark-dac-2024-paket\/#primaryimage"},"thumbnailUrl":"https:\/\/gutschwarzl.at\/wp-content\/uploads\/2024\/01\/WR-2024.jpg","datePublished":"2025-12-11T12:49:33+00:00","dateModified":"2026-02-02T13:15:29+00:00","description":"Ein extratrockener Wei\u00dfwein mit zarten Limetten- und Apfelnoten, knackiger S\u00e4ure und schlankem Abgang. Perfekt f\u00fcr gesellige Runden. 12er Paket.","breadcrumb":{"@id":"https:\/\/gutschwarzl.at\/produkt\/welschriesling-suedsteiermark-dac-2024-paket\/#breadcrumb"},"inLanguage":"en-US","potentialAction":[{"@type":"ReadAction","target":["https:\/\/gutschwarzl.at\/produkt\/welschriesling-suedsteiermark-dac-2024-paket\/"]}]},{"@type":"ImageObject","inLanguage":"en-US","@id":"https:\/\/gutschwarzl.at\/produkt\/welschriesling-suedsteiermark-dac-2024-paket\/#primaryimage","url":"https:\/\/gutschwarzl.at\/wp-content\/uploads\/2024\/01\/WR-2024.jpg","contentUrl":"https:\/\/gutschwarzl.at\/wp-content\/uploads\/2024\/01\/WR-2024.jpg","width":591,"height":1748,"caption":"Welschriesling DAC 2024"},{"@type":"BreadcrumbList","@id":"https:\/\/gutschwarzl.at\/produkt\/welschriesling-suedsteiermark-dac-2024-paket\/#breadcrumb","itemListElement":[{"@type":"ListItem","position":1,"name":"Startseite","item":"https:\/\/gutschwarzl.at\/"},{"@type":"ListItem","position":2,"name":"Shop","item":"https:\/\/gutschwarzl.at\/shop\/"},{"@type":"ListItem","position":3,"name":"Welschriesling S\u00fcdsteiermark DAC 2024 PAKET"}]},{"@type":"WebSite","@id":"https:\/\/gutschwarzl.at\/#website","url":"https:\/\/gutschwarzl.at\/","name":"Gut Schwarzl","description":"Wo der Wein daheim ist","publisher":{"@id":"https:\/\/gutschwarzl.at\/#organization"},"potentialAction":[{"@type":"SearchAction","target":{"@type":"EntryPoint","urlTemplate":"https:\/\/gutschwarzl.at\/?s={search_term_string}"},"query-input":"required name=search_term_string"}],"inLanguage":"en-US"},{"@type":"Organization","@id":"https:\/\/gutschwarzl.at\/#organization","name":"Gut Schwarzl","url":"https:\/\/gutschwarzl.at\/","logo":{"@type":"ImageObject","inLanguage":"en-US","@id":"https:\/\/gutschwarzl.at\/#\/schema\/logo\/image\/","url":"https:\/\/gutschwarzl.at\/wp-content\/uploads\/2022\/04\/Logo-Gut-Schwarzl.svg","contentUrl":"https:\/\/gutschwarzl.at\/wp-content\/uploads\/2022\/04\/Logo-Gut-Schwarzl.svg","width":217,"height":217,"caption":"Gut Schwarzl"},"image":{"@id":"https:\/\/gutschwarzl.at\/#\/schema\/logo\/image\/"}}]}},"jetpack_sharing_enabled":true,"_links":{"self":[{"href":"https:\/\/gutschwarzl.at\/en\/wp-json\/wp\/v2\/product\/22052","targetHints":{"allow":["GET"]}}],"collection":[{"href":"https:\/\/gutschwarzl.at\/en\/wp-json\/wp\/v2\/product"}],"about":[{"href":"https:\/\/gutschwarzl.at\/en\/wp-json\/wp\/v2\/types\/product"}],"replies":[{"embeddable":true,"href":"https:\/\/gutschwarzl.at\/en\/wp-json\/wp\/v2\/comments?post=22052"}],"wp:featuredmedia":[{"embeddable":true,"href":"https:\/\/gutschwarzl.at\/en\/wp-json\/wp\/v2\/media\/21686"}],"wp:attachment":[{"href":"https:\/\/gutschwarzl.at\/en\/wp-json\/wp\/v2\/media?parent=22052"}],"wp:term":[{"taxonomy":"product_brand","embeddable":true,"href":"https:\/\/gutschwarzl.at\/en\/wp-json\/wp\/v2\/product_brand?post=22052"},{"taxonomy":"product_cat","embeddable":true,"href":"https:\/\/gutschwarzl.at\/en\/wp-json\/wp\/v2\/product_cat?post=22052"},{"taxonomy":"product_tag","embeddable":true,"href":"https:\/\/gutschwarzl.at\/en\/wp-json\/wp\/v2\/product_tag?post=22052"}],"curies":[{"name":"wp","href":"https:\/\/api.w.org\/{rel}","templated":true}]}}