{"id":21956,"date":"2025-10-21T10:40:48","date_gmt":"2025-10-21T08:40:48","guid":{"rendered":"https:\/\/gutschwarzl.at\/?post_type=product&#038;p=21956"},"modified":"2025-10-21T10:46:31","modified_gmt":"2025-10-21T08:46:31","slug":"sauvignon-blanc-ehrenhausen-dac-2024","status":"publish","type":"product","link":"https:\/\/gutschwarzl.at\/en\/product\/sauvignon-blanc-ehrenhausen-dac-2024\/","title":{"rendered":"Sauvignon blanc EHRENHAUSEN DAC 2024"},"content":{"rendered":"<h2 data-start=\"214\" data-end=\"297\"><strong data-start=\"217\" data-end=\"297\">Sauvignon Blanc Ehrenhausen DAC 2024 \u2013 Frische Eleganz aus der S\u00fcdsteiermark<\/strong><\/h2>\n<p data-start=\"299\" data-end=\"540\">Unser <strong data-start=\"305\" data-end=\"345\">Sauvignon Blanc Ehrenhausen DAC 2024<\/strong> bringt die klare Handschrift der S\u00fcdsteiermark ins Glas: Frisch, lebendig und mit einer typischen Aromatik, die durch die kalkhaltigen Lemb\u00f6den rund um Ehrenhausen ihre besondere Finesse erh\u00e4lt.<\/p>\n<p data-start=\"542\" data-end=\"865\">Dieser Jahrgang zeigt sich besonders ausgewogen: In der Nase duftet er nach <strong data-start=\"618\" data-end=\"681\">gr\u00fcnem Paprika, Holunderbl\u00fcten und einem Hauch Stachelbeere<\/strong>, begleitet von zitrischen Noten und feiner Kr\u00e4uterw\u00fcrze. Am Gaumen \u00fcberzeugt er mit <strong data-start=\"766\" data-end=\"785\">knackiger S\u00e4ure<\/strong>, <strong data-start=\"787\" data-end=\"808\">pr\u00e4ziser Struktur<\/strong> und einem <strong data-start=\"819\" data-end=\"843\">mineralischen Finish<\/strong>, das lange nachhallt.<\/p>\n<p data-start=\"542\" data-end=\"865\">E: 205kj\/36kcal in 100ml, enth\u00e4t Sulfite<br \/>\n<a href=\"https:\/\/elabel.steiermark.wine\/naehrwerttabelle\/details\/13634\">Zutaten<\/a><\/p>","protected":false},"excerpt":{"rendered":"<p>SOUTH STYRIA DAC<\/p>","protected":false},"featured_media":21534,"comment_status":"open","ping_status":"closed","template":"","meta":[],"product_brand":[],"product_cat":[37,117],"product_tag":[],"class_list":{"0":"post-21956","1":"product","2":"type-product","3":"status-publish","4":"has-post-thumbnail","6":"product_cat-wein","7":"product_cat-weiss","9":"first","10":"instock","11":"taxable","12":"shipping-taxable","13":"purchasable","14":"product-type-simple"},"yoast_head":"<!-- This site is optimized with the Yoast SEO plugin v23.2 - https:\/\/yoast.com\/wordpress\/plugins\/seo\/ -->\n<title>Morillon Ortswein EHRENHAUSEN 2022 | Gut Schwarzl<\/title>\n<meta name=\"description\" content=\"Sauvignon Blanc EHRENHAUSEN DAC 2024 aus der S\u00fcdsteiermark \u2013 mit Aromen von Holunder, Stachelbeere &amp; feiner Mineralit\u00e4t. Trocken, lebendig &amp; vielseitig.\" \/>\n<meta name=\"robots\" content=\"index, follow, max-snippet:-1, max-image-preview:large, max-video-preview:-1\" \/>\n<link rel=\"canonical\" href=\"https:\/\/gutschwarzl.at\/en\/product\/sauvignon-blanc-ehrenhausen-dac-2024\/\" \/>\n<meta property=\"og:locale\" content=\"en_US\" \/>\n<meta property=\"og:type\" content=\"article\" \/>\n<meta property=\"og:title\" content=\"Morillon Ortswein EHRENHAUSEN 2022 | Gut Schwarzl\" \/>\n<meta property=\"og:description\" content=\"Sauvignon Blanc EHRENHAUSEN DAC 2024 aus der S\u00fcdsteiermark \u2013 mit Aromen von Holunder, Stachelbeere &amp; feiner Mineralit\u00e4t. Trocken, lebendig &amp; vielseitig.\" \/>\n<meta property=\"og:url\" content=\"https:\/\/gutschwarzl.at\/en\/product\/sauvignon-blanc-ehrenhausen-dac-2024\/\" \/>\n<meta property=\"og:site_name\" content=\"Gut Schwarzl\" \/>\n<meta property=\"article:modified_time\" content=\"2025-10-21T08:46:31+00:00\" \/>\n<meta property=\"og:image\" content=\"https:\/\/gutschwarzl.at\/wp-content\/uploads\/2024\/10\/Morillon-EHR-22.jpg\" \/>\n\t<meta property=\"og:image:width\" content=\"591\" \/>\n\t<meta property=\"og:image:height\" content=\"1748\" \/>\n\t<meta property=\"og:image:type\" content=\"image\/jpeg\" \/>\n<meta name=\"twitter:card\" content=\"summary_large_image\" \/>\n<meta name=\"twitter:label1\" content=\"Est. reading time\" \/>\n\t<meta name=\"twitter:data1\" content=\"1 minute\" \/>\n<script type=\"application\/ld+json\" class=\"yoast-schema-graph\">{\"@context\":\"https:\/\/schema.org\",\"@graph\":[{\"@type\":\"WebPage\",\"@id\":\"https:\/\/gutschwarzl.at\/produkt\/sauvignon-blanc-ehrenhausen-dac-2024\/\",\"url\":\"https:\/\/gutschwarzl.at\/produkt\/sauvignon-blanc-ehrenhausen-dac-2024\/\",\"name\":\"Morillon Ortswein EHRENHAUSEN 2022 | Gut Schwarzl\",\"isPartOf\":{\"@id\":\"https:\/\/gutschwarzl.at\/#website\"},\"primaryImageOfPage\":{\"@id\":\"https:\/\/gutschwarzl.at\/produkt\/sauvignon-blanc-ehrenhausen-dac-2024\/#primaryimage\"},\"image\":{\"@id\":\"https:\/\/gutschwarzl.at\/produkt\/sauvignon-blanc-ehrenhausen-dac-2024\/#primaryimage\"},\"thumbnailUrl\":\"https:\/\/gutschwarzl.at\/wp-content\/uploads\/2024\/10\/Morillon-EHR-22.jpg\",\"datePublished\":\"2025-10-21T08:40:48+00:00\",\"dateModified\":\"2025-10-21T08:46:31+00:00\",\"description\":\"Sauvignon Blanc EHRENHAUSEN DAC 2024 aus der S\u00fcdsteiermark \u2013 mit Aromen von Holunder, Stachelbeere & feiner Mineralit\u00e4t. Trocken, lebendig & vielseitig.\",\"breadcrumb\":{\"@id\":\"https:\/\/gutschwarzl.at\/produkt\/sauvignon-blanc-ehrenhausen-dac-2024\/#breadcrumb\"},\"inLanguage\":\"en-US\",\"potentialAction\":[{\"@type\":\"ReadAction\",\"target\":[\"https:\/\/gutschwarzl.at\/produkt\/sauvignon-blanc-ehrenhausen-dac-2024\/\"]}]},{\"@type\":\"ImageObject\",\"inLanguage\":\"en-US\",\"@id\":\"https:\/\/gutschwarzl.at\/produkt\/sauvignon-blanc-ehrenhausen-dac-2024\/#primaryimage\",\"url\":\"https:\/\/gutschwarzl.at\/wp-content\/uploads\/2024\/10\/Morillon-EHR-22.jpg\",\"contentUrl\":\"https:\/\/gutschwarzl.at\/wp-content\/uploads\/2024\/10\/Morillon-EHR-22.jpg\",\"width\":591,\"height\":1748},{\"@type\":\"BreadcrumbList\",\"@id\":\"https:\/\/gutschwarzl.at\/produkt\/sauvignon-blanc-ehrenhausen-dac-2024\/#breadcrumb\",\"itemListElement\":[{\"@type\":\"ListItem\",\"position\":1,\"name\":\"Startseite\",\"item\":\"https:\/\/gutschwarzl.at\/\"},{\"@type\":\"ListItem\",\"position\":2,\"name\":\"Shop\",\"item\":\"https:\/\/gutschwarzl.at\/shop\/\"},{\"@type\":\"ListItem\",\"position\":3,\"name\":\"Sauvignon blanc EHRENHAUSEN DAC 2024\"}]},{\"@type\":\"WebSite\",\"@id\":\"https:\/\/gutschwarzl.at\/#website\",\"url\":\"https:\/\/gutschwarzl.at\/\",\"name\":\"Gut Schwarzl\",\"description\":\"Wo der Wein daheim ist\",\"publisher\":{\"@id\":\"https:\/\/gutschwarzl.at\/#organization\"},\"potentialAction\":[{\"@type\":\"SearchAction\",\"target\":{\"@type\":\"EntryPoint\",\"urlTemplate\":\"https:\/\/gutschwarzl.at\/?s={search_term_string}\"},\"query-input\":\"required name=search_term_string\"}],\"inLanguage\":\"en-US\"},{\"@type\":\"Organization\",\"@id\":\"https:\/\/gutschwarzl.at\/#organization\",\"name\":\"Gut Schwarzl\",\"url\":\"https:\/\/gutschwarzl.at\/\",\"logo\":{\"@type\":\"ImageObject\",\"inLanguage\":\"en-US\",\"@id\":\"https:\/\/gutschwarzl.at\/#\/schema\/logo\/image\/\",\"url\":\"https:\/\/gutschwarzl.at\/wp-content\/uploads\/2022\/04\/Logo-Gut-Schwarzl.svg\",\"contentUrl\":\"https:\/\/gutschwarzl.at\/wp-content\/uploads\/2022\/04\/Logo-Gut-Schwarzl.svg\",\"width\":217,\"height\":217,\"caption\":\"Gut Schwarzl\"},\"image\":{\"@id\":\"https:\/\/gutschwarzl.at\/#\/schema\/logo\/image\/\"}}]}<\/script>\n<!-- \/ Yoast SEO plugin. -->","yoast_head_json":{"title":"Morillon Ortswein EHRENHAUSEN 2022 | Gut Schwarzl","description":"Sauvignon Blanc EHRENHAUSEN DAC 2024 aus der S\u00fcdsteiermark \u2013 mit Aromen von Holunder, Stachelbeere & feiner Mineralit\u00e4t. Trocken, lebendig & vielseitig.","robots":{"index":"index","follow":"follow","max-snippet":"max-snippet:-1","max-image-preview":"max-image-preview:large","max-video-preview":"max-video-preview:-1"},"canonical":"https:\/\/gutschwarzl.at\/en\/product\/sauvignon-blanc-ehrenhausen-dac-2024\/","og_locale":"en_US","og_type":"article","og_title":"Morillon Ortswein EHRENHAUSEN 2022 | Gut Schwarzl","og_description":"Sauvignon Blanc EHRENHAUSEN DAC 2024 aus der S\u00fcdsteiermark \u2013 mit Aromen von Holunder, Stachelbeere & feiner Mineralit\u00e4t. Trocken, lebendig & vielseitig.","og_url":"https:\/\/gutschwarzl.at\/en\/product\/sauvignon-blanc-ehrenhausen-dac-2024\/","og_site_name":"Gut Schwarzl","article_modified_time":"2025-10-21T08:46:31+00:00","og_image":[{"width":591,"height":1748,"url":"https:\/\/gutschwarzl.at\/wp-content\/uploads\/2024\/10\/Morillon-EHR-22.jpg","type":"image\/jpeg"}],"twitter_card":"summary_large_image","twitter_misc":{"Est. reading time":"1 minute"},"schema":{"@context":"https:\/\/schema.org","@graph":[{"@type":"WebPage","@id":"https:\/\/gutschwarzl.at\/produkt\/sauvignon-blanc-ehrenhausen-dac-2024\/","url":"https:\/\/gutschwarzl.at\/produkt\/sauvignon-blanc-ehrenhausen-dac-2024\/","name":"Morillon Ortswein EHRENHAUSEN 2022 | Gut Schwarzl","isPartOf":{"@id":"https:\/\/gutschwarzl.at\/#website"},"primaryImageOfPage":{"@id":"https:\/\/gutschwarzl.at\/produkt\/sauvignon-blanc-ehrenhausen-dac-2024\/#primaryimage"},"image":{"@id":"https:\/\/gutschwarzl.at\/produkt\/sauvignon-blanc-ehrenhausen-dac-2024\/#primaryimage"},"thumbnailUrl":"https:\/\/gutschwarzl.at\/wp-content\/uploads\/2024\/10\/Morillon-EHR-22.jpg","datePublished":"2025-10-21T08:40:48+00:00","dateModified":"2025-10-21T08:46:31+00:00","description":"Sauvignon Blanc EHRENHAUSEN DAC 2024 aus der S\u00fcdsteiermark \u2013 mit Aromen von Holunder, Stachelbeere & feiner Mineralit\u00e4t. Trocken, lebendig & vielseitig.","breadcrumb":{"@id":"https:\/\/gutschwarzl.at\/produkt\/sauvignon-blanc-ehrenhausen-dac-2024\/#breadcrumb"},"inLanguage":"en-US","potentialAction":[{"@type":"ReadAction","target":["https:\/\/gutschwarzl.at\/produkt\/sauvignon-blanc-ehrenhausen-dac-2024\/"]}]},{"@type":"ImageObject","inLanguage":"en-US","@id":"https:\/\/gutschwarzl.at\/produkt\/sauvignon-blanc-ehrenhausen-dac-2024\/#primaryimage","url":"https:\/\/gutschwarzl.at\/wp-content\/uploads\/2024\/10\/Morillon-EHR-22.jpg","contentUrl":"https:\/\/gutschwarzl.at\/wp-content\/uploads\/2024\/10\/Morillon-EHR-22.jpg","width":591,"height":1748},{"@type":"BreadcrumbList","@id":"https:\/\/gutschwarzl.at\/produkt\/sauvignon-blanc-ehrenhausen-dac-2024\/#breadcrumb","itemListElement":[{"@type":"ListItem","position":1,"name":"Startseite","item":"https:\/\/gutschwarzl.at\/"},{"@type":"ListItem","position":2,"name":"Shop","item":"https:\/\/gutschwarzl.at\/shop\/"},{"@type":"ListItem","position":3,"name":"Sauvignon blanc EHRENHAUSEN DAC 2024"}]},{"@type":"WebSite","@id":"https:\/\/gutschwarzl.at\/#website","url":"https:\/\/gutschwarzl.at\/","name":"Gut Schwarzl","description":"Wo der Wein daheim ist","publisher":{"@id":"https:\/\/gutschwarzl.at\/#organization"},"potentialAction":[{"@type":"SearchAction","target":{"@type":"EntryPoint","urlTemplate":"https:\/\/gutschwarzl.at\/?s={search_term_string}"},"query-input":"required name=search_term_string"}],"inLanguage":"en-US"},{"@type":"Organization","@id":"https:\/\/gutschwarzl.at\/#organization","name":"Gut Schwarzl","url":"https:\/\/gutschwarzl.at\/","logo":{"@type":"ImageObject","inLanguage":"en-US","@id":"https:\/\/gutschwarzl.at\/#\/schema\/logo\/image\/","url":"https:\/\/gutschwarzl.at\/wp-content\/uploads\/2022\/04\/Logo-Gut-Schwarzl.svg","contentUrl":"https:\/\/gutschwarzl.at\/wp-content\/uploads\/2022\/04\/Logo-Gut-Schwarzl.svg","width":217,"height":217,"caption":"Gut Schwarzl"},"image":{"@id":"https:\/\/gutschwarzl.at\/#\/schema\/logo\/image\/"}}]}},"jetpack_sharing_enabled":true,"_links":{"self":[{"href":"https:\/\/gutschwarzl.at\/en\/wp-json\/wp\/v2\/product\/21956","targetHints":{"allow":["GET"]}}],"collection":[{"href":"https:\/\/gutschwarzl.at\/en\/wp-json\/wp\/v2\/product"}],"about":[{"href":"https:\/\/gutschwarzl.at\/en\/wp-json\/wp\/v2\/types\/product"}],"replies":[{"embeddable":true,"href":"https:\/\/gutschwarzl.at\/en\/wp-json\/wp\/v2\/comments?post=21956"}],"wp:featuredmedia":[{"embeddable":true,"href":"https:\/\/gutschwarzl.at\/en\/wp-json\/wp\/v2\/media\/21534"}],"wp:attachment":[{"href":"https:\/\/gutschwarzl.at\/en\/wp-json\/wp\/v2\/media?parent=21956"}],"wp:term":[{"taxonomy":"product_brand","embeddable":true,"href":"https:\/\/gutschwarzl.at\/en\/wp-json\/wp\/v2\/product_brand?post=21956"},{"taxonomy":"product_cat","embeddable":true,"href":"https:\/\/gutschwarzl.at\/en\/wp-json\/wp\/v2\/product_cat?post=21956"},{"taxonomy":"product_tag","embeddable":true,"href":"https:\/\/gutschwarzl.at\/en\/wp-json\/wp\/v2\/product_tag?post=21956"}],"curies":[{"name":"wp","href":"https:\/\/api.w.org\/{rel}","templated":true}]}}