{"id":21905,"date":"2025-08-18T15:26:40","date_gmt":"2025-08-18T13:26:40","guid":{"rendered":"https:\/\/gutschwarzl.at\/?post_type=product&#038;p=21905"},"modified":"2025-09-18T07:46:41","modified_gmt":"2025-09-18T05:46:41","slug":"volles-erlebnis","status":"publish","type":"product","link":"https:\/\/gutschwarzl.at\/en\/product\/volles-erlebnis\/","title":{"rendered":"Volles Erlebnis"},"content":{"rendered":"<p><b>KOSTBARE KOMBINATIONEN<\/b><\/p>\n<p><strong>Product description:<\/strong><\/p>\n<p><strong data-start=\"184\" data-end=\"275\">Gutschein f\u00fcr zwei Personen: \u201eVolles Erlebnis\u201c \u2013 Weinverkostung &amp; Betriebsf\u00fchrung<\/strong><br data-start=\"275\" data-end=\"278\" \/>Tauchen Sie ein in ein einzigartiges <strong data-start=\"315\" data-end=\"349\">Weinerlebnis f\u00fcr zwei Personen<\/strong>: Beim <em data-start=\"356\" data-end=\"379\">Volles Genusserlebnis<\/em> erwarten Sie ausgew\u00e4hlte Weine, kreative Food-Pairings und hausgemachte Delikatessen. Erg\u00e4nzt wird die Verkostung durch eine spannende <strong data-start=\"515\" data-end=\"534\">Betriebsf\u00fchrung<\/strong>, bei der Sie exklusive Einblicke in die Weinherstellung und unsere Genussphilosophie erhalten. Ein Geschenk voller Geschmack, Wissen und Atmosph\u00e4re \u2013 ideal f\u00fcr Paare, Freunde und Weinliebhaber.<\/p>\n<p><strong>Personalized:<\/strong><\/p>\n<p>We would be happy to issue you a personal voucher. Please enter your desired text under NOTE or send us an email to: <a href=\"mailto:office@gutschwarzl.at\" target=\"_blank\" rel=\"noopener\">office@gutschwarzl.at<\/a>.<\/p>","protected":false},"excerpt":{"rendered":"<p>KOSTBARE KOMBINATIONEN Produktbeschreibung: Gutschein f\u00fcr zwei Personen: \u201eVolles Erlebnis\u201c \u2013 Weinverkostung &amp; Betriebsf\u00fchrungTauchen Sie ein in ein einzigartiges Weinerlebnis f\u00fcr zwei Personen: Beim Volles Genusserlebnis erwarten Sie ausgew\u00e4hlte Weine, kreative Food-Pairings und hausgemachte Delikatessen. Erg\u00e4nzt wird die Verkostung durch eine spannende Betriebsf\u00fchrung, bei der Sie exklusive Einblicke in die Weinherstellung und unsere Genussphilosophie erhalten. Ein [&hellip;]<\/p>","protected":false},"featured_media":3147,"comment_status":"open","ping_status":"closed","template":"","meta":[],"product_brand":[],"product_cat":[146,147,41,42],"product_tag":[],"class_list":{"0":"post-21905","1":"product","2":"type-product","3":"status-publish","4":"has-post-thumbnail","6":"product_cat-gutscheine","7":"product_cat-verkostungstermine","8":"product_cat-geschenke","9":"product_cat-gutscheineverkostungen","11":"first","12":"instock","13":"taxable","14":"shipping-taxable","15":"purchasable","16":"product-type-simple"},"yoast_head":"<!-- This site is optimized with the Yoast SEO plugin v23.2 - https:\/\/yoast.com\/wordpress\/plugins\/seo\/ -->\n<title>Volles Erlebnis f\u00fcr besondere Momente | Weingut Schwarzl<\/title>\n<meta name=\"description\" content=\"Weinverkostung &amp; Betriebsf\u00fchrung: \u201eVolles Genusserlebnis\u201c f\u00fcr zwei mit erlesenen Weinen &amp; hausgemachten Delikatessen. Geschenkidee f\u00fcr Genie\u00dfer!\" \/>\n<meta name=\"robots\" content=\"index, follow, max-snippet:-1, max-image-preview:large, max-video-preview:-1\" \/>\n<link rel=\"canonical\" href=\"https:\/\/gutschwarzl.at\/en\/product\/volles-erlebnis\/\" \/>\n<meta property=\"og:locale\" content=\"en_US\" \/>\n<meta property=\"og:type\" content=\"article\" \/>\n<meta property=\"og:title\" content=\"Volles Erlebnis f\u00fcr besondere Momente | Weingut Schwarzl\" \/>\n<meta property=\"og:description\" content=\"Weinverkostung &amp; Betriebsf\u00fchrung: \u201eVolles Genusserlebnis\u201c f\u00fcr zwei mit erlesenen Weinen &amp; hausgemachten Delikatessen. Geschenkidee f\u00fcr Genie\u00dfer!\" \/>\n<meta property=\"og:url\" content=\"https:\/\/gutschwarzl.at\/en\/product\/volles-erlebnis\/\" \/>\n<meta property=\"og:site_name\" content=\"Gut Schwarzl\" \/>\n<meta property=\"article:modified_time\" content=\"2025-09-18T05:46:41+00:00\" \/>\n<meta property=\"og:image\" content=\"https:\/\/gutschwarzl.at\/wp-content\/uploads\/2022\/05\/Gutschwarzl_Gutschein_Vorlage-scaled.jpg\" \/>\n\t<meta property=\"og:image:width\" content=\"1810\" \/>\n\t<meta property=\"og:image:height\" content=\"2560\" \/>\n\t<meta property=\"og:image:type\" content=\"image\/jpeg\" \/>\n<meta name=\"twitter:card\" content=\"summary_large_image\" \/>\n<meta name=\"twitter:label1\" content=\"Est. reading time\" \/>\n\t<meta name=\"twitter:data1\" content=\"1 minute\" \/>\n<script type=\"application\/ld+json\" class=\"yoast-schema-graph\">{\"@context\":\"https:\/\/schema.org\",\"@graph\":[{\"@type\":\"WebPage\",\"@id\":\"https:\/\/gutschwarzl.at\/produkt\/volles-erlebnis\/\",\"url\":\"https:\/\/gutschwarzl.at\/produkt\/volles-erlebnis\/\",\"name\":\"Volles Erlebnis f\u00fcr besondere Momente | Weingut Schwarzl\",\"isPartOf\":{\"@id\":\"https:\/\/gutschwarzl.at\/#website\"},\"primaryImageOfPage\":{\"@id\":\"https:\/\/gutschwarzl.at\/produkt\/volles-erlebnis\/#primaryimage\"},\"image\":{\"@id\":\"https:\/\/gutschwarzl.at\/produkt\/volles-erlebnis\/#primaryimage\"},\"thumbnailUrl\":\"https:\/\/gutschwarzl.at\/wp-content\/uploads\/2022\/05\/Gutschwarzl_Gutschein_Vorlage-scaled.jpg\",\"datePublished\":\"2025-08-18T13:26:40+00:00\",\"dateModified\":\"2025-09-18T05:46:41+00:00\",\"description\":\"Weinverkostung & Betriebsf\u00fchrung: \u201eVolles Genusserlebnis\u201c f\u00fcr zwei mit erlesenen Weinen & hausgemachten Delikatessen. Geschenkidee f\u00fcr Genie\u00dfer!\",\"breadcrumb\":{\"@id\":\"https:\/\/gutschwarzl.at\/produkt\/volles-erlebnis\/#breadcrumb\"},\"inLanguage\":\"en-US\",\"potentialAction\":[{\"@type\":\"ReadAction\",\"target\":[\"https:\/\/gutschwarzl.at\/produkt\/volles-erlebnis\/\"]}]},{\"@type\":\"ImageObject\",\"inLanguage\":\"en-US\",\"@id\":\"https:\/\/gutschwarzl.at\/produkt\/volles-erlebnis\/#primaryimage\",\"url\":\"https:\/\/gutschwarzl.at\/wp-content\/uploads\/2022\/05\/Gutschwarzl_Gutschein_Vorlage-scaled.jpg\",\"contentUrl\":\"https:\/\/gutschwarzl.at\/wp-content\/uploads\/2022\/05\/Gutschwarzl_Gutschein_Vorlage-scaled.jpg\",\"width\":1810,\"height\":2560,\"caption\":\"Wertgutschein 500 \u20ac von Weingut Schwarzl.\"},{\"@type\":\"BreadcrumbList\",\"@id\":\"https:\/\/gutschwarzl.at\/produkt\/volles-erlebnis\/#breadcrumb\",\"itemListElement\":[{\"@type\":\"ListItem\",\"position\":1,\"name\":\"Startseite\",\"item\":\"https:\/\/gutschwarzl.at\/\"},{\"@type\":\"ListItem\",\"position\":2,\"name\":\"Shop\",\"item\":\"https:\/\/gutschwarzl.at\/shop\/\"},{\"@type\":\"ListItem\",\"position\":3,\"name\":\"Volles Erlebnis\"}]},{\"@type\":\"WebSite\",\"@id\":\"https:\/\/gutschwarzl.at\/#website\",\"url\":\"https:\/\/gutschwarzl.at\/\",\"name\":\"Gut Schwarzl\",\"description\":\"Wo der Wein daheim ist\",\"publisher\":{\"@id\":\"https:\/\/gutschwarzl.at\/#organization\"},\"potentialAction\":[{\"@type\":\"SearchAction\",\"target\":{\"@type\":\"EntryPoint\",\"urlTemplate\":\"https:\/\/gutschwarzl.at\/?s={search_term_string}\"},\"query-input\":\"required name=search_term_string\"}],\"inLanguage\":\"en-US\"},{\"@type\":\"Organization\",\"@id\":\"https:\/\/gutschwarzl.at\/#organization\",\"name\":\"Gut Schwarzl\",\"url\":\"https:\/\/gutschwarzl.at\/\",\"logo\":{\"@type\":\"ImageObject\",\"inLanguage\":\"en-US\",\"@id\":\"https:\/\/gutschwarzl.at\/#\/schema\/logo\/image\/\",\"url\":\"https:\/\/gutschwarzl.at\/wp-content\/uploads\/2022\/04\/Logo-Gut-Schwarzl.svg\",\"contentUrl\":\"https:\/\/gutschwarzl.at\/wp-content\/uploads\/2022\/04\/Logo-Gut-Schwarzl.svg\",\"width\":217,\"height\":217,\"caption\":\"Gut Schwarzl\"},\"image\":{\"@id\":\"https:\/\/gutschwarzl.at\/#\/schema\/logo\/image\/\"}}]}<\/script>\n<!-- \/ Yoast SEO plugin. -->","yoast_head_json":{"title":"Volles Erlebnis f\u00fcr besondere Momente | Weingut Schwarzl","description":"Weinverkostung & Betriebsf\u00fchrung: \u201eVolles Genusserlebnis\u201c f\u00fcr zwei mit erlesenen Weinen & hausgemachten Delikatessen. Geschenkidee f\u00fcr Genie\u00dfer!","robots":{"index":"index","follow":"follow","max-snippet":"max-snippet:-1","max-image-preview":"max-image-preview:large","max-video-preview":"max-video-preview:-1"},"canonical":"https:\/\/gutschwarzl.at\/en\/product\/volles-erlebnis\/","og_locale":"en_US","og_type":"article","og_title":"Volles Erlebnis f\u00fcr besondere Momente | Weingut Schwarzl","og_description":"Weinverkostung & Betriebsf\u00fchrung: \u201eVolles Genusserlebnis\u201c f\u00fcr zwei mit erlesenen Weinen & hausgemachten Delikatessen. Geschenkidee f\u00fcr Genie\u00dfer!","og_url":"https:\/\/gutschwarzl.at\/en\/product\/volles-erlebnis\/","og_site_name":"Gut Schwarzl","article_modified_time":"2025-09-18T05:46:41+00:00","og_image":[{"width":1810,"height":2560,"url":"https:\/\/gutschwarzl.at\/wp-content\/uploads\/2022\/05\/Gutschwarzl_Gutschein_Vorlage-scaled.jpg","type":"image\/jpeg"}],"twitter_card":"summary_large_image","twitter_misc":{"Est. reading time":"1 minute"},"schema":{"@context":"https:\/\/schema.org","@graph":[{"@type":"WebPage","@id":"https:\/\/gutschwarzl.at\/produkt\/volles-erlebnis\/","url":"https:\/\/gutschwarzl.at\/produkt\/volles-erlebnis\/","name":"Volles Erlebnis f\u00fcr besondere Momente | Weingut Schwarzl","isPartOf":{"@id":"https:\/\/gutschwarzl.at\/#website"},"primaryImageOfPage":{"@id":"https:\/\/gutschwarzl.at\/produkt\/volles-erlebnis\/#primaryimage"},"image":{"@id":"https:\/\/gutschwarzl.at\/produkt\/volles-erlebnis\/#primaryimage"},"thumbnailUrl":"https:\/\/gutschwarzl.at\/wp-content\/uploads\/2022\/05\/Gutschwarzl_Gutschein_Vorlage-scaled.jpg","datePublished":"2025-08-18T13:26:40+00:00","dateModified":"2025-09-18T05:46:41+00:00","description":"Weinverkostung & Betriebsf\u00fchrung: \u201eVolles Genusserlebnis\u201c f\u00fcr zwei mit erlesenen Weinen & hausgemachten Delikatessen. Geschenkidee f\u00fcr Genie\u00dfer!","breadcrumb":{"@id":"https:\/\/gutschwarzl.at\/produkt\/volles-erlebnis\/#breadcrumb"},"inLanguage":"en-US","potentialAction":[{"@type":"ReadAction","target":["https:\/\/gutschwarzl.at\/produkt\/volles-erlebnis\/"]}]},{"@type":"ImageObject","inLanguage":"en-US","@id":"https:\/\/gutschwarzl.at\/produkt\/volles-erlebnis\/#primaryimage","url":"https:\/\/gutschwarzl.at\/wp-content\/uploads\/2022\/05\/Gutschwarzl_Gutschein_Vorlage-scaled.jpg","contentUrl":"https:\/\/gutschwarzl.at\/wp-content\/uploads\/2022\/05\/Gutschwarzl_Gutschein_Vorlage-scaled.jpg","width":1810,"height":2560,"caption":"Wertgutschein 500 \u20ac von Weingut Schwarzl."},{"@type":"BreadcrumbList","@id":"https:\/\/gutschwarzl.at\/produkt\/volles-erlebnis\/#breadcrumb","itemListElement":[{"@type":"ListItem","position":1,"name":"Startseite","item":"https:\/\/gutschwarzl.at\/"},{"@type":"ListItem","position":2,"name":"Shop","item":"https:\/\/gutschwarzl.at\/shop\/"},{"@type":"ListItem","position":3,"name":"Volles Erlebnis"}]},{"@type":"WebSite","@id":"https:\/\/gutschwarzl.at\/#website","url":"https:\/\/gutschwarzl.at\/","name":"Gut Schwarzl","description":"Wo der Wein daheim ist","publisher":{"@id":"https:\/\/gutschwarzl.at\/#organization"},"potentialAction":[{"@type":"SearchAction","target":{"@type":"EntryPoint","urlTemplate":"https:\/\/gutschwarzl.at\/?s={search_term_string}"},"query-input":"required name=search_term_string"}],"inLanguage":"en-US"},{"@type":"Organization","@id":"https:\/\/gutschwarzl.at\/#organization","name":"Gut Schwarzl","url":"https:\/\/gutschwarzl.at\/","logo":{"@type":"ImageObject","inLanguage":"en-US","@id":"https:\/\/gutschwarzl.at\/#\/schema\/logo\/image\/","url":"https:\/\/gutschwarzl.at\/wp-content\/uploads\/2022\/04\/Logo-Gut-Schwarzl.svg","contentUrl":"https:\/\/gutschwarzl.at\/wp-content\/uploads\/2022\/04\/Logo-Gut-Schwarzl.svg","width":217,"height":217,"caption":"Gut Schwarzl"},"image":{"@id":"https:\/\/gutschwarzl.at\/#\/schema\/logo\/image\/"}}]}},"jetpack_sharing_enabled":true,"_links":{"self":[{"href":"https:\/\/gutschwarzl.at\/en\/wp-json\/wp\/v2\/product\/21905","targetHints":{"allow":["GET"]}}],"collection":[{"href":"https:\/\/gutschwarzl.at\/en\/wp-json\/wp\/v2\/product"}],"about":[{"href":"https:\/\/gutschwarzl.at\/en\/wp-json\/wp\/v2\/types\/product"}],"replies":[{"embeddable":true,"href":"https:\/\/gutschwarzl.at\/en\/wp-json\/wp\/v2\/comments?post=21905"}],"wp:featuredmedia":[{"embeddable":true,"href":"https:\/\/gutschwarzl.at\/en\/wp-json\/wp\/v2\/media\/3147"}],"wp:attachment":[{"href":"https:\/\/gutschwarzl.at\/en\/wp-json\/wp\/v2\/media?parent=21905"}],"wp:term":[{"taxonomy":"product_brand","embeddable":true,"href":"https:\/\/gutschwarzl.at\/en\/wp-json\/wp\/v2\/product_brand?post=21905"},{"taxonomy":"product_cat","embeddable":true,"href":"https:\/\/gutschwarzl.at\/en\/wp-json\/wp\/v2\/product_cat?post=21905"},{"taxonomy":"product_tag","embeddable":true,"href":"https:\/\/gutschwarzl.at\/en\/wp-json\/wp\/v2\/product_tag?post=21905"}],"curies":[{"name":"wp","href":"https:\/\/api.w.org\/{rel}","templated":true}]}}