{"id":21902,"date":"2025-08-09T09:58:09","date_gmt":"2025-08-09T07:58:09","guid":{"rendered":"https:\/\/gutschwarzl.at\/?post_type=product&#038;p=21902"},"modified":"2026-02-07T19:15:24","modified_gmt":"2026-02-07T18:15:24","slug":"isabellatrauben-fruchtaufstrich","status":"publish","type":"product","link":"https:\/\/gutschwarzl.at\/en\/product\/isabellatrauben-fruchtaufstrich\/","title":{"rendered":"Isabellatrauben-Fruchtaufstrich"},"content":{"rendered":"<p><strong>PRODUCED BY HAND IN SOUTH STYRIA<\/strong><\/p>\n<p data-start=\"164\" data-end=\"242\"><strong data-start=\"164\" data-end=\"240\">Isabellatrauben-Fruchtaufstrich \u2013 Aromatischer Genuss aus der Steiermark<\/strong><\/p>\n<p data-start=\"244\" data-end=\"506\">Unser hausgemachter <strong data-start=\"264\" data-end=\"299\">Isabellatrauben-Fruchtaufstrich<\/strong> ist ein echtes St\u00fcck steirischer Tradition im Glas. Aus sonnenverw\u00f6hnten, handverlesenen Isabellatrauben gekocht und schonend passiert, ist er zu <strong data-start=\"446\" data-end=\"463\">99 % kernfrei<\/strong> \u2013 f\u00fcr besonders feinen, samtigen Genuss.<\/p>\n<p data-start=\"508\" data-end=\"855\">Das unverwechselbare Aroma der Isabellatraube \u2013 intensiv fruchtig mit einer leicht erdigen Note \u2013 macht diesen Aufstrich zu etwas ganz Besonderem.<br data-start=\"654\" data-end=\"657\" \/>Ob zum Fr\u00fchst\u00fcck auf frischem Bauernbrot, als feine F\u00fcllung f\u00fcr Geb\u00e4ck oder als s\u00fc\u00df-fruchtiger Begleiter zu K\u00e4se: Dieser Fruchtaufstrich bringt den Geschmack des Sp\u00e4tsommers direkt auf den Teller.<\/p>\n<p data-start=\"857\" data-end=\"972\">Wir verzichten bewusst auf k\u00fcnstliche Zus\u00e4tze und verwenden nur beste Zutaten \u2013 f\u00fcr reinen, authentischen Genuss.<\/p>\n<p data-start=\"974\" data-end=\"1032\"><strong data-start=\"974\" data-end=\"1030\">Highlights unseres Isabellatrauben-Fruchtaufstrichs:<\/strong><\/p>\n<ul data-start=\"1033\" data-end=\"1259\">\n<li data-start=\"1033\" data-end=\"1081\">\n<p data-start=\"1035\" data-end=\"1081\">100 % aus reifen steirischen Isabellatrauben<\/p>\n<\/li>\n<li data-start=\"1082\" data-end=\"1124\">\n<p data-start=\"1084\" data-end=\"1124\">Schonend passiert \u2013 zu 99 % ohne Kerne<\/p>\n<\/li>\n<li data-start=\"1125\" data-end=\"1177\">\n<p data-start=\"1127\" data-end=\"1177\">Intensives Aroma dank traditioneller Herstellung<\/p>\n<\/li>\n<li data-start=\"1178\" data-end=\"1224\">\n<p data-start=\"1180\" data-end=\"1224\">Vielseitig kombinierbar: s\u00fc\u00df oder herzhaft<\/p>\n<\/li>\n<li data-start=\"1225\" data-end=\"1259\">\n<p data-start=\"1227\" data-end=\"1259\">Handgemacht in kleinen Chargen<\/p>\n<\/li>\n<\/ul>\n<p data-start=\"1261\" data-end=\"1345\">Entdecke den besonderen Geschmack der Steiermark \u2013 <strong data-start=\"1312\" data-end=\"1345\">jetzt bestellen und genie\u00dfen!<\/strong><\/p>\n<p><strong>Ingredients:<\/strong> Isabellatraubenmus, Zucker, Pektin, S\u00e4uerungsmittel Schilcheressig.<\/p>\n<p>&nbsp;<\/p>","protected":false},"excerpt":{"rendered":"<p>VON HAND PRODUZIERT IN DER S\u00dcDSTEIERMARK Isabellatrauben-Fruchtaufstrich \u2013 Aromatischer Genuss aus der Steiermark Unser hausgemachter Isabellatrauben-Fruchtaufstrich ist ein echtes St\u00fcck steirischer Tradition im Glas. Aus sonnenverw\u00f6hnten, handverlesenen Isabellatrauben gekocht und schonend passiert, ist er zu 99 % kernfrei \u2013 f\u00fcr besonders feinen, samtigen Genuss. Das unverwechselbare Aroma der Isabellatraube \u2013 intensiv fruchtig mit einer leicht [&hellip;]<\/p>","protected":false},"featured_media":0,"comment_status":"open","ping_status":"closed","template":"","meta":[],"product_brand":[],"product_cat":[40,123,22],"product_tag":[],"class_list":{"0":"post-21902","1":"product","2":"type-product","3":"status-publish","5":"product_cat-delikatessen","6":"product_cat-fruchtaufstrich-konfituere","7":"product_cat-aktionen","9":"first","10":"instock","11":"taxable","12":"shipping-taxable","13":"purchasable","14":"product-type-simple"},"yoast_head":"<!-- This site is optimized with the Yoast SEO plugin v23.2 - https:\/\/yoast.com\/wordpress\/plugins\/seo\/ -->\n<title>Isabella Trauben Fruchtaufstrich - Katharinas Delikatessen<\/title>\n<meta name=\"description\" content=\"Handgemachter Isabellatrauben-Fruchtaufstrich aus der Steiermark \u2013 99 % kernfrei, aromatisch und vielseitig f\u00fcr s\u00fc\u00dfe &amp; herzhafte Momente.\" \/>\n<meta name=\"robots\" content=\"index, follow, max-snippet:-1, max-image-preview:large, max-video-preview:-1\" \/>\n<link rel=\"canonical\" href=\"https:\/\/gutschwarzl.at\/en\/product\/isabellatrauben-fruchtaufstrich\/\" \/>\n<meta property=\"og:locale\" content=\"en_US\" \/>\n<meta property=\"og:type\" content=\"article\" \/>\n<meta property=\"og:title\" content=\"Isabella Trauben Fruchtaufstrich - Katharinas Delikatessen\" \/>\n<meta property=\"og:description\" content=\"Handgemachter Isabellatrauben-Fruchtaufstrich aus der Steiermark \u2013 99 % kernfrei, aromatisch und vielseitig f\u00fcr s\u00fc\u00dfe &amp; herzhafte Momente.\" \/>\n<meta property=\"og:url\" content=\"https:\/\/gutschwarzl.at\/en\/product\/isabellatrauben-fruchtaufstrich\/\" \/>\n<meta property=\"og:site_name\" content=\"Gut Schwarzl\" \/>\n<meta property=\"article:modified_time\" content=\"2026-02-07T18:15:24+00:00\" \/>\n<meta name=\"twitter:card\" content=\"summary_large_image\" \/>\n<meta name=\"twitter:label1\" content=\"Est. reading time\" \/>\n\t<meta name=\"twitter:data1\" content=\"1 minute\" \/>\n<script type=\"application\/ld+json\" class=\"yoast-schema-graph\">{\"@context\":\"https:\/\/schema.org\",\"@graph\":[{\"@type\":\"WebPage\",\"@id\":\"https:\/\/gutschwarzl.at\/produkt\/isabellatrauben-fruchtaufstrich\/\",\"url\":\"https:\/\/gutschwarzl.at\/produkt\/isabellatrauben-fruchtaufstrich\/\",\"name\":\"Isabella Trauben Fruchtaufstrich - Katharinas Delikatessen\",\"isPartOf\":{\"@id\":\"https:\/\/gutschwarzl.at\/#website\"},\"datePublished\":\"2025-08-09T07:58:09+00:00\",\"dateModified\":\"2026-02-07T18:15:24+00:00\",\"description\":\"Handgemachter Isabellatrauben-Fruchtaufstrich aus der Steiermark \u2013 99 % kernfrei, aromatisch und vielseitig f\u00fcr s\u00fc\u00dfe & herzhafte Momente.\",\"breadcrumb\":{\"@id\":\"https:\/\/gutschwarzl.at\/produkt\/isabellatrauben-fruchtaufstrich\/#breadcrumb\"},\"inLanguage\":\"en-US\",\"potentialAction\":[{\"@type\":\"ReadAction\",\"target\":[\"https:\/\/gutschwarzl.at\/produkt\/isabellatrauben-fruchtaufstrich\/\"]}]},{\"@type\":\"BreadcrumbList\",\"@id\":\"https:\/\/gutschwarzl.at\/produkt\/isabellatrauben-fruchtaufstrich\/#breadcrumb\",\"itemListElement\":[{\"@type\":\"ListItem\",\"position\":1,\"name\":\"Startseite\",\"item\":\"https:\/\/gutschwarzl.at\/\"},{\"@type\":\"ListItem\",\"position\":2,\"name\":\"Shop\",\"item\":\"https:\/\/gutschwarzl.at\/shop\/\"},{\"@type\":\"ListItem\",\"position\":3,\"name\":\"Isabellatrauben-Fruchtaufstrich\"}]},{\"@type\":\"WebSite\",\"@id\":\"https:\/\/gutschwarzl.at\/#website\",\"url\":\"https:\/\/gutschwarzl.at\/\",\"name\":\"Gut Schwarzl\",\"description\":\"Wo der Wein daheim ist\",\"publisher\":{\"@id\":\"https:\/\/gutschwarzl.at\/#organization\"},\"potentialAction\":[{\"@type\":\"SearchAction\",\"target\":{\"@type\":\"EntryPoint\",\"urlTemplate\":\"https:\/\/gutschwarzl.at\/?s={search_term_string}\"},\"query-input\":\"required name=search_term_string\"}],\"inLanguage\":\"en-US\"},{\"@type\":\"Organization\",\"@id\":\"https:\/\/gutschwarzl.at\/#organization\",\"name\":\"Gut Schwarzl\",\"url\":\"https:\/\/gutschwarzl.at\/\",\"logo\":{\"@type\":\"ImageObject\",\"inLanguage\":\"en-US\",\"@id\":\"https:\/\/gutschwarzl.at\/#\/schema\/logo\/image\/\",\"url\":\"https:\/\/gutschwarzl.at\/wp-content\/uploads\/2022\/04\/Logo-Gut-Schwarzl.svg\",\"contentUrl\":\"https:\/\/gutschwarzl.at\/wp-content\/uploads\/2022\/04\/Logo-Gut-Schwarzl.svg\",\"width\":217,\"height\":217,\"caption\":\"Gut Schwarzl\"},\"image\":{\"@id\":\"https:\/\/gutschwarzl.at\/#\/schema\/logo\/image\/\"}}]}<\/script>\n<!-- \/ Yoast SEO plugin. -->","yoast_head_json":{"title":"Isabella Trauben Fruchtaufstrich - Katharinas Delikatessen","description":"Handgemachter Isabellatrauben-Fruchtaufstrich aus der Steiermark \u2013 99 % kernfrei, aromatisch und vielseitig f\u00fcr s\u00fc\u00dfe & herzhafte Momente.","robots":{"index":"index","follow":"follow","max-snippet":"max-snippet:-1","max-image-preview":"max-image-preview:large","max-video-preview":"max-video-preview:-1"},"canonical":"https:\/\/gutschwarzl.at\/en\/product\/isabellatrauben-fruchtaufstrich\/","og_locale":"en_US","og_type":"article","og_title":"Isabella Trauben Fruchtaufstrich - Katharinas Delikatessen","og_description":"Handgemachter Isabellatrauben-Fruchtaufstrich aus der Steiermark \u2013 99 % kernfrei, aromatisch und vielseitig f\u00fcr s\u00fc\u00dfe & herzhafte Momente.","og_url":"https:\/\/gutschwarzl.at\/en\/product\/isabellatrauben-fruchtaufstrich\/","og_site_name":"Gut Schwarzl","article_modified_time":"2026-02-07T18:15:24+00:00","twitter_card":"summary_large_image","twitter_misc":{"Est. reading time":"1 minute"},"schema":{"@context":"https:\/\/schema.org","@graph":[{"@type":"WebPage","@id":"https:\/\/gutschwarzl.at\/produkt\/isabellatrauben-fruchtaufstrich\/","url":"https:\/\/gutschwarzl.at\/produkt\/isabellatrauben-fruchtaufstrich\/","name":"Isabella Trauben Fruchtaufstrich - Katharinas Delikatessen","isPartOf":{"@id":"https:\/\/gutschwarzl.at\/#website"},"datePublished":"2025-08-09T07:58:09+00:00","dateModified":"2026-02-07T18:15:24+00:00","description":"Handgemachter Isabellatrauben-Fruchtaufstrich aus der Steiermark \u2013 99 % kernfrei, aromatisch und vielseitig f\u00fcr s\u00fc\u00dfe & herzhafte Momente.","breadcrumb":{"@id":"https:\/\/gutschwarzl.at\/produkt\/isabellatrauben-fruchtaufstrich\/#breadcrumb"},"inLanguage":"en-US","potentialAction":[{"@type":"ReadAction","target":["https:\/\/gutschwarzl.at\/produkt\/isabellatrauben-fruchtaufstrich\/"]}]},{"@type":"BreadcrumbList","@id":"https:\/\/gutschwarzl.at\/produkt\/isabellatrauben-fruchtaufstrich\/#breadcrumb","itemListElement":[{"@type":"ListItem","position":1,"name":"Startseite","item":"https:\/\/gutschwarzl.at\/"},{"@type":"ListItem","position":2,"name":"Shop","item":"https:\/\/gutschwarzl.at\/shop\/"},{"@type":"ListItem","position":3,"name":"Isabellatrauben-Fruchtaufstrich"}]},{"@type":"WebSite","@id":"https:\/\/gutschwarzl.at\/#website","url":"https:\/\/gutschwarzl.at\/","name":"Gut Schwarzl","description":"Wo der Wein daheim ist","publisher":{"@id":"https:\/\/gutschwarzl.at\/#organization"},"potentialAction":[{"@type":"SearchAction","target":{"@type":"EntryPoint","urlTemplate":"https:\/\/gutschwarzl.at\/?s={search_term_string}"},"query-input":"required name=search_term_string"}],"inLanguage":"en-US"},{"@type":"Organization","@id":"https:\/\/gutschwarzl.at\/#organization","name":"Gut Schwarzl","url":"https:\/\/gutschwarzl.at\/","logo":{"@type":"ImageObject","inLanguage":"en-US","@id":"https:\/\/gutschwarzl.at\/#\/schema\/logo\/image\/","url":"https:\/\/gutschwarzl.at\/wp-content\/uploads\/2022\/04\/Logo-Gut-Schwarzl.svg","contentUrl":"https:\/\/gutschwarzl.at\/wp-content\/uploads\/2022\/04\/Logo-Gut-Schwarzl.svg","width":217,"height":217,"caption":"Gut Schwarzl"},"image":{"@id":"https:\/\/gutschwarzl.at\/#\/schema\/logo\/image\/"}}]}},"jetpack_sharing_enabled":true,"_links":{"self":[{"href":"https:\/\/gutschwarzl.at\/en\/wp-json\/wp\/v2\/product\/21902","targetHints":{"allow":["GET"]}}],"collection":[{"href":"https:\/\/gutschwarzl.at\/en\/wp-json\/wp\/v2\/product"}],"about":[{"href":"https:\/\/gutschwarzl.at\/en\/wp-json\/wp\/v2\/types\/product"}],"replies":[{"embeddable":true,"href":"https:\/\/gutschwarzl.at\/en\/wp-json\/wp\/v2\/comments?post=21902"}],"wp:attachment":[{"href":"https:\/\/gutschwarzl.at\/en\/wp-json\/wp\/v2\/media?parent=21902"}],"wp:term":[{"taxonomy":"product_brand","embeddable":true,"href":"https:\/\/gutschwarzl.at\/en\/wp-json\/wp\/v2\/product_brand?post=21902"},{"taxonomy":"product_cat","embeddable":true,"href":"https:\/\/gutschwarzl.at\/en\/wp-json\/wp\/v2\/product_cat?post=21902"},{"taxonomy":"product_tag","embeddable":true,"href":"https:\/\/gutschwarzl.at\/en\/wp-json\/wp\/v2\/product_tag?post=21902"}],"curies":[{"name":"wp","href":"https:\/\/api.w.org\/{rel}","templated":true}]}}