{"id":21899,"date":"2025-08-09T09:48:01","date_gmt":"2025-08-09T07:48:01","guid":{"rendered":"https:\/\/gutschwarzl.at\/?post_type=product&#038;p=21899"},"modified":"2026-04-21T06:38:49","modified_gmt":"2026-04-21T04:38:49","slug":"schwarzls-genussrucksack","status":"publish","type":"product","link":"https:\/\/gutschwarzl.at\/en\/product\/schwarzls-genussrucksack\/","title":{"rendered":"Schwarzl\u00b4s Genussrucksack"},"content":{"rendered":"<p data-start=\"513\" data-end=\"594\"><strong data-start=\"513\" data-end=\"592\">Schwarzls Genussrucksack \u2013 Handgemachte Spezialit\u00e4ten aus der S\u00fcdsteiermark<\/strong><\/p>\n<p data-start=\"596\" data-end=\"888\">Unser <strong data-start=\"602\" data-end=\"630\">Schwarzls Genussrucksack<\/strong> ist gef\u00fcllt mit den besten Schmankerln aus unserem Familienbetrieb in der S\u00fcdsteiermark \u2013 frisch, regional und mit viel Liebe zubereitet. Ob als Geschenk, Mitbringsel oder zum Selbstgenie\u00dfen: Jeder Rucksack ist eine kulinarische Reise durch unsere Heimat.<\/p>\n<p data-start=\"890\" data-end=\"912\"><strong data-start=\"890\" data-end=\"910\">Das steckt drin:<\/strong><\/p>\n<ul data-start=\"913\" data-end=\"1201\">\n<li data-start=\"913\" data-end=\"958\">\n<p data-start=\"915\" data-end=\"958\">eine Flasche Wei\u00dfburgunder<\/p>\n<\/li>\n<li data-start=\"913\" data-end=\"958\">\n<p data-start=\"915\" data-end=\"958\">eine Flasche Traubensaft<\/p>\n<\/li>\n<li data-start=\"913\" data-end=\"958\">\n<p data-start=\"915\" data-end=\"958\">ein Glas Crema di paprika<\/p>\n<\/li>\n<li data-start=\"913\" data-end=\"958\">\n<p data-start=\"915\" data-end=\"958\">ein Glas Chutney<\/p>\n<\/li>\n<li data-start=\"913\" data-end=\"958\">\n<p data-start=\"915\" data-end=\"958\">eine Flasche K\u00fcrbiskern\u00f6l 0,5lt<\/p>\n<\/li>\n<li data-start=\"913\" data-end=\"958\">Wanderkarte S\u00fcdsteiermark<\/li>\n<\/ul>\n<p data-start=\"1203\" data-end=\"1372\">Jedes Produkt steht f\u00fcr <strong data-start=\"1227\" data-end=\"1275\">echtes Handwerk<\/strong> \u2013 sorgf\u00e4ltig ausgew\u00e4hlt und liebevoll verpackt in einem praktischen, robusten Rucksack.<\/p>\n<p data-start=\"1374\" data-end=\"1507\">\u2714 Perfekt als Geschenk f\u00fcr Genussmenschen<br data-start=\"1415\" data-end=\"1418\" \/>\u2714 Regionale K\u00f6stlichkeiten direkt vom Familienbetrieb<\/p>\n<p data-start=\"1509\" data-end=\"1600\"><strong data-start=\"1509\" data-end=\"1598\">Jetzt Schwarzls Genussrucksack bestellen und den Geschmack der S\u00fcdsteiermark erleben!<\/strong><\/p>","protected":false},"excerpt":{"rendered":"<p>Schwarzls Genussrucksack \u2013 Handgemachte Spezialit\u00e4ten aus der S\u00fcdsteiermark Unser Schwarzls Genussrucksack ist gef\u00fcllt mit den besten Schmankerln aus unserem Familienbetrieb in der S\u00fcdsteiermark \u2013 frisch, regional und mit viel Liebe zubereitet. Ob als Geschenk, Mitbringsel oder zum Selbstgenie\u00dfen: Jeder Rucksack ist eine kulinarische Reise durch unsere Heimat. Das steckt drin: eine Flasche Wei\u00dfburgunder eine Flasche [&hellip;]<\/p>","protected":false},"featured_media":21528,"comment_status":"open","ping_status":"closed","template":"","meta":[],"product_brand":[],"product_cat":[22,41],"product_tag":[],"class_list":{"0":"post-21899","1":"product","2":"type-product","3":"status-publish","4":"has-post-thumbnail","6":"product_cat-aktionen","7":"product_cat-geschenke","9":"first","10":"instock","11":"taxable","12":"shipping-taxable","13":"purchasable","14":"product-type-simple"},"yoast_head":"<!-- This site is optimized with the Yoast SEO plugin v23.2 - https:\/\/yoast.com\/wordpress\/plugins\/seo\/ -->\n<title>Schwarzl\u00b4s Genussrucksack - Gut Schwarzl<\/title>\n<meta name=\"description\" content=\"Entdecke Schwarzls Genussrucksack: Handgemachte K\u00f6stlichkeiten, frisch aus der S\u00fcdsteiermark. Perfekt als Geschenk oder f\u00fcr den eigenen Genuss.\" \/>\n<meta name=\"robots\" content=\"index, follow, max-snippet:-1, max-image-preview:large, max-video-preview:-1\" \/>\n<link rel=\"canonical\" href=\"https:\/\/gutschwarzl.at\/en\/product\/schwarzls-genussrucksack\/\" \/>\n<meta property=\"og:locale\" content=\"en_US\" \/>\n<meta property=\"og:type\" content=\"article\" \/>\n<meta property=\"og:title\" content=\"Schwarzl\u00b4s Genussrucksack - Gut Schwarzl\" \/>\n<meta property=\"og:description\" content=\"Entdecke Schwarzls Genussrucksack: Handgemachte K\u00f6stlichkeiten, frisch aus der S\u00fcdsteiermark. Perfekt als Geschenk oder f\u00fcr den eigenen Genuss.\" \/>\n<meta property=\"og:url\" content=\"https:\/\/gutschwarzl.at\/en\/product\/schwarzls-genussrucksack\/\" \/>\n<meta property=\"og:site_name\" content=\"Gut Schwarzl\" \/>\n<meta property=\"article:modified_time\" content=\"2026-04-21T04:38:49+00:00\" \/>\n<meta property=\"og:image\" content=\"https:\/\/gutschwarzl.at\/wp-content\/uploads\/2024\/01\/Rucksack-e1731052764158.jpg\" \/>\n\t<meta property=\"og:image:width\" content=\"1240\" \/>\n\t<meta property=\"og:image:height\" content=\"1302\" \/>\n\t<meta property=\"og:image:type\" content=\"image\/jpeg\" \/>\n<meta name=\"twitter:card\" content=\"summary_large_image\" \/>\n<meta name=\"twitter:label1\" content=\"Est. reading time\" \/>\n\t<meta name=\"twitter:data1\" content=\"1 minute\" \/>\n<script type=\"application\/ld+json\" class=\"yoast-schema-graph\">{\"@context\":\"https:\/\/schema.org\",\"@graph\":[{\"@type\":\"WebPage\",\"@id\":\"https:\/\/gutschwarzl.at\/produkt\/schwarzls-genussrucksack\/\",\"url\":\"https:\/\/gutschwarzl.at\/produkt\/schwarzls-genussrucksack\/\",\"name\":\"Schwarzl\u00b4s Genussrucksack - Gut Schwarzl\",\"isPartOf\":{\"@id\":\"https:\/\/gutschwarzl.at\/#website\"},\"primaryImageOfPage\":{\"@id\":\"https:\/\/gutschwarzl.at\/produkt\/schwarzls-genussrucksack\/#primaryimage\"},\"image\":{\"@id\":\"https:\/\/gutschwarzl.at\/produkt\/schwarzls-genussrucksack\/#primaryimage\"},\"thumbnailUrl\":\"https:\/\/gutschwarzl.at\/wp-content\/uploads\/2024\/01\/Rucksack-e1731052764158.jpg\",\"datePublished\":\"2025-08-09T07:48:01+00:00\",\"dateModified\":\"2026-04-21T04:38:49+00:00\",\"description\":\"Entdecke Schwarzls Genussrucksack: Handgemachte K\u00f6stlichkeiten, frisch aus der S\u00fcdsteiermark. Perfekt als Geschenk oder f\u00fcr den eigenen Genuss.\",\"breadcrumb\":{\"@id\":\"https:\/\/gutschwarzl.at\/produkt\/schwarzls-genussrucksack\/#breadcrumb\"},\"inLanguage\":\"en-US\",\"potentialAction\":[{\"@type\":\"ReadAction\",\"target\":[\"https:\/\/gutschwarzl.at\/produkt\/schwarzls-genussrucksack\/\"]}]},{\"@type\":\"ImageObject\",\"inLanguage\":\"en-US\",\"@id\":\"https:\/\/gutschwarzl.at\/produkt\/schwarzls-genussrucksack\/#primaryimage\",\"url\":\"https:\/\/gutschwarzl.at\/wp-content\/uploads\/2024\/01\/Rucksack-e1731052764158.jpg\",\"contentUrl\":\"https:\/\/gutschwarzl.at\/wp-content\/uploads\/2024\/01\/Rucksack-e1731052764158.jpg\",\"width\":1240,\"height\":1302},{\"@type\":\"BreadcrumbList\",\"@id\":\"https:\/\/gutschwarzl.at\/produkt\/schwarzls-genussrucksack\/#breadcrumb\",\"itemListElement\":[{\"@type\":\"ListItem\",\"position\":1,\"name\":\"Startseite\",\"item\":\"https:\/\/gutschwarzl.at\/\"},{\"@type\":\"ListItem\",\"position\":2,\"name\":\"Shop\",\"item\":\"https:\/\/gutschwarzl.at\/shop\/\"},{\"@type\":\"ListItem\",\"position\":3,\"name\":\"Schwarzl\u00b4s Genussrucksack\"}]},{\"@type\":\"WebSite\",\"@id\":\"https:\/\/gutschwarzl.at\/#website\",\"url\":\"https:\/\/gutschwarzl.at\/\",\"name\":\"Gut Schwarzl\",\"description\":\"Wo der Wein daheim ist\",\"publisher\":{\"@id\":\"https:\/\/gutschwarzl.at\/#organization\"},\"potentialAction\":[{\"@type\":\"SearchAction\",\"target\":{\"@type\":\"EntryPoint\",\"urlTemplate\":\"https:\/\/gutschwarzl.at\/?s={search_term_string}\"},\"query-input\":\"required name=search_term_string\"}],\"inLanguage\":\"en-US\"},{\"@type\":\"Organization\",\"@id\":\"https:\/\/gutschwarzl.at\/#organization\",\"name\":\"Gut Schwarzl\",\"url\":\"https:\/\/gutschwarzl.at\/\",\"logo\":{\"@type\":\"ImageObject\",\"inLanguage\":\"en-US\",\"@id\":\"https:\/\/gutschwarzl.at\/#\/schema\/logo\/image\/\",\"url\":\"https:\/\/gutschwarzl.at\/wp-content\/uploads\/2022\/04\/Logo-Gut-Schwarzl.svg\",\"contentUrl\":\"https:\/\/gutschwarzl.at\/wp-content\/uploads\/2022\/04\/Logo-Gut-Schwarzl.svg\",\"width\":217,\"height\":217,\"caption\":\"Gut Schwarzl\"},\"image\":{\"@id\":\"https:\/\/gutschwarzl.at\/#\/schema\/logo\/image\/\"}}]}<\/script>\n<!-- \/ Yoast SEO plugin. -->","yoast_head_json":{"title":"Schwarzl\u00b4s Genussrucksack - Gut Schwarzl","description":"Entdecke Schwarzls Genussrucksack: Handgemachte K\u00f6stlichkeiten, frisch aus der S\u00fcdsteiermark. Perfekt als Geschenk oder f\u00fcr den eigenen Genuss.","robots":{"index":"index","follow":"follow","max-snippet":"max-snippet:-1","max-image-preview":"max-image-preview:large","max-video-preview":"max-video-preview:-1"},"canonical":"https:\/\/gutschwarzl.at\/en\/product\/schwarzls-genussrucksack\/","og_locale":"en_US","og_type":"article","og_title":"Schwarzl\u00b4s Genussrucksack - Gut Schwarzl","og_description":"Entdecke Schwarzls Genussrucksack: Handgemachte K\u00f6stlichkeiten, frisch aus der S\u00fcdsteiermark. Perfekt als Geschenk oder f\u00fcr den eigenen Genuss.","og_url":"https:\/\/gutschwarzl.at\/en\/product\/schwarzls-genussrucksack\/","og_site_name":"Gut Schwarzl","article_modified_time":"2026-04-21T04:38:49+00:00","og_image":[{"width":1240,"height":1302,"url":"https:\/\/gutschwarzl.at\/wp-content\/uploads\/2024\/01\/Rucksack-e1731052764158.jpg","type":"image\/jpeg"}],"twitter_card":"summary_large_image","twitter_misc":{"Est. reading time":"1 minute"},"schema":{"@context":"https:\/\/schema.org","@graph":[{"@type":"WebPage","@id":"https:\/\/gutschwarzl.at\/produkt\/schwarzls-genussrucksack\/","url":"https:\/\/gutschwarzl.at\/produkt\/schwarzls-genussrucksack\/","name":"Schwarzl\u00b4s Genussrucksack - Gut Schwarzl","isPartOf":{"@id":"https:\/\/gutschwarzl.at\/#website"},"primaryImageOfPage":{"@id":"https:\/\/gutschwarzl.at\/produkt\/schwarzls-genussrucksack\/#primaryimage"},"image":{"@id":"https:\/\/gutschwarzl.at\/produkt\/schwarzls-genussrucksack\/#primaryimage"},"thumbnailUrl":"https:\/\/gutschwarzl.at\/wp-content\/uploads\/2024\/01\/Rucksack-e1731052764158.jpg","datePublished":"2025-08-09T07:48:01+00:00","dateModified":"2026-04-21T04:38:49+00:00","description":"Entdecke Schwarzls Genussrucksack: Handgemachte K\u00f6stlichkeiten, frisch aus der S\u00fcdsteiermark. Perfekt als Geschenk oder f\u00fcr den eigenen Genuss.","breadcrumb":{"@id":"https:\/\/gutschwarzl.at\/produkt\/schwarzls-genussrucksack\/#breadcrumb"},"inLanguage":"en-US","potentialAction":[{"@type":"ReadAction","target":["https:\/\/gutschwarzl.at\/produkt\/schwarzls-genussrucksack\/"]}]},{"@type":"ImageObject","inLanguage":"en-US","@id":"https:\/\/gutschwarzl.at\/produkt\/schwarzls-genussrucksack\/#primaryimage","url":"https:\/\/gutschwarzl.at\/wp-content\/uploads\/2024\/01\/Rucksack-e1731052764158.jpg","contentUrl":"https:\/\/gutschwarzl.at\/wp-content\/uploads\/2024\/01\/Rucksack-e1731052764158.jpg","width":1240,"height":1302},{"@type":"BreadcrumbList","@id":"https:\/\/gutschwarzl.at\/produkt\/schwarzls-genussrucksack\/#breadcrumb","itemListElement":[{"@type":"ListItem","position":1,"name":"Startseite","item":"https:\/\/gutschwarzl.at\/"},{"@type":"ListItem","position":2,"name":"Shop","item":"https:\/\/gutschwarzl.at\/shop\/"},{"@type":"ListItem","position":3,"name":"Schwarzl\u00b4s Genussrucksack"}]},{"@type":"WebSite","@id":"https:\/\/gutschwarzl.at\/#website","url":"https:\/\/gutschwarzl.at\/","name":"Gut Schwarzl","description":"Wo der Wein daheim ist","publisher":{"@id":"https:\/\/gutschwarzl.at\/#organization"},"potentialAction":[{"@type":"SearchAction","target":{"@type":"EntryPoint","urlTemplate":"https:\/\/gutschwarzl.at\/?s={search_term_string}"},"query-input":"required name=search_term_string"}],"inLanguage":"en-US"},{"@type":"Organization","@id":"https:\/\/gutschwarzl.at\/#organization","name":"Gut Schwarzl","url":"https:\/\/gutschwarzl.at\/","logo":{"@type":"ImageObject","inLanguage":"en-US","@id":"https:\/\/gutschwarzl.at\/#\/schema\/logo\/image\/","url":"https:\/\/gutschwarzl.at\/wp-content\/uploads\/2022\/04\/Logo-Gut-Schwarzl.svg","contentUrl":"https:\/\/gutschwarzl.at\/wp-content\/uploads\/2022\/04\/Logo-Gut-Schwarzl.svg","width":217,"height":217,"caption":"Gut Schwarzl"},"image":{"@id":"https:\/\/gutschwarzl.at\/#\/schema\/logo\/image\/"}}]}},"jetpack_sharing_enabled":true,"_links":{"self":[{"href":"https:\/\/gutschwarzl.at\/en\/wp-json\/wp\/v2\/product\/21899","targetHints":{"allow":["GET"]}}],"collection":[{"href":"https:\/\/gutschwarzl.at\/en\/wp-json\/wp\/v2\/product"}],"about":[{"href":"https:\/\/gutschwarzl.at\/en\/wp-json\/wp\/v2\/types\/product"}],"replies":[{"embeddable":true,"href":"https:\/\/gutschwarzl.at\/en\/wp-json\/wp\/v2\/comments?post=21899"}],"wp:featuredmedia":[{"embeddable":true,"href":"https:\/\/gutschwarzl.at\/en\/wp-json\/wp\/v2\/media\/21528"}],"wp:attachment":[{"href":"https:\/\/gutschwarzl.at\/en\/wp-json\/wp\/v2\/media?parent=21899"}],"wp:term":[{"taxonomy":"product_brand","embeddable":true,"href":"https:\/\/gutschwarzl.at\/en\/wp-json\/wp\/v2\/product_brand?post=21899"},{"taxonomy":"product_cat","embeddable":true,"href":"https:\/\/gutschwarzl.at\/en\/wp-json\/wp\/v2\/product_cat?post=21899"},{"taxonomy":"product_tag","embeddable":true,"href":"https:\/\/gutschwarzl.at\/en\/wp-json\/wp\/v2\/product_tag?post=21899"}],"curies":[{"name":"wp","href":"https:\/\/api.w.org\/{rel}","templated":true}]}}