{"id":21840,"date":"2025-06-20T12:25:03","date_gmt":"2025-06-20T10:25:03","guid":{"rendered":"https:\/\/gutschwarzl.at\/?post_type=product&#038;p=21840"},"modified":"2026-01-20T23:41:05","modified_gmt":"2026-01-20T22:41:05","slug":"lavendelblueten-sirup","status":"publish","type":"product","link":"https:\/\/gutschwarzl.at\/en\/product\/lavendelblueten-sirup\/","title":{"rendered":"Lavendelbl\u00fcten Sirup"},"content":{"rendered":"<h3 data-start=\"297\" data-end=\"379\">Lavendelbl\u00fcten-Sirup \u2013 blumig-frisch &amp; handgemacht<\/h3>\n<p data-start=\"381\" data-end=\"696\">Ein Hauch Provence in der S\u00fcdsteiermark: Unser <strong data-start=\"428\" data-end=\"452\">Lavendelbl\u00fcten-Sirup<\/strong> wird mit viel Liebe und Sorgfalt am Familienhof hergestellt \u2013 mit <strong data-start=\"519\" data-end=\"555\">hofeigenem Lavendelbl\u00fctenextrakt<\/strong>, Zucker und Zitronens\u00e4ure. Das Ergebnis ist ein <strong data-start=\"604\" data-end=\"645\">fein duftender, leicht floraler Sirup<\/strong>, der nicht nur erfrischt, sondern auch verzaubert.<\/p>\n<p data-start=\"698\" data-end=\"908\">Ob <strong data-start=\"701\" data-end=\"725\">mit Wasser gespritzt<\/strong>, als <strong data-start=\"731\" data-end=\"758\">edle Zutat in Cocktails<\/strong>, <strong data-start=\"760\" data-end=\"777\">\u00fcber Desserts<\/strong> oder als besondere Note in <strong data-start=\"805\" data-end=\"826\">Prosecco oder Eis<\/strong> \u2013 dieser Sirup ist ein vielseitiger Begleiter f\u00fcr alle, die das Besondere lieben.<\/p>\n<p data-start=\"910\" data-end=\"999\">Ein echtes Herzensprodukt \u2013 direkt aus der Natur der S\u00fcdsteiermark, von Hand verarbeitet.<\/p>\n<hr data-start=\"1001\" data-end=\"1004\" \/>\n<h4 data-start=\"1006\" data-end=\"1020\">Merkmale:<\/h4>\n<ul data-start=\"1021\" data-end=\"1284\">\n<li data-start=\"1021\" data-end=\"1082\">\n<p data-start=\"1023\" data-end=\"1082\">Hausgemachter Lavendelbl\u00fcten-Sirup mit hofeigenem Extrakt<\/p>\n<\/li>\n<li data-start=\"1083\" data-end=\"1134\">\n<p data-start=\"1085\" data-end=\"1134\">Fein blumig im Geschmack, nat\u00fcrlich erfrischend<\/p>\n<\/li>\n<li data-start=\"1135\" data-end=\"1195\">\n<p data-start=\"1137\" data-end=\"1195\">Ideal f\u00fcr Getr\u00e4nke, Cocktails, Desserts &amp; kreative K\u00fcche<\/p>\n<\/li>\n<li data-start=\"1196\" data-end=\"1240\">\n<p data-start=\"1198\" data-end=\"1240\">Von Hand produziert in der S\u00fcdsteiermark<\/p>\n<\/li>\n<li data-start=\"1241\" data-end=\"1284\">\n<p data-start=\"1243\" data-end=\"1284\">Ohne k\u00fcnstliche Aromen oder Farbzus\u00e4tze<\/p>\n<\/li>\n<\/ul>\n<p>&nbsp;<\/p>\n<p data-start=\"530\" data-end=\"616\">Zutaten: Lavendelbl\u00fctenextrakt (aus hofeigenen Lavendelbl\u00fcten), Zucker, Essig.<\/p>\n<p data-start=\"530\" data-end=\"616\">","protected":false},"excerpt":{"rendered":"<p>Lavendelbl\u00fcten-Sirup \u2013 blumig-frisch &amp; handgemacht Ein Hauch Provence in der S\u00fcdsteiermark: Unser Lavendelbl\u00fcten-Sirup wird mit viel Liebe und Sorgfalt am Familienhof hergestellt \u2013 mit hofeigenem Lavendelbl\u00fctenextrakt, Zucker und Zitronens\u00e4ure. Das Ergebnis ist ein fein duftender, leicht floraler Sirup, der nicht nur erfrischt, sondern auch verzaubert. Ob mit Wasser gespritzt, als edle Zutat in Cocktails, \u00fcber [&hellip;]<\/p>","protected":false},"featured_media":22092,"comment_status":"open","ping_status":"closed","template":"","meta":[],"product_brand":[],"product_cat":[125],"product_tag":[],"class_list":{"0":"post-21840","1":"product","2":"type-product","3":"status-publish","4":"has-post-thumbnail","6":"product_cat-sirup-saft","8":"first","9":"instock","10":"taxable","11":"shipping-taxable","12":"purchasable","13":"product-type-simple"},"yoast_head":"<!-- This site is optimized with the Yoast SEO plugin v23.2 - https:\/\/yoast.com\/wordpress\/plugins\/seo\/ -->\n<title>Lavendelbl\u00fcten Sirup - Gut Schwarzl<\/title>\n<meta name=\"description\" content=\"Lavendelbl\u00fcten-Sirup \u2013 blumig &amp; erfrischend. Mit hofeigenem Lavendel, handgemacht in der S\u00fcdsteiermark. Perfekt f\u00fcr Cocktails &amp; Desserts\" \/>\n<meta name=\"robots\" content=\"index, follow, max-snippet:-1, max-image-preview:large, max-video-preview:-1\" \/>\n<link rel=\"canonical\" href=\"https:\/\/gutschwarzl.at\/en\/product\/lavendelblueten-sirup\/\" \/>\n<meta property=\"og:locale\" content=\"en_US\" \/>\n<meta property=\"og:type\" content=\"article\" \/>\n<meta property=\"og:title\" content=\"Lavendelbl\u00fcten Sirup - Gut Schwarzl\" \/>\n<meta property=\"og:description\" content=\"Lavendelbl\u00fcten-Sirup \u2013 blumig &amp; erfrischend. Mit hofeigenem Lavendel, handgemacht in der S\u00fcdsteiermark. Perfekt f\u00fcr Cocktails &amp; Desserts\" \/>\n<meta property=\"og:url\" content=\"https:\/\/gutschwarzl.at\/en\/product\/lavendelblueten-sirup\/\" \/>\n<meta property=\"og:site_name\" content=\"Gut Schwarzl\" \/>\n<meta property=\"article:modified_time\" content=\"2026-01-20T22:41:05+00:00\" \/>\n<meta property=\"og:image\" content=\"https:\/\/gutschwarzl.at\/wp-content\/uploads\/2025\/12\/Lavendel.png\" \/>\n\t<meta property=\"og:image:width\" content=\"367\" \/>\n\t<meta property=\"og:image:height\" content=\"324\" \/>\n\t<meta property=\"og:image:type\" content=\"image\/png\" \/>\n<meta name=\"twitter:card\" content=\"summary_large_image\" \/>\n<meta name=\"twitter:label1\" content=\"Est. reading time\" \/>\n\t<meta name=\"twitter:data1\" content=\"1 minute\" \/>\n<script type=\"application\/ld+json\" class=\"yoast-schema-graph\">{\"@context\":\"https:\/\/schema.org\",\"@graph\":[{\"@type\":\"WebPage\",\"@id\":\"https:\/\/gutschwarzl.at\/produkt\/lavendelblueten-sirup\/\",\"url\":\"https:\/\/gutschwarzl.at\/produkt\/lavendelblueten-sirup\/\",\"name\":\"Lavendelbl\u00fcten Sirup - Gut Schwarzl\",\"isPartOf\":{\"@id\":\"https:\/\/gutschwarzl.at\/#website\"},\"primaryImageOfPage\":{\"@id\":\"https:\/\/gutschwarzl.at\/produkt\/lavendelblueten-sirup\/#primaryimage\"},\"image\":{\"@id\":\"https:\/\/gutschwarzl.at\/produkt\/lavendelblueten-sirup\/#primaryimage\"},\"thumbnailUrl\":\"https:\/\/gutschwarzl.at\/wp-content\/uploads\/2025\/12\/Lavendel.png\",\"datePublished\":\"2025-06-20T10:25:03+00:00\",\"dateModified\":\"2026-01-20T22:41:05+00:00\",\"description\":\"Lavendelbl\u00fcten-Sirup \u2013 blumig & erfrischend. Mit hofeigenem Lavendel, handgemacht in der S\u00fcdsteiermark. Perfekt f\u00fcr Cocktails & Desserts\",\"breadcrumb\":{\"@id\":\"https:\/\/gutschwarzl.at\/produkt\/lavendelblueten-sirup\/#breadcrumb\"},\"inLanguage\":\"en-US\",\"potentialAction\":[{\"@type\":\"ReadAction\",\"target\":[\"https:\/\/gutschwarzl.at\/produkt\/lavendelblueten-sirup\/\"]}]},{\"@type\":\"ImageObject\",\"inLanguage\":\"en-US\",\"@id\":\"https:\/\/gutschwarzl.at\/produkt\/lavendelblueten-sirup\/#primaryimage\",\"url\":\"https:\/\/gutschwarzl.at\/wp-content\/uploads\/2025\/12\/Lavendel.png\",\"contentUrl\":\"https:\/\/gutschwarzl.at\/wp-content\/uploads\/2025\/12\/Lavendel.png\",\"width\":367,\"height\":324},{\"@type\":\"BreadcrumbList\",\"@id\":\"https:\/\/gutschwarzl.at\/produkt\/lavendelblueten-sirup\/#breadcrumb\",\"itemListElement\":[{\"@type\":\"ListItem\",\"position\":1,\"name\":\"Startseite\",\"item\":\"https:\/\/gutschwarzl.at\/\"},{\"@type\":\"ListItem\",\"position\":2,\"name\":\"Shop\",\"item\":\"https:\/\/gutschwarzl.at\/shop\/\"},{\"@type\":\"ListItem\",\"position\":3,\"name\":\"Lavendelbl\u00fcten Sirup\"}]},{\"@type\":\"WebSite\",\"@id\":\"https:\/\/gutschwarzl.at\/#website\",\"url\":\"https:\/\/gutschwarzl.at\/\",\"name\":\"Gut Schwarzl\",\"description\":\"Wo der Wein daheim ist\",\"publisher\":{\"@id\":\"https:\/\/gutschwarzl.at\/#organization\"},\"potentialAction\":[{\"@type\":\"SearchAction\",\"target\":{\"@type\":\"EntryPoint\",\"urlTemplate\":\"https:\/\/gutschwarzl.at\/?s={search_term_string}\"},\"query-input\":\"required name=search_term_string\"}],\"inLanguage\":\"en-US\"},{\"@type\":\"Organization\",\"@id\":\"https:\/\/gutschwarzl.at\/#organization\",\"name\":\"Gut Schwarzl\",\"url\":\"https:\/\/gutschwarzl.at\/\",\"logo\":{\"@type\":\"ImageObject\",\"inLanguage\":\"en-US\",\"@id\":\"https:\/\/gutschwarzl.at\/#\/schema\/logo\/image\/\",\"url\":\"https:\/\/gutschwarzl.at\/wp-content\/uploads\/2022\/04\/Logo-Gut-Schwarzl.svg\",\"contentUrl\":\"https:\/\/gutschwarzl.at\/wp-content\/uploads\/2022\/04\/Logo-Gut-Schwarzl.svg\",\"width\":217,\"height\":217,\"caption\":\"Gut Schwarzl\"},\"image\":{\"@id\":\"https:\/\/gutschwarzl.at\/#\/schema\/logo\/image\/\"}}]}<\/script>\n<!-- \/ Yoast SEO plugin. -->","yoast_head_json":{"title":"Lavendelbl\u00fcten Sirup - Gut Schwarzl","description":"Lavendelbl\u00fcten-Sirup \u2013 blumig & erfrischend. Mit hofeigenem Lavendel, handgemacht in der S\u00fcdsteiermark. Perfekt f\u00fcr Cocktails & Desserts","robots":{"index":"index","follow":"follow","max-snippet":"max-snippet:-1","max-image-preview":"max-image-preview:large","max-video-preview":"max-video-preview:-1"},"canonical":"https:\/\/gutschwarzl.at\/en\/product\/lavendelblueten-sirup\/","og_locale":"en_US","og_type":"article","og_title":"Lavendelbl\u00fcten Sirup - Gut Schwarzl","og_description":"Lavendelbl\u00fcten-Sirup \u2013 blumig & erfrischend. Mit hofeigenem Lavendel, handgemacht in der S\u00fcdsteiermark. Perfekt f\u00fcr Cocktails & Desserts","og_url":"https:\/\/gutschwarzl.at\/en\/product\/lavendelblueten-sirup\/","og_site_name":"Gut Schwarzl","article_modified_time":"2026-01-20T22:41:05+00:00","og_image":[{"width":367,"height":324,"url":"https:\/\/gutschwarzl.at\/wp-content\/uploads\/2025\/12\/Lavendel.png","type":"image\/png"}],"twitter_card":"summary_large_image","twitter_misc":{"Est. reading time":"1 minute"},"schema":{"@context":"https:\/\/schema.org","@graph":[{"@type":"WebPage","@id":"https:\/\/gutschwarzl.at\/produkt\/lavendelblueten-sirup\/","url":"https:\/\/gutschwarzl.at\/produkt\/lavendelblueten-sirup\/","name":"Lavendelbl\u00fcten Sirup - Gut Schwarzl","isPartOf":{"@id":"https:\/\/gutschwarzl.at\/#website"},"primaryImageOfPage":{"@id":"https:\/\/gutschwarzl.at\/produkt\/lavendelblueten-sirup\/#primaryimage"},"image":{"@id":"https:\/\/gutschwarzl.at\/produkt\/lavendelblueten-sirup\/#primaryimage"},"thumbnailUrl":"https:\/\/gutschwarzl.at\/wp-content\/uploads\/2025\/12\/Lavendel.png","datePublished":"2025-06-20T10:25:03+00:00","dateModified":"2026-01-20T22:41:05+00:00","description":"Lavendelbl\u00fcten-Sirup \u2013 blumig & erfrischend. Mit hofeigenem Lavendel, handgemacht in der S\u00fcdsteiermark. Perfekt f\u00fcr Cocktails & Desserts","breadcrumb":{"@id":"https:\/\/gutschwarzl.at\/produkt\/lavendelblueten-sirup\/#breadcrumb"},"inLanguage":"en-US","potentialAction":[{"@type":"ReadAction","target":["https:\/\/gutschwarzl.at\/produkt\/lavendelblueten-sirup\/"]}]},{"@type":"ImageObject","inLanguage":"en-US","@id":"https:\/\/gutschwarzl.at\/produkt\/lavendelblueten-sirup\/#primaryimage","url":"https:\/\/gutschwarzl.at\/wp-content\/uploads\/2025\/12\/Lavendel.png","contentUrl":"https:\/\/gutschwarzl.at\/wp-content\/uploads\/2025\/12\/Lavendel.png","width":367,"height":324},{"@type":"BreadcrumbList","@id":"https:\/\/gutschwarzl.at\/produkt\/lavendelblueten-sirup\/#breadcrumb","itemListElement":[{"@type":"ListItem","position":1,"name":"Startseite","item":"https:\/\/gutschwarzl.at\/"},{"@type":"ListItem","position":2,"name":"Shop","item":"https:\/\/gutschwarzl.at\/shop\/"},{"@type":"ListItem","position":3,"name":"Lavendelbl\u00fcten Sirup"}]},{"@type":"WebSite","@id":"https:\/\/gutschwarzl.at\/#website","url":"https:\/\/gutschwarzl.at\/","name":"Gut Schwarzl","description":"Wo der Wein daheim ist","publisher":{"@id":"https:\/\/gutschwarzl.at\/#organization"},"potentialAction":[{"@type":"SearchAction","target":{"@type":"EntryPoint","urlTemplate":"https:\/\/gutschwarzl.at\/?s={search_term_string}"},"query-input":"required name=search_term_string"}],"inLanguage":"en-US"},{"@type":"Organization","@id":"https:\/\/gutschwarzl.at\/#organization","name":"Gut Schwarzl","url":"https:\/\/gutschwarzl.at\/","logo":{"@type":"ImageObject","inLanguage":"en-US","@id":"https:\/\/gutschwarzl.at\/#\/schema\/logo\/image\/","url":"https:\/\/gutschwarzl.at\/wp-content\/uploads\/2022\/04\/Logo-Gut-Schwarzl.svg","contentUrl":"https:\/\/gutschwarzl.at\/wp-content\/uploads\/2022\/04\/Logo-Gut-Schwarzl.svg","width":217,"height":217,"caption":"Gut Schwarzl"},"image":{"@id":"https:\/\/gutschwarzl.at\/#\/schema\/logo\/image\/"}}]}},"jetpack_sharing_enabled":true,"_links":{"self":[{"href":"https:\/\/gutschwarzl.at\/en\/wp-json\/wp\/v2\/product\/21840","targetHints":{"allow":["GET"]}}],"collection":[{"href":"https:\/\/gutschwarzl.at\/en\/wp-json\/wp\/v2\/product"}],"about":[{"href":"https:\/\/gutschwarzl.at\/en\/wp-json\/wp\/v2\/types\/product"}],"replies":[{"embeddable":true,"href":"https:\/\/gutschwarzl.at\/en\/wp-json\/wp\/v2\/comments?post=21840"}],"wp:featuredmedia":[{"embeddable":true,"href":"https:\/\/gutschwarzl.at\/en\/wp-json\/wp\/v2\/media\/22092"}],"wp:attachment":[{"href":"https:\/\/gutschwarzl.at\/en\/wp-json\/wp\/v2\/media?parent=21840"}],"wp:term":[{"taxonomy":"product_brand","embeddable":true,"href":"https:\/\/gutschwarzl.at\/en\/wp-json\/wp\/v2\/product_brand?post=21840"},{"taxonomy":"product_cat","embeddable":true,"href":"https:\/\/gutschwarzl.at\/en\/wp-json\/wp\/v2\/product_cat?post=21840"},{"taxonomy":"product_tag","embeddable":true,"href":"https:\/\/gutschwarzl.at\/en\/wp-json\/wp\/v2\/product_tag?post=21840"}],"curies":[{"name":"wp","href":"https:\/\/api.w.org\/{rel}","templated":true}]}}