{"id":21838,"date":"2025-06-07T09:06:02","date_gmt":"2025-06-07T07:06:02","guid":{"rendered":"https:\/\/gutschwarzl.at\/?post_type=product&#038;p=21838"},"modified":"2026-01-20T23:41:04","modified_gmt":"2026-01-20T22:41:04","slug":"crema-di-paprika","status":"publish","type":"product","link":"https:\/\/gutschwarzl.at\/en\/product\/crema-di-paprika\/","title":{"rendered":"Crema di paprika"},"content":{"rendered":"<h3 data-start=\"247\" data-end=\"305\"><strong data-start=\"251\" data-end=\"305\">Crema di Paprika \u2013 fruchtig, pikant und vielseitig<\/strong><\/h3>\n<p data-start=\"307\" data-end=\"734\">Unser <strong data-start=\"313\" data-end=\"333\">Crema di Paprika<\/strong> ist ein liebevoll hergestellter <strong data-start=\"366\" data-end=\"393\">Paprika-Fruchtaufstrich<\/strong>, der die S\u00fc\u00dfe sonnengereifter roter Paprika mit einer feinen Sch\u00e4rfe und fruchtigen Note verbindet. Perfekt abgestimmt mit einem Hauch Chili, passt diese besondere Delikatesse hervorragend zu <strong data-start=\"586\" data-end=\"604\">gereiftem K\u00e4se<\/strong>, <strong data-start=\"606\" data-end=\"640\">gegrilltem Gem\u00fcse oder Fleisch<\/strong> \u2013 oder als raffinierte Zutat zum <strong data-start=\"674\" data-end=\"706\">Verfeinern von Tomatensaucen<\/strong> und mediterranen Gerichten.<\/p>\n<p data-start=\"736\" data-end=\"840\">Hergestellt in der S\u00fcdsteiermark mit viel Hingabe und nat\u00fcrlichen Zutaten \u2013 ganz ohne k\u00fcnstliche Aromen.<\/p>\n<p data-start=\"842\" data-end=\"936\"><strong data-start=\"842\" data-end=\"854\">Ingredients:<\/strong> Roter Paprika, Zucker, Apfelpektin, Zitronens\u00e4ure (S\u00e4uerungsmittel), Salz, Chili.<\/p>\n<p data-start=\"938\" data-end=\"969\"><strong data-start=\"938\" data-end=\"969\">Besonders gut geeignet f\u00fcr:<\/strong><\/p>\n<ul data-start=\"970\" data-end=\"1112\">\n<li data-start=\"970\" data-end=\"989\">\n<p data-start=\"972\" data-end=\"989\">Feine K\u00e4seplatten<\/p>\n<\/li>\n<li data-start=\"990\" data-end=\"1019\">\n<p data-start=\"992\" data-end=\"1019\">Grillgerichte und Antipasti<\/p>\n<\/li>\n<li data-start=\"1020\" data-end=\"1062\">\n<p data-start=\"1022\" data-end=\"1062\">Pasta mit fruchtig-pikanter Tomatensauce<\/p>\n<\/li>\n<li data-start=\"1063\" data-end=\"1112\">\n<p data-start=\"1065\" data-end=\"1112\">Kulinarische Geschenke mit regionalem Charakter<\/p>\n<\/li>\n<\/ul>\n<p data-start=\"1114\" data-end=\"1170\"><strong data-start=\"1114\" data-end=\"1170\">Hausgemacht mit Liebe.<\/strong><\/p>","protected":false},"excerpt":{"rendered":"<p>Crema di Paprika \u2013 fruchtig, pikant und vielseitig Unser Crema di Paprika ist ein liebevoll hergestellter Paprika-Fruchtaufstrich, der die S\u00fc\u00dfe sonnengereifter roter Paprika mit einer feinen Sch\u00e4rfe und fruchtigen Note verbindet. Perfekt abgestimmt mit einem Hauch Chili, passt diese besondere Delikatesse hervorragend zu gereiftem K\u00e4se, gegrilltem Gem\u00fcse oder Fleisch \u2013 oder als raffinierte Zutat zum [&hellip;]<\/p>","protected":false},"featured_media":21495,"comment_status":"open","ping_status":"closed","template":"","meta":[],"product_brand":[],"product_cat":[40,124,123],"product_tag":[],"class_list":{"0":"post-21838","1":"product","2":"type-product","3":"status-publish","4":"has-post-thumbnail","6":"product_cat-delikatessen","7":"product_cat-chutney-eingelegtes","8":"product_cat-fruchtaufstrich-konfituere","10":"first","11":"instock","12":"taxable","13":"shipping-taxable","14":"purchasable","15":"product-type-simple"},"yoast_head":"<!-- This site is optimized with the Yoast SEO plugin v23.2 - https:\/\/yoast.com\/wordpress\/plugins\/seo\/ -->\n<title>Crema di paprika - Gut Schwarzl<\/title>\n<meta name=\"description\" content=\"Fruchtiger Paprika-Aufstrich - perfekt zu K\u00e4se, Gegrilltem oder zum Verfeinern von Saucen. Hausgemacht in der S\u00fcdsteiermark. Weingut Schwarzl.\" \/>\n<meta name=\"robots\" content=\"index, follow, max-snippet:-1, max-image-preview:large, max-video-preview:-1\" \/>\n<link rel=\"canonical\" href=\"https:\/\/gutschwarzl.at\/en\/product\/crema-di-paprika\/\" \/>\n<meta property=\"og:locale\" content=\"en_US\" \/>\n<meta property=\"og:type\" content=\"article\" \/>\n<meta property=\"og:title\" content=\"Crema di paprika - Gut Schwarzl\" \/>\n<meta property=\"og:description\" content=\"Fruchtiger Paprika-Aufstrich - perfekt zu K\u00e4se, Gegrilltem oder zum Verfeinern von Saucen. Hausgemacht in der S\u00fcdsteiermark. Weingut Schwarzl.\" \/>\n<meta property=\"og:url\" content=\"https:\/\/gutschwarzl.at\/en\/product\/crema-di-paprika\/\" \/>\n<meta property=\"og:site_name\" content=\"Gut Schwarzl\" \/>\n<meta property=\"article:modified_time\" content=\"2026-01-20T22:41:04+00:00\" \/>\n<meta property=\"og:image\" content=\"https:\/\/gutschwarzl.at\/wp-content\/uploads\/2024\/08\/Brand_Images_e.U._20241027_24000233_00891.png\" \/>\n\t<meta property=\"og:image:width\" content=\"2000\" \/>\n\t<meta property=\"og:image:height\" content=\"1331\" \/>\n\t<meta property=\"og:image:type\" content=\"image\/png\" \/>\n<meta name=\"twitter:card\" content=\"summary_large_image\" \/>\n<meta name=\"twitter:label1\" content=\"Est. reading time\" \/>\n\t<meta name=\"twitter:data1\" content=\"1 minute\" \/>\n<script type=\"application\/ld+json\" class=\"yoast-schema-graph\">{\"@context\":\"https:\/\/schema.org\",\"@graph\":[{\"@type\":\"WebPage\",\"@id\":\"https:\/\/gutschwarzl.at\/produkt\/crema-di-paprika\/\",\"url\":\"https:\/\/gutschwarzl.at\/produkt\/crema-di-paprika\/\",\"name\":\"Crema di paprika - Gut Schwarzl\",\"isPartOf\":{\"@id\":\"https:\/\/gutschwarzl.at\/#website\"},\"primaryImageOfPage\":{\"@id\":\"https:\/\/gutschwarzl.at\/produkt\/crema-di-paprika\/#primaryimage\"},\"image\":{\"@id\":\"https:\/\/gutschwarzl.at\/produkt\/crema-di-paprika\/#primaryimage\"},\"thumbnailUrl\":\"https:\/\/gutschwarzl.at\/wp-content\/uploads\/2024\/08\/Brand_Images_e.U._20241027_24000233_00891.png\",\"datePublished\":\"2025-06-07T07:06:02+00:00\",\"dateModified\":\"2026-01-20T22:41:04+00:00\",\"description\":\"Fruchtiger Paprika-Aufstrich - perfekt zu K\u00e4se, Gegrilltem oder zum Verfeinern von Saucen. Hausgemacht in der S\u00fcdsteiermark. Weingut Schwarzl.\",\"breadcrumb\":{\"@id\":\"https:\/\/gutschwarzl.at\/produkt\/crema-di-paprika\/#breadcrumb\"},\"inLanguage\":\"en-US\",\"potentialAction\":[{\"@type\":\"ReadAction\",\"target\":[\"https:\/\/gutschwarzl.at\/produkt\/crema-di-paprika\/\"]}]},{\"@type\":\"ImageObject\",\"inLanguage\":\"en-US\",\"@id\":\"https:\/\/gutschwarzl.at\/produkt\/crema-di-paprika\/#primaryimage\",\"url\":\"https:\/\/gutschwarzl.at\/wp-content\/uploads\/2024\/08\/Brand_Images_e.U._20241027_24000233_00891.png\",\"contentUrl\":\"https:\/\/gutschwarzl.at\/wp-content\/uploads\/2024\/08\/Brand_Images_e.U._20241027_24000233_00891.png\",\"width\":2000,\"height\":1331,\"caption\":\"Foto @brandimages\"},{\"@type\":\"BreadcrumbList\",\"@id\":\"https:\/\/gutschwarzl.at\/produkt\/crema-di-paprika\/#breadcrumb\",\"itemListElement\":[{\"@type\":\"ListItem\",\"position\":1,\"name\":\"Startseite\",\"item\":\"https:\/\/gutschwarzl.at\/\"},{\"@type\":\"ListItem\",\"position\":2,\"name\":\"Shop\",\"item\":\"https:\/\/gutschwarzl.at\/shop\/\"},{\"@type\":\"ListItem\",\"position\":3,\"name\":\"Crema di paprika\"}]},{\"@type\":\"WebSite\",\"@id\":\"https:\/\/gutschwarzl.at\/#website\",\"url\":\"https:\/\/gutschwarzl.at\/\",\"name\":\"Gut Schwarzl\",\"description\":\"Wo der Wein daheim ist\",\"publisher\":{\"@id\":\"https:\/\/gutschwarzl.at\/#organization\"},\"potentialAction\":[{\"@type\":\"SearchAction\",\"target\":{\"@type\":\"EntryPoint\",\"urlTemplate\":\"https:\/\/gutschwarzl.at\/?s={search_term_string}\"},\"query-input\":\"required name=search_term_string\"}],\"inLanguage\":\"en-US\"},{\"@type\":\"Organization\",\"@id\":\"https:\/\/gutschwarzl.at\/#organization\",\"name\":\"Gut Schwarzl\",\"url\":\"https:\/\/gutschwarzl.at\/\",\"logo\":{\"@type\":\"ImageObject\",\"inLanguage\":\"en-US\",\"@id\":\"https:\/\/gutschwarzl.at\/#\/schema\/logo\/image\/\",\"url\":\"https:\/\/gutschwarzl.at\/wp-content\/uploads\/2022\/04\/Logo-Gut-Schwarzl.svg\",\"contentUrl\":\"https:\/\/gutschwarzl.at\/wp-content\/uploads\/2022\/04\/Logo-Gut-Schwarzl.svg\",\"width\":217,\"height\":217,\"caption\":\"Gut Schwarzl\"},\"image\":{\"@id\":\"https:\/\/gutschwarzl.at\/#\/schema\/logo\/image\/\"}}]}<\/script>\n<!-- \/ Yoast SEO plugin. -->","yoast_head_json":{"title":"Crema di paprika - Gut Schwarzl","description":"Fruchtiger Paprika-Aufstrich - perfekt zu K\u00e4se, Gegrilltem oder zum Verfeinern von Saucen. Hausgemacht in der S\u00fcdsteiermark. Weingut Schwarzl.","robots":{"index":"index","follow":"follow","max-snippet":"max-snippet:-1","max-image-preview":"max-image-preview:large","max-video-preview":"max-video-preview:-1"},"canonical":"https:\/\/gutschwarzl.at\/en\/product\/crema-di-paprika\/","og_locale":"en_US","og_type":"article","og_title":"Crema di paprika - Gut Schwarzl","og_description":"Fruchtiger Paprika-Aufstrich - perfekt zu K\u00e4se, Gegrilltem oder zum Verfeinern von Saucen. Hausgemacht in der S\u00fcdsteiermark. Weingut Schwarzl.","og_url":"https:\/\/gutschwarzl.at\/en\/product\/crema-di-paprika\/","og_site_name":"Gut Schwarzl","article_modified_time":"2026-01-20T22:41:04+00:00","og_image":[{"width":2000,"height":1331,"url":"https:\/\/gutschwarzl.at\/wp-content\/uploads\/2024\/08\/Brand_Images_e.U._20241027_24000233_00891.png","type":"image\/png"}],"twitter_card":"summary_large_image","twitter_misc":{"Est. reading time":"1 minute"},"schema":{"@context":"https:\/\/schema.org","@graph":[{"@type":"WebPage","@id":"https:\/\/gutschwarzl.at\/produkt\/crema-di-paprika\/","url":"https:\/\/gutschwarzl.at\/produkt\/crema-di-paprika\/","name":"Crema di paprika - Gut Schwarzl","isPartOf":{"@id":"https:\/\/gutschwarzl.at\/#website"},"primaryImageOfPage":{"@id":"https:\/\/gutschwarzl.at\/produkt\/crema-di-paprika\/#primaryimage"},"image":{"@id":"https:\/\/gutschwarzl.at\/produkt\/crema-di-paprika\/#primaryimage"},"thumbnailUrl":"https:\/\/gutschwarzl.at\/wp-content\/uploads\/2024\/08\/Brand_Images_e.U._20241027_24000233_00891.png","datePublished":"2025-06-07T07:06:02+00:00","dateModified":"2026-01-20T22:41:04+00:00","description":"Fruchtiger Paprika-Aufstrich - perfekt zu K\u00e4se, Gegrilltem oder zum Verfeinern von Saucen. Hausgemacht in der S\u00fcdsteiermark. Weingut Schwarzl.","breadcrumb":{"@id":"https:\/\/gutschwarzl.at\/produkt\/crema-di-paprika\/#breadcrumb"},"inLanguage":"en-US","potentialAction":[{"@type":"ReadAction","target":["https:\/\/gutschwarzl.at\/produkt\/crema-di-paprika\/"]}]},{"@type":"ImageObject","inLanguage":"en-US","@id":"https:\/\/gutschwarzl.at\/produkt\/crema-di-paprika\/#primaryimage","url":"https:\/\/gutschwarzl.at\/wp-content\/uploads\/2024\/08\/Brand_Images_e.U._20241027_24000233_00891.png","contentUrl":"https:\/\/gutschwarzl.at\/wp-content\/uploads\/2024\/08\/Brand_Images_e.U._20241027_24000233_00891.png","width":2000,"height":1331,"caption":"Foto @brandimages"},{"@type":"BreadcrumbList","@id":"https:\/\/gutschwarzl.at\/produkt\/crema-di-paprika\/#breadcrumb","itemListElement":[{"@type":"ListItem","position":1,"name":"Startseite","item":"https:\/\/gutschwarzl.at\/"},{"@type":"ListItem","position":2,"name":"Shop","item":"https:\/\/gutschwarzl.at\/shop\/"},{"@type":"ListItem","position":3,"name":"Crema di paprika"}]},{"@type":"WebSite","@id":"https:\/\/gutschwarzl.at\/#website","url":"https:\/\/gutschwarzl.at\/","name":"Gut Schwarzl","description":"Wo der Wein daheim ist","publisher":{"@id":"https:\/\/gutschwarzl.at\/#organization"},"potentialAction":[{"@type":"SearchAction","target":{"@type":"EntryPoint","urlTemplate":"https:\/\/gutschwarzl.at\/?s={search_term_string}"},"query-input":"required name=search_term_string"}],"inLanguage":"en-US"},{"@type":"Organization","@id":"https:\/\/gutschwarzl.at\/#organization","name":"Gut Schwarzl","url":"https:\/\/gutschwarzl.at\/","logo":{"@type":"ImageObject","inLanguage":"en-US","@id":"https:\/\/gutschwarzl.at\/#\/schema\/logo\/image\/","url":"https:\/\/gutschwarzl.at\/wp-content\/uploads\/2022\/04\/Logo-Gut-Schwarzl.svg","contentUrl":"https:\/\/gutschwarzl.at\/wp-content\/uploads\/2022\/04\/Logo-Gut-Schwarzl.svg","width":217,"height":217,"caption":"Gut Schwarzl"},"image":{"@id":"https:\/\/gutschwarzl.at\/#\/schema\/logo\/image\/"}}]}},"jetpack_sharing_enabled":true,"_links":{"self":[{"href":"https:\/\/gutschwarzl.at\/en\/wp-json\/wp\/v2\/product\/21838","targetHints":{"allow":["GET"]}}],"collection":[{"href":"https:\/\/gutschwarzl.at\/en\/wp-json\/wp\/v2\/product"}],"about":[{"href":"https:\/\/gutschwarzl.at\/en\/wp-json\/wp\/v2\/types\/product"}],"replies":[{"embeddable":true,"href":"https:\/\/gutschwarzl.at\/en\/wp-json\/wp\/v2\/comments?post=21838"}],"wp:featuredmedia":[{"embeddable":true,"href":"https:\/\/gutschwarzl.at\/en\/wp-json\/wp\/v2\/media\/21495"}],"wp:attachment":[{"href":"https:\/\/gutschwarzl.at\/en\/wp-json\/wp\/v2\/media?parent=21838"}],"wp:term":[{"taxonomy":"product_brand","embeddable":true,"href":"https:\/\/gutschwarzl.at\/en\/wp-json\/wp\/v2\/product_brand?post=21838"},{"taxonomy":"product_cat","embeddable":true,"href":"https:\/\/gutschwarzl.at\/en\/wp-json\/wp\/v2\/product_cat?post=21838"},{"taxonomy":"product_tag","embeddable":true,"href":"https:\/\/gutschwarzl.at\/en\/wp-json\/wp\/v2\/product_tag?post=21838"}],"curies":[{"name":"wp","href":"https:\/\/api.w.org\/{rel}","templated":true}]}}