{"id":21746,"date":"2025-02-25T11:47:02","date_gmt":"2025-02-25T10:47:02","guid":{"rendered":"https:\/\/gutschwarzl.at\/?post_type=product&#038;p=21746"},"modified":"2026-01-07T11:42:04","modified_gmt":"2026-01-07T10:42:04","slug":"honigessig","status":"publish","type":"product","link":"https:\/\/gutschwarzl.at\/en\/product\/honigessig\/","title":{"rendered":"Honigessig von Tinnauer"},"content":{"rendered":"<p><strong>STYRIAN<\/strong><\/p>\n<p><strong>Product description:<\/strong><br \/>\nEntdecken Sie den exquisiten Honigessig von Tinnauer, einem Meisterwerk aus der S\u00fcdsteiermark. Dieser einzigartige Essig kombiniert die nat\u00fcrliche S\u00fc\u00dfe von regionalem Bl\u00fctenhonig mit der feinen S\u00e4ure sorgf\u00e4ltig ausgew\u00e4hlter Essige. Hergestellt in der renommierten Fruchtbrennerei Franz Tinnauer in Gamlitz, steht dieser Honigessig f\u00fcr h\u00f6chste Qualit\u00e4t und authentischen Geschmack. Verleihen Sie Ihren Salaten, Marinaden und Saucen eine besondere Note mit diesem edlen Produkt aus nachhaltiger Produktion.<\/p>\n<p><strong>natural, classic<\/strong><\/p>\n<p><strong>Allergen information:<\/strong> pure fermentation vinegar, 6 % acid<\/p>","protected":false},"excerpt":{"rendered":"<p>KLASSISCHER ESSIG<\/p>","protected":false},"featured_media":21747,"comment_status":"open","ping_status":"closed","template":"","meta":[],"product_brand":[],"product_cat":[40,128],"product_tag":[],"class_list":{"0":"post-21746","1":"product","2":"type-product","3":"status-publish","4":"has-post-thumbnail","6":"product_cat-delikatessen","7":"product_cat-essig-oel","9":"first","10":"instock","11":"taxable","12":"shipping-taxable","13":"purchasable","14":"product-type-simple"},"yoast_head":"<!-- This site is optimized with the Yoast SEO plugin v23.2 - https:\/\/yoast.com\/wordpress\/plugins\/seo\/ -->\n<title>Schilcher-Weinessig f\u00fcr Sommersalate | Gut Schwarzl<\/title>\n<meta name=\"description\" content=\"Kaufen Sie den hochwertigen Honigessig von Tinnauer aus der S\u00fcdsteiermark in unserem Online-Shop. Perfekt zum Verfeinern von Salaten, Marinaden und Saucen.\" \/>\n<meta name=\"robots\" content=\"index, follow, max-snippet:-1, max-image-preview:large, max-video-preview:-1\" \/>\n<link rel=\"canonical\" href=\"https:\/\/gutschwarzl.at\/en\/product\/honigessig\/\" \/>\n<meta property=\"og:locale\" content=\"en_US\" \/>\n<meta property=\"og:type\" content=\"article\" \/>\n<meta property=\"og:title\" content=\"Schilcher-Weinessig f\u00fcr Sommersalate | Gut Schwarzl\" \/>\n<meta property=\"og:description\" content=\"Kaufen Sie den hochwertigen Honigessig von Tinnauer aus der S\u00fcdsteiermark in unserem Online-Shop. Perfekt zum Verfeinern von Salaten, Marinaden und Saucen.\" \/>\n<meta property=\"og:url\" content=\"https:\/\/gutschwarzl.at\/en\/product\/honigessig\/\" \/>\n<meta property=\"og:site_name\" content=\"Gut Schwarzl\" \/>\n<meta property=\"article:modified_time\" content=\"2026-01-07T10:42:04+00:00\" \/>\n<meta property=\"og:image\" content=\"https:\/\/gutschwarzl.at\/wp-content\/uploads\/2025\/02\/honigessig-tinnauer-\u00a9-glddggrs-3-845x563-1.jpg\" \/>\n\t<meta property=\"og:image:width\" content=\"845\" \/>\n\t<meta property=\"og:image:height\" content=\"563\" \/>\n\t<meta property=\"og:image:type\" content=\"image\/jpeg\" \/>\n<meta name=\"twitter:card\" content=\"summary_large_image\" \/>\n<meta name=\"twitter:label1\" content=\"Est. reading time\" \/>\n\t<meta name=\"twitter:data1\" content=\"1 minute\" \/>\n<script type=\"application\/ld+json\" class=\"yoast-schema-graph\">{\"@context\":\"https:\/\/schema.org\",\"@graph\":[{\"@type\":\"WebPage\",\"@id\":\"https:\/\/gutschwarzl.at\/produkt\/honigessig\/\",\"url\":\"https:\/\/gutschwarzl.at\/produkt\/honigessig\/\",\"name\":\"Schilcher-Weinessig f\u00fcr Sommersalate | Gut Schwarzl\",\"isPartOf\":{\"@id\":\"https:\/\/gutschwarzl.at\/#website\"},\"primaryImageOfPage\":{\"@id\":\"https:\/\/gutschwarzl.at\/produkt\/honigessig\/#primaryimage\"},\"image\":{\"@id\":\"https:\/\/gutschwarzl.at\/produkt\/honigessig\/#primaryimage\"},\"thumbnailUrl\":\"https:\/\/gutschwarzl.at\/wp-content\/uploads\/2025\/02\/honigessig-tinnauer-\u00a9-glddggrs-3-845x563-1.jpg\",\"datePublished\":\"2025-02-25T10:47:02+00:00\",\"dateModified\":\"2026-01-07T10:42:04+00:00\",\"description\":\"Kaufen Sie den hochwertigen Honigessig von Tinnauer aus der S\u00fcdsteiermark in unserem Online-Shop. Perfekt zum Verfeinern von Salaten, Marinaden und Saucen.\",\"breadcrumb\":{\"@id\":\"https:\/\/gutschwarzl.at\/produkt\/honigessig\/#breadcrumb\"},\"inLanguage\":\"en-US\",\"potentialAction\":[{\"@type\":\"ReadAction\",\"target\":[\"https:\/\/gutschwarzl.at\/produkt\/honigessig\/\"]}]},{\"@type\":\"ImageObject\",\"inLanguage\":\"en-US\",\"@id\":\"https:\/\/gutschwarzl.at\/produkt\/honigessig\/#primaryimage\",\"url\":\"https:\/\/gutschwarzl.at\/wp-content\/uploads\/2025\/02\/honigessig-tinnauer-\u00a9-glddggrs-3-845x563-1.jpg\",\"contentUrl\":\"https:\/\/gutschwarzl.at\/wp-content\/uploads\/2025\/02\/honigessig-tinnauer-\u00a9-glddggrs-3-845x563-1.jpg\",\"width\":845,\"height\":563,\"caption\":\"Honigessig von Tinnauer\"},{\"@type\":\"BreadcrumbList\",\"@id\":\"https:\/\/gutschwarzl.at\/produkt\/honigessig\/#breadcrumb\",\"itemListElement\":[{\"@type\":\"ListItem\",\"position\":1,\"name\":\"Startseite\",\"item\":\"https:\/\/gutschwarzl.at\/\"},{\"@type\":\"ListItem\",\"position\":2,\"name\":\"Shop\",\"item\":\"https:\/\/gutschwarzl.at\/shop\/\"},{\"@type\":\"ListItem\",\"position\":3,\"name\":\"Honigessig von Tinnauer\"}]},{\"@type\":\"WebSite\",\"@id\":\"https:\/\/gutschwarzl.at\/#website\",\"url\":\"https:\/\/gutschwarzl.at\/\",\"name\":\"Gut Schwarzl\",\"description\":\"Wo der Wein daheim ist\",\"publisher\":{\"@id\":\"https:\/\/gutschwarzl.at\/#organization\"},\"potentialAction\":[{\"@type\":\"SearchAction\",\"target\":{\"@type\":\"EntryPoint\",\"urlTemplate\":\"https:\/\/gutschwarzl.at\/?s={search_term_string}\"},\"query-input\":\"required name=search_term_string\"}],\"inLanguage\":\"en-US\"},{\"@type\":\"Organization\",\"@id\":\"https:\/\/gutschwarzl.at\/#organization\",\"name\":\"Gut Schwarzl\",\"url\":\"https:\/\/gutschwarzl.at\/\",\"logo\":{\"@type\":\"ImageObject\",\"inLanguage\":\"en-US\",\"@id\":\"https:\/\/gutschwarzl.at\/#\/schema\/logo\/image\/\",\"url\":\"https:\/\/gutschwarzl.at\/wp-content\/uploads\/2022\/04\/Logo-Gut-Schwarzl.svg\",\"contentUrl\":\"https:\/\/gutschwarzl.at\/wp-content\/uploads\/2022\/04\/Logo-Gut-Schwarzl.svg\",\"width\":217,\"height\":217,\"caption\":\"Gut Schwarzl\"},\"image\":{\"@id\":\"https:\/\/gutschwarzl.at\/#\/schema\/logo\/image\/\"}}]}<\/script>\n<!-- \/ Yoast SEO plugin. -->","yoast_head_json":{"title":"Schilcher-Weinessig f\u00fcr Sommersalate | Gut Schwarzl","description":"Kaufen Sie den hochwertigen Honigessig von Tinnauer aus der S\u00fcdsteiermark in unserem Online-Shop. Perfekt zum Verfeinern von Salaten, Marinaden und Saucen.","robots":{"index":"index","follow":"follow","max-snippet":"max-snippet:-1","max-image-preview":"max-image-preview:large","max-video-preview":"max-video-preview:-1"},"canonical":"https:\/\/gutschwarzl.at\/en\/product\/honigessig\/","og_locale":"en_US","og_type":"article","og_title":"Schilcher-Weinessig f\u00fcr Sommersalate | Gut Schwarzl","og_description":"Kaufen Sie den hochwertigen Honigessig von Tinnauer aus der S\u00fcdsteiermark in unserem Online-Shop. Perfekt zum Verfeinern von Salaten, Marinaden und Saucen.","og_url":"https:\/\/gutschwarzl.at\/en\/product\/honigessig\/","og_site_name":"Gut Schwarzl","article_modified_time":"2026-01-07T10:42:04+00:00","og_image":[{"width":845,"height":563,"url":"https:\/\/gutschwarzl.at\/wp-content\/uploads\/2025\/02\/honigessig-tinnauer-\u00a9-glddggrs-3-845x563-1.jpg","type":"image\/jpeg"}],"twitter_card":"summary_large_image","twitter_misc":{"Est. reading time":"1 minute"},"schema":{"@context":"https:\/\/schema.org","@graph":[{"@type":"WebPage","@id":"https:\/\/gutschwarzl.at\/produkt\/honigessig\/","url":"https:\/\/gutschwarzl.at\/produkt\/honigessig\/","name":"Schilcher-Weinessig f\u00fcr Sommersalate | Gut Schwarzl","isPartOf":{"@id":"https:\/\/gutschwarzl.at\/#website"},"primaryImageOfPage":{"@id":"https:\/\/gutschwarzl.at\/produkt\/honigessig\/#primaryimage"},"image":{"@id":"https:\/\/gutschwarzl.at\/produkt\/honigessig\/#primaryimage"},"thumbnailUrl":"https:\/\/gutschwarzl.at\/wp-content\/uploads\/2025\/02\/honigessig-tinnauer-\u00a9-glddggrs-3-845x563-1.jpg","datePublished":"2025-02-25T10:47:02+00:00","dateModified":"2026-01-07T10:42:04+00:00","description":"Kaufen Sie den hochwertigen Honigessig von Tinnauer aus der S\u00fcdsteiermark in unserem Online-Shop. Perfekt zum Verfeinern von Salaten, Marinaden und Saucen.","breadcrumb":{"@id":"https:\/\/gutschwarzl.at\/produkt\/honigessig\/#breadcrumb"},"inLanguage":"en-US","potentialAction":[{"@type":"ReadAction","target":["https:\/\/gutschwarzl.at\/produkt\/honigessig\/"]}]},{"@type":"ImageObject","inLanguage":"en-US","@id":"https:\/\/gutschwarzl.at\/produkt\/honigessig\/#primaryimage","url":"https:\/\/gutschwarzl.at\/wp-content\/uploads\/2025\/02\/honigessig-tinnauer-\u00a9-glddggrs-3-845x563-1.jpg","contentUrl":"https:\/\/gutschwarzl.at\/wp-content\/uploads\/2025\/02\/honigessig-tinnauer-\u00a9-glddggrs-3-845x563-1.jpg","width":845,"height":563,"caption":"Honigessig von Tinnauer"},{"@type":"BreadcrumbList","@id":"https:\/\/gutschwarzl.at\/produkt\/honigessig\/#breadcrumb","itemListElement":[{"@type":"ListItem","position":1,"name":"Startseite","item":"https:\/\/gutschwarzl.at\/"},{"@type":"ListItem","position":2,"name":"Shop","item":"https:\/\/gutschwarzl.at\/shop\/"},{"@type":"ListItem","position":3,"name":"Honigessig von Tinnauer"}]},{"@type":"WebSite","@id":"https:\/\/gutschwarzl.at\/#website","url":"https:\/\/gutschwarzl.at\/","name":"Gut Schwarzl","description":"Wo der Wein daheim ist","publisher":{"@id":"https:\/\/gutschwarzl.at\/#organization"},"potentialAction":[{"@type":"SearchAction","target":{"@type":"EntryPoint","urlTemplate":"https:\/\/gutschwarzl.at\/?s={search_term_string}"},"query-input":"required name=search_term_string"}],"inLanguage":"en-US"},{"@type":"Organization","@id":"https:\/\/gutschwarzl.at\/#organization","name":"Gut Schwarzl","url":"https:\/\/gutschwarzl.at\/","logo":{"@type":"ImageObject","inLanguage":"en-US","@id":"https:\/\/gutschwarzl.at\/#\/schema\/logo\/image\/","url":"https:\/\/gutschwarzl.at\/wp-content\/uploads\/2022\/04\/Logo-Gut-Schwarzl.svg","contentUrl":"https:\/\/gutschwarzl.at\/wp-content\/uploads\/2022\/04\/Logo-Gut-Schwarzl.svg","width":217,"height":217,"caption":"Gut Schwarzl"},"image":{"@id":"https:\/\/gutschwarzl.at\/#\/schema\/logo\/image\/"}}]}},"jetpack_sharing_enabled":true,"_links":{"self":[{"href":"https:\/\/gutschwarzl.at\/en\/wp-json\/wp\/v2\/product\/21746","targetHints":{"allow":["GET"]}}],"collection":[{"href":"https:\/\/gutschwarzl.at\/en\/wp-json\/wp\/v2\/product"}],"about":[{"href":"https:\/\/gutschwarzl.at\/en\/wp-json\/wp\/v2\/types\/product"}],"replies":[{"embeddable":true,"href":"https:\/\/gutschwarzl.at\/en\/wp-json\/wp\/v2\/comments?post=21746"}],"wp:featuredmedia":[{"embeddable":true,"href":"https:\/\/gutschwarzl.at\/en\/wp-json\/wp\/v2\/media\/21747"}],"wp:attachment":[{"href":"https:\/\/gutschwarzl.at\/en\/wp-json\/wp\/v2\/media?parent=21746"}],"wp:term":[{"taxonomy":"product_brand","embeddable":true,"href":"https:\/\/gutschwarzl.at\/en\/wp-json\/wp\/v2\/product_brand?post=21746"},{"taxonomy":"product_cat","embeddable":true,"href":"https:\/\/gutschwarzl.at\/en\/wp-json\/wp\/v2\/product_cat?post=21746"},{"taxonomy":"product_tag","embeddable":true,"href":"https:\/\/gutschwarzl.at\/en\/wp-json\/wp\/v2\/product_tag?post=21746"}],"curies":[{"name":"wp","href":"https:\/\/api.w.org\/{rel}","templated":true}]}}