{"id":21744,"date":"2025-02-25T10:40:44","date_gmt":"2025-02-25T09:40:44","guid":{"rendered":"https:\/\/gutschwarzl.at\/?post_type=product&#038;p=21744"},"modified":"2025-07-10T18:31:09","modified_gmt":"2025-07-10T16:31:09","slug":"weissburgunder-dac-2024","status":"publish","type":"product","link":"https:\/\/gutschwarzl.at\/en\/product\/weissburgunder-dac-2024\/","title":{"rendered":"Wei\u00dfburgunder DAC 2024"},"content":{"rendered":"<p><strong>Wei\u00dfburgunder S\u00fcdsteiermark DAC 2024<\/strong><\/p>\n<div class=\"flex items-center gap-0 overflow-hidden\">\n<div id=\"radix-:rbq:\" class=\"group flex cursor-pointer items-center gap-1 rounded-lg py-1.5 text-token-text-secondary font-semibold hover:bg-token-main-surface-secondary radix-state-open:bg-token-main-surface-secondary overflow-hidden whitespace-nowrap px-3\" aria-haspopup=\"menu\" aria-expanded=\"false\" data-state=\"closed\" data-testid=\"undefined-button\">\n<p data-start=\"0\" data-end=\"384\">Tauchen Sie ein in die Welt des <strong data-start=\"32\" data-end=\"72\">Wei\u00dfburgunder S\u00fcdsteiermark DAC 2024<\/strong> vom Weingut Schwarzl \u2013 ein Wein, der die Essenz der s\u00fcdsteirischen Weintradition in jeder Flasche einf\u00e4ngt. Mit einem Alkoholgehalt von 13,0 % Vol, einem Restzuckergehalt von 1,1 g\/l und einer S\u00e4ure von 4,9 g\/l pr\u00e4sentiert sich dieser trockene Wei\u00dfwein als harmonischer Begleiter f\u00fcr vielf\u00e4ltige Genussmomente.<\/p>\n<p data-start=\"386\" data-end=\"807\">Die handverlesenen Trauben f\u00fcr diesen Wei\u00dfburgunder gedeihen auf den sonnenverw\u00f6hnten H\u00e4ngen der S\u00fcdsteiermark, wo das einzigartige Mikroklima und die sorgf\u00e4ltige Pflege der Familie Schwarzl zusammenwirken, um einen Wein von au\u00dfergew\u00f6hnlicher Qualit\u00e4t zu schaffen. Im Glas entfaltet er ein zartes Bouquet von Pfirsichnoten, das den Gaumen mit einer feinen Fruchtigkeit umschmeichelt.<\/p>\n<p data-start=\"809\" data-end=\"1219\">Ob als eleganter Aperitif oder als Begleiter zu leichten Fischgerichten \u2013 der Wei\u00dfburgunder S\u00fcdsteiermark DAC 2024 \u00fcberzeugt durch seine Vielseitigkeit und seinen ausgewogenen Charakter. Jede Flasche spiegelt die Leidenschaft und das handwerkliche K\u00f6nnen von Johannes und Katharina Schwarzl wider, die mit ihrer Familie das Weingut in Ehrenhausen an der Weinstra\u00dfe f\u00fchren.<\/p>\n<\/div>\n<\/div>\n<p>&nbsp;<\/p>\n<p><em>contains sulphites<br \/>\n<a href=\"https:\/\/elabel.steiermark.wine\/naehrwerttabelle\/details\/10390\">N\u00e4hrwerttabelle<\/a><\/em><\/p>","protected":false},"excerpt":{"rendered":"<p>Wei\u00dfburgunder S\u00fcdsteiermark DAC 2024 Tauchen Sie ein in die Welt des Wei\u00dfburgunder S\u00fcdsteiermark DAC 2024 vom Weingut Schwarzl \u2013 ein Wein, der die Essenz der s\u00fcdsteirischen Weintradition in jeder Flasche einf\u00e4ngt. Mit einem Alkoholgehalt von 13,0 % Vol, einem Restzuckergehalt von 1,1 g\/l und einer S\u00e4ure von 4,9 g\/l pr\u00e4sentiert sich dieser trockene Wei\u00dfwein als [&hellip;]<\/p>","protected":false},"featured_media":21745,"comment_status":"open","ping_status":"closed","template":"","meta":[],"product_brand":[],"product_cat":[37,117],"product_tag":[],"class_list":{"0":"post-21744","1":"product","2":"type-product","3":"status-publish","4":"has-post-thumbnail","6":"product_cat-wein","7":"product_cat-weiss","9":"first","10":"instock","11":"taxable","12":"shipping-taxable","13":"purchasable","14":"product-type-simple"},"yoast_head":"<!-- This site is optimized with the Yoast SEO plugin v23.2 - https:\/\/yoast.com\/wordpress\/plugins\/seo\/ -->\n<title>Wei\u00dfburgunder DAC 2024 - Gut Schwarzl<\/title>\n<meta name=\"description\" content=\"Wei\u00dfburgunder S\u00fcdsteiermark DAC 2024 ein trockener Wei\u00dfwein mit feinen Pfirsichnoten, ideal als Aperitif oder zu Fischgerichten.\" \/>\n<meta name=\"robots\" content=\"index, follow, max-snippet:-1, max-image-preview:large, max-video-preview:-1\" \/>\n<link rel=\"canonical\" href=\"https:\/\/gutschwarzl.at\/en\/product\/weissburgunder-dac-2024\/\" \/>\n<meta property=\"og:locale\" content=\"en_US\" \/>\n<meta property=\"og:type\" content=\"article\" \/>\n<meta property=\"og:title\" content=\"Wei\u00dfburgunder DAC 2024 - Gut Schwarzl\" \/>\n<meta property=\"og:description\" content=\"Wei\u00dfburgunder S\u00fcdsteiermark DAC 2024 ein trockener Wei\u00dfwein mit feinen Pfirsichnoten, ideal als Aperitif oder zu Fischgerichten.\" \/>\n<meta property=\"og:url\" content=\"https:\/\/gutschwarzl.at\/en\/product\/weissburgunder-dac-2024\/\" \/>\n<meta property=\"og:site_name\" content=\"Gut Schwarzl\" \/>\n<meta property=\"article:modified_time\" content=\"2025-07-10T16:31:09+00:00\" \/>\n<meta property=\"og:image\" content=\"https:\/\/gutschwarzl.at\/wp-content\/uploads\/2025\/02\/WB-2024.jpg\" \/>\n\t<meta property=\"og:image:width\" content=\"591\" \/>\n\t<meta property=\"og:image:height\" content=\"1748\" \/>\n\t<meta property=\"og:image:type\" content=\"image\/jpeg\" \/>\n<meta name=\"twitter:card\" content=\"summary_large_image\" \/>\n<meta name=\"twitter:label1\" content=\"Est. reading time\" \/>\n\t<meta name=\"twitter:data1\" content=\"2 minutes\" \/>\n<script type=\"application\/ld+json\" class=\"yoast-schema-graph\">{\"@context\":\"https:\/\/schema.org\",\"@graph\":[{\"@type\":\"WebPage\",\"@id\":\"https:\/\/gutschwarzl.at\/produkt\/weissburgunder-dac-2024\/\",\"url\":\"https:\/\/gutschwarzl.at\/produkt\/weissburgunder-dac-2024\/\",\"name\":\"Wei\u00dfburgunder DAC 2024 - Gut Schwarzl\",\"isPartOf\":{\"@id\":\"https:\/\/gutschwarzl.at\/#website\"},\"primaryImageOfPage\":{\"@id\":\"https:\/\/gutschwarzl.at\/produkt\/weissburgunder-dac-2024\/#primaryimage\"},\"image\":{\"@id\":\"https:\/\/gutschwarzl.at\/produkt\/weissburgunder-dac-2024\/#primaryimage\"},\"thumbnailUrl\":\"https:\/\/gutschwarzl.at\/wp-content\/uploads\/2025\/02\/WB-2024.jpg\",\"datePublished\":\"2025-02-25T09:40:44+00:00\",\"dateModified\":\"2025-07-10T16:31:09+00:00\",\"description\":\"Wei\u00dfburgunder S\u00fcdsteiermark DAC 2024 ein trockener Wei\u00dfwein mit feinen Pfirsichnoten, ideal als Aperitif oder zu Fischgerichten.\",\"breadcrumb\":{\"@id\":\"https:\/\/gutschwarzl.at\/produkt\/weissburgunder-dac-2024\/#breadcrumb\"},\"inLanguage\":\"en-US\",\"potentialAction\":[{\"@type\":\"ReadAction\",\"target\":[\"https:\/\/gutschwarzl.at\/produkt\/weissburgunder-dac-2024\/\"]}]},{\"@type\":\"ImageObject\",\"inLanguage\":\"en-US\",\"@id\":\"https:\/\/gutschwarzl.at\/produkt\/weissburgunder-dac-2024\/#primaryimage\",\"url\":\"https:\/\/gutschwarzl.at\/wp-content\/uploads\/2025\/02\/WB-2024.jpg\",\"contentUrl\":\"https:\/\/gutschwarzl.at\/wp-content\/uploads\/2025\/02\/WB-2024.jpg\",\"width\":591,\"height\":1748,\"caption\":\"Wei\u00dfburgunder DAC 2024\"},{\"@type\":\"BreadcrumbList\",\"@id\":\"https:\/\/gutschwarzl.at\/produkt\/weissburgunder-dac-2024\/#breadcrumb\",\"itemListElement\":[{\"@type\":\"ListItem\",\"position\":1,\"name\":\"Startseite\",\"item\":\"https:\/\/gutschwarzl.at\/\"},{\"@type\":\"ListItem\",\"position\":2,\"name\":\"Shop\",\"item\":\"https:\/\/gutschwarzl.at\/shop\/\"},{\"@type\":\"ListItem\",\"position\":3,\"name\":\"Wei\u00dfburgunder DAC 2024\"}]},{\"@type\":\"WebSite\",\"@id\":\"https:\/\/gutschwarzl.at\/#website\",\"url\":\"https:\/\/gutschwarzl.at\/\",\"name\":\"Gut Schwarzl\",\"description\":\"Wo der Wein daheim ist\",\"publisher\":{\"@id\":\"https:\/\/gutschwarzl.at\/#organization\"},\"potentialAction\":[{\"@type\":\"SearchAction\",\"target\":{\"@type\":\"EntryPoint\",\"urlTemplate\":\"https:\/\/gutschwarzl.at\/?s={search_term_string}\"},\"query-input\":\"required name=search_term_string\"}],\"inLanguage\":\"en-US\"},{\"@type\":\"Organization\",\"@id\":\"https:\/\/gutschwarzl.at\/#organization\",\"name\":\"Gut Schwarzl\",\"url\":\"https:\/\/gutschwarzl.at\/\",\"logo\":{\"@type\":\"ImageObject\",\"inLanguage\":\"en-US\",\"@id\":\"https:\/\/gutschwarzl.at\/#\/schema\/logo\/image\/\",\"url\":\"https:\/\/gutschwarzl.at\/wp-content\/uploads\/2022\/04\/Logo-Gut-Schwarzl.svg\",\"contentUrl\":\"https:\/\/gutschwarzl.at\/wp-content\/uploads\/2022\/04\/Logo-Gut-Schwarzl.svg\",\"width\":217,\"height\":217,\"caption\":\"Gut Schwarzl\"},\"image\":{\"@id\":\"https:\/\/gutschwarzl.at\/#\/schema\/logo\/image\/\"}}]}<\/script>\n<!-- \/ Yoast SEO plugin. -->","yoast_head_json":{"title":"Wei\u00dfburgunder DAC 2024 - Gut Schwarzl","description":"Wei\u00dfburgunder S\u00fcdsteiermark DAC 2024 ein trockener Wei\u00dfwein mit feinen Pfirsichnoten, ideal als Aperitif oder zu Fischgerichten.","robots":{"index":"index","follow":"follow","max-snippet":"max-snippet:-1","max-image-preview":"max-image-preview:large","max-video-preview":"max-video-preview:-1"},"canonical":"https:\/\/gutschwarzl.at\/en\/product\/weissburgunder-dac-2024\/","og_locale":"en_US","og_type":"article","og_title":"Wei\u00dfburgunder DAC 2024 - Gut Schwarzl","og_description":"Wei\u00dfburgunder S\u00fcdsteiermark DAC 2024 ein trockener Wei\u00dfwein mit feinen Pfirsichnoten, ideal als Aperitif oder zu Fischgerichten.","og_url":"https:\/\/gutschwarzl.at\/en\/product\/weissburgunder-dac-2024\/","og_site_name":"Gut Schwarzl","article_modified_time":"2025-07-10T16:31:09+00:00","og_image":[{"width":591,"height":1748,"url":"https:\/\/gutschwarzl.at\/wp-content\/uploads\/2025\/02\/WB-2024.jpg","type":"image\/jpeg"}],"twitter_card":"summary_large_image","twitter_misc":{"Est. reading time":"2 minutes"},"schema":{"@context":"https:\/\/schema.org","@graph":[{"@type":"WebPage","@id":"https:\/\/gutschwarzl.at\/produkt\/weissburgunder-dac-2024\/","url":"https:\/\/gutschwarzl.at\/produkt\/weissburgunder-dac-2024\/","name":"Wei\u00dfburgunder DAC 2024 - Gut Schwarzl","isPartOf":{"@id":"https:\/\/gutschwarzl.at\/#website"},"primaryImageOfPage":{"@id":"https:\/\/gutschwarzl.at\/produkt\/weissburgunder-dac-2024\/#primaryimage"},"image":{"@id":"https:\/\/gutschwarzl.at\/produkt\/weissburgunder-dac-2024\/#primaryimage"},"thumbnailUrl":"https:\/\/gutschwarzl.at\/wp-content\/uploads\/2025\/02\/WB-2024.jpg","datePublished":"2025-02-25T09:40:44+00:00","dateModified":"2025-07-10T16:31:09+00:00","description":"Wei\u00dfburgunder S\u00fcdsteiermark DAC 2024 ein trockener Wei\u00dfwein mit feinen Pfirsichnoten, ideal als Aperitif oder zu Fischgerichten.","breadcrumb":{"@id":"https:\/\/gutschwarzl.at\/produkt\/weissburgunder-dac-2024\/#breadcrumb"},"inLanguage":"en-US","potentialAction":[{"@type":"ReadAction","target":["https:\/\/gutschwarzl.at\/produkt\/weissburgunder-dac-2024\/"]}]},{"@type":"ImageObject","inLanguage":"en-US","@id":"https:\/\/gutschwarzl.at\/produkt\/weissburgunder-dac-2024\/#primaryimage","url":"https:\/\/gutschwarzl.at\/wp-content\/uploads\/2025\/02\/WB-2024.jpg","contentUrl":"https:\/\/gutschwarzl.at\/wp-content\/uploads\/2025\/02\/WB-2024.jpg","width":591,"height":1748,"caption":"Wei\u00dfburgunder DAC 2024"},{"@type":"BreadcrumbList","@id":"https:\/\/gutschwarzl.at\/produkt\/weissburgunder-dac-2024\/#breadcrumb","itemListElement":[{"@type":"ListItem","position":1,"name":"Startseite","item":"https:\/\/gutschwarzl.at\/"},{"@type":"ListItem","position":2,"name":"Shop","item":"https:\/\/gutschwarzl.at\/shop\/"},{"@type":"ListItem","position":3,"name":"Wei\u00dfburgunder DAC 2024"}]},{"@type":"WebSite","@id":"https:\/\/gutschwarzl.at\/#website","url":"https:\/\/gutschwarzl.at\/","name":"Gut Schwarzl","description":"Wo der Wein daheim ist","publisher":{"@id":"https:\/\/gutschwarzl.at\/#organization"},"potentialAction":[{"@type":"SearchAction","target":{"@type":"EntryPoint","urlTemplate":"https:\/\/gutschwarzl.at\/?s={search_term_string}"},"query-input":"required name=search_term_string"}],"inLanguage":"en-US"},{"@type":"Organization","@id":"https:\/\/gutschwarzl.at\/#organization","name":"Gut Schwarzl","url":"https:\/\/gutschwarzl.at\/","logo":{"@type":"ImageObject","inLanguage":"en-US","@id":"https:\/\/gutschwarzl.at\/#\/schema\/logo\/image\/","url":"https:\/\/gutschwarzl.at\/wp-content\/uploads\/2022\/04\/Logo-Gut-Schwarzl.svg","contentUrl":"https:\/\/gutschwarzl.at\/wp-content\/uploads\/2022\/04\/Logo-Gut-Schwarzl.svg","width":217,"height":217,"caption":"Gut Schwarzl"},"image":{"@id":"https:\/\/gutschwarzl.at\/#\/schema\/logo\/image\/"}}]}},"jetpack_sharing_enabled":true,"_links":{"self":[{"href":"https:\/\/gutschwarzl.at\/en\/wp-json\/wp\/v2\/product\/21744","targetHints":{"allow":["GET"]}}],"collection":[{"href":"https:\/\/gutschwarzl.at\/en\/wp-json\/wp\/v2\/product"}],"about":[{"href":"https:\/\/gutschwarzl.at\/en\/wp-json\/wp\/v2\/types\/product"}],"replies":[{"embeddable":true,"href":"https:\/\/gutschwarzl.at\/en\/wp-json\/wp\/v2\/comments?post=21744"}],"wp:featuredmedia":[{"embeddable":true,"href":"https:\/\/gutschwarzl.at\/en\/wp-json\/wp\/v2\/media\/21745"}],"wp:attachment":[{"href":"https:\/\/gutschwarzl.at\/en\/wp-json\/wp\/v2\/media?parent=21744"}],"wp:term":[{"taxonomy":"product_brand","embeddable":true,"href":"https:\/\/gutschwarzl.at\/en\/wp-json\/wp\/v2\/product_brand?post=21744"},{"taxonomy":"product_cat","embeddable":true,"href":"https:\/\/gutschwarzl.at\/en\/wp-json\/wp\/v2\/product_cat?post=21744"},{"taxonomy":"product_tag","embeddable":true,"href":"https:\/\/gutschwarzl.at\/en\/wp-json\/wp\/v2\/product_tag?post=21744"}],"curies":[{"name":"wp","href":"https:\/\/api.w.org\/{rel}","templated":true}]}}