{"id":21674,"date":"2025-02-18T13:36:28","date_gmt":"2025-02-18T12:36:28","guid":{"rendered":"https:\/\/gutschwarzl.at\/?post_type=product&#038;p=21674"},"modified":"2025-02-22T17:33:35","modified_gmt":"2025-02-22T16:33:35","slug":"regenschirm","status":"publish","type":"product","link":"https:\/\/gutschwarzl.at\/en\/product\/regenschirm\/","title":{"rendered":"Regenschirm"},"content":{"rendered":"<p>Der Regenschirm vom Weingut Schwarzl vereint Eleganz und Funktionalit\u00e4t. Mit seinem stilvollen Design und dem dezenten Logo des Weinguts ist er nicht nur ein praktischer Schutz vor Regen, sondern auch ein echter Hingucker. Das robuste Gestell sorgt f\u00fcr Stabilit\u00e4t, w\u00e4hrend das hochwertige Material zuverl\u00e4ssig trocken h\u00e4lt. Ob beim Spaziergang durch die Weinberge oder in der Stadt \u2013 mit diesem Schirm sind Sie bestens ausger\u00fcstet. Ein unverzichtbarer Begleiter f\u00fcr jedes Wetter!<\/p>","protected":false},"excerpt":{"rendered":"<p>Der Regenschirm vom Weingut Schwarzl vereint Eleganz und Funktionalit\u00e4t. Mit seinem stilvollen Design und dem dezenten Logo des Weinguts ist er nicht nur ein praktischer Schutz vor Regen, sondern auch ein echter Hingucker. Das robuste Gestell sorgt f\u00fcr Stabilit\u00e4t, w\u00e4hrend das hochwertige Material zuverl\u00e4ssig trocken h\u00e4lt. Ob beim Spaziergang durch die Weinberge oder in der [&hellip;]<\/p>","protected":false},"featured_media":21683,"comment_status":"open","ping_status":"closed","template":"","meta":[],"product_brand":[],"product_cat":[41],"product_tag":[],"class_list":{"0":"post-21674","1":"product","2":"type-product","3":"status-publish","4":"has-post-thumbnail","6":"product_cat-geschenke","8":"first","9":"instock","10":"taxable","11":"shipping-taxable","12":"purchasable","13":"product-type-simple"},"yoast_head":"<!-- This site is optimized with the Yoast SEO plugin v23.2 - https:\/\/yoast.com\/wordpress\/plugins\/seo\/ -->\n<title>Regenschirm - Gut Schwarzl<\/title>\n<meta name=\"description\" content=\"Stilvoll und praktisch \u2013 der Regenschirm vom Weingut Schwarzl sch\u00fctzt zuverl\u00e4ssig vor Regen und begleitet Sie elegant durch jedes Wetter.\" \/>\n<meta name=\"robots\" content=\"index, follow, max-snippet:-1, max-image-preview:large, max-video-preview:-1\" \/>\n<link rel=\"canonical\" href=\"https:\/\/gutschwarzl.at\/en\/product\/regenschirm\/\" \/>\n<meta property=\"og:locale\" content=\"en_US\" \/>\n<meta property=\"og:type\" content=\"article\" \/>\n<meta property=\"og:title\" content=\"Regenschirm - Gut Schwarzl\" \/>\n<meta property=\"og:description\" content=\"Stilvoll und praktisch \u2013 der Regenschirm vom Weingut Schwarzl sch\u00fctzt zuverl\u00e4ssig vor Regen und begleitet Sie elegant durch jedes Wetter.\" \/>\n<meta property=\"og:url\" content=\"https:\/\/gutschwarzl.at\/en\/product\/regenschirm\/\" \/>\n<meta property=\"og:site_name\" content=\"Gut Schwarzl\" \/>\n<meta property=\"article:modified_time\" content=\"2025-02-22T16:33:35+00:00\" \/>\n<meta property=\"og:image\" content=\"https:\/\/gutschwarzl.at\/wp-content\/uploads\/2025\/02\/Regenschirm-e1740241986529.jpg\" \/>\n\t<meta property=\"og:image:width\" content=\"1240\" \/>\n\t<meta property=\"og:image:height\" content=\"1211\" \/>\n\t<meta property=\"og:image:type\" content=\"image\/jpeg\" \/>\n<meta name=\"twitter:card\" content=\"summary_large_image\" \/>\n<meta name=\"twitter:label1\" content=\"Est. reading time\" \/>\n\t<meta name=\"twitter:data1\" content=\"1 minute\" \/>\n<script type=\"application\/ld+json\" class=\"yoast-schema-graph\">{\"@context\":\"https:\/\/schema.org\",\"@graph\":[{\"@type\":\"WebPage\",\"@id\":\"https:\/\/gutschwarzl.at\/produkt\/regenschirm\/\",\"url\":\"https:\/\/gutschwarzl.at\/produkt\/regenschirm\/\",\"name\":\"Regenschirm - Gut Schwarzl\",\"isPartOf\":{\"@id\":\"https:\/\/gutschwarzl.at\/#website\"},\"primaryImageOfPage\":{\"@id\":\"https:\/\/gutschwarzl.at\/produkt\/regenschirm\/#primaryimage\"},\"image\":{\"@id\":\"https:\/\/gutschwarzl.at\/produkt\/regenschirm\/#primaryimage\"},\"thumbnailUrl\":\"https:\/\/gutschwarzl.at\/wp-content\/uploads\/2025\/02\/Regenschirm-e1740241986529.jpg\",\"datePublished\":\"2025-02-18T12:36:28+00:00\",\"dateModified\":\"2025-02-22T16:33:35+00:00\",\"description\":\"Stilvoll und praktisch \u2013 der Regenschirm vom Weingut Schwarzl sch\u00fctzt zuverl\u00e4ssig vor Regen und begleitet Sie elegant durch jedes Wetter.\",\"breadcrumb\":{\"@id\":\"https:\/\/gutschwarzl.at\/produkt\/regenschirm\/#breadcrumb\"},\"inLanguage\":\"en-US\",\"potentialAction\":[{\"@type\":\"ReadAction\",\"target\":[\"https:\/\/gutschwarzl.at\/produkt\/regenschirm\/\"]}]},{\"@type\":\"ImageObject\",\"inLanguage\":\"en-US\",\"@id\":\"https:\/\/gutschwarzl.at\/produkt\/regenschirm\/#primaryimage\",\"url\":\"https:\/\/gutschwarzl.at\/wp-content\/uploads\/2025\/02\/Regenschirm-e1740241986529.jpg\",\"contentUrl\":\"https:\/\/gutschwarzl.at\/wp-content\/uploads\/2025\/02\/Regenschirm-e1740241986529.jpg\",\"width\":1240,\"height\":1211,\"caption\":\"Mit Weingut Schwarzl Regenschirm trocken durch den Regen.\"},{\"@type\":\"BreadcrumbList\",\"@id\":\"https:\/\/gutschwarzl.at\/produkt\/regenschirm\/#breadcrumb\",\"itemListElement\":[{\"@type\":\"ListItem\",\"position\":1,\"name\":\"Startseite\",\"item\":\"https:\/\/gutschwarzl.at\/\"},{\"@type\":\"ListItem\",\"position\":2,\"name\":\"Shop\",\"item\":\"https:\/\/gutschwarzl.at\/shop\/\"},{\"@type\":\"ListItem\",\"position\":3,\"name\":\"Regenschirm\"}]},{\"@type\":\"WebSite\",\"@id\":\"https:\/\/gutschwarzl.at\/#website\",\"url\":\"https:\/\/gutschwarzl.at\/\",\"name\":\"Gut Schwarzl\",\"description\":\"Wo der Wein daheim ist\",\"publisher\":{\"@id\":\"https:\/\/gutschwarzl.at\/#organization\"},\"potentialAction\":[{\"@type\":\"SearchAction\",\"target\":{\"@type\":\"EntryPoint\",\"urlTemplate\":\"https:\/\/gutschwarzl.at\/?s={search_term_string}\"},\"query-input\":\"required name=search_term_string\"}],\"inLanguage\":\"en-US\"},{\"@type\":\"Organization\",\"@id\":\"https:\/\/gutschwarzl.at\/#organization\",\"name\":\"Gut Schwarzl\",\"url\":\"https:\/\/gutschwarzl.at\/\",\"logo\":{\"@type\":\"ImageObject\",\"inLanguage\":\"en-US\",\"@id\":\"https:\/\/gutschwarzl.at\/#\/schema\/logo\/image\/\",\"url\":\"https:\/\/gutschwarzl.at\/wp-content\/uploads\/2022\/04\/Logo-Gut-Schwarzl.svg\",\"contentUrl\":\"https:\/\/gutschwarzl.at\/wp-content\/uploads\/2022\/04\/Logo-Gut-Schwarzl.svg\",\"width\":217,\"height\":217,\"caption\":\"Gut Schwarzl\"},\"image\":{\"@id\":\"https:\/\/gutschwarzl.at\/#\/schema\/logo\/image\/\"}}]}<\/script>\n<!-- \/ Yoast SEO plugin. -->","yoast_head_json":{"title":"Regenschirm - Gut Schwarzl","description":"Stilvoll und praktisch \u2013 der Regenschirm vom Weingut Schwarzl sch\u00fctzt zuverl\u00e4ssig vor Regen und begleitet Sie elegant durch jedes Wetter.","robots":{"index":"index","follow":"follow","max-snippet":"max-snippet:-1","max-image-preview":"max-image-preview:large","max-video-preview":"max-video-preview:-1"},"canonical":"https:\/\/gutschwarzl.at\/en\/product\/regenschirm\/","og_locale":"en_US","og_type":"article","og_title":"Regenschirm - Gut Schwarzl","og_description":"Stilvoll und praktisch \u2013 der Regenschirm vom Weingut Schwarzl sch\u00fctzt zuverl\u00e4ssig vor Regen und begleitet Sie elegant durch jedes Wetter.","og_url":"https:\/\/gutschwarzl.at\/en\/product\/regenschirm\/","og_site_name":"Gut Schwarzl","article_modified_time":"2025-02-22T16:33:35+00:00","og_image":[{"width":1240,"height":1211,"url":"https:\/\/gutschwarzl.at\/wp-content\/uploads\/2025\/02\/Regenschirm-e1740241986529.jpg","type":"image\/jpeg"}],"twitter_card":"summary_large_image","twitter_misc":{"Est. reading time":"1 minute"},"schema":{"@context":"https:\/\/schema.org","@graph":[{"@type":"WebPage","@id":"https:\/\/gutschwarzl.at\/produkt\/regenschirm\/","url":"https:\/\/gutschwarzl.at\/produkt\/regenschirm\/","name":"Regenschirm - Gut Schwarzl","isPartOf":{"@id":"https:\/\/gutschwarzl.at\/#website"},"primaryImageOfPage":{"@id":"https:\/\/gutschwarzl.at\/produkt\/regenschirm\/#primaryimage"},"image":{"@id":"https:\/\/gutschwarzl.at\/produkt\/regenschirm\/#primaryimage"},"thumbnailUrl":"https:\/\/gutschwarzl.at\/wp-content\/uploads\/2025\/02\/Regenschirm-e1740241986529.jpg","datePublished":"2025-02-18T12:36:28+00:00","dateModified":"2025-02-22T16:33:35+00:00","description":"Stilvoll und praktisch \u2013 der Regenschirm vom Weingut Schwarzl sch\u00fctzt zuverl\u00e4ssig vor Regen und begleitet Sie elegant durch jedes Wetter.","breadcrumb":{"@id":"https:\/\/gutschwarzl.at\/produkt\/regenschirm\/#breadcrumb"},"inLanguage":"en-US","potentialAction":[{"@type":"ReadAction","target":["https:\/\/gutschwarzl.at\/produkt\/regenschirm\/"]}]},{"@type":"ImageObject","inLanguage":"en-US","@id":"https:\/\/gutschwarzl.at\/produkt\/regenschirm\/#primaryimage","url":"https:\/\/gutschwarzl.at\/wp-content\/uploads\/2025\/02\/Regenschirm-e1740241986529.jpg","contentUrl":"https:\/\/gutschwarzl.at\/wp-content\/uploads\/2025\/02\/Regenschirm-e1740241986529.jpg","width":1240,"height":1211,"caption":"Mit Weingut Schwarzl Regenschirm trocken durch den Regen."},{"@type":"BreadcrumbList","@id":"https:\/\/gutschwarzl.at\/produkt\/regenschirm\/#breadcrumb","itemListElement":[{"@type":"ListItem","position":1,"name":"Startseite","item":"https:\/\/gutschwarzl.at\/"},{"@type":"ListItem","position":2,"name":"Shop","item":"https:\/\/gutschwarzl.at\/shop\/"},{"@type":"ListItem","position":3,"name":"Regenschirm"}]},{"@type":"WebSite","@id":"https:\/\/gutschwarzl.at\/#website","url":"https:\/\/gutschwarzl.at\/","name":"Gut Schwarzl","description":"Wo der Wein daheim ist","publisher":{"@id":"https:\/\/gutschwarzl.at\/#organization"},"potentialAction":[{"@type":"SearchAction","target":{"@type":"EntryPoint","urlTemplate":"https:\/\/gutschwarzl.at\/?s={search_term_string}"},"query-input":"required name=search_term_string"}],"inLanguage":"en-US"},{"@type":"Organization","@id":"https:\/\/gutschwarzl.at\/#organization","name":"Gut Schwarzl","url":"https:\/\/gutschwarzl.at\/","logo":{"@type":"ImageObject","inLanguage":"en-US","@id":"https:\/\/gutschwarzl.at\/#\/schema\/logo\/image\/","url":"https:\/\/gutschwarzl.at\/wp-content\/uploads\/2022\/04\/Logo-Gut-Schwarzl.svg","contentUrl":"https:\/\/gutschwarzl.at\/wp-content\/uploads\/2022\/04\/Logo-Gut-Schwarzl.svg","width":217,"height":217,"caption":"Gut Schwarzl"},"image":{"@id":"https:\/\/gutschwarzl.at\/#\/schema\/logo\/image\/"}}]}},"jetpack_sharing_enabled":true,"_links":{"self":[{"href":"https:\/\/gutschwarzl.at\/en\/wp-json\/wp\/v2\/product\/21674","targetHints":{"allow":["GET"]}}],"collection":[{"href":"https:\/\/gutschwarzl.at\/en\/wp-json\/wp\/v2\/product"}],"about":[{"href":"https:\/\/gutschwarzl.at\/en\/wp-json\/wp\/v2\/types\/product"}],"replies":[{"embeddable":true,"href":"https:\/\/gutschwarzl.at\/en\/wp-json\/wp\/v2\/comments?post=21674"}],"wp:featuredmedia":[{"embeddable":true,"href":"https:\/\/gutschwarzl.at\/en\/wp-json\/wp\/v2\/media\/21683"}],"wp:attachment":[{"href":"https:\/\/gutschwarzl.at\/en\/wp-json\/wp\/v2\/media?parent=21674"}],"wp:term":[{"taxonomy":"product_brand","embeddable":true,"href":"https:\/\/gutschwarzl.at\/en\/wp-json\/wp\/v2\/product_brand?post=21674"},{"taxonomy":"product_cat","embeddable":true,"href":"https:\/\/gutschwarzl.at\/en\/wp-json\/wp\/v2\/product_cat?post=21674"},{"taxonomy":"product_tag","embeddable":true,"href":"https:\/\/gutschwarzl.at\/en\/wp-json\/wp\/v2\/product_tag?post=21674"}],"curies":[{"name":"wp","href":"https:\/\/api.w.org\/{rel}","templated":true}]}}