{"id":21673,"date":"2025-02-18T13:32:15","date_gmt":"2025-02-18T12:32:15","guid":{"rendered":"https:\/\/gutschwarzl.at\/?post_type=product&#038;p=21673"},"modified":"2025-04-07T13:14:08","modified_gmt":"2025-04-07T11:14:08","slug":"rucksack","status":"publish","type":"product","link":"https:\/\/gutschwarzl.at\/en\/product\/rucksack\/","title":{"rendered":"Rucksack"},"content":{"rendered":"<p>Der Rucksack vom Weingut Schwarzl ist der ideale Begleiter f\u00fcr Alltag und Abenteuer. Mit seinem schlichten, aber eleganten Design und dem Logo des Weinguts vereint er Stil und Funktionalit\u00e4t. Gefertigt aus robustem Material, bietet er gen\u00fcgend Platz f\u00fcr alles Wichtige \u2013 ob f\u00fcr eine Wanderung durch die Weinberge, einen Ausflug ins Gr\u00fcne oder den Stadtbummel. Die bequemen Tr\u00e4ger sorgen f\u00fcr hohen Tragekomfort, w\u00e4hrend das durchdachte Innenfach Ordnung schafft. Praktisch, langlebig und stilvoll \u2013 mit dem Rucksack vom Weingut Schwarzl haben Sie immer alles dabei.<\/p>\n<p>&nbsp;<\/p>","protected":false},"excerpt":{"rendered":"<p>Der Rucksack vom Weingut Schwarzl ist der ideale Begleiter f\u00fcr Alltag und Abenteuer. Mit seinem schlichten, aber eleganten Design und dem Logo des Weinguts vereint er Stil und Funktionalit\u00e4t. Gefertigt aus robustem Material, bietet er gen\u00fcgend Platz f\u00fcr alles Wichtige \u2013 ob f\u00fcr eine Wanderung durch die Weinberge, einen Ausflug ins Gr\u00fcne oder den Stadtbummel. [&hellip;]<\/p>","protected":false},"featured_media":21528,"comment_status":"open","ping_status":"closed","template":"","meta":[],"product_brand":[],"product_cat":[41],"product_tag":[],"class_list":{"0":"post-21673","1":"product","2":"type-product","3":"status-publish","4":"has-post-thumbnail","6":"product_cat-geschenke","8":"first","9":"instock","10":"taxable","11":"shipping-taxable","12":"purchasable","13":"product-type-simple"},"yoast_head":"<!-- This site is optimized with the Yoast SEO plugin v23.2 - https:\/\/yoast.com\/wordpress\/plugins\/seo\/ -->\n<title>Rucksack - Gut Schwarzl<\/title>\n<meta name=\"description\" content=\"Der Rucksack vom Weingut Schwarzl \u2013 stilvoll, robust und praktisch f\u00fcr Alltag und Abenteuer. Perfekt f\u00fcr Wanderungen, Ausfl\u00fcge und den Stadtbummel.\" \/>\n<meta name=\"robots\" content=\"index, follow, max-snippet:-1, max-image-preview:large, max-video-preview:-1\" \/>\n<link rel=\"canonical\" href=\"https:\/\/gutschwarzl.at\/en\/product\/rucksack\/\" \/>\n<meta property=\"og:locale\" content=\"en_US\" \/>\n<meta property=\"og:type\" content=\"article\" \/>\n<meta property=\"og:title\" content=\"Rucksack - Gut Schwarzl\" \/>\n<meta property=\"og:description\" content=\"Der Rucksack vom Weingut Schwarzl \u2013 stilvoll, robust und praktisch f\u00fcr Alltag und Abenteuer. Perfekt f\u00fcr Wanderungen, Ausfl\u00fcge und den Stadtbummel.\" \/>\n<meta property=\"og:url\" content=\"https:\/\/gutschwarzl.at\/en\/product\/rucksack\/\" \/>\n<meta property=\"og:site_name\" content=\"Gut Schwarzl\" \/>\n<meta property=\"article:modified_time\" content=\"2025-04-07T11:14:08+00:00\" \/>\n<meta property=\"og:image\" content=\"https:\/\/gutschwarzl.at\/wp-content\/uploads\/2024\/01\/Rucksack-e1731052764158.jpg\" \/>\n\t<meta property=\"og:image:width\" content=\"1240\" \/>\n\t<meta property=\"og:image:height\" content=\"1302\" \/>\n\t<meta property=\"og:image:type\" content=\"image\/jpeg\" \/>\n<meta name=\"twitter:card\" content=\"summary_large_image\" \/>\n<meta name=\"twitter:label1\" content=\"Est. reading time\" \/>\n\t<meta name=\"twitter:data1\" content=\"1 minute\" \/>\n<script type=\"application\/ld+json\" class=\"yoast-schema-graph\">{\"@context\":\"https:\/\/schema.org\",\"@graph\":[{\"@type\":\"WebPage\",\"@id\":\"https:\/\/gutschwarzl.at\/produkt\/rucksack\/\",\"url\":\"https:\/\/gutschwarzl.at\/produkt\/rucksack\/\",\"name\":\"Rucksack - Gut Schwarzl\",\"isPartOf\":{\"@id\":\"https:\/\/gutschwarzl.at\/#website\"},\"primaryImageOfPage\":{\"@id\":\"https:\/\/gutschwarzl.at\/produkt\/rucksack\/#primaryimage\"},\"image\":{\"@id\":\"https:\/\/gutschwarzl.at\/produkt\/rucksack\/#primaryimage\"},\"thumbnailUrl\":\"https:\/\/gutschwarzl.at\/wp-content\/uploads\/2024\/01\/Rucksack-e1731052764158.jpg\",\"datePublished\":\"2025-02-18T12:32:15+00:00\",\"dateModified\":\"2025-04-07T11:14:08+00:00\",\"description\":\"Der Rucksack vom Weingut Schwarzl \u2013 stilvoll, robust und praktisch f\u00fcr Alltag und Abenteuer. Perfekt f\u00fcr Wanderungen, Ausfl\u00fcge und den Stadtbummel.\",\"breadcrumb\":{\"@id\":\"https:\/\/gutschwarzl.at\/produkt\/rucksack\/#breadcrumb\"},\"inLanguage\":\"en-US\",\"potentialAction\":[{\"@type\":\"ReadAction\",\"target\":[\"https:\/\/gutschwarzl.at\/produkt\/rucksack\/\"]}]},{\"@type\":\"ImageObject\",\"inLanguage\":\"en-US\",\"@id\":\"https:\/\/gutschwarzl.at\/produkt\/rucksack\/#primaryimage\",\"url\":\"https:\/\/gutschwarzl.at\/wp-content\/uploads\/2024\/01\/Rucksack-e1731052764158.jpg\",\"contentUrl\":\"https:\/\/gutschwarzl.at\/wp-content\/uploads\/2024\/01\/Rucksack-e1731052764158.jpg\",\"width\":1240,\"height\":1302},{\"@type\":\"BreadcrumbList\",\"@id\":\"https:\/\/gutschwarzl.at\/produkt\/rucksack\/#breadcrumb\",\"itemListElement\":[{\"@type\":\"ListItem\",\"position\":1,\"name\":\"Startseite\",\"item\":\"https:\/\/gutschwarzl.at\/\"},{\"@type\":\"ListItem\",\"position\":2,\"name\":\"Shop\",\"item\":\"https:\/\/gutschwarzl.at\/shop\/\"},{\"@type\":\"ListItem\",\"position\":3,\"name\":\"Rucksack\"}]},{\"@type\":\"WebSite\",\"@id\":\"https:\/\/gutschwarzl.at\/#website\",\"url\":\"https:\/\/gutschwarzl.at\/\",\"name\":\"Gut Schwarzl\",\"description\":\"Wo der Wein daheim ist\",\"publisher\":{\"@id\":\"https:\/\/gutschwarzl.at\/#organization\"},\"potentialAction\":[{\"@type\":\"SearchAction\",\"target\":{\"@type\":\"EntryPoint\",\"urlTemplate\":\"https:\/\/gutschwarzl.at\/?s={search_term_string}\"},\"query-input\":\"required name=search_term_string\"}],\"inLanguage\":\"en-US\"},{\"@type\":\"Organization\",\"@id\":\"https:\/\/gutschwarzl.at\/#organization\",\"name\":\"Gut Schwarzl\",\"url\":\"https:\/\/gutschwarzl.at\/\",\"logo\":{\"@type\":\"ImageObject\",\"inLanguage\":\"en-US\",\"@id\":\"https:\/\/gutschwarzl.at\/#\/schema\/logo\/image\/\",\"url\":\"https:\/\/gutschwarzl.at\/wp-content\/uploads\/2022\/04\/Logo-Gut-Schwarzl.svg\",\"contentUrl\":\"https:\/\/gutschwarzl.at\/wp-content\/uploads\/2022\/04\/Logo-Gut-Schwarzl.svg\",\"width\":217,\"height\":217,\"caption\":\"Gut Schwarzl\"},\"image\":{\"@id\":\"https:\/\/gutschwarzl.at\/#\/schema\/logo\/image\/\"}}]}<\/script>\n<!-- \/ Yoast SEO plugin. -->","yoast_head_json":{"title":"Rucksack - Gut Schwarzl","description":"Der Rucksack vom Weingut Schwarzl \u2013 stilvoll, robust und praktisch f\u00fcr Alltag und Abenteuer. Perfekt f\u00fcr Wanderungen, Ausfl\u00fcge und den Stadtbummel.","robots":{"index":"index","follow":"follow","max-snippet":"max-snippet:-1","max-image-preview":"max-image-preview:large","max-video-preview":"max-video-preview:-1"},"canonical":"https:\/\/gutschwarzl.at\/en\/product\/rucksack\/","og_locale":"en_US","og_type":"article","og_title":"Rucksack - Gut Schwarzl","og_description":"Der Rucksack vom Weingut Schwarzl \u2013 stilvoll, robust und praktisch f\u00fcr Alltag und Abenteuer. Perfekt f\u00fcr Wanderungen, Ausfl\u00fcge und den Stadtbummel.","og_url":"https:\/\/gutschwarzl.at\/en\/product\/rucksack\/","og_site_name":"Gut Schwarzl","article_modified_time":"2025-04-07T11:14:08+00:00","og_image":[{"width":1240,"height":1302,"url":"https:\/\/gutschwarzl.at\/wp-content\/uploads\/2024\/01\/Rucksack-e1731052764158.jpg","type":"image\/jpeg"}],"twitter_card":"summary_large_image","twitter_misc":{"Est. reading time":"1 minute"},"schema":{"@context":"https:\/\/schema.org","@graph":[{"@type":"WebPage","@id":"https:\/\/gutschwarzl.at\/produkt\/rucksack\/","url":"https:\/\/gutschwarzl.at\/produkt\/rucksack\/","name":"Rucksack - Gut Schwarzl","isPartOf":{"@id":"https:\/\/gutschwarzl.at\/#website"},"primaryImageOfPage":{"@id":"https:\/\/gutschwarzl.at\/produkt\/rucksack\/#primaryimage"},"image":{"@id":"https:\/\/gutschwarzl.at\/produkt\/rucksack\/#primaryimage"},"thumbnailUrl":"https:\/\/gutschwarzl.at\/wp-content\/uploads\/2024\/01\/Rucksack-e1731052764158.jpg","datePublished":"2025-02-18T12:32:15+00:00","dateModified":"2025-04-07T11:14:08+00:00","description":"Der Rucksack vom Weingut Schwarzl \u2013 stilvoll, robust und praktisch f\u00fcr Alltag und Abenteuer. Perfekt f\u00fcr Wanderungen, Ausfl\u00fcge und den Stadtbummel.","breadcrumb":{"@id":"https:\/\/gutschwarzl.at\/produkt\/rucksack\/#breadcrumb"},"inLanguage":"en-US","potentialAction":[{"@type":"ReadAction","target":["https:\/\/gutschwarzl.at\/produkt\/rucksack\/"]}]},{"@type":"ImageObject","inLanguage":"en-US","@id":"https:\/\/gutschwarzl.at\/produkt\/rucksack\/#primaryimage","url":"https:\/\/gutschwarzl.at\/wp-content\/uploads\/2024\/01\/Rucksack-e1731052764158.jpg","contentUrl":"https:\/\/gutschwarzl.at\/wp-content\/uploads\/2024\/01\/Rucksack-e1731052764158.jpg","width":1240,"height":1302},{"@type":"BreadcrumbList","@id":"https:\/\/gutschwarzl.at\/produkt\/rucksack\/#breadcrumb","itemListElement":[{"@type":"ListItem","position":1,"name":"Startseite","item":"https:\/\/gutschwarzl.at\/"},{"@type":"ListItem","position":2,"name":"Shop","item":"https:\/\/gutschwarzl.at\/shop\/"},{"@type":"ListItem","position":3,"name":"Rucksack"}]},{"@type":"WebSite","@id":"https:\/\/gutschwarzl.at\/#website","url":"https:\/\/gutschwarzl.at\/","name":"Gut Schwarzl","description":"Wo der Wein daheim ist","publisher":{"@id":"https:\/\/gutschwarzl.at\/#organization"},"potentialAction":[{"@type":"SearchAction","target":{"@type":"EntryPoint","urlTemplate":"https:\/\/gutschwarzl.at\/?s={search_term_string}"},"query-input":"required name=search_term_string"}],"inLanguage":"en-US"},{"@type":"Organization","@id":"https:\/\/gutschwarzl.at\/#organization","name":"Gut Schwarzl","url":"https:\/\/gutschwarzl.at\/","logo":{"@type":"ImageObject","inLanguage":"en-US","@id":"https:\/\/gutschwarzl.at\/#\/schema\/logo\/image\/","url":"https:\/\/gutschwarzl.at\/wp-content\/uploads\/2022\/04\/Logo-Gut-Schwarzl.svg","contentUrl":"https:\/\/gutschwarzl.at\/wp-content\/uploads\/2022\/04\/Logo-Gut-Schwarzl.svg","width":217,"height":217,"caption":"Gut Schwarzl"},"image":{"@id":"https:\/\/gutschwarzl.at\/#\/schema\/logo\/image\/"}}]}},"jetpack_sharing_enabled":true,"_links":{"self":[{"href":"https:\/\/gutschwarzl.at\/en\/wp-json\/wp\/v2\/product\/21673","targetHints":{"allow":["GET"]}}],"collection":[{"href":"https:\/\/gutschwarzl.at\/en\/wp-json\/wp\/v2\/product"}],"about":[{"href":"https:\/\/gutschwarzl.at\/en\/wp-json\/wp\/v2\/types\/product"}],"replies":[{"embeddable":true,"href":"https:\/\/gutschwarzl.at\/en\/wp-json\/wp\/v2\/comments?post=21673"}],"wp:featuredmedia":[{"embeddable":true,"href":"https:\/\/gutschwarzl.at\/en\/wp-json\/wp\/v2\/media\/21528"}],"wp:attachment":[{"href":"https:\/\/gutschwarzl.at\/en\/wp-json\/wp\/v2\/media?parent=21673"}],"wp:term":[{"taxonomy":"product_brand","embeddable":true,"href":"https:\/\/gutschwarzl.at\/en\/wp-json\/wp\/v2\/product_brand?post=21673"},{"taxonomy":"product_cat","embeddable":true,"href":"https:\/\/gutschwarzl.at\/en\/wp-json\/wp\/v2\/product_cat?post=21673"},{"taxonomy":"product_tag","embeddable":true,"href":"https:\/\/gutschwarzl.at\/en\/wp-json\/wp\/v2\/product_tag?post=21673"}],"curies":[{"name":"wp","href":"https:\/\/api.w.org\/{rel}","templated":true}]}}