{"id":21620,"date":"2025-01-26T16:35:38","date_gmt":"2025-01-26T15:35:38","guid":{"rendered":"https:\/\/gutschwarzl.at\/?post_type=product&#038;p=21620"},"modified":"2025-01-26T16:41:44","modified_gmt":"2025-01-26T15:41:44","slug":"goldenes-weinfruechtchen","status":"publish","type":"product","link":"https:\/\/gutschwarzl.at\/en\/product\/goldenes-weinfruechtchen\/","title":{"rendered":"Goldenes Weinfr\u00fcchtchen"},"content":{"rendered":"<p><strong>Goldenes Weinfr\u00fcchtchen \u2013 Fruchtaufstrich aus Kaki und steirischem Wei\u00dfwein<\/strong><\/p>\n<p>Verleihen Sie Ihrem Fr\u00fchst\u00fcckstisch oder Ihrer K\u00e4seplatte eine raffinierte Note: Unser \u201eGoldenes Weinfr\u00fcchtchen\u201c kombiniert die exotische S\u00fc\u00dfe der Kaki mit der feinen S\u00e4ure von steirischem Wei\u00dfwein. Das Ergebnis? Ein Fruchtaufstrich, der \u00fcberrascht und begeistert!<\/p>\n<p>Mit seinem fruchtig-eleganten Aroma passt dieser Aufstrich perfekt zu cremigem K\u00e4se wie Brie oder Camembert, harmoniert aber auch wunderbar mit gereiftem Schinken und feinem Geb\u00e4ck. Ob als besondere Begleitung zu einem Glas Wein oder als Highlight in der Gourmetk\u00fcche \u2013 dieser Aufstrich ist ein kulinarisches Erlebnis f\u00fcr experimentierfreudige Genie\u00dfer.<\/p>\n<p><strong>Warum unser \u201eGoldenes Weinfr\u00fcchtchen\u201c?<\/strong><\/p>\n<ul>\n<li><strong>Besondere Zutaten<\/strong>: Reife Kaki und hochwertiger steirischer Wei\u00dfwein sorgen f\u00fcr ein unverwechselbares Geschmackserlebnis.<\/li>\n<li><strong>Handgemacht in der S\u00fcdsteiermark<\/strong>: Mit viel Liebe hergestellt, um die Regionalit\u00e4t und Qualit\u00e4t unserer Heimat widerzuspiegeln.<\/li>\n<li><strong>Vielseitig einsetzbar<\/strong>: Ob s\u00fc\u00df oder herzhaft \u2013 dieser Fruchtaufstrich passt immer.<\/li>\n<\/ul>\n<p>Genie\u00dfen Sie den Geschmack des S\u00fcdens und bringen Sie den Zauber der S\u00fcdsteiermark auf Ihren Teller. Probieren Sie das \u201eGoldene Weinfr\u00fcchtchen\u201c und lassen Sie sich inspirieren!<\/p>\n<p>&nbsp;<\/p>\n<p>Zutaten: 32,5% Kaki, 32,5% Wei\u00dfwein (ENTH\u00c4LT SULFITE), Zucker, Geliermittel Pektin, S\u00e4uerungsmittel Zitronens\u00e4ure.<\/p>","protected":false},"excerpt":{"rendered":"<p>Goldenes Weinfr\u00fcchtchen \u2013 Fruchtaufstrich aus Kaki und steirischem Wei\u00dfwein Verleihen Sie Ihrem Fr\u00fchst\u00fcckstisch oder Ihrer K\u00e4seplatte eine raffinierte Note: Unser \u201eGoldenes Weinfr\u00fcchtchen\u201c kombiniert die exotische S\u00fc\u00dfe der Kaki mit der feinen S\u00e4ure von steirischem Wei\u00dfwein. Das Ergebnis? Ein Fruchtaufstrich, der \u00fcberrascht und begeistert! Mit seinem fruchtig-eleganten Aroma passt dieser Aufstrich perfekt zu cremigem K\u00e4se wie [&hellip;]<\/p>","protected":false},"featured_media":21621,"comment_status":"open","ping_status":"closed","template":"","meta":[],"product_brand":[],"product_cat":[123],"product_tag":[],"class_list":{"0":"post-21620","1":"product","2":"type-product","3":"status-publish","4":"has-post-thumbnail","6":"product_cat-fruchtaufstrich-konfituere","8":"first","9":"instock","10":"taxable","11":"shipping-taxable","12":"purchasable","13":"product-type-simple"},"yoast_head":"<!-- This site is optimized with the Yoast SEO plugin v23.2 - https:\/\/yoast.com\/wordpress\/plugins\/seo\/ -->\n<title>Goldenes Weinfr\u00fcchtchen - Gut Schwarzl<\/title>\n<meta name=\"description\" content=\"Jetzt probieren: \u201eGoldene Weinfr\u00fcchtchen\u201c \u2013 handgemachter Fruchtaufstrich aus Kaki und steirischem Wei\u00dfwein. Perfekt zu K\u00e4se, Schinken oder feinem Geb\u00e4ck.\" \/>\n<meta name=\"robots\" content=\"index, follow, max-snippet:-1, max-image-preview:large, max-video-preview:-1\" \/>\n<link rel=\"canonical\" href=\"https:\/\/gutschwarzl.at\/en\/product\/goldenes-weinfruechtchen\/\" \/>\n<meta property=\"og:locale\" content=\"en_US\" \/>\n<meta property=\"og:type\" content=\"article\" \/>\n<meta property=\"og:title\" content=\"Goldenes Weinfr\u00fcchtchen - Gut Schwarzl\" \/>\n<meta property=\"og:description\" content=\"Jetzt probieren: \u201eGoldene Weinfr\u00fcchtchen\u201c \u2013 handgemachter Fruchtaufstrich aus Kaki und steirischem Wei\u00dfwein. Perfekt zu K\u00e4se, Schinken oder feinem Geb\u00e4ck.\" \/>\n<meta property=\"og:url\" content=\"https:\/\/gutschwarzl.at\/en\/product\/goldenes-weinfruechtchen\/\" \/>\n<meta property=\"og:site_name\" content=\"Gut Schwarzl\" \/>\n<meta property=\"article:modified_time\" content=\"2025-01-26T15:41:44+00:00\" \/>\n<meta property=\"og:image\" content=\"https:\/\/gutschwarzl.at\/wp-content\/uploads\/2025\/01\/Goldenes-Fruechtchen-e1737906093224.jpg\" \/>\n\t<meta property=\"og:image:width\" content=\"565\" \/>\n\t<meta property=\"og:image:height\" content=\"670\" \/>\n\t<meta property=\"og:image:type\" content=\"image\/jpeg\" \/>\n<meta name=\"twitter:card\" content=\"summary_large_image\" \/>\n<meta name=\"twitter:label1\" content=\"Est. reading time\" \/>\n\t<meta name=\"twitter:data1\" content=\"2 minutes\" \/>\n<script type=\"application\/ld+json\" class=\"yoast-schema-graph\">{\"@context\":\"https:\/\/schema.org\",\"@graph\":[{\"@type\":\"WebPage\",\"@id\":\"https:\/\/gutschwarzl.at\/produkt\/goldenes-weinfruechtchen\/\",\"url\":\"https:\/\/gutschwarzl.at\/produkt\/goldenes-weinfruechtchen\/\",\"name\":\"Goldenes Weinfr\u00fcchtchen - Gut Schwarzl\",\"isPartOf\":{\"@id\":\"https:\/\/gutschwarzl.at\/#website\"},\"primaryImageOfPage\":{\"@id\":\"https:\/\/gutschwarzl.at\/produkt\/goldenes-weinfruechtchen\/#primaryimage\"},\"image\":{\"@id\":\"https:\/\/gutschwarzl.at\/produkt\/goldenes-weinfruechtchen\/#primaryimage\"},\"thumbnailUrl\":\"https:\/\/gutschwarzl.at\/wp-content\/uploads\/2025\/01\/Goldenes-Fruechtchen-e1737906093224.jpg\",\"datePublished\":\"2025-01-26T15:35:38+00:00\",\"dateModified\":\"2025-01-26T15:41:44+00:00\",\"description\":\"Jetzt probieren: \u201eGoldene Weinfr\u00fcchtchen\u201c \u2013 handgemachter Fruchtaufstrich aus Kaki und steirischem Wei\u00dfwein. Perfekt zu K\u00e4se, Schinken oder feinem Geb\u00e4ck.\",\"breadcrumb\":{\"@id\":\"https:\/\/gutschwarzl.at\/produkt\/goldenes-weinfruechtchen\/#breadcrumb\"},\"inLanguage\":\"en-US\",\"potentialAction\":[{\"@type\":\"ReadAction\",\"target\":[\"https:\/\/gutschwarzl.at\/produkt\/goldenes-weinfruechtchen\/\"]}]},{\"@type\":\"ImageObject\",\"inLanguage\":\"en-US\",\"@id\":\"https:\/\/gutschwarzl.at\/produkt\/goldenes-weinfruechtchen\/#primaryimage\",\"url\":\"https:\/\/gutschwarzl.at\/wp-content\/uploads\/2025\/01\/Goldenes-Fruechtchen-e1737906093224.jpg\",\"contentUrl\":\"https:\/\/gutschwarzl.at\/wp-content\/uploads\/2025\/01\/Goldenes-Fruechtchen-e1737906093224.jpg\",\"width\":565,\"height\":670},{\"@type\":\"BreadcrumbList\",\"@id\":\"https:\/\/gutschwarzl.at\/produkt\/goldenes-weinfruechtchen\/#breadcrumb\",\"itemListElement\":[{\"@type\":\"ListItem\",\"position\":1,\"name\":\"Startseite\",\"item\":\"https:\/\/gutschwarzl.at\/\"},{\"@type\":\"ListItem\",\"position\":2,\"name\":\"Shop\",\"item\":\"https:\/\/gutschwarzl.at\/shop\/\"},{\"@type\":\"ListItem\",\"position\":3,\"name\":\"Goldenes Weinfr\u00fcchtchen\"}]},{\"@type\":\"WebSite\",\"@id\":\"https:\/\/gutschwarzl.at\/#website\",\"url\":\"https:\/\/gutschwarzl.at\/\",\"name\":\"Gut Schwarzl\",\"description\":\"Wo der Wein daheim ist\",\"publisher\":{\"@id\":\"https:\/\/gutschwarzl.at\/#organization\"},\"potentialAction\":[{\"@type\":\"SearchAction\",\"target\":{\"@type\":\"EntryPoint\",\"urlTemplate\":\"https:\/\/gutschwarzl.at\/?s={search_term_string}\"},\"query-input\":\"required name=search_term_string\"}],\"inLanguage\":\"en-US\"},{\"@type\":\"Organization\",\"@id\":\"https:\/\/gutschwarzl.at\/#organization\",\"name\":\"Gut Schwarzl\",\"url\":\"https:\/\/gutschwarzl.at\/\",\"logo\":{\"@type\":\"ImageObject\",\"inLanguage\":\"en-US\",\"@id\":\"https:\/\/gutschwarzl.at\/#\/schema\/logo\/image\/\",\"url\":\"https:\/\/gutschwarzl.at\/wp-content\/uploads\/2022\/04\/Logo-Gut-Schwarzl.svg\",\"contentUrl\":\"https:\/\/gutschwarzl.at\/wp-content\/uploads\/2022\/04\/Logo-Gut-Schwarzl.svg\",\"width\":217,\"height\":217,\"caption\":\"Gut Schwarzl\"},\"image\":{\"@id\":\"https:\/\/gutschwarzl.at\/#\/schema\/logo\/image\/\"}}]}<\/script>\n<!-- \/ Yoast SEO plugin. -->","yoast_head_json":{"title":"Goldenes Weinfr\u00fcchtchen - Gut Schwarzl","description":"Jetzt probieren: \u201eGoldene Weinfr\u00fcchtchen\u201c \u2013 handgemachter Fruchtaufstrich aus Kaki und steirischem Wei\u00dfwein. Perfekt zu K\u00e4se, Schinken oder feinem Geb\u00e4ck.","robots":{"index":"index","follow":"follow","max-snippet":"max-snippet:-1","max-image-preview":"max-image-preview:large","max-video-preview":"max-video-preview:-1"},"canonical":"https:\/\/gutschwarzl.at\/en\/product\/goldenes-weinfruechtchen\/","og_locale":"en_US","og_type":"article","og_title":"Goldenes Weinfr\u00fcchtchen - Gut Schwarzl","og_description":"Jetzt probieren: \u201eGoldene Weinfr\u00fcchtchen\u201c \u2013 handgemachter Fruchtaufstrich aus Kaki und steirischem Wei\u00dfwein. Perfekt zu K\u00e4se, Schinken oder feinem Geb\u00e4ck.","og_url":"https:\/\/gutschwarzl.at\/en\/product\/goldenes-weinfruechtchen\/","og_site_name":"Gut Schwarzl","article_modified_time":"2025-01-26T15:41:44+00:00","og_image":[{"width":565,"height":670,"url":"https:\/\/gutschwarzl.at\/wp-content\/uploads\/2025\/01\/Goldenes-Fruechtchen-e1737906093224.jpg","type":"image\/jpeg"}],"twitter_card":"summary_large_image","twitter_misc":{"Est. reading time":"2 minutes"},"schema":{"@context":"https:\/\/schema.org","@graph":[{"@type":"WebPage","@id":"https:\/\/gutschwarzl.at\/produkt\/goldenes-weinfruechtchen\/","url":"https:\/\/gutschwarzl.at\/produkt\/goldenes-weinfruechtchen\/","name":"Goldenes Weinfr\u00fcchtchen - Gut Schwarzl","isPartOf":{"@id":"https:\/\/gutschwarzl.at\/#website"},"primaryImageOfPage":{"@id":"https:\/\/gutschwarzl.at\/produkt\/goldenes-weinfruechtchen\/#primaryimage"},"image":{"@id":"https:\/\/gutschwarzl.at\/produkt\/goldenes-weinfruechtchen\/#primaryimage"},"thumbnailUrl":"https:\/\/gutschwarzl.at\/wp-content\/uploads\/2025\/01\/Goldenes-Fruechtchen-e1737906093224.jpg","datePublished":"2025-01-26T15:35:38+00:00","dateModified":"2025-01-26T15:41:44+00:00","description":"Jetzt probieren: \u201eGoldene Weinfr\u00fcchtchen\u201c \u2013 handgemachter Fruchtaufstrich aus Kaki und steirischem Wei\u00dfwein. Perfekt zu K\u00e4se, Schinken oder feinem Geb\u00e4ck.","breadcrumb":{"@id":"https:\/\/gutschwarzl.at\/produkt\/goldenes-weinfruechtchen\/#breadcrumb"},"inLanguage":"en-US","potentialAction":[{"@type":"ReadAction","target":["https:\/\/gutschwarzl.at\/produkt\/goldenes-weinfruechtchen\/"]}]},{"@type":"ImageObject","inLanguage":"en-US","@id":"https:\/\/gutschwarzl.at\/produkt\/goldenes-weinfruechtchen\/#primaryimage","url":"https:\/\/gutschwarzl.at\/wp-content\/uploads\/2025\/01\/Goldenes-Fruechtchen-e1737906093224.jpg","contentUrl":"https:\/\/gutschwarzl.at\/wp-content\/uploads\/2025\/01\/Goldenes-Fruechtchen-e1737906093224.jpg","width":565,"height":670},{"@type":"BreadcrumbList","@id":"https:\/\/gutschwarzl.at\/produkt\/goldenes-weinfruechtchen\/#breadcrumb","itemListElement":[{"@type":"ListItem","position":1,"name":"Startseite","item":"https:\/\/gutschwarzl.at\/"},{"@type":"ListItem","position":2,"name":"Shop","item":"https:\/\/gutschwarzl.at\/shop\/"},{"@type":"ListItem","position":3,"name":"Goldenes Weinfr\u00fcchtchen"}]},{"@type":"WebSite","@id":"https:\/\/gutschwarzl.at\/#website","url":"https:\/\/gutschwarzl.at\/","name":"Gut Schwarzl","description":"Wo der Wein daheim ist","publisher":{"@id":"https:\/\/gutschwarzl.at\/#organization"},"potentialAction":[{"@type":"SearchAction","target":{"@type":"EntryPoint","urlTemplate":"https:\/\/gutschwarzl.at\/?s={search_term_string}"},"query-input":"required name=search_term_string"}],"inLanguage":"en-US"},{"@type":"Organization","@id":"https:\/\/gutschwarzl.at\/#organization","name":"Gut Schwarzl","url":"https:\/\/gutschwarzl.at\/","logo":{"@type":"ImageObject","inLanguage":"en-US","@id":"https:\/\/gutschwarzl.at\/#\/schema\/logo\/image\/","url":"https:\/\/gutschwarzl.at\/wp-content\/uploads\/2022\/04\/Logo-Gut-Schwarzl.svg","contentUrl":"https:\/\/gutschwarzl.at\/wp-content\/uploads\/2022\/04\/Logo-Gut-Schwarzl.svg","width":217,"height":217,"caption":"Gut Schwarzl"},"image":{"@id":"https:\/\/gutschwarzl.at\/#\/schema\/logo\/image\/"}}]}},"jetpack_sharing_enabled":true,"_links":{"self":[{"href":"https:\/\/gutschwarzl.at\/en\/wp-json\/wp\/v2\/product\/21620","targetHints":{"allow":["GET"]}}],"collection":[{"href":"https:\/\/gutschwarzl.at\/en\/wp-json\/wp\/v2\/product"}],"about":[{"href":"https:\/\/gutschwarzl.at\/en\/wp-json\/wp\/v2\/types\/product"}],"replies":[{"embeddable":true,"href":"https:\/\/gutschwarzl.at\/en\/wp-json\/wp\/v2\/comments?post=21620"}],"wp:featuredmedia":[{"embeddable":true,"href":"https:\/\/gutschwarzl.at\/en\/wp-json\/wp\/v2\/media\/21621"}],"wp:attachment":[{"href":"https:\/\/gutschwarzl.at\/en\/wp-json\/wp\/v2\/media?parent=21620"}],"wp:term":[{"taxonomy":"product_brand","embeddable":true,"href":"https:\/\/gutschwarzl.at\/en\/wp-json\/wp\/v2\/product_brand?post=21620"},{"taxonomy":"product_cat","embeddable":true,"href":"https:\/\/gutschwarzl.at\/en\/wp-json\/wp\/v2\/product_cat?post=21620"},{"taxonomy":"product_tag","embeddable":true,"href":"https:\/\/gutschwarzl.at\/en\/wp-json\/wp\/v2\/product_tag?post=21620"}],"curies":[{"name":"wp","href":"https:\/\/api.w.org\/{rel}","templated":true}]}}