{"id":21455,"date":"2024-10-21T15:47:53","date_gmt":"2024-10-21T13:47:53","guid":{"rendered":"https:\/\/gutschwarzl.at\/?post_type=product&#038;p=21455"},"modified":"2025-07-10T18:32:18","modified_gmt":"2025-07-10T16:32:18","slug":"morillonehrenhausen-dac-2022","status":"publish","type":"product","link":"https:\/\/gutschwarzl.at\/en\/product\/morillonehrenhausen-dac-2022\/","title":{"rendered":"Morillon EHRENHAUSEN DAC 2022"},"content":{"rendered":"<p><strong>Morillon Ehrenhausen DAC 2022 \u2013 Fruchtiger Genuss aus der S\u00fcdsteiermark<\/strong><\/p>\n<p>Unser <strong>Morillon Ehrenhausen DAC 2022<\/strong> ist ein fruchtiger, lebendiger Wein, der perfekt zu gem\u00fctlichen Abenden passt \u2013 sei es bei einem guten Buch oder inspirierenden Gespr\u00e4chen. Der steirische Chardonnay, hier als Morillon bekannt, vereint die typischen Aromen der Region und wird von den besonderen Lemb\u00f6den rund um Ehrenhausen gepr\u00e4gt.<\/p>\n<p>Dieser <strong>2022er Jahrgang<\/strong> verw\u00f6hnt mit intensiven Noten von reifen \u00c4pfeln, saftigen Birnen und einem dezenten Hauch von Zitrusfr\u00fcchten. Am Gaumen entfaltet sich eine harmonische F\u00fclle, unterstrichen von einer eleganten S\u00e4urestruktur. Die Mineralit\u00e4t der kalkhaltigen Lemb\u00f6den verleiht dem Wein eine besondere Tiefe, die lange nachklingt und dem Abgang einen unverwechselbaren Charakter verleiht.<\/p>\n<p>Dieser Morillon passt hervorragend zu Gefl\u00fcgel, Fisch oder frischen Salaten, ist aber auch solo genossen ein Genuss, der die Seele der S\u00fcdsteiermark in jedem Glas widerspiegelt.<\/p>\n<p>Erleben Sie mit dem <strong>Morillon Ehrenhausen DAC 2022<\/strong> die einzigartige Verbindung von Fruchtigkeit, Mineralit\u00e4t und steirischer Herkunft \u2013 perfekt f\u00fcr besondere Momente.<\/p>\n<p>&nbsp;<\/p>\n<p><strong>Allergen information:<\/strong> contains sulphites<\/p>","protected":false},"excerpt":{"rendered":"<p>SOUTH STYRIA DAC<\/p>","protected":false},"featured_media":21534,"comment_status":"open","ping_status":"closed","template":"","meta":[],"product_brand":[],"product_cat":[37,117],"product_tag":[],"class_list":{"0":"post-21455","1":"product","2":"type-product","3":"status-publish","4":"has-post-thumbnail","6":"product_cat-wein","7":"product_cat-weiss","9":"first","10":"instock","11":"taxable","12":"shipping-taxable","13":"purchasable","14":"product-type-simple"},"yoast_head":"<!-- This site is optimized with the Yoast SEO plugin v23.2 - https:\/\/yoast.com\/wordpress\/plugins\/seo\/ -->\n<title>Morillon Ortswein EHRENHAUSEN 2022 | Gut Schwarzl<\/title>\n<meta name=\"description\" content=\"Fruchtiger Morillon Ehrenhausen DAC 2022 aus der S\u00fcdsteiermark. Perfekt f\u00fcr gem\u00fctliche Abende, mit Aromen von \u00c4pfeln, Birnen und feiner Mineralit\u00e4t.\" \/>\n<meta name=\"robots\" content=\"index, follow, max-snippet:-1, max-image-preview:large, max-video-preview:-1\" \/>\n<link rel=\"canonical\" href=\"https:\/\/gutschwarzl.at\/en\/product\/morillonehrenhausen-dac-2022\/\" \/>\n<meta property=\"og:locale\" content=\"en_US\" \/>\n<meta property=\"og:type\" content=\"article\" \/>\n<meta property=\"og:title\" content=\"Morillon Ortswein EHRENHAUSEN 2022 | Gut Schwarzl\" \/>\n<meta property=\"og:description\" content=\"Fruchtiger Morillon Ehrenhausen DAC 2022 aus der S\u00fcdsteiermark. Perfekt f\u00fcr gem\u00fctliche Abende, mit Aromen von \u00c4pfeln, Birnen und feiner Mineralit\u00e4t.\" \/>\n<meta property=\"og:url\" content=\"https:\/\/gutschwarzl.at\/en\/product\/morillonehrenhausen-dac-2022\/\" \/>\n<meta property=\"og:site_name\" content=\"Gut Schwarzl\" \/>\n<meta property=\"article:modified_time\" content=\"2025-07-10T16:32:18+00:00\" \/>\n<meta property=\"og:image\" content=\"https:\/\/gutschwarzl.at\/wp-content\/uploads\/2024\/10\/Morillon-EHR-22.jpg\" \/>\n\t<meta property=\"og:image:width\" content=\"591\" \/>\n\t<meta property=\"og:image:height\" content=\"1748\" \/>\n\t<meta property=\"og:image:type\" content=\"image\/jpeg\" \/>\n<meta name=\"twitter:card\" content=\"summary_large_image\" \/>\n<meta name=\"twitter:label1\" content=\"Est. reading time\" \/>\n\t<meta name=\"twitter:data1\" content=\"2 minutes\" \/>\n<script type=\"application\/ld+json\" class=\"yoast-schema-graph\">{\"@context\":\"https:\/\/schema.org\",\"@graph\":[{\"@type\":\"WebPage\",\"@id\":\"https:\/\/gutschwarzl.at\/produkt\/morillonehrenhausen-dac-2022\/\",\"url\":\"https:\/\/gutschwarzl.at\/produkt\/morillonehrenhausen-dac-2022\/\",\"name\":\"Morillon Ortswein EHRENHAUSEN 2022 | Gut Schwarzl\",\"isPartOf\":{\"@id\":\"https:\/\/gutschwarzl.at\/#website\"},\"primaryImageOfPage\":{\"@id\":\"https:\/\/gutschwarzl.at\/produkt\/morillonehrenhausen-dac-2022\/#primaryimage\"},\"image\":{\"@id\":\"https:\/\/gutschwarzl.at\/produkt\/morillonehrenhausen-dac-2022\/#primaryimage\"},\"thumbnailUrl\":\"https:\/\/gutschwarzl.at\/wp-content\/uploads\/2024\/10\/Morillon-EHR-22.jpg\",\"datePublished\":\"2024-10-21T13:47:53+00:00\",\"dateModified\":\"2025-07-10T16:32:18+00:00\",\"description\":\"Fruchtiger Morillon Ehrenhausen DAC 2022 aus der S\u00fcdsteiermark. Perfekt f\u00fcr gem\u00fctliche Abende, mit Aromen von \u00c4pfeln, Birnen und feiner Mineralit\u00e4t.\",\"breadcrumb\":{\"@id\":\"https:\/\/gutschwarzl.at\/produkt\/morillonehrenhausen-dac-2022\/#breadcrumb\"},\"inLanguage\":\"en-US\",\"potentialAction\":[{\"@type\":\"ReadAction\",\"target\":[\"https:\/\/gutschwarzl.at\/produkt\/morillonehrenhausen-dac-2022\/\"]}]},{\"@type\":\"ImageObject\",\"inLanguage\":\"en-US\",\"@id\":\"https:\/\/gutschwarzl.at\/produkt\/morillonehrenhausen-dac-2022\/#primaryimage\",\"url\":\"https:\/\/gutschwarzl.at\/wp-content\/uploads\/2024\/10\/Morillon-EHR-22.jpg\",\"contentUrl\":\"https:\/\/gutschwarzl.at\/wp-content\/uploads\/2024\/10\/Morillon-EHR-22.jpg\",\"width\":591,\"height\":1748},{\"@type\":\"BreadcrumbList\",\"@id\":\"https:\/\/gutschwarzl.at\/produkt\/morillonehrenhausen-dac-2022\/#breadcrumb\",\"itemListElement\":[{\"@type\":\"ListItem\",\"position\":1,\"name\":\"Startseite\",\"item\":\"https:\/\/gutschwarzl.at\/\"},{\"@type\":\"ListItem\",\"position\":2,\"name\":\"Shop\",\"item\":\"https:\/\/gutschwarzl.at\/shop\/\"},{\"@type\":\"ListItem\",\"position\":3,\"name\":\"Morillon EHRENHAUSEN DAC 2022\"}]},{\"@type\":\"WebSite\",\"@id\":\"https:\/\/gutschwarzl.at\/#website\",\"url\":\"https:\/\/gutschwarzl.at\/\",\"name\":\"Gut Schwarzl\",\"description\":\"Wo der Wein daheim ist\",\"publisher\":{\"@id\":\"https:\/\/gutschwarzl.at\/#organization\"},\"potentialAction\":[{\"@type\":\"SearchAction\",\"target\":{\"@type\":\"EntryPoint\",\"urlTemplate\":\"https:\/\/gutschwarzl.at\/?s={search_term_string}\"},\"query-input\":\"required name=search_term_string\"}],\"inLanguage\":\"en-US\"},{\"@type\":\"Organization\",\"@id\":\"https:\/\/gutschwarzl.at\/#organization\",\"name\":\"Gut Schwarzl\",\"url\":\"https:\/\/gutschwarzl.at\/\",\"logo\":{\"@type\":\"ImageObject\",\"inLanguage\":\"en-US\",\"@id\":\"https:\/\/gutschwarzl.at\/#\/schema\/logo\/image\/\",\"url\":\"https:\/\/gutschwarzl.at\/wp-content\/uploads\/2022\/04\/Logo-Gut-Schwarzl.svg\",\"contentUrl\":\"https:\/\/gutschwarzl.at\/wp-content\/uploads\/2022\/04\/Logo-Gut-Schwarzl.svg\",\"width\":217,\"height\":217,\"caption\":\"Gut Schwarzl\"},\"image\":{\"@id\":\"https:\/\/gutschwarzl.at\/#\/schema\/logo\/image\/\"}}]}<\/script>\n<!-- \/ Yoast SEO plugin. -->","yoast_head_json":{"title":"Morillon Ortswein EHRENHAUSEN 2022 | Gut Schwarzl","description":"Fruchtiger Morillon Ehrenhausen DAC 2022 aus der S\u00fcdsteiermark. Perfekt f\u00fcr gem\u00fctliche Abende, mit Aromen von \u00c4pfeln, Birnen und feiner Mineralit\u00e4t.","robots":{"index":"index","follow":"follow","max-snippet":"max-snippet:-1","max-image-preview":"max-image-preview:large","max-video-preview":"max-video-preview:-1"},"canonical":"https:\/\/gutschwarzl.at\/en\/product\/morillonehrenhausen-dac-2022\/","og_locale":"en_US","og_type":"article","og_title":"Morillon Ortswein EHRENHAUSEN 2022 | Gut Schwarzl","og_description":"Fruchtiger Morillon Ehrenhausen DAC 2022 aus der S\u00fcdsteiermark. Perfekt f\u00fcr gem\u00fctliche Abende, mit Aromen von \u00c4pfeln, Birnen und feiner Mineralit\u00e4t.","og_url":"https:\/\/gutschwarzl.at\/en\/product\/morillonehrenhausen-dac-2022\/","og_site_name":"Gut Schwarzl","article_modified_time":"2025-07-10T16:32:18+00:00","og_image":[{"width":591,"height":1748,"url":"https:\/\/gutschwarzl.at\/wp-content\/uploads\/2024\/10\/Morillon-EHR-22.jpg","type":"image\/jpeg"}],"twitter_card":"summary_large_image","twitter_misc":{"Est. reading time":"2 minutes"},"schema":{"@context":"https:\/\/schema.org","@graph":[{"@type":"WebPage","@id":"https:\/\/gutschwarzl.at\/produkt\/morillonehrenhausen-dac-2022\/","url":"https:\/\/gutschwarzl.at\/produkt\/morillonehrenhausen-dac-2022\/","name":"Morillon Ortswein EHRENHAUSEN 2022 | Gut Schwarzl","isPartOf":{"@id":"https:\/\/gutschwarzl.at\/#website"},"primaryImageOfPage":{"@id":"https:\/\/gutschwarzl.at\/produkt\/morillonehrenhausen-dac-2022\/#primaryimage"},"image":{"@id":"https:\/\/gutschwarzl.at\/produkt\/morillonehrenhausen-dac-2022\/#primaryimage"},"thumbnailUrl":"https:\/\/gutschwarzl.at\/wp-content\/uploads\/2024\/10\/Morillon-EHR-22.jpg","datePublished":"2024-10-21T13:47:53+00:00","dateModified":"2025-07-10T16:32:18+00:00","description":"Fruchtiger Morillon Ehrenhausen DAC 2022 aus der S\u00fcdsteiermark. Perfekt f\u00fcr gem\u00fctliche Abende, mit Aromen von \u00c4pfeln, Birnen und feiner Mineralit\u00e4t.","breadcrumb":{"@id":"https:\/\/gutschwarzl.at\/produkt\/morillonehrenhausen-dac-2022\/#breadcrumb"},"inLanguage":"en-US","potentialAction":[{"@type":"ReadAction","target":["https:\/\/gutschwarzl.at\/produkt\/morillonehrenhausen-dac-2022\/"]}]},{"@type":"ImageObject","inLanguage":"en-US","@id":"https:\/\/gutschwarzl.at\/produkt\/morillonehrenhausen-dac-2022\/#primaryimage","url":"https:\/\/gutschwarzl.at\/wp-content\/uploads\/2024\/10\/Morillon-EHR-22.jpg","contentUrl":"https:\/\/gutschwarzl.at\/wp-content\/uploads\/2024\/10\/Morillon-EHR-22.jpg","width":591,"height":1748},{"@type":"BreadcrumbList","@id":"https:\/\/gutschwarzl.at\/produkt\/morillonehrenhausen-dac-2022\/#breadcrumb","itemListElement":[{"@type":"ListItem","position":1,"name":"Startseite","item":"https:\/\/gutschwarzl.at\/"},{"@type":"ListItem","position":2,"name":"Shop","item":"https:\/\/gutschwarzl.at\/shop\/"},{"@type":"ListItem","position":3,"name":"Morillon EHRENHAUSEN DAC 2022"}]},{"@type":"WebSite","@id":"https:\/\/gutschwarzl.at\/#website","url":"https:\/\/gutschwarzl.at\/","name":"Gut Schwarzl","description":"Wo der Wein daheim ist","publisher":{"@id":"https:\/\/gutschwarzl.at\/#organization"},"potentialAction":[{"@type":"SearchAction","target":{"@type":"EntryPoint","urlTemplate":"https:\/\/gutschwarzl.at\/?s={search_term_string}"},"query-input":"required name=search_term_string"}],"inLanguage":"en-US"},{"@type":"Organization","@id":"https:\/\/gutschwarzl.at\/#organization","name":"Gut Schwarzl","url":"https:\/\/gutschwarzl.at\/","logo":{"@type":"ImageObject","inLanguage":"en-US","@id":"https:\/\/gutschwarzl.at\/#\/schema\/logo\/image\/","url":"https:\/\/gutschwarzl.at\/wp-content\/uploads\/2022\/04\/Logo-Gut-Schwarzl.svg","contentUrl":"https:\/\/gutschwarzl.at\/wp-content\/uploads\/2022\/04\/Logo-Gut-Schwarzl.svg","width":217,"height":217,"caption":"Gut Schwarzl"},"image":{"@id":"https:\/\/gutschwarzl.at\/#\/schema\/logo\/image\/"}}]}},"jetpack_sharing_enabled":true,"_links":{"self":[{"href":"https:\/\/gutschwarzl.at\/en\/wp-json\/wp\/v2\/product\/21455","targetHints":{"allow":["GET"]}}],"collection":[{"href":"https:\/\/gutschwarzl.at\/en\/wp-json\/wp\/v2\/product"}],"about":[{"href":"https:\/\/gutschwarzl.at\/en\/wp-json\/wp\/v2\/types\/product"}],"replies":[{"embeddable":true,"href":"https:\/\/gutschwarzl.at\/en\/wp-json\/wp\/v2\/comments?post=21455"}],"wp:featuredmedia":[{"embeddable":true,"href":"https:\/\/gutschwarzl.at\/en\/wp-json\/wp\/v2\/media\/21534"}],"wp:attachment":[{"href":"https:\/\/gutschwarzl.at\/en\/wp-json\/wp\/v2\/media?parent=21455"}],"wp:term":[{"taxonomy":"product_brand","embeddable":true,"href":"https:\/\/gutschwarzl.at\/en\/wp-json\/wp\/v2\/product_brand?post=21455"},{"taxonomy":"product_cat","embeddable":true,"href":"https:\/\/gutschwarzl.at\/en\/wp-json\/wp\/v2\/product_cat?post=21455"},{"taxonomy":"product_tag","embeddable":true,"href":"https:\/\/gutschwarzl.at\/en\/wp-json\/wp\/v2\/product_tag?post=21455"}],"curies":[{"name":"wp","href":"https:\/\/api.w.org\/{rel}","templated":true}]}}