{"id":19945,"date":"2024-08-08T09:44:17","date_gmt":"2024-08-08T07:44:17","guid":{"rendered":"https:\/\/gutschwarzl.at\/?post_type=product&#038;p=19945"},"modified":"2026-01-20T23:41:04","modified_gmt":"2026-01-20T22:41:04","slug":"rote-zwiebeln-mit-honig-fruchtaufstrich","status":"publish","type":"product","link":"https:\/\/gutschwarzl.at\/en\/product\/rote-zwiebeln-mit-honig-fruchtaufstrich\/","title":{"rendered":"Rote Zwiebeln mit Honig Fruchtaufstrich"},"content":{"rendered":"<p><strong>Rote Zwiebeln mit Honig Fruchtaufstrich<\/strong> &#8211; Ein Geschmackserlebnis aus der S\u00fcdsteiermark<\/p>\n<p>Unser Fruchtaufstrich aus roten Zwiebeln und Honig ist die perfekte Erg\u00e4nzung zu jedem Schimmelk\u00e4se, insbesondere zu Camembert. Die s\u00fc\u00dfe Note des Honigs harmoniert wunderbar mit den kr\u00e4ftigen Aromen der roten Zwiebeln, w\u00e4hrend gr\u00fcner Pfeffer dem Aufstrich eine feine W\u00fcrze verleiht. Ideal f\u00fcr Genie\u00dfer, die das Besondere suchen.<\/p>\n<p><strong>Eigenschaften:<\/strong><\/p>\n<ul>\n<li>Handgemacht in der S\u00fcdsteiermark<\/li>\n<li>Perfekt zu Schimmelk\u00e4se, besonders Camembert<\/li>\n<li>Mit gr\u00fcnem Pfeffer f\u00fcr eine abgerundete W\u00fcrze<\/li>\n<\/ul>","protected":false},"excerpt":{"rendered":"<p>Rote Zwiebeln mit Honig Fruchtaufstrich &#8211; Ein Geschmackserlebnis aus der S\u00fcdsteiermark Unser Fruchtaufstrich aus roten Zwiebeln und Honig ist die perfekte Erg\u00e4nzung zu jedem Schimmelk\u00e4se, insbesondere zu Camembert. Die s\u00fc\u00dfe Note des Honigs harmoniert wunderbar mit den kr\u00e4ftigen Aromen der roten Zwiebeln, w\u00e4hrend gr\u00fcner Pfeffer dem Aufstrich eine feine W\u00fcrze verleiht. Ideal f\u00fcr Genie\u00dfer, die [&hellip;]<\/p>","protected":false},"featured_media":21682,"comment_status":"open","ping_status":"closed","template":"","meta":[],"product_brand":[],"product_cat":[40,124,123],"product_tag":[],"class_list":{"0":"post-19945","1":"product","2":"type-product","3":"status-publish","4":"has-post-thumbnail","6":"product_cat-delikatessen","7":"product_cat-chutney-eingelegtes","8":"product_cat-fruchtaufstrich-konfituere","10":"first","11":"instock","12":"taxable","13":"shipping-taxable","14":"purchasable","15":"product-type-simple"},"yoast_head":"<!-- This site is optimized with the Yoast SEO plugin v23.2 - https:\/\/yoast.com\/wordpress\/plugins\/seo\/ -->\n<title>Rote Zwiebeln mit Honig Fruchtaufstrich - Gut Schwarzl<\/title>\n<meta name=\"description\" content=\"Entdecken Sie den einzigartigen Fruchtaufstrich aus roten Zwiebeln und Honig mit gr\u00fcnem Pfeffer. Perfekt zu Schimmelk\u00e4se, besonders Camembert.\" \/>\n<meta name=\"robots\" content=\"index, follow, max-snippet:-1, max-image-preview:large, max-video-preview:-1\" \/>\n<link rel=\"canonical\" href=\"https:\/\/gutschwarzl.at\/en\/product\/rote-zwiebeln-mit-honig-fruchtaufstrich\/\" \/>\n<meta property=\"og:locale\" content=\"en_US\" \/>\n<meta property=\"og:type\" content=\"article\" \/>\n<meta property=\"og:title\" content=\"Rote Zwiebeln mit Honig Fruchtaufstrich - Gut Schwarzl\" \/>\n<meta property=\"og:description\" content=\"Entdecken Sie den einzigartigen Fruchtaufstrich aus roten Zwiebeln und Honig mit gr\u00fcnem Pfeffer. Perfekt zu Schimmelk\u00e4se, besonders Camembert.\" \/>\n<meta property=\"og:url\" content=\"https:\/\/gutschwarzl.at\/en\/product\/rote-zwiebeln-mit-honig-fruchtaufstrich\/\" \/>\n<meta property=\"og:site_name\" content=\"Gut Schwarzl\" \/>\n<meta property=\"article:modified_time\" content=\"2026-01-20T22:41:04+00:00\" \/>\n<meta property=\"og:image\" content=\"https:\/\/gutschwarzl.at\/wp-content\/uploads\/2024\/08\/Rote-Zwiebeln-e1740241194112.jpg\" \/>\n\t<meta property=\"og:image:width\" content=\"617\" \/>\n\t<meta property=\"og:image:height\" content=\"655\" \/>\n\t<meta property=\"og:image:type\" content=\"image\/jpeg\" \/>\n<meta name=\"twitter:card\" content=\"summary_large_image\" \/>\n<meta name=\"twitter:label1\" content=\"Est. reading time\" \/>\n\t<meta name=\"twitter:data1\" content=\"1 minute\" \/>\n<script type=\"application\/ld+json\" class=\"yoast-schema-graph\">{\"@context\":\"https:\/\/schema.org\",\"@graph\":[{\"@type\":\"WebPage\",\"@id\":\"https:\/\/gutschwarzl.at\/produkt\/rote-zwiebeln-mit-honig-fruchtaufstrich\/\",\"url\":\"https:\/\/gutschwarzl.at\/produkt\/rote-zwiebeln-mit-honig-fruchtaufstrich\/\",\"name\":\"Rote Zwiebeln mit Honig Fruchtaufstrich - Gut Schwarzl\",\"isPartOf\":{\"@id\":\"https:\/\/gutschwarzl.at\/#website\"},\"primaryImageOfPage\":{\"@id\":\"https:\/\/gutschwarzl.at\/produkt\/rote-zwiebeln-mit-honig-fruchtaufstrich\/#primaryimage\"},\"image\":{\"@id\":\"https:\/\/gutschwarzl.at\/produkt\/rote-zwiebeln-mit-honig-fruchtaufstrich\/#primaryimage\"},\"thumbnailUrl\":\"https:\/\/gutschwarzl.at\/wp-content\/uploads\/2024\/08\/Rote-Zwiebeln-e1740241194112.jpg\",\"datePublished\":\"2024-08-08T07:44:17+00:00\",\"dateModified\":\"2026-01-20T22:41:04+00:00\",\"description\":\"Entdecken Sie den einzigartigen Fruchtaufstrich aus roten Zwiebeln und Honig mit gr\u00fcnem Pfeffer. Perfekt zu Schimmelk\u00e4se, besonders Camembert.\",\"breadcrumb\":{\"@id\":\"https:\/\/gutschwarzl.at\/produkt\/rote-zwiebeln-mit-honig-fruchtaufstrich\/#breadcrumb\"},\"inLanguage\":\"en-US\",\"potentialAction\":[{\"@type\":\"ReadAction\",\"target\":[\"https:\/\/gutschwarzl.at\/produkt\/rote-zwiebeln-mit-honig-fruchtaufstrich\/\"]}]},{\"@type\":\"ImageObject\",\"inLanguage\":\"en-US\",\"@id\":\"https:\/\/gutschwarzl.at\/produkt\/rote-zwiebeln-mit-honig-fruchtaufstrich\/#primaryimage\",\"url\":\"https:\/\/gutschwarzl.at\/wp-content\/uploads\/2024\/08\/Rote-Zwiebeln-e1740241194112.jpg\",\"contentUrl\":\"https:\/\/gutschwarzl.at\/wp-content\/uploads\/2024\/08\/Rote-Zwiebeln-e1740241194112.jpg\",\"width\":617,\"height\":655,\"caption\":\"Rote Zwiebeln mit Honig passt perfekt zu SChimmelk\u00e4se\"},{\"@type\":\"BreadcrumbList\",\"@id\":\"https:\/\/gutschwarzl.at\/produkt\/rote-zwiebeln-mit-honig-fruchtaufstrich\/#breadcrumb\",\"itemListElement\":[{\"@type\":\"ListItem\",\"position\":1,\"name\":\"Startseite\",\"item\":\"https:\/\/gutschwarzl.at\/\"},{\"@type\":\"ListItem\",\"position\":2,\"name\":\"Shop\",\"item\":\"https:\/\/gutschwarzl.at\/shop\/\"},{\"@type\":\"ListItem\",\"position\":3,\"name\":\"Rote Zwiebeln mit Honig Fruchtaufstrich\"}]},{\"@type\":\"WebSite\",\"@id\":\"https:\/\/gutschwarzl.at\/#website\",\"url\":\"https:\/\/gutschwarzl.at\/\",\"name\":\"Gut Schwarzl\",\"description\":\"Wo der Wein daheim ist\",\"publisher\":{\"@id\":\"https:\/\/gutschwarzl.at\/#organization\"},\"potentialAction\":[{\"@type\":\"SearchAction\",\"target\":{\"@type\":\"EntryPoint\",\"urlTemplate\":\"https:\/\/gutschwarzl.at\/?s={search_term_string}\"},\"query-input\":\"required name=search_term_string\"}],\"inLanguage\":\"en-US\"},{\"@type\":\"Organization\",\"@id\":\"https:\/\/gutschwarzl.at\/#organization\",\"name\":\"Gut Schwarzl\",\"url\":\"https:\/\/gutschwarzl.at\/\",\"logo\":{\"@type\":\"ImageObject\",\"inLanguage\":\"en-US\",\"@id\":\"https:\/\/gutschwarzl.at\/#\/schema\/logo\/image\/\",\"url\":\"https:\/\/gutschwarzl.at\/wp-content\/uploads\/2022\/04\/Logo-Gut-Schwarzl.svg\",\"contentUrl\":\"https:\/\/gutschwarzl.at\/wp-content\/uploads\/2022\/04\/Logo-Gut-Schwarzl.svg\",\"width\":217,\"height\":217,\"caption\":\"Gut Schwarzl\"},\"image\":{\"@id\":\"https:\/\/gutschwarzl.at\/#\/schema\/logo\/image\/\"}}]}<\/script>\n<!-- \/ Yoast SEO plugin. -->","yoast_head_json":{"title":"Rote Zwiebeln mit Honig Fruchtaufstrich - Gut Schwarzl","description":"Entdecken Sie den einzigartigen Fruchtaufstrich aus roten Zwiebeln und Honig mit gr\u00fcnem Pfeffer. Perfekt zu Schimmelk\u00e4se, besonders Camembert.","robots":{"index":"index","follow":"follow","max-snippet":"max-snippet:-1","max-image-preview":"max-image-preview:large","max-video-preview":"max-video-preview:-1"},"canonical":"https:\/\/gutschwarzl.at\/en\/product\/rote-zwiebeln-mit-honig-fruchtaufstrich\/","og_locale":"en_US","og_type":"article","og_title":"Rote Zwiebeln mit Honig Fruchtaufstrich - Gut Schwarzl","og_description":"Entdecken Sie den einzigartigen Fruchtaufstrich aus roten Zwiebeln und Honig mit gr\u00fcnem Pfeffer. Perfekt zu Schimmelk\u00e4se, besonders Camembert.","og_url":"https:\/\/gutschwarzl.at\/en\/product\/rote-zwiebeln-mit-honig-fruchtaufstrich\/","og_site_name":"Gut Schwarzl","article_modified_time":"2026-01-20T22:41:04+00:00","og_image":[{"width":617,"height":655,"url":"https:\/\/gutschwarzl.at\/wp-content\/uploads\/2024\/08\/Rote-Zwiebeln-e1740241194112.jpg","type":"image\/jpeg"}],"twitter_card":"summary_large_image","twitter_misc":{"Est. reading time":"1 minute"},"schema":{"@context":"https:\/\/schema.org","@graph":[{"@type":"WebPage","@id":"https:\/\/gutschwarzl.at\/produkt\/rote-zwiebeln-mit-honig-fruchtaufstrich\/","url":"https:\/\/gutschwarzl.at\/produkt\/rote-zwiebeln-mit-honig-fruchtaufstrich\/","name":"Rote Zwiebeln mit Honig Fruchtaufstrich - Gut Schwarzl","isPartOf":{"@id":"https:\/\/gutschwarzl.at\/#website"},"primaryImageOfPage":{"@id":"https:\/\/gutschwarzl.at\/produkt\/rote-zwiebeln-mit-honig-fruchtaufstrich\/#primaryimage"},"image":{"@id":"https:\/\/gutschwarzl.at\/produkt\/rote-zwiebeln-mit-honig-fruchtaufstrich\/#primaryimage"},"thumbnailUrl":"https:\/\/gutschwarzl.at\/wp-content\/uploads\/2024\/08\/Rote-Zwiebeln-e1740241194112.jpg","datePublished":"2024-08-08T07:44:17+00:00","dateModified":"2026-01-20T22:41:04+00:00","description":"Entdecken Sie den einzigartigen Fruchtaufstrich aus roten Zwiebeln und Honig mit gr\u00fcnem Pfeffer. Perfekt zu Schimmelk\u00e4se, besonders Camembert.","breadcrumb":{"@id":"https:\/\/gutschwarzl.at\/produkt\/rote-zwiebeln-mit-honig-fruchtaufstrich\/#breadcrumb"},"inLanguage":"en-US","potentialAction":[{"@type":"ReadAction","target":["https:\/\/gutschwarzl.at\/produkt\/rote-zwiebeln-mit-honig-fruchtaufstrich\/"]}]},{"@type":"ImageObject","inLanguage":"en-US","@id":"https:\/\/gutschwarzl.at\/produkt\/rote-zwiebeln-mit-honig-fruchtaufstrich\/#primaryimage","url":"https:\/\/gutschwarzl.at\/wp-content\/uploads\/2024\/08\/Rote-Zwiebeln-e1740241194112.jpg","contentUrl":"https:\/\/gutschwarzl.at\/wp-content\/uploads\/2024\/08\/Rote-Zwiebeln-e1740241194112.jpg","width":617,"height":655,"caption":"Rote Zwiebeln mit Honig passt perfekt zu SChimmelk\u00e4se"},{"@type":"BreadcrumbList","@id":"https:\/\/gutschwarzl.at\/produkt\/rote-zwiebeln-mit-honig-fruchtaufstrich\/#breadcrumb","itemListElement":[{"@type":"ListItem","position":1,"name":"Startseite","item":"https:\/\/gutschwarzl.at\/"},{"@type":"ListItem","position":2,"name":"Shop","item":"https:\/\/gutschwarzl.at\/shop\/"},{"@type":"ListItem","position":3,"name":"Rote Zwiebeln mit Honig Fruchtaufstrich"}]},{"@type":"WebSite","@id":"https:\/\/gutschwarzl.at\/#website","url":"https:\/\/gutschwarzl.at\/","name":"Gut Schwarzl","description":"Wo der Wein daheim ist","publisher":{"@id":"https:\/\/gutschwarzl.at\/#organization"},"potentialAction":[{"@type":"SearchAction","target":{"@type":"EntryPoint","urlTemplate":"https:\/\/gutschwarzl.at\/?s={search_term_string}"},"query-input":"required name=search_term_string"}],"inLanguage":"en-US"},{"@type":"Organization","@id":"https:\/\/gutschwarzl.at\/#organization","name":"Gut Schwarzl","url":"https:\/\/gutschwarzl.at\/","logo":{"@type":"ImageObject","inLanguage":"en-US","@id":"https:\/\/gutschwarzl.at\/#\/schema\/logo\/image\/","url":"https:\/\/gutschwarzl.at\/wp-content\/uploads\/2022\/04\/Logo-Gut-Schwarzl.svg","contentUrl":"https:\/\/gutschwarzl.at\/wp-content\/uploads\/2022\/04\/Logo-Gut-Schwarzl.svg","width":217,"height":217,"caption":"Gut Schwarzl"},"image":{"@id":"https:\/\/gutschwarzl.at\/#\/schema\/logo\/image\/"}}]}},"jetpack_sharing_enabled":true,"_links":{"self":[{"href":"https:\/\/gutschwarzl.at\/en\/wp-json\/wp\/v2\/product\/19945","targetHints":{"allow":["GET"]}}],"collection":[{"href":"https:\/\/gutschwarzl.at\/en\/wp-json\/wp\/v2\/product"}],"about":[{"href":"https:\/\/gutschwarzl.at\/en\/wp-json\/wp\/v2\/types\/product"}],"replies":[{"embeddable":true,"href":"https:\/\/gutschwarzl.at\/en\/wp-json\/wp\/v2\/comments?post=19945"}],"wp:featuredmedia":[{"embeddable":true,"href":"https:\/\/gutschwarzl.at\/en\/wp-json\/wp\/v2\/media\/21682"}],"wp:attachment":[{"href":"https:\/\/gutschwarzl.at\/en\/wp-json\/wp\/v2\/media?parent=19945"}],"wp:term":[{"taxonomy":"product_brand","embeddable":true,"href":"https:\/\/gutschwarzl.at\/en\/wp-json\/wp\/v2\/product_brand?post=19945"},{"taxonomy":"product_cat","embeddable":true,"href":"https:\/\/gutschwarzl.at\/en\/wp-json\/wp\/v2\/product_cat?post=19945"},{"taxonomy":"product_tag","embeddable":true,"href":"https:\/\/gutschwarzl.at\/en\/wp-json\/wp\/v2\/product_tag?post=19945"}],"curies":[{"name":"wp","href":"https:\/\/api.w.org\/{rel}","templated":true}]}}