{"id":288,"date":"2022-03-15T12:20:22","date_gmt":"2022-03-15T11:20:22","guid":{"rendered":"https:\/\/wp15.gutleben.systems\/?page_id=288"},"modified":"2025-10-14T07:28:55","modified_gmt":"2025-10-14T05:28:55","slug":"agb","status":"publish","type":"page","link":"https:\/\/gutschwarzl.at\/en\/agb\/","title":{"rendered":"Conditions"},"content":{"rendered":"<div data-elementor-type=\"wp-page\" data-elementor-id=\"288\" class=\"elementor elementor-288\" data-elementor-post-type=\"page\">\n\t\t\t\t\t\t<section class=\"elementor-section elementor-top-section elementor-element elementor-element-8a35893 elementor-section-boxed elementor-section-height-default elementor-section-height-default\" data-id=\"8a35893\" data-element_type=\"section\">\n\t\t\t\t\t\t<div class=\"elementor-container elementor-column-gap-default\">\n\t\t\t\t\t<div class=\"elementor-column elementor-col-100 elementor-top-column elementor-element elementor-element-1206baf\" data-id=\"1206baf\" data-element_type=\"column\">\n\t\t\t<div class=\"elementor-widget-wrap elementor-element-populated\">\n\t\t\t\t\t\t<div class=\"elementor-element elementor-element-99905c0 elementor-widget elementor-widget-heading\" data-id=\"99905c0\" data-element_type=\"widget\" data-widget_type=\"heading.default\">\n\t\t\t\t<div class=\"elementor-widget-container\">\n\t\t\t\t\t<h1 class=\"elementor-heading-title elementor-size-default\">Conditions<\/h1>\t\t\t\t<\/div>\n\t\t\t\t<\/div>\n\t\t\t\t<div class=\"elementor-element elementor-element-2da5cd4 elementor-widget__width-initial elementor-widget elementor-widget-spacer\" data-id=\"2da5cd4\" data-element_type=\"widget\" data-widget_type=\"spacer.default\">\n\t\t\t\t<div class=\"elementor-widget-container\">\n\t\t\t\t\t\t\t<div class=\"elementor-spacer\">\n\t\t\t<div class=\"elementor-spacer-inner\"><\/div>\n\t\t<\/div>\n\t\t\t\t\t\t<\/div>\n\t\t\t\t<\/div>\n\t\t\t\t\t<\/div>\n\t\t<\/div>\n\t\t\t\t\t<\/div>\n\t\t<\/section>\n\t\t\t\t<section class=\"elementor-section elementor-top-section elementor-element elementor-element-37d536e elementor-section-boxed elementor-section-height-default elementor-section-height-default\" data-id=\"37d536e\" data-element_type=\"section\">\n\t\t\t\t\t\t<div class=\"elementor-container elementor-column-gap-default\">\n\t\t\t\t\t<div class=\"elementor-column elementor-col-50 elementor-top-column elementor-element elementor-element-5ce0d4b\" data-id=\"5ce0d4b\" data-element_type=\"column\">\n\t\t\t<div class=\"elementor-widget-wrap elementor-element-populated\">\n\t\t\t\t\t\t<div class=\"elementor-element elementor-element-b5c4279 elementor-widget elementor-widget-text-editor\" data-id=\"b5c4279\" data-element_type=\"widget\" data-widget_type=\"text-editor.default\">\n\t\t\t\t<div class=\"elementor-widget-container\">\n\t\t\t\t\t\t\t\t\t<p><strong>SCOPE<\/strong><br \/>Diese Allgemeinen Gesch\u00e4ftsbedingungen gelten f\u00fcr den Verkauf und die Lieferung von Waren durch das Weingut Johannes Schwarzl &amp; MB mit dem Firmensitz und der Gesch\u00e4ftsadresse in 8461 Ehrenhausen, Ottenberg 32. Soweit nicht ausdr\u00fccklich Gegenteiliges vereinbart wurde, gelten unsere, dem Vertragspartner bekannt gegebenen AGB. Die Vertragssprache ist Deutsch.<\/p><p><strong>OFFER<\/strong><br \/>Our offer is subject to change and is only valid while stocks last. Due to the limited quantities of individual goods, there may be a sell-out situation during your online order. In this case, we allow ourselves to offer you alternative products. Our current terms of delivery and payment are exclusively decisive for the delivery. Deviating agreements are only valid if they are confirmed by us in writing.<\/p><p><strong>PRICES AND SHIPPING COSTS<\/strong><br \/>1. The prices offered for the goods are gross prices in euros per item and include all statutory taxes (VAT) and duties. However, the prices offered do not include any shipping costs.<br \/>2. Die genannten Betr\u00e4ge k\u00f6nnen vom Weingut Johannes Schwarzl &amp; MB f\u00fcr zuk\u00fcnftige Vertr\u00e4ge jederzeit einseitig ge\u00e4ndert werden. Bei Schreib-, Druck- und Rechenfehlern auf der Website, ist das Weingut Johannes Schwarzl &amp; MB zum R\u00fccktritt berechtigt.<br \/>3. Die Preise basieren auf den Kosten zum Zeitpunkt der erstmaligen Preisangabe. Sollten sich die Kosten bis zum Zeitpunkt der Abgabe einer Bestellung durch den K\u00e4ufer ver\u00e4ndern, so ist das Weingut Johannes Schwarzl &amp; MB berechtigt, die Preise entsprechend anzupassen.<br \/>4. Deliveries outside of Austria can only be made if there are no legal or disproportionate logistical obstacles to the delivery.<br \/>5. Alle durch den Versand entstehenden Kosten tr\u00e4gt der K\u00e4ufer. Die Kosten der Zustellung werden bei Bestellung im Internet-Onlineshop nach korrekter Auswahl im Warenkorb angezeigt, und bei einer abgegebenen Bestellung in der von Weingut Johannes Schwarzl &amp; MB schriftlich (per E-Mail) abgegebenen Bestellbest\u00e4tigung ausgewiesen.<br \/>6. Ab einem Bruttowarenpreis von EUR 150,- \u00fcbernimmt\u00a0 Schwarzl die Kosten der Standardzustellung innerhalb \u00d6sterreich.<br \/>7. Our current terms of delivery and payment are exclusively decisive for the delivery. Deviating agreements are only valid if they are confirmed by us in writing.<\/p><p>Pay:<br \/>Die Bezahlung der bestellten Waren erfolgt per Erlagschein oder per Kreditkarte. Erstbesteller bitten wir h\u00f6flichst um Vorauskassa.<\/p><p><strong>TRANSIT DAMAGE<\/strong><br \/>F\u00fcr Sch\u00e4den und Beeintr\u00e4chtigungen welche w\u00e4hrend des Transportes entstehen, garantiert Schwarzl vollst\u00e4ndigen Ersatz unter folgenden Bedingungen: Die eintreffende Ware ist sofort auf Ordnungsm\u00e4\u00dfigkeit und Vollst\u00e4ndigkeit zu \u00fcberpr\u00fcfen und mitzuteilen. Jegliche Beanstandungen sind vom Transportunternehmen zu best\u00e4tigen.<\/p><p><strong>RETURN OF GOODS AND RIGHT OF WITHDRAWAL<\/strong><br \/>1. Weingut Johannes Schwarzl &amp; MB ist bis auf Widerruf bereit, bei ihr gekaufte Waren gegen Erstattung des vollen Kaufpreises unter folgenden Voraussetzungen zur\u00fcckzunehmen: Die R\u00fcckgabe muss innerhalb von 14 Tagen ab Rechnungsdatum originalverpackt, unbesch\u00e4digt und unter Vorlage der Originalrechnung erfolgen. Die R\u00fccknahme erfolgt zu dem zum Zeitpunkt des urspr\u00fcnglichen Kaufs g\u00fcltigen Preis. Die Erstattung des Kaufpreises erfolgt in Form einer Gutschrift.<br \/>2. If the buyer is a consumer within the meaning of the Consumer Protection Act and has placed his order via the Internet online shop, he can, in accordance with \u00a7\u00a7 11 FAGG, declare his withdrawal from the purchase contract within fourteen days from the day the goods were received by the buyer. The cancellation period begins as soon as the buyer or a third party named by him has accepted the goods. In the case of a purchase contract for several goods, the cancellation period begins as soon as the buyer or a third party named by him has accepted the last partial shipment, the last goods or the last piece. The day of acceptance is not included in the deadline. Saturdays, Sundays and public holidays are included in the calculation of the deadline. The timely dispatch of the declaration of withdrawal or the return of the goods is sufficient to meet the withdrawal deadline.<br \/>Um Ihr Widerrufsrecht auszu\u00fcben, m\u00fcssen Sie gegen\u00fcber Schwarzl \u00fcber Ihren Entschluss, diesen Vertrag zu widerrufen, informieren.<br \/>3. Folgen des Widerrufs: Wenn Sie diesen Vertrag widerrufen, hat Schwarzl von Ihnen erhaltene Zahlungen, einschlie\u00dflich der Lieferkosten, unverz\u00fcglich und sp\u00e4testens binnen vierzehn Tagen ab dem Tag zur\u00fcckzuzahlen, an dem die Mitteilung \u00fcber Ihren Widerruf dieses Vertrags bei Weingut Johannes Schwarzl &amp; MB eingegangen ist. Weingut Johannes Schwarzl &amp; MB kann die R\u00fcckzahlung verweigern, bis die Waren bei Weingut Johannes Schwarzl &amp; MB eingelangt sind oder bis Sie den Nachweis erbracht haben, dass Sie die Waren zur\u00fcckgesandt haben, je nachdem, welches der fr\u00fchere Zeitpunkt ist. Sie haben die Waren unverz\u00fcglich und in jedem Fall sp\u00e4testens binnen vierzehn Tagen ab dem Tag, an dem Sie Schwarzl \u00fcber den Widerruf dieses Vertrags unterrichten, an Weingut Johannes Schwarzl &amp; MB, Ottenberg 32, 8461 Ehrenhausen zur\u00fcckzusenden oder zu \u00fcbergeben. Die Frist ist gewahrt, wenn Sie die Waren vor Ablauf der Frist von vierzehn Tagen absenden. Sie tragen die unmittelbaren Kosten sowie die Gefahr der R\u00fccksendung der Waren. Sie m\u00fcssen f\u00fcr einen etwaigen Wertverlust der Waren nur aufkommen, wenn dieser Wertverlust auf einen zur Pr\u00fcfung der Beschaffenheit, Eigenschaften und Funktionsweise der Waren nicht notwendigen Umgang mit ihnen zur\u00fcckzuf\u00fchren ist.<\/p><p><strong>ORDERS, DELIVERY PERIOD, DELIVERY OBSTACLES, WITHDRAWAL FROM THE CONTRACT<\/strong><br \/>1. Die Bestellung des Kunden stellt ein Angebot dar. Ein Vertrag kommt erst nach Annahme von Schwarzl zustande. Der Kunde wird von unserer Annahme per E-Mail oder per Telefon verst\u00e4ndigt. Sollte Schwarzl der Bestellung des Kunden aus irgendwelchen Gr\u00fcnden nicht nachkommen k\u00f6nnen, wird der Kunde dar\u00fcber unverz\u00fcglich verst\u00e4ndigt.<br \/>2. Weingut Johannes Schwarzl\u00a0 &amp; MB nimmt Auftr\u00e4ge \u00fcber den Internet-Onlineshop von Montag bis Freitag in der Zeit von 08.00 Uhr bis 17.00 Uhr entgegen. Sofern Auftr\u00e4ge au\u00dferhalb der Bestellzeiten eingehen, gelten diese erst am Beginn der Bestellzeit am n\u00e4chsten Werktag als zugegangen.<br \/>3. Bei Auftragserteilung hat der Kunde einen genauen Lieferort zu nennen. Der Kunde ist verpflichtet, die bestellte Ware am angegebenen Lieferort sicherzustellen. Schwarzl \u00fcbermittelt dem Kunden eine schriftliche (einschlie\u00dflich per E-Mail) Bestellbest\u00e4tigung mit allen relevanten Auftragsdaten.<br \/>4. Die Lieferung erfolgt \u00fcber einen von Weingut Johannes Schwarzl &amp; MB beauftragten Versandpartner zu gesch\u00e4fts\u00fcblichen Zeiten.<br \/>5. Im Fall der Nichtannahme von bestellter Ware ist Schwarzl berechtigt, den Ersatz der dadurch entstandenen Mehraufwendungen, wie zB. frustrierte Transportkosten, zu verlangen. Dies gilt nicht, wenn Schwarzl ihre Leistungen nicht vertragsgem\u00e4\u00df erbringt.<br \/>6. Die Annahme von Bestellungen erfolgt unter Vorbehalt der Lieferm\u00f6glichkeiten. Schwarzl beh\u00e4lt sich vor, bei \u00dcberzeichnung eines Produktes den Bestellern auch geringere Mengen zuzuteilen. Wird die Lieferung oder die Einhaltung einer vereinbarten Lieferfrist durch von Weingut Schwarzl nicht zu vertretende Umst\u00e4nde unm\u00f6glich, so erlischt die Lieferpflicht zu dem vorgesehenen Liefertermin. Zu den von\u00a0 Schwarzl nicht zu vertretenden Umst\u00e4nden geh\u00f6ren insbesondere: Schwierigkeiten beim Bezug der Waren oder Vormaterialien von Dritten, bei Betriebsst\u00f6rungen, Verkehrsst\u00f6rungen, Aussperrungen und Streiks sowie alle F\u00e4lle h\u00f6herer Gewalt. Schwarzl wird in solchen F\u00e4llen den K\u00e4ufer unverz\u00fcglich kontaktieren, um einen Ersatztermin f\u00fcr die verhinderte Lieferung zu vereinbaren. Sofern dem K\u00e4ufer von Schwarzl ein neuer Liefertermin angeboten wird, der nicht sp\u00e4ter als zwei Wochen nach einem der urspr\u00fcnglich vereinbarten Liefertermine liegt, und die Lieferung zu diesem neuen Termin auch ordnungsgem\u00e4\u00df durchgef\u00fchrt wird, liegt eine rechtzeitige Lieferung durch Schwarzl im Sinne des Kaufvertrages vor.<\/p>\t\t\t\t\t\t\t\t<\/div>\n\t\t\t\t<\/div>\n\t\t\t\t\t<\/div>\n\t\t<\/div>\n\t\t\t\t<div class=\"elementor-column elementor-col-50 elementor-top-column elementor-element elementor-element-fafe549\" data-id=\"fafe549\" data-element_type=\"column\">\n\t\t\t<div class=\"elementor-widget-wrap elementor-element-populated\">\n\t\t\t\t\t\t<div class=\"elementor-element elementor-element-72badd5 elementor-widget elementor-widget-text-editor\" data-id=\"72badd5\" data-element_type=\"widget\" data-widget_type=\"text-editor.default\">\n\t\t\t\t<div class=\"elementor-widget-container\">\n\t\t\t\t\t\t\t\t\t<p>7. In the case of divisible services, the buyer has no right of withdrawal with regard to parts that can be delivered, insofar as parts of the service can be performed and can be used by the buyer. Under the same conditions, or if the remaining parts can be delivered in good time, the buyer is not entitled to refuse partial deliveries.<br \/>8. If the buyer unjustifiably declares that he does not want to stick to the contract (&quot;cancellation&quot;), and Katharina Schwarzl agrees to this in writing (by e-mail), Katharina Schwarzl is entitled to 15% of the purchase price as flat-rate compensation (&quot;cancellation fee &quot;). In the case of ordered goods, such a contract termination is generally excluded. Deviating from this, the statutory rights of withdrawal without cancellation fee according to \u00a7\u00a7 5e - 5h of the Consumer Protection Act remain valid for consumers.<br \/>9. Changes or cancellations of orders by the buyer must always be made in writing (by e-mail). Katharina Schwarzl reserves the right to accept declarations in other forms, which then only become effective with written confirmation from Katharina Schwarzl (by e-mail).<br \/>10. Unless otherwise agreed, Katharina Schwarzl delivers within 3 to 5 working days after confirmation of the concluded contract.<\/p><p>\u00a0<\/p><p><strong>WARRANTY<\/strong><br \/>1. Complaints based on statutory warranty claims can be made to the following address: Katharina Schwarzl, Ottenberg 32a, 8461 Ehrenhausen, phone: +436641225639.<br \/>2. Promises, such as the usability or special properties of the goods, or declarations by Katharina Schwarzl&#039;s employees are non-binding and do not represent an express assurance of specific properties if they are not made in writing (by e-mail).<br \/>3. Warranty claims presuppose that defects (e.g. a broken wine bottle) are reported to Katharina Schwarzl immediately, namely recognizable defects immediately upon acceptance, hidden defects after discovery, and with presentation of the opened goods and the original invoice.<br \/>4. A warranty claim is in any case limited to the purchase price of the delivered and defective goods.<br \/>5. Katharina Schwarzl fulfills her warranty obligations at her discretion either by delivering goods free of defects, improvement, subsequent delivery of missing quantities or cancellation of the contract (ie repayment of the purchase price) within a reasonable period of time.<br \/>6. For transactions with consumers within the meaning of the Austrian Consumer Protection Act, the customer can request improvement, replacement of the item, reasonable price reduction or conversion in the event of a defect at his own discretion and in compliance with the statutory provisions.<br \/>7. Reasons for taste, commercial or minor, technically caused deviations in quality, quantity, color, size, weight, equipment or design as well as age-related changes in taste, color and packaging do not constitute warranty defects or non-fulfillment of the contract.<br \/>8. Katharina Schwarzl is not liable for a match in terms of taste, colour, material and pattern or other matching features of goods that have been ordered. The same applies to goods ordered based on a sample, provided the deviation is within the customary and technical limits.<\/p><p>\u00a0<\/p><p><strong>LIABILITY FOR DAMAGES<\/strong><br \/>1. Katharina Schwarzl is liable for damages according to the legal regulations. However, liability for damage caused by slight negligence is excluded. The limitation of liability does not apply to damage resulting from injury to life, limb or health or to claims under the Austrian Product Liability Act.<\/p><p>\u00a0<\/p><p><strong>YOUTH PROTECTION<\/strong><br \/>The sale and delivery of wine and spirits can only be made to persons over 18 years of age. In order to comply with legal regulations, Katharina Schwarzl is entitled to hand over goods only after legitimation by means of an official photo ID. In the event of a justified refusal to hand over the goods, the customer is obliged to compensate for the damage actually incurred (e.g. delivery costs).<br \/>By placing the order, the customer assures that he or the recipient of the goods is older than 18 years.<\/p><p>\u00a0<\/p><p><strong>IT PROCESSING AND CUSTOMER DATA<\/strong><br \/>The buyer agrees that the personal data specified in the purchase contract and disclosed during registration will be stored and processed in compliance with the provisions of the Data Protection Act. This data is used to the extent necessary to comply with legal regulations, to process payment transactions, customer care and marketing purposes. Furthermore, the customer agrees to receive mailings from Katharina Schwarzl for advertising purposes. This consent can be revoked at any time by sending an email to Katharina Schwarzl (delikatessen@gutschwarzl.at). As part of customer care, Katharina Schwarzl&#039;s data will not be passed on to other companies.<\/p><p>\u00a0<\/p><p><strong>OTHER PROVISIONS<\/strong><br \/>1. If individual provisions of the contract or these general terms and conditions are invalid, this does not result in the invalidity of the entire contract or the entire general terms and conditions. The remaining content of the contract and the remaining General Terms and Conditions remain unchanged.<br \/>2. The place of performance for both Katharina Schwarzl and the buyer is Katharina Schwarzl&#039;s business address.<br \/>3. The competent court in Leibnitz has exclusive jurisdiction to decide all disputes arising in connection with the contractual relationship.<br \/>4. The contract is subject to Austrian law.<\/p><p>\u00a0<\/p><p><strong>Legal Information<\/strong><\/p><p>Vineyard Schwarzl<br \/>Place of jurisdiction: Leibnitz<br \/>Raiffeisenbank Gamlitz eGen<br \/>IBAN: AT45 3809 4000 0102 2805<br \/>BIC: RZSTAT2G094<\/p><p>or.:<\/p><p>Catherine&#039;s Delicatessen<br \/>Place of jurisdiction: Leibnitz<br \/>Raiffeisenbank Gamlitz eGen<br \/>IBAN: AT96 3809 4000 0010 2327<br \/>BIC: RZSTAT2G094<\/p>\t\t\t\t\t\t\t\t<\/div>\n\t\t\t\t<\/div>\n\t\t\t\t\t<\/div>\n\t\t<\/div>\n\t\t\t\t\t<\/div>\n\t\t<\/section>\n\t\t\t\t<\/div>","protected":false},"excerpt":{"rendered":"<p>AGB GELTUNGSBEREICHDiese Allgemeinen Gesch\u00e4ftsbedingungen gelten f\u00fcr den Verkauf und die Lieferung von Waren durch das Weingut Johannes Schwarzl &amp; MB mit dem Firmensitz und der Gesch\u00e4ftsadresse in 8461 Ehrenhausen, Ottenberg 32. Soweit nicht ausdr\u00fccklich Gegenteiliges vereinbart wurde, gelten unsere, dem Vertragspartner bekannt gegebenen AGB. Die Vertragssprache ist Deutsch. ANGEBOTUnser Angebot ist freibleibend und gilt nur, [&hellip;]<\/p>","protected":false},"author":1,"featured_media":0,"parent":0,"menu_order":0,"comment_status":"closed","ping_status":"closed","template":"elementor_header_footer","meta":{"footnotes":""},"class_list":["post-288","page","type-page","status-publish","hentry"],"yoast_head":"<!-- This site is optimized with the Yoast SEO plugin v23.2 - https:\/\/yoast.com\/wordpress\/plugins\/seo\/ -->\n<title>AGB Gut Schwarzl<\/title>\n<meta name=\"robots\" content=\"index, follow, max-snippet:-1, max-image-preview:large, max-video-preview:-1\" \/>\n<link rel=\"canonical\" href=\"https:\/\/gutschwarzl.at\/en\/agb\/\" \/>\n<meta property=\"og:locale\" content=\"en_US\" \/>\n<meta property=\"og:type\" content=\"article\" \/>\n<meta property=\"og:title\" content=\"AGB Gut Schwarzl\" \/>\n<meta property=\"og:description\" content=\"AGB GELTUNGSBEREICHDiese Allgemeinen Gesch\u00e4ftsbedingungen gelten f\u00fcr den Verkauf und die Lieferung von Waren durch das Weingut Johannes Schwarzl &amp; MB mit dem Firmensitz und der Gesch\u00e4ftsadresse in 8461 Ehrenhausen, Ottenberg 32. Soweit nicht ausdr\u00fccklich Gegenteiliges vereinbart wurde, gelten unsere, dem Vertragspartner bekannt gegebenen AGB. Die Vertragssprache ist Deutsch. ANGEBOTUnser Angebot ist freibleibend und gilt nur, [&hellip;]\" \/>\n<meta property=\"og:url\" content=\"https:\/\/gutschwarzl.at\/en\/agb\/\" \/>\n<meta property=\"og:site_name\" content=\"Gut Schwarzl\" \/>\n<meta property=\"article:modified_time\" content=\"2025-10-14T05:28:55+00:00\" \/>\n<meta name=\"twitter:card\" content=\"summary_large_image\" \/>\n<meta name=\"twitter:label1\" content=\"Est. reading time\" \/>\n\t<meta name=\"twitter:data1\" content=\"11 minutes\" \/>\n<script type=\"application\/ld+json\" class=\"yoast-schema-graph\">{\"@context\":\"https:\/\/schema.org\",\"@graph\":[{\"@type\":\"WebPage\",\"@id\":\"https:\/\/gutschwarzl.at\/agb\/\",\"url\":\"https:\/\/gutschwarzl.at\/agb\/\",\"name\":\"AGB Gut Schwarzl\",\"isPartOf\":{\"@id\":\"https:\/\/gutschwarzl.at\/#website\"},\"datePublished\":\"2022-03-15T11:20:22+00:00\",\"dateModified\":\"2025-10-14T05:28:55+00:00\",\"breadcrumb\":{\"@id\":\"https:\/\/gutschwarzl.at\/agb\/#breadcrumb\"},\"inLanguage\":\"en-US\",\"potentialAction\":[{\"@type\":\"ReadAction\",\"target\":[\"https:\/\/gutschwarzl.at\/agb\/\"]}]},{\"@type\":\"BreadcrumbList\",\"@id\":\"https:\/\/gutschwarzl.at\/agb\/#breadcrumb\",\"itemListElement\":[{\"@type\":\"ListItem\",\"position\":1,\"name\":\"Startseite\",\"item\":\"https:\/\/gutschwarzl.at\/\"},{\"@type\":\"ListItem\",\"position\":2,\"name\":\"AGB\"}]},{\"@type\":\"WebSite\",\"@id\":\"https:\/\/gutschwarzl.at\/#website\",\"url\":\"https:\/\/gutschwarzl.at\/\",\"name\":\"Gut Schwarzl\",\"description\":\"Wo der Wein daheim ist\",\"publisher\":{\"@id\":\"https:\/\/gutschwarzl.at\/#organization\"},\"potentialAction\":[{\"@type\":\"SearchAction\",\"target\":{\"@type\":\"EntryPoint\",\"urlTemplate\":\"https:\/\/gutschwarzl.at\/?s={search_term_string}\"},\"query-input\":\"required name=search_term_string\"}],\"inLanguage\":\"en-US\"},{\"@type\":\"Organization\",\"@id\":\"https:\/\/gutschwarzl.at\/#organization\",\"name\":\"Gut Schwarzl\",\"url\":\"https:\/\/gutschwarzl.at\/\",\"logo\":{\"@type\":\"ImageObject\",\"inLanguage\":\"en-US\",\"@id\":\"https:\/\/gutschwarzl.at\/#\/schema\/logo\/image\/\",\"url\":\"https:\/\/gutschwarzl.at\/wp-content\/uploads\/2022\/04\/Logo-Gut-Schwarzl.svg\",\"contentUrl\":\"https:\/\/gutschwarzl.at\/wp-content\/uploads\/2022\/04\/Logo-Gut-Schwarzl.svg\",\"width\":217,\"height\":217,\"caption\":\"Gut Schwarzl\"},\"image\":{\"@id\":\"https:\/\/gutschwarzl.at\/#\/schema\/logo\/image\/\"}}]}<\/script>\n<!-- \/ Yoast SEO plugin. -->","yoast_head_json":{"title":"AGB Gut Schwarzl","robots":{"index":"index","follow":"follow","max-snippet":"max-snippet:-1","max-image-preview":"max-image-preview:large","max-video-preview":"max-video-preview:-1"},"canonical":"https:\/\/gutschwarzl.at\/en\/agb\/","og_locale":"en_US","og_type":"article","og_title":"AGB Gut Schwarzl","og_description":"AGB GELTUNGSBEREICHDiese Allgemeinen Gesch\u00e4ftsbedingungen gelten f\u00fcr den Verkauf und die Lieferung von Waren durch das Weingut Johannes Schwarzl &amp; MB mit dem Firmensitz und der Gesch\u00e4ftsadresse in 8461 Ehrenhausen, Ottenberg 32. Soweit nicht ausdr\u00fccklich Gegenteiliges vereinbart wurde, gelten unsere, dem Vertragspartner bekannt gegebenen AGB. Die Vertragssprache ist Deutsch. ANGEBOTUnser Angebot ist freibleibend und gilt nur, [&hellip;]","og_url":"https:\/\/gutschwarzl.at\/en\/agb\/","og_site_name":"Gut Schwarzl","article_modified_time":"2025-10-14T05:28:55+00:00","twitter_card":"summary_large_image","twitter_misc":{"Est. reading time":"11 minutes"},"schema":{"@context":"https:\/\/schema.org","@graph":[{"@type":"WebPage","@id":"https:\/\/gutschwarzl.at\/agb\/","url":"https:\/\/gutschwarzl.at\/agb\/","name":"AGB Gut Schwarzl","isPartOf":{"@id":"https:\/\/gutschwarzl.at\/#website"},"datePublished":"2022-03-15T11:20:22+00:00","dateModified":"2025-10-14T05:28:55+00:00","breadcrumb":{"@id":"https:\/\/gutschwarzl.at\/agb\/#breadcrumb"},"inLanguage":"en-US","potentialAction":[{"@type":"ReadAction","target":["https:\/\/gutschwarzl.at\/agb\/"]}]},{"@type":"BreadcrumbList","@id":"https:\/\/gutschwarzl.at\/agb\/#breadcrumb","itemListElement":[{"@type":"ListItem","position":1,"name":"Startseite","item":"https:\/\/gutschwarzl.at\/"},{"@type":"ListItem","position":2,"name":"AGB"}]},{"@type":"WebSite","@id":"https:\/\/gutschwarzl.at\/#website","url":"https:\/\/gutschwarzl.at\/","name":"Gut Schwarzl","description":"Wo der Wein daheim ist","publisher":{"@id":"https:\/\/gutschwarzl.at\/#organization"},"potentialAction":[{"@type":"SearchAction","target":{"@type":"EntryPoint","urlTemplate":"https:\/\/gutschwarzl.at\/?s={search_term_string}"},"query-input":"required name=search_term_string"}],"inLanguage":"en-US"},{"@type":"Organization","@id":"https:\/\/gutschwarzl.at\/#organization","name":"Gut Schwarzl","url":"https:\/\/gutschwarzl.at\/","logo":{"@type":"ImageObject","inLanguage":"en-US","@id":"https:\/\/gutschwarzl.at\/#\/schema\/logo\/image\/","url":"https:\/\/gutschwarzl.at\/wp-content\/uploads\/2022\/04\/Logo-Gut-Schwarzl.svg","contentUrl":"https:\/\/gutschwarzl.at\/wp-content\/uploads\/2022\/04\/Logo-Gut-Schwarzl.svg","width":217,"height":217,"caption":"Gut Schwarzl"},"image":{"@id":"https:\/\/gutschwarzl.at\/#\/schema\/logo\/image\/"}}]}},"jetpack_sharing_enabled":true,"_links":{"self":[{"href":"https:\/\/gutschwarzl.at\/en\/wp-json\/wp\/v2\/pages\/288","targetHints":{"allow":["GET"]}}],"collection":[{"href":"https:\/\/gutschwarzl.at\/en\/wp-json\/wp\/v2\/pages"}],"about":[{"href":"https:\/\/gutschwarzl.at\/en\/wp-json\/wp\/v2\/types\/page"}],"author":[{"embeddable":true,"href":"https:\/\/gutschwarzl.at\/en\/wp-json\/wp\/v2\/users\/1"}],"replies":[{"embeddable":true,"href":"https:\/\/gutschwarzl.at\/en\/wp-json\/wp\/v2\/comments?post=288"}],"version-history":[{"count":74,"href":"https:\/\/gutschwarzl.at\/en\/wp-json\/wp\/v2\/pages\/288\/revisions"}],"predecessor-version":[{"id":21953,"href":"https:\/\/gutschwarzl.at\/en\/wp-json\/wp\/v2\/pages\/288\/revisions\/21953"}],"wp:attachment":[{"href":"https:\/\/gutschwarzl.at\/en\/wp-json\/wp\/v2\/media?parent=288"}],"curies":[{"name":"wp","href":"https:\/\/api.w.org\/{rel}","templated":true}]}}