{"id":2152,"date":"2022-05-11T12:27:58","date_gmt":"2022-05-11T10:27:58","guid":{"rendered":"https:\/\/wp15.gutleben.systems\/?page_id=2152"},"modified":"2022-07-06T12:38:03","modified_gmt":"2022-07-06T10:38:03","slug":"widerruf","status":"publish","type":"page","link":"https:\/\/gutschwarzl.at\/en\/widerruf\/","title":{"rendered":"Revocation"},"content":{"rendered":"<div data-elementor-type=\"wp-page\" data-elementor-id=\"2152\" class=\"elementor elementor-2152\" data-elementor-post-type=\"page\">\n\t\t\t\t\t\t<section class=\"elementor-section elementor-top-section elementor-element elementor-element-7334e9c elementor-section-boxed elementor-section-height-default elementor-section-height-default\" data-id=\"7334e9c\" data-element_type=\"section\">\n\t\t\t\t\t\t<div class=\"elementor-container elementor-column-gap-default\">\n\t\t\t\t\t<div class=\"elementor-column elementor-col-100 elementor-top-column elementor-element elementor-element-16dd9ea\" data-id=\"16dd9ea\" data-element_type=\"column\">\n\t\t\t<div class=\"elementor-widget-wrap elementor-element-populated\">\n\t\t\t\t\t\t<div class=\"elementor-element elementor-element-6fe0521 elementor-widget elementor-widget-heading\" data-id=\"6fe0521\" data-element_type=\"widget\" data-widget_type=\"heading.default\">\n\t\t\t\t<div class=\"elementor-widget-container\">\n\t\t\t\t\t<h1 class=\"elementor-heading-title elementor-size-default\">Declaration of revocation Gut Schwarzl<\/h1>\t\t\t\t<\/div>\n\t\t\t\t<\/div>\n\t\t\t\t<div class=\"elementor-element elementor-element-4caa9e6 elementor-widget__width-initial elementor-widget elementor-widget-spacer\" data-id=\"4caa9e6\" data-element_type=\"widget\" data-widget_type=\"spacer.default\">\n\t\t\t\t<div class=\"elementor-widget-container\">\n\t\t\t\t\t\t\t<div class=\"elementor-spacer\">\n\t\t\t<div class=\"elementor-spacer-inner\"><\/div>\n\t\t<\/div>\n\t\t\t\t\t\t<\/div>\n\t\t\t\t<\/div>\n\t\t\t\t\t<\/div>\n\t\t<\/div>\n\t\t\t\t\t<\/div>\n\t\t<\/section>\n\t\t\t\t<section class=\"elementor-section elementor-top-section elementor-element elementor-element-a339d9b elementor-section-boxed elementor-section-height-default elementor-section-height-default\" data-id=\"a339d9b\" data-element_type=\"section\">\n\t\t\t\t\t\t<div class=\"elementor-container elementor-column-gap-default\">\n\t\t\t\t\t<div class=\"elementor-column elementor-col-50 elementor-top-column elementor-element elementor-element-a7a5003\" data-id=\"a7a5003\" data-element_type=\"column\">\n\t\t\t<div class=\"elementor-widget-wrap elementor-element-populated\">\n\t\t\t\t\t\t<div class=\"elementor-element elementor-element-1aec7f3 elementor-widget elementor-widget-text-editor\" data-id=\"1aec7f3\" data-element_type=\"widget\" data-widget_type=\"text-editor.default\">\n\t\t\t\t<div class=\"elementor-widget-container\">\n\t\t\t\t\t\t\t\t\t<p>You have the right to withdraw from this contract within fourteen days without giving any reason. The cancellation period is fourteen days from the day on which you or a third party named by you who is not the carrier took possession of the goods.<\/p><p>In order to exercise your right of withdrawal, you must inform us (Weingut Johannes Schwarzl &amp; MB, owner Johannes Schwarzl, Ottenberg 32a, A-8461 Ehrenhausen ad Weinstra\u00dfe, <span style=\"text-decoration: underline\"><a href=\"mailto:office@gutschwarzl.at\">office@gutschwarzl.at<\/a><\/span>, +43 3453 2820 | Katharina Schwarzl, owner: Katharina Schwarzl, Ottenberg 32a, A-8461 Ehrenhausen ad Weinstrasse, <span style=\"text-decoration: underline\"><a href=\"mailto:delikatessen@gutschwarzl.at\">delikatessen@gutschwarzl.at<\/a><\/span>, +43 664 12 25 639) by means of a clear statement (e.g. a letter sent by post, fax or e-mail) of your decision to withdraw from this contract.<\/p><p>To meet the cancellation deadline, it is sufficient for you to send the communication regarding your exercise of the right of cancellation before the cancellation period has expired.<\/p><p><strong>The following should be included in your withdrawal:<\/strong><\/p><p>On<br \/>Winery Johannes Schwarzl &amp; MB<br \/>Owner: Johannes Schwarzl<br \/>Ottenberg 32a<br \/>A-8461 Ehrenhausen ad Weinstrasse<br \/><span style=\"text-decoration: underline\"><a href=\"mailto:office@gutschwarzl.at\">office@gutschwarzl.at<\/a><\/span><\/p><p>or<\/p><p>On<br \/>Katharina Schwarzl<br \/>Owner: Katharina Schwarzl<br \/>Ottenberg 32a<br \/>A-8461 Ehrenhausen ad Weinstrasse<br \/><a href=\"mailto:delikatessen@gutschwarzl.at\">delikatessen@gutschwarzl.at<\/a><\/p>\t\t\t\t\t\t\t\t<\/div>\n\t\t\t\t<\/div>\n\t\t\t\t\t<\/div>\n\t\t<\/div>\n\t\t\t\t<div class=\"elementor-column elementor-col-50 elementor-top-column elementor-element elementor-element-087cf41\" data-id=\"087cf41\" data-element_type=\"column\">\n\t\t\t<div class=\"elementor-widget-wrap elementor-element-populated\">\n\t\t\t\t\t\t<div class=\"elementor-element elementor-element-49f462e elementor-widget elementor-widget-text-editor\" data-id=\"49f462e\" data-element_type=\"widget\" data-widget_type=\"text-editor.default\">\n\t\t\t\t<div class=\"elementor-widget-container\">\n\t\t\t\t\t\t\t\t\t<p>I\/we (*) hereby revoke the contract concluded by me\/us (*) for the purchase of the following goods (*)\/the provision of the following service (*)<\/p><p>\u2022 Ordered on (*)\/received on (*)<br \/>\u2022 Name of consumer(s)<br \/>\u2022 Address of consumer(s)<br \/>\u2022 Signature of the consumer(s) (only in the case of notification on paper)<br \/>\u2022 Date<\/p><p><strong>Consequences of revocation<\/strong><br \/>If you revoke this contract, we have paid you all payments that we have received from you, including the delivery costs (except for the additional costs resulting from the fact that you have chosen a different type of delivery than the cheapest standard delivery offered by us have), immediately and at the latest within fourteen days from the day on which we received the notification of your cancellation of this contract. For this repayment, we use the same means of payment that you used in the original transaction, unless something else was expressly agreed with you; under no circumstances will you be charged fees for this repayment. We may refuse repayment until we have received the goods back or until you have provided proof that you have returned the goods, whichever is earlier. You must return or hand over the goods to us immediately and in any case no later than fourteen days from the day on which you inform us of the cancellation of this contract. The deadline is met if you send back the goods before the period of fourteen days has expired. You bear the direct costs of returning the goods. You are only liable for any diminished value of the goods resulting from the handling other than what is necessary to establish the nature, characteristics and functioning of the goods.<\/p>\t\t\t\t\t\t\t\t<\/div>\n\t\t\t\t<\/div>\n\t\t\t\t\t<\/div>\n\t\t<\/div>\n\t\t\t\t\t<\/div>\n\t\t<\/section>\n\t\t\t\t<\/div>","protected":false},"excerpt":{"rendered":"<p>Declaration of revocation Gut Schwarzl You have the right to revoke this contract within fourteen days without giving a reason. The cancellation period is fourteen days from the day on which you or a third party named by you who is not the carrier took possession of the goods. In order to exercise your right of withdrawal, you must [...]<\/p>","protected":false},"author":2,"featured_media":0,"parent":0,"menu_order":0,"comment_status":"closed","ping_status":"closed","template":"elementor_header_footer","meta":{"footnotes":""},"class_list":["post-2152","page","type-page","status-publish","hentry"],"yoast_head":"<!-- This site is optimized with the Yoast SEO plugin v23.2 - https:\/\/yoast.com\/wordpress\/plugins\/seo\/ -->\n<title>Widerrufserkl\u00e4rung Gut Schwarzl<\/title>\n<meta name=\"robots\" content=\"index, follow, max-snippet:-1, max-image-preview:large, max-video-preview:-1\" \/>\n<link rel=\"canonical\" href=\"https:\/\/gutschwarzl.at\/en\/widerruf\/\" \/>\n<meta property=\"og:locale\" content=\"en_US\" \/>\n<meta property=\"og:type\" content=\"article\" \/>\n<meta property=\"og:title\" content=\"Widerrufserkl\u00e4rung Gut Schwarzl\" \/>\n<meta property=\"og:description\" content=\"Widerrufserkl\u00e4rung Gut Schwarzl Sie haben das Recht, binnen vierzehn Tagen ohne Angabe von Gr\u00fcnden diesen Vertrag zu widerrufen. Die Widerrufsfrist betr\u00e4gt vierzehn Tage ab dem Tag, an dem Sie oder ein von Ihnen benannter Dritter, der nicht der Bef\u00f6rderer ist, die Waren in Besitz genommen haben bzw. hat. Um Ihr Widerrufsrecht auszu\u00fcben, m\u00fcssen Sie uns [&hellip;]\" \/>\n<meta property=\"og:url\" content=\"https:\/\/gutschwarzl.at\/en\/widerruf\/\" \/>\n<meta property=\"og:site_name\" content=\"Gut Schwarzl\" \/>\n<meta property=\"article:modified_time\" content=\"2022-07-06T10:38:03+00:00\" \/>\n<meta name=\"twitter:card\" content=\"summary_large_image\" \/>\n<meta name=\"twitter:label1\" content=\"Est. reading time\" \/>\n\t<meta name=\"twitter:data1\" content=\"3 minutes\" \/>\n<script type=\"application\/ld+json\" class=\"yoast-schema-graph\">{\"@context\":\"https:\/\/schema.org\",\"@graph\":[{\"@type\":\"WebPage\",\"@id\":\"https:\/\/gutschwarzl.at\/widerruf\/\",\"url\":\"https:\/\/gutschwarzl.at\/widerruf\/\",\"name\":\"Widerrufserkl\u00e4rung Gut Schwarzl\",\"isPartOf\":{\"@id\":\"https:\/\/gutschwarzl.at\/#website\"},\"datePublished\":\"2022-05-11T10:27:58+00:00\",\"dateModified\":\"2022-07-06T10:38:03+00:00\",\"breadcrumb\":{\"@id\":\"https:\/\/gutschwarzl.at\/widerruf\/#breadcrumb\"},\"inLanguage\":\"en-US\",\"potentialAction\":[{\"@type\":\"ReadAction\",\"target\":[\"https:\/\/gutschwarzl.at\/widerruf\/\"]}]},{\"@type\":\"BreadcrumbList\",\"@id\":\"https:\/\/gutschwarzl.at\/widerruf\/#breadcrumb\",\"itemListElement\":[{\"@type\":\"ListItem\",\"position\":1,\"name\":\"Startseite\",\"item\":\"https:\/\/gutschwarzl.at\/\"},{\"@type\":\"ListItem\",\"position\":2,\"name\":\"Widerruf\"}]},{\"@type\":\"WebSite\",\"@id\":\"https:\/\/gutschwarzl.at\/#website\",\"url\":\"https:\/\/gutschwarzl.at\/\",\"name\":\"Gut Schwarzl\",\"description\":\"Wo der Wein daheim ist\",\"publisher\":{\"@id\":\"https:\/\/gutschwarzl.at\/#organization\"},\"potentialAction\":[{\"@type\":\"SearchAction\",\"target\":{\"@type\":\"EntryPoint\",\"urlTemplate\":\"https:\/\/gutschwarzl.at\/?s={search_term_string}\"},\"query-input\":\"required name=search_term_string\"}],\"inLanguage\":\"en-US\"},{\"@type\":\"Organization\",\"@id\":\"https:\/\/gutschwarzl.at\/#organization\",\"name\":\"Gut Schwarzl\",\"url\":\"https:\/\/gutschwarzl.at\/\",\"logo\":{\"@type\":\"ImageObject\",\"inLanguage\":\"en-US\",\"@id\":\"https:\/\/gutschwarzl.at\/#\/schema\/logo\/image\/\",\"url\":\"https:\/\/gutschwarzl.at\/wp-content\/uploads\/2022\/04\/Logo-Gut-Schwarzl.svg\",\"contentUrl\":\"https:\/\/gutschwarzl.at\/wp-content\/uploads\/2022\/04\/Logo-Gut-Schwarzl.svg\",\"width\":217,\"height\":217,\"caption\":\"Gut Schwarzl\"},\"image\":{\"@id\":\"https:\/\/gutschwarzl.at\/#\/schema\/logo\/image\/\"}}]}<\/script>\n<!-- \/ Yoast SEO plugin. -->","yoast_head_json":{"title":"Widerrufserkl\u00e4rung Gut Schwarzl","robots":{"index":"index","follow":"follow","max-snippet":"max-snippet:-1","max-image-preview":"max-image-preview:large","max-video-preview":"max-video-preview:-1"},"canonical":"https:\/\/gutschwarzl.at\/en\/widerruf\/","og_locale":"en_US","og_type":"article","og_title":"Widerrufserkl\u00e4rung Gut Schwarzl","og_description":"Widerrufserkl\u00e4rung Gut Schwarzl Sie haben das Recht, binnen vierzehn Tagen ohne Angabe von Gr\u00fcnden diesen Vertrag zu widerrufen. Die Widerrufsfrist betr\u00e4gt vierzehn Tage ab dem Tag, an dem Sie oder ein von Ihnen benannter Dritter, der nicht der Bef\u00f6rderer ist, die Waren in Besitz genommen haben bzw. hat. Um Ihr Widerrufsrecht auszu\u00fcben, m\u00fcssen Sie uns [&hellip;]","og_url":"https:\/\/gutschwarzl.at\/en\/widerruf\/","og_site_name":"Gut Schwarzl","article_modified_time":"2022-07-06T10:38:03+00:00","twitter_card":"summary_large_image","twitter_misc":{"Est. reading time":"3 minutes"},"schema":{"@context":"https:\/\/schema.org","@graph":[{"@type":"WebPage","@id":"https:\/\/gutschwarzl.at\/widerruf\/","url":"https:\/\/gutschwarzl.at\/widerruf\/","name":"Widerrufserkl\u00e4rung Gut Schwarzl","isPartOf":{"@id":"https:\/\/gutschwarzl.at\/#website"},"datePublished":"2022-05-11T10:27:58+00:00","dateModified":"2022-07-06T10:38:03+00:00","breadcrumb":{"@id":"https:\/\/gutschwarzl.at\/widerruf\/#breadcrumb"},"inLanguage":"en-US","potentialAction":[{"@type":"ReadAction","target":["https:\/\/gutschwarzl.at\/widerruf\/"]}]},{"@type":"BreadcrumbList","@id":"https:\/\/gutschwarzl.at\/widerruf\/#breadcrumb","itemListElement":[{"@type":"ListItem","position":1,"name":"Startseite","item":"https:\/\/gutschwarzl.at\/"},{"@type":"ListItem","position":2,"name":"Widerruf"}]},{"@type":"WebSite","@id":"https:\/\/gutschwarzl.at\/#website","url":"https:\/\/gutschwarzl.at\/","name":"Gut Schwarzl","description":"Wo der Wein daheim ist","publisher":{"@id":"https:\/\/gutschwarzl.at\/#organization"},"potentialAction":[{"@type":"SearchAction","target":{"@type":"EntryPoint","urlTemplate":"https:\/\/gutschwarzl.at\/?s={search_term_string}"},"query-input":"required name=search_term_string"}],"inLanguage":"en-US"},{"@type":"Organization","@id":"https:\/\/gutschwarzl.at\/#organization","name":"Gut Schwarzl","url":"https:\/\/gutschwarzl.at\/","logo":{"@type":"ImageObject","inLanguage":"en-US","@id":"https:\/\/gutschwarzl.at\/#\/schema\/logo\/image\/","url":"https:\/\/gutschwarzl.at\/wp-content\/uploads\/2022\/04\/Logo-Gut-Schwarzl.svg","contentUrl":"https:\/\/gutschwarzl.at\/wp-content\/uploads\/2022\/04\/Logo-Gut-Schwarzl.svg","width":217,"height":217,"caption":"Gut Schwarzl"},"image":{"@id":"https:\/\/gutschwarzl.at\/#\/schema\/logo\/image\/"}}]}},"jetpack_sharing_enabled":true,"_links":{"self":[{"href":"https:\/\/gutschwarzl.at\/en\/wp-json\/wp\/v2\/pages\/2152","targetHints":{"allow":["GET"]}}],"collection":[{"href":"https:\/\/gutschwarzl.at\/en\/wp-json\/wp\/v2\/pages"}],"about":[{"href":"https:\/\/gutschwarzl.at\/en\/wp-json\/wp\/v2\/types\/page"}],"author":[{"embeddable":true,"href":"https:\/\/gutschwarzl.at\/en\/wp-json\/wp\/v2\/users\/2"}],"replies":[{"embeddable":true,"href":"https:\/\/gutschwarzl.at\/en\/wp-json\/wp\/v2\/comments?post=2152"}],"version-history":[{"count":73,"href":"https:\/\/gutschwarzl.at\/en\/wp-json\/wp\/v2\/pages\/2152\/revisions"}],"predecessor-version":[{"id":6170,"href":"https:\/\/gutschwarzl.at\/en\/wp-json\/wp\/v2\/pages\/2152\/revisions\/6170"}],"wp:attachment":[{"href":"https:\/\/gutschwarzl.at\/en\/wp-json\/wp\/v2\/media?parent=2152"}],"curies":[{"name":"wp","href":"https:\/\/api.w.org\/{rel}","templated":true}]}}