{"id":2107,"date":"2022-05-11T11:29:57","date_gmt":"2022-05-11T09:29:57","guid":{"rendered":"https:\/\/wp15.gutleben.systems\/?page_id=2107"},"modified":"2025-01-28T11:41:08","modified_gmt":"2025-01-28T10:41:08","slug":"datenschutz","status":"publish","type":"page","link":"https:\/\/gutschwarzl.at\/en\/datenschutz\/","title":{"rendered":"privacy"},"content":{"rendered":"<div data-elementor-type=\"wp-page\" data-elementor-id=\"2107\" class=\"elementor elementor-2107\" data-elementor-post-type=\"page\">\n\t\t\t\t\t\t<section class=\"elementor-section elementor-top-section elementor-element elementor-element-6c1d442 elementor-section-boxed elementor-section-height-default elementor-section-height-default\" data-id=\"6c1d442\" data-element_type=\"section\">\n\t\t\t\t\t\t<div class=\"elementor-container elementor-column-gap-default\">\n\t\t\t\t\t<div class=\"elementor-column elementor-col-100 elementor-top-column elementor-element elementor-element-8464430\" data-id=\"8464430\" data-element_type=\"column\">\n\t\t\t<div class=\"elementor-widget-wrap elementor-element-populated\">\n\t\t\t\t\t\t<div class=\"elementor-element elementor-element-11cf63c elementor-widget elementor-widget-heading\" data-id=\"11cf63c\" data-element_type=\"widget\" data-widget_type=\"heading.default\">\n\t\t\t\t<div class=\"elementor-widget-container\">\n\t\t\t\t\t<h1 class=\"elementor-heading-title elementor-size-default\">Privacy Policy<\/h1>\t\t\t\t<\/div>\n\t\t\t\t<\/div>\n\t\t\t\t<div class=\"elementor-element elementor-element-32ed2b4 elementor-widget__width-initial elementor-widget elementor-widget-spacer\" data-id=\"32ed2b4\" data-element_type=\"widget\" data-widget_type=\"spacer.default\">\n\t\t\t\t<div class=\"elementor-widget-container\">\n\t\t\t\t\t\t\t<div class=\"elementor-spacer\">\n\t\t\t<div class=\"elementor-spacer-inner\"><\/div>\n\t\t<\/div>\n\t\t\t\t\t\t<\/div>\n\t\t\t\t<\/div>\n\t\t\t\t\t<\/div>\n\t\t<\/div>\n\t\t\t\t\t<\/div>\n\t\t<\/section>\n\t\t\t\t<section class=\"elementor-section elementor-top-section elementor-element elementor-element-ccff4a0 elementor-section-boxed elementor-section-height-default elementor-section-height-default\" data-id=\"ccff4a0\" data-element_type=\"section\">\n\t\t\t\t\t\t<div class=\"elementor-container elementor-column-gap-default\">\n\t\t\t\t\t<div class=\"elementor-column elementor-col-50 elementor-top-column elementor-element elementor-element-acff4e2\" data-id=\"acff4e2\" data-element_type=\"column\">\n\t\t\t<div class=\"elementor-widget-wrap elementor-element-populated\">\n\t\t\t\t\t\t<div class=\"elementor-element elementor-element-da2053b elementor-widget elementor-widget-text-editor\" data-id=\"da2053b\" data-element_type=\"widget\" data-widget_type=\"text-editor.default\">\n\t\t\t\t<div class=\"elementor-widget-container\">\n\t\t\t\t\t\t\t\t\t<p>We are pleased that you are visiting our website and thank you for your interest in our company and our products and services. Protecting your privacy when using our website is important to us. Therefore, please note the following information:<\/p><p><strong>1) Basic information on handling personal data<\/strong><\/p><p>In principle, you can visit our websites without us collecting any personal data from you. Personal data is only collected if you provide it to us to execute a contract, open a customer account or contact us. Without your express consent, this data will only be used to process the contract and to process your inquiries. After the contract has been completed, your data will be stored with regard to the retention periods under tax and commercial law, but will be blocked for other purposes and deleted after these periods have expired, unless you have expressly consented to the further use of your data.<\/p><p><strong>2) Disclosure of personal data for order processing<\/strong><\/p><p>2.1 The personal data collected by us will be passed on to the transport company commissioned with the delivery as part of the contract, insofar as this is necessary for the delivery of the goods.<\/p><p>2.2 When paying via PayPal, credit card via PayPal, direct debit via PayPal or - if offered - &quot;purchase on account&quot; via PayPal, we pass on your payment data to PayPal (Europe) S.\u00e0 rl et Cie, SCA, 22- 24 Boulevard Royal, L-2449 Luxembourg (hereinafter &quot;PayPal&quot;), continue. PayPal reserves the right to carry out a credit check for the payment methods credit card via PayPal, direct debit via PayPal or - if offered - &quot;purchase on account&quot; via PayPal. PayPal uses the result of the credit check in relation to the statistical probability of non-payment for the purpose of deciding whether to provide the respective payment method. The credit report can contain probability values (so-called score values). As far as score values are included in the result of the credit report, they are based on a scientifically recognized mathematical-statistical process. Address data, among other things, is included in the calculation of the score values. Further data protection information, including information on the credit agencies used, can be found in PayPal&#039;s data protection declaration: https:\/\/www.paypal.com\/de\/webapps\/mpp\/ua\/privacy-full<\/p><p>2.3 If the goods are delivered by the transport service provider &quot;Austrian Post&quot;, we will pass on your e-mail address and\/or your telephone number to the Austrian Post before delivery of the goods for the purpose of coordinating a delivery date, provided that you have expressly consented to this have as follows:<\/p><p>&quot;I consent to my e-mail address and telephone number being passed on to our shipping service so that our shipping service can contact me by email or telephone before the goods are delivered for the purpose of coordinating a delivery date. I can revoke the consent I have given you at any time.\u201d<\/p><p>Otherwise, we only pass on the name of the recipient and the delivery address to our shipping service. In this case, prior coordination of the delivery date with our shipping service is not possible.<\/p><p><strong>3) Cookies<\/strong><\/p><p>In order to make visiting our website attractive and to enable the use of certain functions, we use so-called cookies on various pages. These are small text files that are stored on your end device. Some of the cookies we use are deleted after the end of the browser session, i.e. after closing your browser (so-called session cookies). Other cookies remain on your end device and enable us or our partner companies to recognize your browser on your next visit (persistent cookies). You can set your browser so that you are informed about the setting of cookies and decide individually whether to accept them or exclude the acceptance of cookies for certain cases or in general. If cookies are not accepted, the functionality of our website may be restricted.<\/p><p>Zur Verwaltung der eingesetzten Cookies und \u00e4hnlichen Technologien (Tracking-Pixel, Web-Beacons etc.) und diesbez\u00fcglicher Einwilligungen setzen wir das Consent Tool &#8222;Real Cookie Banner&#8220; ein. Details zur Funktionsweise von &#8222;Real Cookie Banner&#8220; findest du unter <a href=\"https:\/\/devowl.io\/de\/rcb\/datenverarbeitung\/\" target=\"_blank\" rel=\"noopener noreferrer\">https:\/\/devowl.io\/de\/rcb\/datenverarbeitung\/<\/a>.<\/p><p>Rechtsgrundlagen f\u00fcr die Verarbeitung von personenbezogenen Daten in diesem Zusammenhang sind Art. 6 Abs. 1 lit. c DS-GVO und Art. 6 Abs. 1 lit. f DS-GVO. Unser berechtigtes Interesse ist die Verwaltung der eingesetzten Cookies und \u00e4hnlichen Technologien und der diesbez\u00fcglichen Einwilligungen.<\/p><p>Die Bereitstellung der personenbezogenen Daten ist weder vertraglich vorgeschrieben noch f\u00fcr den Abschluss eines Vertrages notwendig. Du bist nicht verpflichtet die personenbezogenen Daten bereitzustellen. Wenn du die personenbezogenen Daten nicht bereitstellst, k\u00f6nnen wir deine Einwilligungen nicht verwalten.<\/p>\t\t\t\t\t\t\t\t<\/div>\n\t\t\t\t<\/div>\n\t\t\t\t\t<\/div>\n\t\t<\/div>\n\t\t\t\t<div class=\"elementor-column elementor-col-50 elementor-top-column elementor-element elementor-element-241b490\" data-id=\"241b490\" data-element_type=\"column\">\n\t\t\t<div class=\"elementor-widget-wrap elementor-element-populated\">\n\t\t\t\t\t\t<div class=\"elementor-element elementor-element-f0ba2f0 elementor-widget elementor-widget-text-editor\" data-id=\"f0ba2f0\" data-element_type=\"widget\" data-widget_type=\"text-editor.default\">\n\t\t\t\t<div class=\"elementor-widget-container\">\n\t\t\t\t\t\t\t\t\t<p><strong>4) Use of social plugins<\/strong><br \/>We currently use the following social media plug-ins: Facebook, Instagram.<\/p><p>We currently use the following social media plug-ins: Facebook, Twitter, Instagram.<\/p><p>4.1) We use the so-called two-click solution. This means that when you visit our site, no personal data is initially passed on to the providers of the plugins. You can identify the provider of the plugin by the marking on the box above its initials or the logo. We give you the opportunity to communicate directly with the provider of the plugin via the button. Only if you click on the marked field and thereby activate it, does the plugin provider receive the information that you have accessed the corresponding website of our online offer. In addition, the data mentioned under paragraph 3 of this section will be transmitted. In the case of Facebook, according to the respective providers in Austria, the IP address is anonymized immediately after collection. By activating the plugin, your personal data will be transmitted to the respective plugin provider and stored there (in the case of US providers in the USA). Since the plug-in provider uses cookies in particular to collect data, we recommend that you delete all cookies via the security settings of your browser before clicking on the grayed-out box.<\/p><p>4.2) We have no influence on the collected data and data processing procedures, nor are we aware of the full extent of the data collection, the purposes of the processing, the storage periods. We also have no information on the deletion of the data collected by the plugin provider.<\/p><p>4.3) The plugin provider stores the data collected about you as usage profiles and uses these for the purposes of advertising, market research and\/or the needs-based design of its website. Such an evaluation is carried out in particular (also for users who are not logged in) to display needs-based advertising and to inform other users of the social network about your activities on our website. You have the right to object to the creation of these user profiles, whereby you must contact the respective plugin provider to exercise this right. With the plugins we offer you the opportunity to interact with social networks and other users, so that we can improve our offer and make it more interesting for you as a user. The legal basis for the use of the plugins is Article 6 Paragraph 1 Sentence 1 lit. f GDPR.<\/p><p>4.4) Data is passed on regardless of whether you have an account with the plugin provider and are logged in there. If you are logged in to the plugin provider, your data collected from us will be assigned directly to your existing account with the plugin provider. If you press the activated button and e.g. B. link the page, the plugin provider also stores this information in your user account and shares it publicly with your contacts. We recommend that you log out regularly after using a social network, but especially before activating the button, as this way you can avoid being assigned to your profile with the plugin provider.<\/p><p>4.5) Further information on the purpose and scope of the data collection and its processing by the plugin provider can be found in the data protection declarations of these providers communicated below. There you will also receive further information on your rights in this regard and setting options to protect your privacy.<\/p><p>4.6) Addresses of the respective plugin providers and URL with their data protection:<\/p><p>a) Facebook Inc., 1601 S California Ave, Palo Alto, California 94304, USA; www.facebook.com\/policy.php; Further information on data collection: www.facebook.com\/help\/186325668085084, www.facebook.com\/about\/privacy\/your-info-on-other and http:\/\/www.facebook.com\/about\/privacy\/your-info#everyoneinfo .<\/p><p>b) Instagram LLC, 1601 Willow Rd, Menlo Park CA 94025, USA. https:\/\/help.instagram.com\/519522125107875.<\/p><p><strong>5) YouTube<\/strong><br \/>We have a profile on YouTube. The provider is Google Ireland Limited, Gordon House, Barrow Street, Dublin 4, Ireland. Details on how they handle your personal data can be found in YouTube&#039;s data protection declaration: https:\/\/policies.google.com\/privacy?hl=de.<\/p><p><strong>6) Your Rights and How to Contact Us<\/strong><\/p><p>You have a right to free information about your stored data and, if necessary, a right to correction, blocking or deletion of this data. If you have any further questions about the collection, processing or use of your personal data, please contact us. The same applies to information, blocking, deletion and correction requests with regard to your personal data and for the revocation of consent. You can find the contact adress in our imprint.<\/p>\t\t\t\t\t\t\t\t<\/div>\n\t\t\t\t<\/div>\n\t\t\t\t\t<\/div>\n\t\t<\/div>\n\t\t\t\t\t<\/div>\n\t\t<\/section>\n\t\t\t\t<\/div>","protected":false},"excerpt":{"rendered":"<p>Datenschutzerkl\u00e4rung Wir freuen uns, dass Sie unsere Website besuchen und bedanken uns f\u00fcr Ihr Interesse an unserem Unternehmen und unseren Produkten bzw. Leistungen. Der Schutz Ihrer Privatsph\u00e4re bei der Nutzung unserer Website ist uns wichtig. Daher nehmen Sie bitte nachstehende Informationen zur Kenntnis: 1) Grunds\u00e4tzliches zum Umgang mit personenbezogenen Daten Sie k\u00f6nnen unsere Webseiten grunds\u00e4tzlich [&hellip;]<\/p>","protected":false},"author":2,"featured_media":0,"parent":0,"menu_order":0,"comment_status":"closed","ping_status":"closed","template":"elementor_header_footer","meta":{"footnotes":""},"class_list":["post-2107","page","type-page","status-publish","hentry"],"yoast_head":"<!-- This site is optimized with the Yoast SEO plugin v23.2 - https:\/\/yoast.com\/wordpress\/plugins\/seo\/ -->\n<title>Datenschutzerkl\u00e4rung von Gut Schwarzl in der S\u00fcdsteiermark<\/title>\n<meta name=\"description\" content=\"In unserer Datenschutzerkl\u00e4rung finden Sie alle Informationen zur Verarbeitung Ihrer Daten.\" \/>\n<meta name=\"robots\" content=\"index, follow, max-snippet:-1, max-image-preview:large, max-video-preview:-1\" \/>\n<link rel=\"canonical\" href=\"https:\/\/gutschwarzl.at\/en\/datenschutz\/\" \/>\n<meta property=\"og:locale\" content=\"en_US\" \/>\n<meta property=\"og:type\" content=\"article\" \/>\n<meta property=\"og:title\" content=\"Datenschutzerkl\u00e4rung von Gut Schwarzl in der S\u00fcdsteiermark\" \/>\n<meta property=\"og:description\" content=\"In unserer Datenschutzerkl\u00e4rung finden Sie alle Informationen zur Verarbeitung Ihrer Daten.\" \/>\n<meta property=\"og:url\" content=\"https:\/\/gutschwarzl.at\/en\/datenschutz\/\" \/>\n<meta property=\"og:site_name\" content=\"Gut Schwarzl\" \/>\n<meta property=\"article:modified_time\" content=\"2025-01-28T10:41:08+00:00\" \/>\n<meta name=\"twitter:card\" content=\"summary_large_image\" \/>\n<meta name=\"twitter:label1\" content=\"Est. reading time\" \/>\n\t<meta name=\"twitter:data1\" content=\"8 minutes\" \/>\n<script type=\"application\/ld+json\" class=\"yoast-schema-graph\">{\"@context\":\"https:\/\/schema.org\",\"@graph\":[{\"@type\":\"WebPage\",\"@id\":\"https:\/\/gutschwarzl.at\/datenschutz\/\",\"url\":\"https:\/\/gutschwarzl.at\/datenschutz\/\",\"name\":\"Datenschutzerkl\u00e4rung von Gut Schwarzl in der S\u00fcdsteiermark\",\"isPartOf\":{\"@id\":\"https:\/\/gutschwarzl.at\/#website\"},\"datePublished\":\"2022-05-11T09:29:57+00:00\",\"dateModified\":\"2025-01-28T10:41:08+00:00\",\"description\":\"In unserer Datenschutzerkl\u00e4rung finden Sie alle Informationen zur Verarbeitung Ihrer Daten.\",\"breadcrumb\":{\"@id\":\"https:\/\/gutschwarzl.at\/datenschutz\/#breadcrumb\"},\"inLanguage\":\"en-US\",\"potentialAction\":[{\"@type\":\"ReadAction\",\"target\":[\"https:\/\/gutschwarzl.at\/datenschutz\/\"]}]},{\"@type\":\"BreadcrumbList\",\"@id\":\"https:\/\/gutschwarzl.at\/datenschutz\/#breadcrumb\",\"itemListElement\":[{\"@type\":\"ListItem\",\"position\":1,\"name\":\"Startseite\",\"item\":\"https:\/\/gutschwarzl.at\/\"},{\"@type\":\"ListItem\",\"position\":2,\"name\":\"Datenschutz\"}]},{\"@type\":\"WebSite\",\"@id\":\"https:\/\/gutschwarzl.at\/#website\",\"url\":\"https:\/\/gutschwarzl.at\/\",\"name\":\"Gut Schwarzl\",\"description\":\"Wo der Wein daheim ist\",\"publisher\":{\"@id\":\"https:\/\/gutschwarzl.at\/#organization\"},\"potentialAction\":[{\"@type\":\"SearchAction\",\"target\":{\"@type\":\"EntryPoint\",\"urlTemplate\":\"https:\/\/gutschwarzl.at\/?s={search_term_string}\"},\"query-input\":\"required name=search_term_string\"}],\"inLanguage\":\"en-US\"},{\"@type\":\"Organization\",\"@id\":\"https:\/\/gutschwarzl.at\/#organization\",\"name\":\"Gut Schwarzl\",\"url\":\"https:\/\/gutschwarzl.at\/\",\"logo\":{\"@type\":\"ImageObject\",\"inLanguage\":\"en-US\",\"@id\":\"https:\/\/gutschwarzl.at\/#\/schema\/logo\/image\/\",\"url\":\"https:\/\/gutschwarzl.at\/wp-content\/uploads\/2022\/04\/Logo-Gut-Schwarzl.svg\",\"contentUrl\":\"https:\/\/gutschwarzl.at\/wp-content\/uploads\/2022\/04\/Logo-Gut-Schwarzl.svg\",\"width\":217,\"height\":217,\"caption\":\"Gut Schwarzl\"},\"image\":{\"@id\":\"https:\/\/gutschwarzl.at\/#\/schema\/logo\/image\/\"}}]}<\/script>\n<!-- \/ Yoast SEO plugin. -->","yoast_head_json":{"title":"Datenschutzerkl\u00e4rung von Gut Schwarzl in der S\u00fcdsteiermark","description":"In unserer Datenschutzerkl\u00e4rung finden Sie alle Informationen zur Verarbeitung Ihrer Daten.","robots":{"index":"index","follow":"follow","max-snippet":"max-snippet:-1","max-image-preview":"max-image-preview:large","max-video-preview":"max-video-preview:-1"},"canonical":"https:\/\/gutschwarzl.at\/en\/datenschutz\/","og_locale":"en_US","og_type":"article","og_title":"Datenschutzerkl\u00e4rung von Gut Schwarzl in der S\u00fcdsteiermark","og_description":"In unserer Datenschutzerkl\u00e4rung finden Sie alle Informationen zur Verarbeitung Ihrer Daten.","og_url":"https:\/\/gutschwarzl.at\/en\/datenschutz\/","og_site_name":"Gut Schwarzl","article_modified_time":"2025-01-28T10:41:08+00:00","twitter_card":"summary_large_image","twitter_misc":{"Est. reading time":"8 minutes"},"schema":{"@context":"https:\/\/schema.org","@graph":[{"@type":"WebPage","@id":"https:\/\/gutschwarzl.at\/datenschutz\/","url":"https:\/\/gutschwarzl.at\/datenschutz\/","name":"Datenschutzerkl\u00e4rung von Gut Schwarzl in der S\u00fcdsteiermark","isPartOf":{"@id":"https:\/\/gutschwarzl.at\/#website"},"datePublished":"2022-05-11T09:29:57+00:00","dateModified":"2025-01-28T10:41:08+00:00","description":"In unserer Datenschutzerkl\u00e4rung finden Sie alle Informationen zur Verarbeitung Ihrer Daten.","breadcrumb":{"@id":"https:\/\/gutschwarzl.at\/datenschutz\/#breadcrumb"},"inLanguage":"en-US","potentialAction":[{"@type":"ReadAction","target":["https:\/\/gutschwarzl.at\/datenschutz\/"]}]},{"@type":"BreadcrumbList","@id":"https:\/\/gutschwarzl.at\/datenschutz\/#breadcrumb","itemListElement":[{"@type":"ListItem","position":1,"name":"Startseite","item":"https:\/\/gutschwarzl.at\/"},{"@type":"ListItem","position":2,"name":"Datenschutz"}]},{"@type":"WebSite","@id":"https:\/\/gutschwarzl.at\/#website","url":"https:\/\/gutschwarzl.at\/","name":"Gut Schwarzl","description":"Wo der Wein daheim ist","publisher":{"@id":"https:\/\/gutschwarzl.at\/#organization"},"potentialAction":[{"@type":"SearchAction","target":{"@type":"EntryPoint","urlTemplate":"https:\/\/gutschwarzl.at\/?s={search_term_string}"},"query-input":"required name=search_term_string"}],"inLanguage":"en-US"},{"@type":"Organization","@id":"https:\/\/gutschwarzl.at\/#organization","name":"Gut Schwarzl","url":"https:\/\/gutschwarzl.at\/","logo":{"@type":"ImageObject","inLanguage":"en-US","@id":"https:\/\/gutschwarzl.at\/#\/schema\/logo\/image\/","url":"https:\/\/gutschwarzl.at\/wp-content\/uploads\/2022\/04\/Logo-Gut-Schwarzl.svg","contentUrl":"https:\/\/gutschwarzl.at\/wp-content\/uploads\/2022\/04\/Logo-Gut-Schwarzl.svg","width":217,"height":217,"caption":"Gut Schwarzl"},"image":{"@id":"https:\/\/gutschwarzl.at\/#\/schema\/logo\/image\/"}}]}},"jetpack_sharing_enabled":true,"_links":{"self":[{"href":"https:\/\/gutschwarzl.at\/en\/wp-json\/wp\/v2\/pages\/2107","targetHints":{"allow":["GET"]}}],"collection":[{"href":"https:\/\/gutschwarzl.at\/en\/wp-json\/wp\/v2\/pages"}],"about":[{"href":"https:\/\/gutschwarzl.at\/en\/wp-json\/wp\/v2\/types\/page"}],"author":[{"embeddable":true,"href":"https:\/\/gutschwarzl.at\/en\/wp-json\/wp\/v2\/users\/2"}],"replies":[{"embeddable":true,"href":"https:\/\/gutschwarzl.at\/en\/wp-json\/wp\/v2\/comments?post=2107"}],"version-history":[{"count":128,"href":"https:\/\/gutschwarzl.at\/en\/wp-json\/wp\/v2\/pages\/2107\/revisions"}],"predecessor-version":[{"id":21626,"href":"https:\/\/gutschwarzl.at\/en\/wp-json\/wp\/v2\/pages\/2107\/revisions\/21626"}],"wp:attachment":[{"href":"https:\/\/gutschwarzl.at\/en\/wp-json\/wp\/v2\/media?parent=2107"}],"curies":[{"name":"wp","href":"https:\/\/api.w.org\/{rel}","templated":true}]}}